{"id":592545,"date":"2018-03-13T11:23:12","date_gmt":"2018-03-13T10:23:12","guid":{"rendered":"https:\/\/wp-rocket.me\/?page_id=592545"},"modified":"2025-05-14T13:55:21","modified_gmt":"2025-05-14T11:55:21","slug":"testimonial","status":"publish","type":"page","link":"https:\/\/wp-rocket.me\/it\/testimonial\/","title":{"rendered":"Oltre 320.000 clienti affezionati"},"content":{"rendered":"\n<div class=\"wp-block-group alignfull has-gray-background-color has-background\"><div class=\"wp-block-group__inner-container is-layout-flow wp-block-group-is-layout-flow\">\n<h2 class=\"wp-block-heading has-text-align-center\">Raccomandato dai migliori professionisti di WordPress<\/h2>\n\n\n\n<p class=\"has-text-align-center aligncenter\">Loro si fidano di noi e questa \u00e8 una garanzia di serenit\u00e0<\/p>\n\n\n\n<div class=\"wp-block-columns alignwide is-layout-flex wp-container-core-columns-is-layout-9d6595d7 wp-block-columns-is-layout-flex\">\n<div class=\"wp-block-column is-layout-flow wp-block-column-is-layout-flow\">\n<div class=\"block-testimonial is-style-square-testimonial has-gray-background-color\">\n\t\n\t<figure class=\"block-testimonial__logo\"><img decoding=\"async\" src=\"https:\/\/wp-rocket.me\/wp-content\/uploads\/fly-images\/4966655\/wpx-116x116-logo-9999x67-c.png\" width=\"116\" height=\"67\" srcset=\"https:\/\/wp-rocket.me\/wp-content\/uploads\/fly-images\/4966655\/wpx-116x116-logo-9999x134-c.png 2x\" alt=\"\" loading=\"lazy\" class=\"block-testimonial__logo\" draggable=\"false\"><\/figure>\n\n\t\n\t<blockquote class=\"wp-block-quote\">\n\t\t<p>Noi di WPX Hosting siamo molto esigenti in quello che consigliamo ai nostri clienti in merito all&#8217;ottimizzazione delle prestazioni dei siti web. WP Rocket ci ha conquistati con il suo miglioramento di velocit\u00e0 immediato e la perfetta compatibilit\u00e0 con la nostra CDN personalizzata. Lo raccomandiamo vivamente da allora.<br><\/p>\n\n\t\t\n\t\t<cite class=\"block-testimonial__cite\">\n\t\t\t<img decoding=\"async\" src=\"https:\/\/wp-rocket.me\/wp-content\/uploads\/fly-images\/6106167\/Terry-Kyle-1-48x67-c.png\" width=\"48\" height=\"67\" srcset=\"https:\/\/wp-rocket.me\/wp-content\/uploads\/fly-images\/6106167\/Terry-Kyle-1-96x134-c.png 2x\" alt=\"\" loading=\"lazy\" class=\"block-testimonial__image\" draggable=\"false\">\t\t\t<span class=\"block-testimonial__author\">\n\t\t\t\t<span class=\"has-style-bold\">Terry Kyle<\/span>\n\t\t\t\tCo-fondatore di WPX.net\t\t\t<\/span>\n\t\t<\/cite>\n\n\t\t\t<\/blockquote>\n\n\t<\/div>\n<\/div>\n\n\n\n<div class=\"wp-block-column is-layout-flow wp-block-column-is-layout-flow\">\n<div class=\"block-testimonial is-style-square-testimonial has-gray-background-color\">\n\t\n\t<figure class=\"block-testimonial__logo\"><img decoding=\"async\" src=\"https:\/\/wp-rocket.me\/wp-content\/uploads\/2021\/03\/logo-elegantthemes-testimonial.svg\" class=\"attachment-thumbnail size-thumbnail\" alt=\"\" \/><\/figure>\n\n\t\n\t<blockquote class=\"wp-block-quote\">\n\t\t<p><em>WP Rocket \u00e8 un ottimo plugin di cache che colpisce nel segno e lavorare con il suo team \u00e8 stato davvero un piacere. I nostri clienti lo amano perch\u00e9 velocizza i loro siti, semplice! Quando un cliente Divi ci chiede qual \u00e8 il miglior plugin di cache siamo felici di consigliare WP Rocket.<\/em><br><\/p>\n\n\t\t\n\t\t<cite class=\"block-testimonial__cite\">\n\t\t\t<img decoding=\"async\" src=\"https:\/\/wp-rocket.me\/wp-content\/uploads\/fly-images\/3158382\/nick-roach-96x134-c-48x67-c.jpg\" width=\"48\" height=\"67\" srcset=\"https:\/\/wp-rocket.me\/wp-content\/uploads\/fly-images\/3158382\/nick-roach-96x134-c-96x134-c.jpg 2x\" alt=\"\" loading=\"lazy\" class=\"block-testimonial__image\" draggable=\"false\">\t\t\t<span class=\"block-testimonial__author\">\n\t\t\t\t<span class=\"has-style-bold\">Nick Roach<\/span>\n\t\t\t\tCEO di Elegant Themes\t\t\t<\/span>\n\t\t<\/cite>\n\n\t\t\t<\/blockquote>\n\n\t<\/div>\n<\/div>\n<\/div>\n\n\n\n<div class=\"block-testimonial is-style-large-testimonial has-gray-background-color wrapper--1200\">\n\t\n\t<blockquote class=\"wp-block-quote\">\n\t\t<p>WP Rocket rivoluziona le prestazioni di qualsiasi sito web WordPress. Ottimizzando la velocit\u00e0 del tuo sito con WP Rocket, non solo migliorerai l&#8217;esperienza dell&#8217;utente, ma migliorerai anche enormemente il posizionamento su Google. \u00c8 uno strumento essenziale che ogni proprietario di un sito web dovrebbe avere nel suo arsenale per ottenere un successo SEO di prim&#8217;ordine.<br><\/p>\n\n\t\t\n\t\t<cite class=\"block-testimonial__cite\">\n\t\t\t<img decoding=\"async\" src=\"https:\/\/wp-rocket.me\/wp-content\/uploads\/fly-images\/5716037\/rank-math-logo-at-top-2-43x43-c.png\" width=\"43\" height=\"43\" srcset=\"https:\/\/wp-rocket.me\/wp-content\/uploads\/fly-images\/5716037\/rank-math-logo-at-top-2-86x86-c.png 2x\" alt=\"\" loading=\"lazy\" class=\"block-testimonial__logo\" draggable=\"false\">\t\t\t<span class=\"block-testimonial__author\">\n\t\t\t\t<span class=\"has-style-bold\">Bhanu Ahluwalia<\/span>\n\t\t\t\tCo-fondatore di Rank Math\t\t\t<\/span>\n\t\t<\/cite>\n\n\t\t\t<\/blockquote>\n\n\t\n\t<figure class=\"block-testimonial__image\">\n\t\t<img decoding=\"async\" src=\"https:\/\/wp-rocket.me\/wp-content\/uploads\/fly-images\/5715987\/Markup-2023-06-26-at-13.59.08-1-187x259-c.png\" width=\"187\" height=\"259\" srcset=\"https:\/\/wp-rocket.me\/wp-content\/uploads\/fly-images\/5715987\/Markup-2023-06-26-at-13.59.08-1-374x517-c.png 2x\" alt=\"\" loading=\"lazy\" draggable=\"false\">\t<\/figure>\n\n\t<\/div>\n\n\n\n<div class=\"wp-block-columns alignwide is-layout-flex wp-container-core-columns-is-layout-9d6595d7 wp-block-columns-is-layout-flex\">\n<div class=\"wp-block-column is-layout-flow wp-block-column-is-layout-flow\">\n<div class=\"block-testimonial is-style-square-testimonial has-gray-background-color\">\n\t\n\t<figure class=\"block-testimonial__logo\"><img decoding=\"async\" src=\"https:\/\/wp-rocket.me\/wp-content\/uploads\/fly-images\/7397998\/woocommerce-logo-color-black-e1730224784267-9999x67-c.png\" width=\"175\" height=\"55\" srcset=\"https:\/\/wp-rocket.me\/wp-content\/uploads\/fly-images\/7397998\/woocommerce-logo-color-black-e1730224784267-9999x134-c.png 2x\" alt=\"\" loading=\"lazy\" class=\"block-testimonial__logo\" draggable=\"false\"><\/figure>\n\n\t\n\t<blockquote class=\"wp-block-quote\">\n\t\t<p><em>I tassi di conversione sono 3 volte superiori per i siti e-commerce che si caricano in 1 secondo, quindi la velocit\u00e0 dovrebbe essere una delle priorit\u00e0 per ogni sito e-commerce. Quando si utilizza un plugin per migliorare le prestazioni web, WP Rocket funziona perfettamente con WooCommerce per offrire risultati eccezionali alle aziende di e-commerce.<\/em><\/p>\n\n\t\t\n\t\t<cite class=\"block-testimonial__cite\">\n\t\t\t<img decoding=\"async\" src=\"https:\/\/wp-rocket.me\/wp-content\/uploads\/fly-images\/7397926\/Paul-Maiorana-Woo-48x67-c.jpeg\" width=\"48\" height=\"67\" srcset=\"https:\/\/wp-rocket.me\/wp-content\/uploads\/fly-images\/7397926\/Paul-Maiorana-Woo-96x134-c.jpeg 2x\" alt=\"\" loading=\"lazy\" class=\"block-testimonial__image\" draggable=\"false\">\t\t\t<span class=\"block-testimonial__author\">\n\t\t\t\t<span class=\"has-style-bold\">Paul Maiorana<\/span>\n\t\t\t\tCEO di WooCommerce\t\t\t<\/span>\n\t\t<\/cite>\n\n\t\t\t<\/blockquote>\n\n\t<\/div>\n<\/div>\n\n\n\n<div class=\"wp-block-column is-layout-flow wp-block-column-is-layout-flow\">\n<div class=\"block-testimonial is-style-square-testimonial has-gray-background-color\">\n\t\n\t<figure class=\"block-testimonial__logo\"><img decoding=\"async\" src=\"https:\/\/wp-rocket.me\/wp-content\/uploads\/2021\/03\/logo-wpml-gallery-1.svg\" class=\"attachment-thumbnail size-thumbnail\" alt=\"\" \/><\/figure>\n\n\t\n\t<blockquote class=\"wp-block-quote\">\n\t\t<p><em>Uno degli aspetti pi\u00f9 importanti che cercavamo in un plugin per la cache era l&#8217;ottimizzazione dei file e WP Rocket si \u00e8 rivelato la soluzione perfetta. In particolare, abbiamo ridotto la latenza sui siti integrando facilmente WP Rocket con una CDN.<\/em><br>by easily integrating WP Rocket with a CDN.<\/p>\n\n\t\t\n\t\t<cite class=\"block-testimonial__cite\">\n\t\t\t<img decoding=\"async\" src=\"https:\/\/wp-rocket.me\/wp-content\/uploads\/fly-images\/3158427\/ana-couto-96x134-c-48x67-c.jpg\" width=\"48\" height=\"67\" srcset=\"https:\/\/wp-rocket.me\/wp-content\/uploads\/fly-images\/3158427\/ana-couto-96x134-c-96x134-c.jpg 2x\" alt=\"\" loading=\"lazy\" class=\"block-testimonial__image\" draggable=\"false\">\t\t\t<span class=\"block-testimonial__author\">\n\t\t\t\t<span class=\"has-style-bold\">Ana Couto<\/span>\n\t\t\t\tChief Information Officer, WPML\t\t\t<\/span>\n\t\t<\/cite>\n\n\t\t\t<\/blockquote>\n\n\t<\/div>\n<\/div>\n<\/div>\n<\/div><\/div>\n\n\n\n<div class=\"wp-block-group alignfull\"><div class=\"wp-block-group__inner-container is-layout-flow wp-block-group-is-layout-flow\">\n<h2 class=\"wp-block-heading has-text-align-center\">Leggi cosa dicono i clienti di WP Rocket<\/h2>\n\n\n\n<p class=\"has-text-align-center aligncenter\">La nostra pagina TrustPilot \u00e8 sempre aperta per i feedback<\/p>\n\n\n<div class=\"block-trustpilot-rating wrapper--1200 is-style-large\">\n\t\t\t<!-- TrustBox widget - Horizontal for desktop -->\n\t\t<div class=\"trustpilot-widget trustpilot-widget-desktop\" data-locale=\"en-US\" data-template-id=\"5406e65db0d04a09e042d5fc\" data-businessunit-id=\"59c641e50000ff0005abd855\" data-style-height=\"30px\" data-style-width=\"100%\" data-theme=\"light\" style=\"width: 100%;\">\n\t\t\t<a href=\"https:\/\/www.trustpilot.com\/review\/wp-rocket.me\" target=\"_blank\" rel=\"noopener\">Trustpilot<\/a>\n\t\t<\/div>\n\t\t<!-- End TrustBox widget -->\n\n\t\t<!-- TrustBox widget - Mini for mobile -->\n\t\t<div class=\"trustpilot-widget trustpilot-widget-mini\" data-locale=\"en-US\" data-template-id=\"53aa8807dec7e10d38f59f32\" data-businessunit-id=\"59c641e50000ff0005abd855\" data-style-height=\"120px\" data-style-width=\"100%\" data-theme=\"light\">\n\t\t\t<a href=\"https:\/\/www.trustpilot.com\/review\/wp-rocket.me\" target=\"_blank\" rel=\"noopener\">Trustpilot<\/a>\n\t\t<\/div>\n\t\t<!-- End TrustBox widget -->\n\t<\/div>\n\n\n<div class=\"wp-block-columns alignwide is-layout-flex wp-container-core-columns-is-layout-9d6595d7 wp-block-columns-is-layout-flex\">\n<div class=\"wp-block-column is-layout-flow wp-block-column-is-layout-flow\">\n<div class=\"block-trustpilot-review\">\n\t<blockquote>\n\t    <p class=\"block-trustpilot-review__title\">Ottimo plugin che permette di\u2026<\/p>\n\t    <p class=\"block-trustpilot-review__content has-normal-font-size\">Ottimo plugin che permette di velocizzare in modo stupendo il sito. Grazie ai suoi settaggi \u00e8 possibile ottimizzare tutto. In caso di necessit\u00e0 il supporto tecnico \u00e8 sempre disponibile, cordiale e pronto ad aiutare per risolvere problemi di settaggi o ottimizzazioni ulteriori.<\/p>\n\t    <cite class=\"block-trustpilot-review__author\">Cionfs<\/cite>\n\t<\/blockquote>\n<\/div><\/div>\n\n\n\n<div class=\"wp-block-column is-layout-flow wp-block-column-is-layout-flow\">\n<div class=\"block-trustpilot-review\">\n\t<blockquote>\n\t    <p class=\"block-trustpilot-review__title\">Ottimo plugin e assistenza veloce!<\/p>\n\t    <p class=\"block-trustpilot-review__content has-normal-font-size\">Ottimo plugin e assistenza professionale! Ora il mio sito \u00e8 velocissimo.<\/p>\n\t    <cite class=\"block-trustpilot-review__author\">Mirko Ciesco<\/cite>\n\t<\/blockquote>\n<\/div><\/div>\n\n\n\n<div class=\"wp-block-column is-layout-flow wp-block-column-is-layout-flow\">\n<div class=\"block-trustpilot-review\">\n\t<blockquote>\n\t    <p class=\"block-trustpilot-review__title\">Sto sviluppando un nuovo sito\u2026<\/p>\n\t    <p class=\"block-trustpilot-review__content has-normal-font-size\">Sto sviluppando un nuovo sito WordPress, che ha molte immagini. L&#039;acquisto e l&#039;installazione di questo plugin si \u00e8 rivelata fondamentale: dopo pochi istanti di attesa, pagine lunghe e piene di JPG si caricano completamente, rendendo l&#039;esperienza utente fenomenale. Complimenti agli sviluppatori del plugin Wp Rocket!<\/p>\n\t    <cite class=\"block-trustpilot-review__author\">Roberto Di Molfetta<\/cite>\n\t<\/blockquote>\n<\/div><\/div>\n<\/div>\n\n\n\n<div class=\"wp-block-columns alignwide is-layout-flex wp-container-core-columns-is-layout-9d6595d7 wp-block-columns-is-layout-flex\">\n<div class=\"wp-block-column is-layout-flow wp-block-column-is-layout-flow\">\n<div class=\"block-trustpilot-review\">\n\t<blockquote>\n\t    <p class=\"block-trustpilot-review__title\">Miglior plugin per la cache per\u2026<\/p>\n\t    <p class=\"block-trustpilot-review__content has-normal-font-size\">Miglior plugin per la cache per WordPress, nulla da dire.<\/p>\n\t    <cite class=\"block-trustpilot-review__author\">L\u00f8renzo C.<\/cite>\n\t<\/blockquote>\n<\/div><\/div>\n\n\n\n<div class=\"wp-block-column is-layout-flow wp-block-column-is-layout-flow\">\n<div class=\"block-trustpilot-review\">\n\t<blockquote>\n\t    <p class=\"block-trustpilot-review__title\">Ottimo e in continuo aggiornamento<\/p>\n\t    <p class=\"block-trustpilot-review__content has-normal-font-size\">Ottimo e in continuo aggiornamento, bravi continuate cosi!<\/p>\n\t    <cite class=\"block-trustpilot-review__author\">Vito Pipitone<\/cite>\n\t<\/blockquote>\n<\/div><\/div>\n\n\n\n<div class=\"wp-block-column is-layout-flow wp-block-column-is-layout-flow\">\n<div class=\"block-trustpilot-review\">\n\t<blockquote>\n\t    <p class=\"block-trustpilot-review__title\">Fantastico Plugin!<\/p>\n\t    <p class=\"block-trustpilot-review__content has-normal-font-size\">Fantastico Plugin!<\/p>\n\t    <cite class=\"block-trustpilot-review__author\">Jacopo Cappelli<\/cite>\n\t<\/blockquote>\n<\/div><\/div>\n<\/div>\n<\/div><\/div>\n\n\n\n<div class=\"block-cta alignfull is-targeted \">\n\t<div class=\"block-cta__wrapper\">\n\t\t<svg aria-hidden=\"true\" class=\"block-cta__pattern-left svg\" fill=\"none\" xmlns=\"http:\/\/www.w3.org\/2000\/svg\"><rect class=\"path path-10\" width=\"7.1\" height=\"7.1\" rx=\".9\" transform=\"scale(1 -1) rotate(45 226.2 -70.4)\" fill=\"#454F59\"\/><path class=\"path path-1\" fill-rule=\"evenodd\" clip-rule=\"evenodd\" d=\"M91.5 171.1a4.4 4.4 0 100 8.8 4.4 4.4 0 000-8.8z\" fill=\"#D0D3D8\"\/><path class=\"path path-3\" fill-rule=\"evenodd\" clip-rule=\"evenodd\" d=\"M166.5 95.1a4.4 4.4 0 110 8.8 4.4 4.4 0 010-8.8z\" fill=\"#FFD147\"\/><path class=\"path path-6\" d=\"M91.5 104l-4.9-8.3h9.8l-4.9 8.4z\" fill=\"#99D1DE\"\/><rect class=\"path path-5\" x=\"16.5\" y=\"104.5\" width=\"7.1\" height=\"7.1\" rx=\".9\" transform=\"rotate(-135 16.5 104.5)\" fill=\"#FFD0D8\"\/><path class=\"path path-2\" fill-rule=\"evenodd\" clip-rule=\"evenodd\" d=\"M16.5 247.1a4.4 4.4 0 100 8.8 4.4 4.4 0 000-8.8z\" fill=\"#FFD147\"\/><rect class=\"path path-7\" width=\"7.1\" height=\"7.1\" rx=\".9\" transform=\"scale(1 -1) rotate(45 355.4 -17.8)\" fill=\"#F56F46\"\/><path class=\"path path-4\" fill-rule=\"evenodd\" clip-rule=\"evenodd\" d=\"M16.5 19.1a4.4 4.4 0 100 8.8 4.4 4.4 0 000-8.8z\" fill=\"#FFD147\"\/><path class=\"path path-0\" fill-rule=\"evenodd\" clip-rule=\"evenodd\" d=\"M241.5 19.1a4.4 4.4 0 100 8.8 4.4 4.4 0 000-8.8z\" fill=\"#fff\"\/><path class=\"path path-8\" d=\"M166.5 28l4.9-8.3h-9.8l4.9 8.4z\" fill=\"#005BC6\"\/><rect class=\"path path-9\" width=\"7.1\" height=\"7.1\" rx=\".9\" transform=\"scale(1 -1) rotate(45 80.2 96.2)\" fill=\"#172153\"\/><\/svg>\n\t\t<svg aria-hidden=\"true\" class=\"block-cta__pattern-right svg\" fill=\"none\" xmlns=\"http:\/\/www.w3.org\/2000\/svg\"><rect class=\"path path-9\" width=\"7.1\" height=\"7.1\" rx=\".9\" transform=\"scale(1 -1) rotate(45 226.2 -70.4)\" fill=\"#454F59\"\/><path class=\"path path-2\" fill-rule=\"evenodd\" clip-rule=\"evenodd\" d=\"M91.5 171.1a4.4 4.4 0 100 8.8 4.4 4.4 0 000-8.8z\" fill=\"#D0D3D8\"\/><path class=\"path path-1\" fill-rule=\"evenodd\" clip-rule=\"evenodd\" d=\"M166.5 95.1a4.4 4.4 0 110 8.8 4.4 4.4 0 010-8.8z\" fill=\"#FFD147\"\/><path class=\"path path-0\" d=\"M91.5 104l-4.9-8.3h9.8l-4.9 8.4z\" fill=\"#99D1DE\"\/><rect class=\"path path-8\" x=\"16.5\" y=\"104.5\" width=\"7.1\" height=\"7.1\" rx=\".9\" transform=\"rotate(-135 16.5 104.5)\" fill=\"#FFD0D8\"\/><path class=\"path path-6\" fill-rule=\"evenodd\" clip-rule=\"evenodd\" d=\"M16.5 247.1a4.4 4.4 0 100 8.8 4.4 4.4 0 000-8.8z\" fill=\"#FFD147\"\/><rect class=\"path path-10\" width=\"7.1\" height=\"7.1\" rx=\".9\" transform=\"scale(1 -1) rotate(45 355.4 -17.8)\" fill=\"#F56F46\"\/><path class=\"path path-3\" fill-rule=\"evenodd\" clip-rule=\"evenodd\" d=\"M16.5 19.1a4.4 4.4 0 100 8.8 4.4 4.4 0 000-8.8z\" fill=\"#FFD147\"\/><path class=\"path path-4\" fill-rule=\"evenodd\" clip-rule=\"evenodd\" d=\"M241.5 19.1a4.4 4.4 0 100 8.8 4.4 4.4 0 000-8.8z\" fill=\"#fff\"\/><path class=\"path path-7\" d=\"M166.5 28l4.9-8.3h-9.8l4.9 8.4z\" fill=\"#005BC6\"\/><rect class=\"path path-5\" width=\"7.1\" height=\"7.1\" rx=\".9\" transform=\"scale(1 -1) rotate(45 80.2 96.2)\" fill=\"#172153\"\/><\/svg>\n\t\t<div class=\"block-cta__content\">\n\t\t\t\n\n<p>Porta i tuoi punteggi PageSpeed alle stelle<\/p>\n\n\n\n<div class=\"block-chrono-text\">Risultati incredibili, all&#8217;istante.<\/div>\n\n\n\n<p><\/p>\n\n\n\n<div class=\"wp-block-button\"><a class=\"wp-block-button__link has-blue-background-color has-background\" href=\"https:\/\/wp-rocket.me\/it\/offerte\/\">Ottieni WP&nbsp;Rocket ora<\/a><\/div>\n\n\t\t<\/div>\n\t<\/div>\n<\/div>","protected":false},"excerpt":{"rendered":"<p>Il loro supporto vale pi\u00f9 di mille parole<\/p>\n","protected":false},"author":1,"featured_media":0,"parent":0,"menu_order":0,"comment_status":"closed","ping_status":"closed","template":"","meta":{"_acf_changed":false,"inline_featured_image":false,"kia_subtitle":"","footnotes":""},"class_list":["post-592545","page","type-page","status-publish","hentry"],"acf":[],"yoast_head":"<!-- This site is optimized with the Yoast SEO plugin v25.3 - https:\/\/yoast.com\/wordpress\/plugins\/seo\/ -->\n<title>Testimonial e opinioni dei clienti WP Rocket<\/title>\n<meta name=\"description\" content=\"Vale la pena pagare per WP Rocket? Leggi cosa ne pensano i nostri clienti e scopri perch\u00e9 WP Rocket \u00e8 il miglior plugin di cache WordPress per accelerare il tuo sito web.\" \/>\n<meta name=\"robots\" content=\"index, follow, max-snippet:-1, max-image-preview:large, max-video-preview:-1\" \/>\n<link rel=\"canonical\" href=\"https:\/\/wp-rocket.me\/it\/testimonial\/\" \/>\n<meta property=\"og:locale\" content=\"it_IT\" \/>\n<meta property=\"og:type\" content=\"article\" \/>\n<meta property=\"og:title\" content=\"Testimonial e opinioni dei clienti WP Rocket\" \/>\n<meta property=\"og:description\" content=\"Vale la pena pagare per WP Rocket? Leggi cosa ne pensano i nostri clienti e scopri perch\u00e9 WP Rocket \u00e8 il miglior plugin di cache WordPress per accelerare il tuo sito web.\" \/>\n<meta property=\"og:url\" content=\"https:\/\/wp-rocket.me\/it\/testimonial\/\" \/>\n<meta property=\"og:site_name\" content=\"WP Rocket\" \/>\n<meta property=\"article:publisher\" content=\"https:\/\/www.facebook.com\/pages\/WP-Rocket\/631942253526829\" \/>\n<meta property=\"article:modified_time\" content=\"2025-05-14T11:55:21+00:00\" \/>\n<meta property=\"og:image\" content=\"https:\/\/wp-rocket.me\/wp-content\/uploads\/2024\/10\/1200x800-Featured-Image.png\" \/>\n\t<meta property=\"og:image:width\" content=\"2048\" \/>\n\t<meta property=\"og:image:height\" content=\"1365\" \/>\n\t<meta property=\"og:image:type\" content=\"image\/png\" \/>\n<meta name=\"twitter:card\" content=\"summary_large_image\" \/>\n<meta name=\"twitter:site\" content=\"@wp_rocket\" \/>\n<meta name=\"twitter:label1\" content=\"Tempo di lettura stimato\" \/>\n\t<meta name=\"twitter:data1\" content=\"1 minuto\" \/>\n<script type=\"application\/ld+json\" class=\"yoast-schema-graph\">{\"@context\":\"https:\/\/schema.org\",\"@graph\":[{\"@type\":\"WebPage\",\"@id\":\"https:\/\/wp-rocket.me\/it\/testimonial\/\",\"url\":\"https:\/\/wp-rocket.me\/it\/testimonial\/\",\"name\":\"Testimonial e opinioni dei clienti WP Rocket\",\"isPartOf\":{\"@id\":\"https:\/\/wp-rocket.me\/#website\"},\"datePublished\":\"2018-03-13T10:23:12+00:00\",\"dateModified\":\"2025-05-14T11:55:21+00:00\",\"description\":\"Vale la pena pagare per WP Rocket? Leggi cosa ne pensano i nostri clienti e scopri perch\u00e9 WP Rocket \u00e8 il miglior plugin di cache WordPress per accelerare il tuo sito web.\",\"breadcrumb\":{\"@id\":\"https:\/\/wp-rocket.me\/it\/testimonial\/#breadcrumb\"},\"inLanguage\":\"it-IT\",\"potentialAction\":[{\"@type\":\"ReadAction\",\"target\":[\"https:\/\/wp-rocket.me\/it\/testimonial\/\"]}]},{\"@type\":\"BreadcrumbList\",\"@id\":\"https:\/\/wp-rocket.me\/it\/testimonial\/#breadcrumb\",\"itemListElement\":[{\"@type\":\"ListItem\",\"position\":1,\"name\":\"Home\",\"item\":\"https:\/\/wp-rocket.me\/it\/\"},{\"@type\":\"ListItem\",\"position\":2,\"name\":\"Oltre 320.000 clienti affezionati\"}]},{\"@type\":\"WebSite\",\"@id\":\"https:\/\/wp-rocket.me\/#website\",\"url\":\"https:\/\/wp-rocket.me\/\",\"name\":\"WP Rocket\",\"description\":\"Plugin d&#039;optimisation de sites WordPress\",\"publisher\":{\"@id\":\"https:\/\/wp-rocket.me\/#organization\"},\"potentialAction\":[{\"@type\":\"SearchAction\",\"target\":{\"@type\":\"EntryPoint\",\"urlTemplate\":\"https:\/\/wp-rocket.me\/?s={search_term_string}\"},\"query-input\":{\"@type\":\"PropertyValueSpecification\",\"valueRequired\":true,\"valueName\":\"search_term_string\"}}],\"inLanguage\":\"it-IT\"},{\"@type\":\"Organization\",\"@id\":\"https:\/\/wp-rocket.me\/#organization\",\"name\":\"WP Rocket\",\"url\":\"https:\/\/wp-rocket.me\/\",\"logo\":{\"@type\":\"ImageObject\",\"inLanguage\":\"it-IT\",\"@id\":\"https:\/\/wp-rocket.me\/#\/schema\/logo\/image\/\",\"url\":\"https:\/\/wp-rocket.me\/wp-content\/uploads\/1\/logo-wp-rocket-paypal-2.png\",\"contentUrl\":\"https:\/\/wp-rocket.me\/wp-content\/uploads\/1\/logo-wp-rocket-paypal-2.png\",\"width\":150,\"height\":41,\"caption\":\"WP Rocket\"},\"image\":{\"@id\":\"https:\/\/wp-rocket.me\/#\/schema\/logo\/image\/\"},\"sameAs\":[\"https:\/\/www.facebook.com\/pages\/WP-Rocket\/631942253526829\",\"https:\/\/x.com\/wp_rocket\",\"https:\/\/www.youtube.com\/channel\/UC1ozThXHd1IWIZ5wkshgp_Q\"]}]}<\/script>\n<!-- \/ Yoast SEO plugin. -->","yoast_head_json":{"title":"Testimonial e opinioni dei clienti WP Rocket","description":"Vale la pena pagare per WP Rocket? Leggi cosa ne pensano i nostri clienti e scopri perch\u00e9 WP Rocket \u00e8 il miglior plugin di cache WordPress per accelerare il tuo sito web.","robots":{"index":"index","follow":"follow","max-snippet":"max-snippet:-1","max-image-preview":"max-image-preview:large","max-video-preview":"max-video-preview:-1"},"canonical":"https:\/\/wp-rocket.me\/it\/testimonial\/","og_locale":"it_IT","og_type":"article","og_title":"Testimonial e opinioni dei clienti WP Rocket","og_description":"Vale la pena pagare per WP Rocket? Leggi cosa ne pensano i nostri clienti e scopri perch\u00e9 WP Rocket \u00e8 il miglior plugin di cache WordPress per accelerare il tuo sito web.","og_url":"https:\/\/wp-rocket.me\/it\/testimonial\/","og_site_name":"WP Rocket","article_publisher":"https:\/\/www.facebook.com\/pages\/WP-Rocket\/631942253526829","article_modified_time":"2025-05-14T11:55:21+00:00","og_image":[{"width":2048,"height":1365,"url":"https:\/\/wp-rocket.me\/wp-content\/uploads\/2024\/10\/1200x800-Featured-Image.png","type":"image\/png"}],"twitter_card":"summary_large_image","twitter_site":"@wp_rocket","twitter_misc":{"Tempo di lettura stimato":"1 minuto"},"schema":{"@context":"https:\/\/schema.org","@graph":[{"@type":"WebPage","@id":"https:\/\/wp-rocket.me\/it\/testimonial\/","url":"https:\/\/wp-rocket.me\/it\/testimonial\/","name":"Testimonial e opinioni dei clienti WP Rocket","isPartOf":{"@id":"https:\/\/wp-rocket.me\/#website"},"datePublished":"2018-03-13T10:23:12+00:00","dateModified":"2025-05-14T11:55:21+00:00","description":"Vale la pena pagare per WP Rocket? Leggi cosa ne pensano i nostri clienti e scopri perch\u00e9 WP Rocket \u00e8 il miglior plugin di cache WordPress per accelerare il tuo sito web.","breadcrumb":{"@id":"https:\/\/wp-rocket.me\/it\/testimonial\/#breadcrumb"},"inLanguage":"it-IT","potentialAction":[{"@type":"ReadAction","target":["https:\/\/wp-rocket.me\/it\/testimonial\/"]}]},{"@type":"BreadcrumbList","@id":"https:\/\/wp-rocket.me\/it\/testimonial\/#breadcrumb","itemListElement":[{"@type":"ListItem","position":1,"name":"Home","item":"https:\/\/wp-rocket.me\/it\/"},{"@type":"ListItem","position":2,"name":"Oltre 320.000 clienti affezionati"}]},{"@type":"WebSite","@id":"https:\/\/wp-rocket.me\/#website","url":"https:\/\/wp-rocket.me\/","name":"WP Rocket","description":"Plugin d&#039;optimisation de sites WordPress","publisher":{"@id":"https:\/\/wp-rocket.me\/#organization"},"potentialAction":[{"@type":"SearchAction","target":{"@type":"EntryPoint","urlTemplate":"https:\/\/wp-rocket.me\/?s={search_term_string}"},"query-input":{"@type":"PropertyValueSpecification","valueRequired":true,"valueName":"search_term_string"}}],"inLanguage":"it-IT"},{"@type":"Organization","@id":"https:\/\/wp-rocket.me\/#organization","name":"WP Rocket","url":"https:\/\/wp-rocket.me\/","logo":{"@type":"ImageObject","inLanguage":"it-IT","@id":"https:\/\/wp-rocket.me\/#\/schema\/logo\/image\/","url":"https:\/\/wp-rocket.me\/wp-content\/uploads\/1\/logo-wp-rocket-paypal-2.png","contentUrl":"https:\/\/wp-rocket.me\/wp-content\/uploads\/1\/logo-wp-rocket-paypal-2.png","width":150,"height":41,"caption":"WP Rocket"},"image":{"@id":"https:\/\/wp-rocket.me\/#\/schema\/logo\/image\/"},"sameAs":["https:\/\/www.facebook.com\/pages\/WP-Rocket\/631942253526829","https:\/\/x.com\/wp_rocket","https:\/\/www.youtube.com\/channel\/UC1ozThXHd1IWIZ5wkshgp_Q"]}]}},"_links":{"self":[{"href":"https:\/\/wp-rocket.me\/it\/wp-json\/wp\/v2\/pages\/592545","targetHints":{"allow":["GET"]}}],"collection":[{"href":"https:\/\/wp-rocket.me\/it\/wp-json\/wp\/v2\/pages"}],"about":[{"href":"https:\/\/wp-rocket.me\/it\/wp-json\/wp\/v2\/types\/page"}],"author":[{"embeddable":true,"href":"https:\/\/wp-rocket.me\/it\/wp-json\/wp\/v2\/users\/1"}],"replies":[{"embeddable":true,"href":"https:\/\/wp-rocket.me\/it\/wp-json\/wp\/v2\/comments?post=592545"}],"version-history":[{"count":0,"href":"https:\/\/wp-rocket.me\/it\/wp-json\/wp\/v2\/pages\/592545\/revisions"}],"wp:attachment":[{"href":"https:\/\/wp-rocket.me\/it\/wp-json\/wp\/v2\/media?parent=592545"}],"curies":[{"name":"wp","href":"https:\/\/api.w.org\/{rel}","templated":true}]}}