{"id":3121528,"date":"2021-03-10T11:39:27","date_gmt":"2021-03-10T10:39:27","guid":{"rendered":"https:\/\/wp-rocket.me\/community\/"},"modified":"2021-03-16T10:07:55","modified_gmt":"2021-03-16T09:07:55","slug":"community","status":"publish","type":"page","link":"https:\/\/wp-rocket.me\/it\/community\/","title":{"rendered":"Unisciti alla community di Rocketeers"},"content":{"rendered":"\n<div class=\"wp-block-columns is-layout-flex wp-container-core-columns-is-layout-9d6595d7 wp-block-columns-is-layout-flex\">\n<div class=\"wp-block-column is-layout-flow wp-block-column-is-layout-flow\">\n<div class=\"block-icon-text is-style-icon-above\"><div class=\"block-icon-text__media\"><svg class=\"block-picto-svg\" aria-label=\"Facebook\"><use xlink:href=\"https:\/\/wp-rocket.me\/wp-content\/themes\/V4\/sprite_svg_pictos.svg#picto-facebook\"><\/use><\/svg><\/div><div class=\"block-icon-text__content\">\n<h3 class=\"wp-block-heading\"><strong>Community Facebook<\/strong><\/h3>\n\n\n\n<p>Entra in contatto con altri utenti di WP Rocket da tutto il mondo: abbiamo la community pi\u00f9 amichevole per chiunque ami il web! Condividi la tua esperienza con WP Rocket e impara nuovi trucchi per migliorare la velocit\u00e0 del tuo sito.<\/p>\n\n\n\n<div class=\"wp-block-button is-style-underline\"><a class=\"wp-block-button__link\" href=\"https:\/\/www.facebook.com\/groups\/wprocketusers\" target=\"_blank\" rel=\"noreferrer noopener\"><strong>Unisciti al gruppo Facebook<\/strong><\/a><\/div>\n<\/div><\/div>\n<\/div>\n\n\n\n<div class=\"wp-block-column is-layout-flow wp-block-column-is-layout-flow\">\n<div class=\"block-icon-text is-style-icon-above\"><div class=\"block-icon-text__media\"><svg class=\"block-picto-svg\" aria-label=\"Affiliate\"><use xlink:href=\"https:\/\/wp-rocket.me\/wp-content\/themes\/V4\/sprite_svg_pictos.svg#picto-affiliate\"><\/use><\/svg><\/div><div class=\"block-icon-text__content\">\n<h3 class=\"wp-block-heading\"><strong>Programma di affiliazione<\/strong><\/h3>\n\n\n\n<p>Affiliati a WP Rocket: \u00e8 facile e gratuito.<\/p>\n\n\n\n<p>Inviaci la tua candidatura e inizia a promuovere WP Rocket con il tuo link di referral. Guadagnerai una commissione del 20% su ogni vendita che genererai.<\/p>\n\n\n\n<div class=\"wp-block-button is-style-underline\"><a class=\"wp-block-button__link\" href=\"https:\/\/wp-rocket.me\/it\/programma-di-affiliazione-wp-rocket\/\"><strong>Aderisci al programma di affiliazione<\/strong><\/a><\/div>\n<\/div><\/div>\n<\/div>\n<\/div>\n\n\n\n<div class=\"wp-block-columns is-layout-flex wp-container-core-columns-is-layout-9d6595d7 wp-block-columns-is-layout-flex\">\n<div class=\"wp-block-column is-layout-flow wp-block-column-is-layout-flow\">\n<div class=\"block-icon-text is-style-icon-above\"><div class=\"block-icon-text__media\"><svg class=\"block-picto-svg\" aria-label=\"Github\"><use xlink:href=\"https:\/\/wp-rocket.me\/wp-content\/themes\/V4\/sprite_svg_pictos.svg#picto-github\"><\/use><\/svg><\/div><div class=\"block-icon-text__content\">\n<h3 class=\"wp-block-heading\"><strong>Community Sviluppo<\/strong><\/h3>\n\n\n\n<p>Il codice di WP Rocket \u00e8 open source e accogliamo con favore i contributi esterni nella nostra community GitHub. Unisciti ad altre persone esperte di sviluppo, contribuisci al codice e aiutaci a estendere le funzionalit\u00e0 di WP Rocket.<\/p>\n\n\n\n<div class=\"wp-block-button is-style-underline\"><a class=\"wp-block-button__link\" href=\"https:\/\/github.com\/wp-media\/wp-rocket\" target=\"_blank\" rel=\"noreferrer noopener\"><strong>Unisciti al Gruppo Github<\/strong><\/a><\/div>\n<\/div><\/div>\n<\/div>\n\n\n\n<div class=\"wp-block-column is-layout-flow wp-block-column-is-layout-flow\">\n<div class=\"block-icon-text is-style-icon-above\"><div class=\"block-icon-text__media\"><svg class=\"block-picto-svg\" aria-label=\"Translator\"><use xlink:href=\"https:\/\/wp-rocket.me\/wp-content\/themes\/V4\/sprite_svg_pictos.svg#picto-translator\"><\/use><\/svg><\/div><div class=\"block-icon-text__content\">\n<h3 class=\"wp-block-heading\"><strong>Community Traduzioni<\/strong><\/h3>\n\n\n\n<p>WP Rocket \u00e8 disponibile in pi\u00f9 di 10 lingue. Ci\u00f2 \u00e8 possibile grazie al contributo e all\u2019eccellente lavoro delle nostre traduttrici e traduttori volontari.&nbsp;<\/p>\n\n\n\n<p>Vuoi aiutarci a tradurre WP Rocket nella tua lingua?<\/p>\n\n\n\n<div class=\"wp-block-button is-style-underline\"><a class=\"wp-block-button__link\" href=\"https:\/\/wp-rocket.me\/translating-wp-rocket\/\"><strong>Unisciti alla community delle traduzioni<\/strong><\/a><\/div>\n<\/div><\/div>\n<\/div>\n<\/div>\n\n\n\n<div class=\"block-social-network\">\n\t<div class=\"block-social-network__left\">\n\t\t<p>\n\t\t<span class=\"has-normal-heading-size\">Seguici<\/span>\n\t\t<br>\n\t\tDiffondiamo consigli sulla web performance in ogni angolo del web\t\t<\/p>\n\t<\/div>\n\t<div class=\"block-social-network__right\">\n\t\t<a href=\"https:\/\/www.facebook.com\/wprocketplugin\/\" target=\"_blank\" rel=\"noopener\">\n\t\t\t<svg width=\"26\" height=\"27\" viewBox=\"0 0 448 512\" aria-label=\"Facebook\"><path fill=\"#3B579D\" d=\"M400 32H48A48 48 0 000 80v352a48 48 0 0048 48h137V328h-63v-72h63v-55c0-62 37-96 94-96 27 0 55 5 55 5v61h-31c-31 0-40 19-40 38v47h69l-11 72h-58v152h137a48 48 0 0048-48V80a48 48 0 00-48-48z\"\/><\/svg>\n\t\t<\/a>\n\t\t<a href=\"https:\/\/twitter.com\/wp_rocket\" target=\"_blank\" rel=\"noopener\" aria-label=\"X\">\n\t\t\t<img decoding=\"async\" class=\"block-social-network__logo block-social-network__logo--x\" src=\"https:\/\/wp-rocket.me\/wp-content\/themes\/V4\/assets\/images\/icons\/x.svg\" width=\"26\" height=\"22\" loading=\"lazy\" alt=\"\"draggable=\"false\"\/>\n\t\t<\/a>\n\t\t<a href=\"https:\/\/www.youtube.com\/channel\/UC1ozThXHd1IWIZ5wkshgp_Q\" target=\"_blank\" rel=\"noopener\" aria-label=\"Youtube\">\n\t\t\t<img decoding=\"async\" class=\"block-social-network__logo block-social-network__logo--youtube\" src=\"https:\/\/wp-rocket.me\/wp-content\/themes\/V4\/assets\/images\/icons\/youtube.svg\" width=\"33\" height=\"23\" loading=\"lazy\" alt=\"\" draggable=\"false\"\/>\n\t\t<\/a>\n\t\t<a href=\"https:\/\/www.linkedin.com\/company\/wp-rocket\" target=\"_blank\" rel=\"noopener\" aria-label=\"Linkedin\">\n\t\t\t<img decoding=\"async\" class=\"block-social-network__logo block-social-network__logo--linkedin\" src=\"https:\/\/wp-rocket.me\/wp-content\/themes\/V4\/assets\/images\/icons\/linkedin.svg\" width=\"28\" height=\"26\" loading=\"lazy\" alt=\"\" draggable=\"false\"\/>\n\t\t<\/a>\n\t<\/div>\n<\/div>\n\n\n\n<div class=\"block-cta-optin wrapper--1200 has-gray-background-color\">\n\t<svg aria-hidden=\"true\" class=\"is-targeted gray-background-pattern gray-background-pattern-left\" viewBox=\"0 0 205 207\" xmlns=\"http:\/\/www.w3.org\/2000\/svg\"><path class=\"path\" d=\"M-442.5-116H-110c22 0 40 18 40 40v199c0 22 18 40 40 40h710c22 0 40-18 40-40v-654\" stroke=\"#172153\" stroke-width=\"2\"\/><path class=\"path\" d=\"M-442.5-73.5H-132c11 0 20 9 20 20v179a80 80 0 0080 80h714.5a80 80 0 0080-80V-531\" stroke=\"#FFD147\" stroke-width=\"2\"\/><path class=\"path\" d=\"M-442.5-158.5h335a80 80 0 0180 80v179c0 11 9 20 20 20h665c11 0 20-9 20-20v-632\" stroke=\"#F56F46\" stroke-width=\"2\"\/><\/svg>\n\t<div class=\"block-cta-optin__inner-container wrapper--800\">\n\t\t<span class=\"block-cta-optin__title h2-like has-text-align-center\">Iscriviti alla nostra newsletter<\/span>\n\t\t<p class=\"block-cta-optin__description has-text-align-center\">Non perdere gli ultimi aggiornamenti relativi a WordPress e alla performance web.<br>Li puoi ricevere direttamente nella tua casella di posta, ogni due settimane.<\/p>\n\n\t\t<form action=\"https:\/\/manage.kmail-lists.com\/subscriptions\/subscribe?a=PD7as8&#038;g=JMReQ5\" class=\"block-cta-optin__form\" method=\"post\" target=\"_blank\" rel=\"noopener\">\n\t\t\t<div class=\"block-cta-optin__container-input\">\n\t\t\t\t<label for=\"block-cta-optin__input_email-69d2e6666d72b\" class=\"screen-reader-text\">\n\t\t\t\t\tEmail\t\t\t\t<\/label>\n\t\t\t\t<input id=\"block-cta-optin__input_email-69d2e6666d72b\" name=\"email\" class=\"input_email\" type=\"email\" placeholder=\"Email\" required>\n\t\t\t\t<button class=\"wp-block-button is-style-oval-small\" type=\"submit\">\n\t\t\t\t\t<span class=\"wp-block-button__link\">\n\t\t\t\t\t\tIscriviti\t\t\t\t\t<\/span>\n\t\t\t\t<\/button>\n\t\t\t<\/div>\n\n\t\t\t\n\t\t\t<div class=\"block-cta-optin__container-checkbox\">\n\t\t\t\t<input type=\"checkbox\" id=\"block-cta-optin__input_checkbox-69d2e6666d72b\" name=\"checkbox\" checked required>\n\t\t\t\t<label for=\"block-cta-optin__input_checkbox-69d2e6666d72b\" class=\"block-cta-optin__checkbox-label\">\n\t\t\t\t\tConfermo di volermi iscrivere alla newsletter di WP Rocket.<br>Per saperne di pi\u00f9 su come usiamo i tuoi dati, consulta la nostra <a href=\"https:\/\/wp-rocket.me\/privacy-policy\/\">Informativa sulla Privacy<\/a>.\t\t\t\t<\/label>\n\t\t\t<\/div>\n\n\t\t\t\n\t\t<\/form>\n\t<\/div>\n\n<\/div><!--\/block-cta-optin-->\n\n\n\n<div style=\"height:120px\" aria-hidden=\"true\" class=\"wp-block-spacer\"><\/div>\n\n\n\n<div class=\"block-cta alignfull is-targeted \">\n\t<div class=\"block-cta__wrapper\">\n\t\t<svg aria-hidden=\"true\" class=\"block-cta__pattern-left svg\" fill=\"none\" xmlns=\"http:\/\/www.w3.org\/2000\/svg\"><rect class=\"path path-10\" width=\"7.1\" height=\"7.1\" rx=\".9\" transform=\"scale(1 -1) rotate(45 226.2 -70.4)\" fill=\"#454F59\"\/><path class=\"path path-1\" fill-rule=\"evenodd\" clip-rule=\"evenodd\" d=\"M91.5 171.1a4.4 4.4 0 100 8.8 4.4 4.4 0 000-8.8z\" fill=\"#D0D3D8\"\/><path class=\"path path-3\" fill-rule=\"evenodd\" clip-rule=\"evenodd\" d=\"M166.5 95.1a4.4 4.4 0 110 8.8 4.4 4.4 0 010-8.8z\" fill=\"#FFD147\"\/><path class=\"path path-6\" d=\"M91.5 104l-4.9-8.3h9.8l-4.9 8.4z\" fill=\"#99D1DE\"\/><rect class=\"path path-5\" x=\"16.5\" y=\"104.5\" width=\"7.1\" height=\"7.1\" rx=\".9\" transform=\"rotate(-135 16.5 104.5)\" fill=\"#FFD0D8\"\/><path class=\"path path-2\" fill-rule=\"evenodd\" clip-rule=\"evenodd\" d=\"M16.5 247.1a4.4 4.4 0 100 8.8 4.4 4.4 0 000-8.8z\" fill=\"#FFD147\"\/><rect class=\"path path-7\" width=\"7.1\" height=\"7.1\" rx=\".9\" transform=\"scale(1 -1) rotate(45 355.4 -17.8)\" fill=\"#F56F46\"\/><path class=\"path path-4\" fill-rule=\"evenodd\" clip-rule=\"evenodd\" d=\"M16.5 19.1a4.4 4.4 0 100 8.8 4.4 4.4 0 000-8.8z\" fill=\"#FFD147\"\/><path class=\"path path-0\" fill-rule=\"evenodd\" clip-rule=\"evenodd\" d=\"M241.5 19.1a4.4 4.4 0 100 8.8 4.4 4.4 0 000-8.8z\" fill=\"#fff\"\/><path class=\"path path-8\" d=\"M166.5 28l4.9-8.3h-9.8l4.9 8.4z\" fill=\"#005BC6\"\/><rect class=\"path path-9\" width=\"7.1\" height=\"7.1\" rx=\".9\" transform=\"scale(1 -1) rotate(45 80.2 96.2)\" fill=\"#172153\"\/><\/svg>\n\t\t<svg aria-hidden=\"true\" class=\"block-cta__pattern-right svg\" fill=\"none\" xmlns=\"http:\/\/www.w3.org\/2000\/svg\"><rect class=\"path path-9\" width=\"7.1\" height=\"7.1\" rx=\".9\" transform=\"scale(1 -1) rotate(45 226.2 -70.4)\" fill=\"#454F59\"\/><path class=\"path path-2\" fill-rule=\"evenodd\" clip-rule=\"evenodd\" d=\"M91.5 171.1a4.4 4.4 0 100 8.8 4.4 4.4 0 000-8.8z\" fill=\"#D0D3D8\"\/><path class=\"path path-1\" fill-rule=\"evenodd\" clip-rule=\"evenodd\" d=\"M166.5 95.1a4.4 4.4 0 110 8.8 4.4 4.4 0 010-8.8z\" fill=\"#FFD147\"\/><path class=\"path path-0\" d=\"M91.5 104l-4.9-8.3h9.8l-4.9 8.4z\" fill=\"#99D1DE\"\/><rect class=\"path path-8\" x=\"16.5\" y=\"104.5\" width=\"7.1\" height=\"7.1\" rx=\".9\" transform=\"rotate(-135 16.5 104.5)\" fill=\"#FFD0D8\"\/><path class=\"path path-6\" fill-rule=\"evenodd\" clip-rule=\"evenodd\" d=\"M16.5 247.1a4.4 4.4 0 100 8.8 4.4 4.4 0 000-8.8z\" fill=\"#FFD147\"\/><rect class=\"path path-10\" width=\"7.1\" height=\"7.1\" rx=\".9\" transform=\"scale(1 -1) rotate(45 355.4 -17.8)\" fill=\"#F56F46\"\/><path class=\"path path-3\" fill-rule=\"evenodd\" clip-rule=\"evenodd\" d=\"M16.5 19.1a4.4 4.4 0 100 8.8 4.4 4.4 0 000-8.8z\" fill=\"#FFD147\"\/><path class=\"path path-4\" fill-rule=\"evenodd\" clip-rule=\"evenodd\" d=\"M241.5 19.1a4.4 4.4 0 100 8.8 4.4 4.4 0 000-8.8z\" fill=\"#fff\"\/><path class=\"path path-7\" d=\"M166.5 28l4.9-8.3h-9.8l4.9 8.4z\" fill=\"#005BC6\"\/><rect class=\"path path-5\" width=\"7.1\" height=\"7.1\" rx=\".9\" transform=\"scale(1 -1) rotate(45 80.2 96.2)\" fill=\"#172153\"\/><\/svg>\n\t\t<div class=\"block-cta__content\">\n\t\t\t\n\n<p>Porta i tuoi punteggi PageSpeed alle stelle<\/p>\n\n\n\n<div class=\"block-chrono-text\">Risultati incredibili, all&#8217;istante.<\/div>\n\n\n\n<p><\/p>\n\n\n\n<div class=\"wp-block-button\"><a class=\"wp-block-button__link has-blue-background-color has-background\" href=\"https:\/\/wp-rocket.me\/it\/offerte\/\">Ottieni WP&nbsp;Rocket ora<\/a><\/div>\n\n\t\t<\/div>\n\t<\/div>\n<\/div>","protected":false},"excerpt":{"rendered":"<p>Interagisci con Rocketeers da tutto il mondo, condividi la tua esperienza con WP&nbsp;Rocket e migliora le tue conoscenze di performance web<\/p>\n","protected":false},"author":129383,"featured_media":0,"parent":0,"menu_order":0,"comment_status":"closed","ping_status":"closed","template":"","meta":{"_acf_changed":false,"inline_featured_image":false,"kia_subtitle":"","footnotes":""},"class_list":["post-3121528","page","type-page","status-publish","hentry"],"acf":[],"yoast_head":"<!-- This site is optimized with the Yoast SEO plugin v25.3 - https:\/\/yoast.com\/wordpress\/plugins\/seo\/ -->\n<title>Unisciti alla community di Rocketeers - WP Rocket<\/title>\n<meta name=\"description\" content=\"Unisciti alla community di WP Rocket. Prestazioni web, sviluppo, traduzioni o affiliate marketing: qualunque sia la tua passione, abbiamo uno spazio per te.\" \/>\n<meta name=\"robots\" content=\"index, follow, max-snippet:-1, max-image-preview:large, max-video-preview:-1\" \/>\n<link rel=\"canonical\" href=\"https:\/\/wp-rocket.me\/it\/community\/\" \/>\n<meta property=\"og:locale\" content=\"it_IT\" \/>\n<meta property=\"og:type\" content=\"article\" \/>\n<meta property=\"og:title\" content=\"Unisciti alla community di Rocketeers - WP Rocket\" \/>\n<meta property=\"og:description\" content=\"Unisciti alla community di WP Rocket. Prestazioni web, sviluppo, traduzioni o affiliate marketing: qualunque sia la tua passione, abbiamo uno spazio per te.\" \/>\n<meta property=\"og:url\" content=\"https:\/\/wp-rocket.me\/it\/community\/\" \/>\n<meta property=\"og:site_name\" content=\"WP Rocket\" \/>\n<meta property=\"article:publisher\" content=\"https:\/\/www.facebook.com\/pages\/WP-Rocket\/631942253526829\" \/>\n<meta property=\"article:modified_time\" content=\"2021-03-16T09:07:55+00:00\" \/>\n<meta property=\"og:image\" content=\"https:\/\/wp-rocket.me\/wp-content\/uploads\/2024\/10\/1200x800-Featured-Image.png\" \/>\n\t<meta property=\"og:image:width\" content=\"2048\" \/>\n\t<meta property=\"og:image:height\" content=\"1365\" \/>\n\t<meta property=\"og:image:type\" content=\"image\/png\" \/>\n<meta name=\"twitter:card\" content=\"summary_large_image\" \/>\n<meta name=\"twitter:site\" content=\"@wp_rocket\" \/>\n<meta name=\"twitter:label1\" content=\"Tempo di lettura stimato\" \/>\n\t<meta name=\"twitter:data1\" content=\"1 minuto\" \/>\n<script type=\"application\/ld+json\" class=\"yoast-schema-graph\">{\"@context\":\"https:\/\/schema.org\",\"@graph\":[{\"@type\":\"WebPage\",\"@id\":\"https:\/\/wp-rocket.me\/it\/community\/\",\"url\":\"https:\/\/wp-rocket.me\/it\/community\/\",\"name\":\"Unisciti alla community di Rocketeers - WP Rocket\",\"isPartOf\":{\"@id\":\"https:\/\/wp-rocket.me\/#website\"},\"datePublished\":\"2021-03-10T10:39:27+00:00\",\"dateModified\":\"2021-03-16T09:07:55+00:00\",\"description\":\"Unisciti alla community di WP Rocket. Prestazioni web, sviluppo, traduzioni o affiliate marketing: qualunque sia la tua passione, abbiamo uno spazio per te.\",\"breadcrumb\":{\"@id\":\"https:\/\/wp-rocket.me\/it\/community\/#breadcrumb\"},\"inLanguage\":\"it-IT\",\"potentialAction\":[{\"@type\":\"ReadAction\",\"target\":[\"https:\/\/wp-rocket.me\/it\/community\/\"]}]},{\"@type\":\"BreadcrumbList\",\"@id\":\"https:\/\/wp-rocket.me\/it\/community\/#breadcrumb\",\"itemListElement\":[{\"@type\":\"ListItem\",\"position\":1,\"name\":\"Home\",\"item\":\"https:\/\/wp-rocket.me\/it\/\"},{\"@type\":\"ListItem\",\"position\":2,\"name\":\"Unisciti alla community di Rocketeers\"}]},{\"@type\":\"WebSite\",\"@id\":\"https:\/\/wp-rocket.me\/#website\",\"url\":\"https:\/\/wp-rocket.me\/\",\"name\":\"WP Rocket\",\"description\":\"Plugin d&#039;optimisation de sites WordPress\",\"publisher\":{\"@id\":\"https:\/\/wp-rocket.me\/#organization\"},\"potentialAction\":[{\"@type\":\"SearchAction\",\"target\":{\"@type\":\"EntryPoint\",\"urlTemplate\":\"https:\/\/wp-rocket.me\/?s={search_term_string}\"},\"query-input\":{\"@type\":\"PropertyValueSpecification\",\"valueRequired\":true,\"valueName\":\"search_term_string\"}}],\"inLanguage\":\"it-IT\"},{\"@type\":\"Organization\",\"@id\":\"https:\/\/wp-rocket.me\/#organization\",\"name\":\"WP Rocket\",\"url\":\"https:\/\/wp-rocket.me\/\",\"logo\":{\"@type\":\"ImageObject\",\"inLanguage\":\"it-IT\",\"@id\":\"https:\/\/wp-rocket.me\/#\/schema\/logo\/image\/\",\"url\":\"https:\/\/wp-rocket.me\/wp-content\/uploads\/1\/logo-wp-rocket-paypal-2.png\",\"contentUrl\":\"https:\/\/wp-rocket.me\/wp-content\/uploads\/1\/logo-wp-rocket-paypal-2.png\",\"width\":150,\"height\":41,\"caption\":\"WP Rocket\"},\"image\":{\"@id\":\"https:\/\/wp-rocket.me\/#\/schema\/logo\/image\/\"},\"sameAs\":[\"https:\/\/www.facebook.com\/pages\/WP-Rocket\/631942253526829\",\"https:\/\/x.com\/wp_rocket\",\"https:\/\/www.youtube.com\/channel\/UC1ozThXHd1IWIZ5wkshgp_Q\"]}]}<\/script>\n<!-- \/ Yoast SEO plugin. -->","yoast_head_json":{"title":"Unisciti alla community di Rocketeers - WP Rocket","description":"Unisciti alla community di WP Rocket. Prestazioni web, sviluppo, traduzioni o affiliate marketing: qualunque sia la tua passione, abbiamo uno spazio per te.","robots":{"index":"index","follow":"follow","max-snippet":"max-snippet:-1","max-image-preview":"max-image-preview:large","max-video-preview":"max-video-preview:-1"},"canonical":"https:\/\/wp-rocket.me\/it\/community\/","og_locale":"it_IT","og_type":"article","og_title":"Unisciti alla community di Rocketeers - WP Rocket","og_description":"Unisciti alla community di WP Rocket. Prestazioni web, sviluppo, traduzioni o affiliate marketing: qualunque sia la tua passione, abbiamo uno spazio per te.","og_url":"https:\/\/wp-rocket.me\/it\/community\/","og_site_name":"WP Rocket","article_publisher":"https:\/\/www.facebook.com\/pages\/WP-Rocket\/631942253526829","article_modified_time":"2021-03-16T09:07:55+00:00","og_image":[{"width":2048,"height":1365,"url":"https:\/\/wp-rocket.me\/wp-content\/uploads\/2024\/10\/1200x800-Featured-Image.png","type":"image\/png"}],"twitter_card":"summary_large_image","twitter_site":"@wp_rocket","twitter_misc":{"Tempo di lettura stimato":"1 minuto"},"schema":{"@context":"https:\/\/schema.org","@graph":[{"@type":"WebPage","@id":"https:\/\/wp-rocket.me\/it\/community\/","url":"https:\/\/wp-rocket.me\/it\/community\/","name":"Unisciti alla community di Rocketeers - WP Rocket","isPartOf":{"@id":"https:\/\/wp-rocket.me\/#website"},"datePublished":"2021-03-10T10:39:27+00:00","dateModified":"2021-03-16T09:07:55+00:00","description":"Unisciti alla community di WP Rocket. Prestazioni web, sviluppo, traduzioni o affiliate marketing: qualunque sia la tua passione, abbiamo uno spazio per te.","breadcrumb":{"@id":"https:\/\/wp-rocket.me\/it\/community\/#breadcrumb"},"inLanguage":"it-IT","potentialAction":[{"@type":"ReadAction","target":["https:\/\/wp-rocket.me\/it\/community\/"]}]},{"@type":"BreadcrumbList","@id":"https:\/\/wp-rocket.me\/it\/community\/#breadcrumb","itemListElement":[{"@type":"ListItem","position":1,"name":"Home","item":"https:\/\/wp-rocket.me\/it\/"},{"@type":"ListItem","position":2,"name":"Unisciti alla community di Rocketeers"}]},{"@type":"WebSite","@id":"https:\/\/wp-rocket.me\/#website","url":"https:\/\/wp-rocket.me\/","name":"WP Rocket","description":"Plugin d&#039;optimisation de sites WordPress","publisher":{"@id":"https:\/\/wp-rocket.me\/#organization"},"potentialAction":[{"@type":"SearchAction","target":{"@type":"EntryPoint","urlTemplate":"https:\/\/wp-rocket.me\/?s={search_term_string}"},"query-input":{"@type":"PropertyValueSpecification","valueRequired":true,"valueName":"search_term_string"}}],"inLanguage":"it-IT"},{"@type":"Organization","@id":"https:\/\/wp-rocket.me\/#organization","name":"WP Rocket","url":"https:\/\/wp-rocket.me\/","logo":{"@type":"ImageObject","inLanguage":"it-IT","@id":"https:\/\/wp-rocket.me\/#\/schema\/logo\/image\/","url":"https:\/\/wp-rocket.me\/wp-content\/uploads\/1\/logo-wp-rocket-paypal-2.png","contentUrl":"https:\/\/wp-rocket.me\/wp-content\/uploads\/1\/logo-wp-rocket-paypal-2.png","width":150,"height":41,"caption":"WP Rocket"},"image":{"@id":"https:\/\/wp-rocket.me\/#\/schema\/logo\/image\/"},"sameAs":["https:\/\/www.facebook.com\/pages\/WP-Rocket\/631942253526829","https:\/\/x.com\/wp_rocket","https:\/\/www.youtube.com\/channel\/UC1ozThXHd1IWIZ5wkshgp_Q"]}]}},"_links":{"self":[{"href":"https:\/\/wp-rocket.me\/it\/wp-json\/wp\/v2\/pages\/3121528","targetHints":{"allow":["GET"]}}],"collection":[{"href":"https:\/\/wp-rocket.me\/it\/wp-json\/wp\/v2\/pages"}],"about":[{"href":"https:\/\/wp-rocket.me\/it\/wp-json\/wp\/v2\/types\/page"}],"author":[{"embeddable":true,"href":"https:\/\/wp-rocket.me\/it\/wp-json\/wp\/v2\/users\/129383"}],"replies":[{"embeddable":true,"href":"https:\/\/wp-rocket.me\/it\/wp-json\/wp\/v2\/comments?post=3121528"}],"version-history":[{"count":0,"href":"https:\/\/wp-rocket.me\/it\/wp-json\/wp\/v2\/pages\/3121528\/revisions"}],"wp:attachment":[{"href":"https:\/\/wp-rocket.me\/it\/wp-json\/wp\/v2\/media?parent=3121528"}],"curies":[{"name":"wp","href":"https:\/\/api.w.org\/{rel}","templated":true}]}}