{"id":606,"date":"2014-09-12T02:27:09","date_gmt":"2014-09-12T01:27:09","guid":{"rendered":"https:\/\/wp-rocket.me\/?page_id=606"},"modified":"2025-03-27T21:51:51","modified_gmt":"2025-03-27T20:51:51","slug":"support","status":"publish","type":"page","link":"https:\/\/wp-rocket.me\/fr\/support\/","title":{"rendered":"Support"},"content":{"rendered":"\n<div class=\"wp-block-group block-support-documentation-highlight\"><div class=\"wp-block-group__inner-container is-layout-constrained wp-block-group-is-layout-constrained\">\n<h2 class=\"wp-block-heading has-text-align-center\">Points saillants de la documentation<\/h2>\n\n\n\n<p class=\"has-text-align-center aligncenter\">Vous avez une question&nbsp;? Vous n&rsquo;\u00eates pas seul.<\/p>\n\n\n\n<p class=\"has-text-align-center aligncenter\">Explorez nos articles de base de connaissances les plus visit\u00e9s pour obtenir des r\u00e9ponses.<\/p>\n\n\n\n<div class=\"wp-block-columns wrapper--1100 is-layout-flex wp-container-core-columns-is-layout-9d6595d7 wp-block-columns-is-layout-flex\">\n<div class=\"wp-block-column is-layout-flow wp-block-column-is-layout-flow\">\n<h3 class=\"wp-block-heading has-text-align-center\">Les plus populaires<\/h3>\n\n\n<div class=\"wp-block-button is-style-block block-support-documentation-highlight__item\">\n\t<a href=\"https:\/\/fr.docs.wp-rocket.me\/article\/1432-comment-ameliorer-score-mobile-pagespeed?utm_source=help_center&#038;utm_medium=wp_rocket\" target=\"_blank\" rel=\"noopener\" class=\"wp-block-button__link\"\n\t   aria-label=\"\"\n\t   title=\"\">Comment am\u00e9liorer votre score mobile sur PageSpeed<\/a>\n<\/div>\n\n\n<div class=\"wp-block-button is-style-block block-support-documentation-highlight__item\">\n\t<a href=\"https:\/\/fr.docs.wp-rocket.me\/article\/263-site-casse?utm_source=help_center&#038;utm_medium=wp_rocket\" target=\"_blank\" rel=\"noopener\" class=\"wp-block-button__link\"\n\t   aria-label=\"\"\n\t   title=\"\">Mon site est cass\u00e9<\/a>\n<\/div>\n\n\n<div class=\"wp-block-button is-style-block block-support-documentation-highlight__item\">\n\t<a href=\"https:\/\/fr.docs.wp-rocket.me\/article\/1269-comprendre-resoudre-erreurs-critical-path-css?utm_source=help_center&#038;utm_medium=wp_rocket\" target=\"_blank\" rel=\"noopener\" class=\"wp-block-button__link\"\n\t   aria-label=\"\"\n\t   title=\"\">R\u00e9soudre les erreurs de g\u00e9n\u00e9ration du Critical Path CSS<\/a>\n<\/div>\n\n\n<div class=\"wp-block-button is-style-block block-support-documentation-highlight__item\">\n\t<a href=\"https:\/\/fr.docs.wp-rocket.me\/article\/1626-reporter-l-execution-du-javascript?utm_source=help_center&#038;utm_medium=wp_rocket\" target=\"_blank\" rel=\"noopener\" class=\"wp-block-button__link\"\n\t   aria-label=\"\"\n\t   title=\"\">Reporter l\u2019ex\u00e9cution du JavaScript<\/a>\n<\/div>\n\n\n<div class=\"wp-block-button is-style-block block-support-documentation-highlight__item\">\n\t<a href=\"https:\/\/fr.docs.wp-rocket.me\/article\/1594-exclusions-de-compatibilite-pour-le-report-de-lexecution-de-javascript?utm_source=help_center&#038;utm_medium=wp_rocket\" target=\"_blank\" rel=\"noopener\" class=\"wp-block-button__link\"\n\t   aria-label=\"\"\n\t   title=\"\">Exclusions de compatibilit\u00e9 pour le report de l&#039;ex\u00e9cution de JavaScript<\/a>\n<\/div>\n\n\n\n<div style=\"height:35px\" aria-hidden=\"true\" class=\"wp-block-spacer\"><\/div>\n<\/div>\n\n\n\n<div class=\"wp-block-column is-layout-flow wp-block-column-is-layout-flow\">\n<h3 class=\"wp-block-heading has-text-align-center\">Recommand\u00e9<\/h3>\n\n\n<div class=\"wp-block-button is-style-block block-support-documentation-highlight__item\">\n\t<a href=\"https:\/\/fr.docs.wp-rocket.me\/article\/1577-supprimer-les-ressources-css-inutilisees?utm_source=help_center&#038;utm_medium=wp_rocket\" target=\"_blank\" rel=\"noopener\" class=\"wp-block-button__link\"\n\t   aria-label=\"\"\n\t   title=\"\">Supprimer les ressources CSS inutilis\u00e9es<\/a>\n<\/div>\n\n\n<div class=\"wp-block-button is-style-block block-support-documentation-highlight__item\">\n\t<a href=\"https:\/\/fr.docs.wp-rocket.me\/article\/1268-optimiser-le-chargement-du-css?utm_source=help_center&#038;utm_medium=wp_rocket\" target=\"_blank\" rel=\"noopener\" class=\"wp-block-button__link\"\n\t   aria-label=\"\"\n\t   title=\"\">Optimiser le chargement du CSS<\/a>\n<\/div>\n\n\n<div class=\"wp-block-button is-style-block block-support-documentation-highlight__item\">\n\t<a href=\"https:\/\/fr.docs.wp-rocket.me\/article\/247-utiliser-wp-rocket-avec-cloudflare?utm_source=help_center&#038;utm_medium=wp_rocket\" target=\"_blank\" rel=\"noopener\" class=\"wp-block-button__link\"\n\t   aria-label=\"\"\n\t   title=\"\">Utiliser WP Rocket avec CloudFlare<\/a>\n<\/div>\n\n\n<div class=\"wp-block-button is-style-block block-support-documentation-highlight__item\">\n\t<a href=\"https:\/\/fr.docs.wp-rocket.me\/article\/264-les-pages-ne-sont-pas-mises-en-cache-ou-la-minification-css-et-js-ne-fonctionne-pas?utm_source=help_center&#038;utm_medium=wp_rocket\" target=\"_blank\" rel=\"noopener\" class=\"wp-block-button__link\"\n\t   aria-label=\"\"\n\t   title=\"\">Les pages ne sont pas mises en cache, ou la minification CSS et JS ne fonctionne pas<\/a>\n<\/div>\n\n\n<div class=\"wp-block-button is-style-block block-support-documentation-highlight__item\">\n\t<a href=\"https:\/\/fr.docs.wp-rocket.me\/article\/1440-eliminez-les-ressources-qui-bloquent-le-rendu?utm_source=help_center&#038;utm_medium=wp_rocket\" target=\"_blank\" rel=\"noopener\" class=\"wp-block-button__link\"\n\t   aria-label=\"\"\n\t   title=\"\">\u00c9liminez les ressources qui bloquent le rendu<\/a>\n<\/div>\n<\/div>\n<\/div>\n<\/div><\/div>\n","protected":false},"excerpt":{"rendered":"<p>Points saillants de la documentation Vous avez une question&nbsp;? Vous n&rsquo;\u00eates pas seul. Explorez nos articles de base de connaissances les plus visit\u00e9s pour obtenir des r\u00e9ponses. Les plus populaires Recommand\u00e9<\/p>\n","protected":false},"author":1,"featured_media":0,"parent":0,"menu_order":0,"comment_status":"open","ping_status":"open","template":"","meta":{"_acf_changed":false,"inline_featured_image":false,"kia_subtitle":"","footnotes":""},"class_list":["post-606","page","type-page","status-publish","hentry"],"acf":[],"yoast_head":"<!-- This site is optimized with the Yoast SEO plugin v25.3 - https:\/\/yoast.com\/wordpress\/plugins\/seo\/ -->\n<title>Support WP Rocket : Obtenez de l&#039;aide, ouvrez un ticket<\/title>\n<meta name=\"description\" content=\"Besoin d&#039;aide avec le plugin WP Rocket ? Lisez notre FAQ, ouvrez un ticket ou utilisez nos tutoriels pour booster le temps de chargement de votre WordPress.\" \/>\n<meta name=\"robots\" content=\"index, follow, max-snippet:-1, max-image-preview:large, max-video-preview:-1\" \/>\n<link rel=\"canonical\" href=\"https:\/\/wp-rocket.me\/fr\/support\/\" \/>\n<meta property=\"og:locale\" content=\"fr_FR\" \/>\n<meta property=\"og:type\" content=\"article\" \/>\n<meta property=\"og:title\" content=\"Support WP Rocket : Obtenez de l&#039;aide, ouvrez un ticket\" \/>\n<meta property=\"og:description\" content=\"Besoin d&#039;aide avec le plugin WP Rocket ? Lisez notre FAQ, ouvrez un ticket ou utilisez nos tutoriels pour booster le temps de chargement de votre WordPress.\" \/>\n<meta property=\"og:url\" content=\"https:\/\/wp-rocket.me\/fr\/support\/\" \/>\n<meta property=\"og:site_name\" content=\"WP Rocket\" \/>\n<meta property=\"article:publisher\" content=\"https:\/\/www.facebook.com\/pages\/WP-Rocket\/631942253526829\" \/>\n<meta property=\"article:modified_time\" content=\"2025-03-27T20:51:51+00:00\" \/>\n<meta property=\"og:image\" content=\"https:\/\/wp-rocket.me\/wp-content\/uploads\/2024\/10\/1200x800-Featured-Image.png\" \/>\n\t<meta property=\"og:image:width\" content=\"2048\" \/>\n\t<meta property=\"og:image:height\" content=\"1365\" \/>\n\t<meta property=\"og:image:type\" content=\"image\/png\" \/>\n<meta name=\"twitter:card\" content=\"summary_large_image\" \/>\n<meta name=\"twitter:site\" content=\"@wp_rocket\" \/>\n<script type=\"application\/ld+json\" class=\"yoast-schema-graph\">{\"@context\":\"https:\/\/schema.org\",\"@graph\":[{\"@type\":\"WebPage\",\"@id\":\"https:\/\/wp-rocket.me\/fr\/support\/\",\"url\":\"https:\/\/wp-rocket.me\/fr\/support\/\",\"name\":\"Support WP Rocket : Obtenez de l'aide, ouvrez un ticket\",\"isPartOf\":{\"@id\":\"https:\/\/wp-rocket.me\/#website\"},\"datePublished\":\"2014-09-12T01:27:09+00:00\",\"dateModified\":\"2025-03-27T20:51:51+00:00\",\"description\":\"Besoin d'aide avec le plugin WP Rocket ? Lisez notre FAQ, ouvrez un ticket ou utilisez nos tutoriels pour booster le temps de chargement de votre WordPress.\",\"breadcrumb\":{\"@id\":\"https:\/\/wp-rocket.me\/fr\/support\/#breadcrumb\"},\"inLanguage\":\"fr-FR\",\"potentialAction\":[{\"@type\":\"ReadAction\",\"target\":[\"https:\/\/wp-rocket.me\/fr\/support\/\"]}]},{\"@type\":\"BreadcrumbList\",\"@id\":\"https:\/\/wp-rocket.me\/fr\/support\/#breadcrumb\",\"itemListElement\":[{\"@type\":\"ListItem\",\"position\":1,\"name\":\"Accueil\",\"item\":\"https:\/\/wp-rocket.me\/fr\/\"},{\"@type\":\"ListItem\",\"position\":2,\"name\":\"Support\"}]},{\"@type\":\"WebSite\",\"@id\":\"https:\/\/wp-rocket.me\/#website\",\"url\":\"https:\/\/wp-rocket.me\/\",\"name\":\"WP Rocket\",\"description\":\"Plugin d&#039;optimisation de sites WordPress\",\"publisher\":{\"@id\":\"https:\/\/wp-rocket.me\/#organization\"},\"potentialAction\":[{\"@type\":\"SearchAction\",\"target\":{\"@type\":\"EntryPoint\",\"urlTemplate\":\"https:\/\/wp-rocket.me\/?s={search_term_string}\"},\"query-input\":{\"@type\":\"PropertyValueSpecification\",\"valueRequired\":true,\"valueName\":\"search_term_string\"}}],\"inLanguage\":\"fr-FR\"},{\"@type\":\"Organization\",\"@id\":\"https:\/\/wp-rocket.me\/#organization\",\"name\":\"WP Rocket\",\"url\":\"https:\/\/wp-rocket.me\/\",\"logo\":{\"@type\":\"ImageObject\",\"inLanguage\":\"fr-FR\",\"@id\":\"https:\/\/wp-rocket.me\/#\/schema\/logo\/image\/\",\"url\":\"https:\/\/wp-rocket.me\/wp-content\/uploads\/1\/logo-wp-rocket-paypal-2.png\",\"contentUrl\":\"https:\/\/wp-rocket.me\/wp-content\/uploads\/1\/logo-wp-rocket-paypal-2.png\",\"width\":150,\"height\":41,\"caption\":\"WP Rocket\"},\"image\":{\"@id\":\"https:\/\/wp-rocket.me\/#\/schema\/logo\/image\/\"},\"sameAs\":[\"https:\/\/www.facebook.com\/pages\/WP-Rocket\/631942253526829\",\"https:\/\/x.com\/wp_rocket\",\"https:\/\/www.youtube.com\/channel\/UC1ozThXHd1IWIZ5wkshgp_Q\"]}]}<\/script>\n<!-- \/ Yoast SEO plugin. -->","yoast_head_json":{"title":"Support WP Rocket : Obtenez de l'aide, ouvrez un ticket","description":"Besoin d'aide avec le plugin WP Rocket ? Lisez notre FAQ, ouvrez un ticket ou utilisez nos tutoriels pour booster le temps de chargement de votre WordPress.","robots":{"index":"index","follow":"follow","max-snippet":"max-snippet:-1","max-image-preview":"max-image-preview:large","max-video-preview":"max-video-preview:-1"},"canonical":"https:\/\/wp-rocket.me\/fr\/support\/","og_locale":"fr_FR","og_type":"article","og_title":"Support WP Rocket : Obtenez de l'aide, ouvrez un ticket","og_description":"Besoin d'aide avec le plugin WP Rocket ? Lisez notre FAQ, ouvrez un ticket ou utilisez nos tutoriels pour booster le temps de chargement de votre WordPress.","og_url":"https:\/\/wp-rocket.me\/fr\/support\/","og_site_name":"WP Rocket","article_publisher":"https:\/\/www.facebook.com\/pages\/WP-Rocket\/631942253526829","article_modified_time":"2025-03-27T20:51:51+00:00","og_image":[{"width":2048,"height":1365,"url":"https:\/\/wp-rocket.me\/wp-content\/uploads\/2024\/10\/1200x800-Featured-Image.png","type":"image\/png"}],"twitter_card":"summary_large_image","twitter_site":"@wp_rocket","schema":{"@context":"https:\/\/schema.org","@graph":[{"@type":"WebPage","@id":"https:\/\/wp-rocket.me\/fr\/support\/","url":"https:\/\/wp-rocket.me\/fr\/support\/","name":"Support WP Rocket : Obtenez de l'aide, ouvrez un ticket","isPartOf":{"@id":"https:\/\/wp-rocket.me\/#website"},"datePublished":"2014-09-12T01:27:09+00:00","dateModified":"2025-03-27T20:51:51+00:00","description":"Besoin d'aide avec le plugin WP Rocket ? Lisez notre FAQ, ouvrez un ticket ou utilisez nos tutoriels pour booster le temps de chargement de votre WordPress.","breadcrumb":{"@id":"https:\/\/wp-rocket.me\/fr\/support\/#breadcrumb"},"inLanguage":"fr-FR","potentialAction":[{"@type":"ReadAction","target":["https:\/\/wp-rocket.me\/fr\/support\/"]}]},{"@type":"BreadcrumbList","@id":"https:\/\/wp-rocket.me\/fr\/support\/#breadcrumb","itemListElement":[{"@type":"ListItem","position":1,"name":"Accueil","item":"https:\/\/wp-rocket.me\/fr\/"},{"@type":"ListItem","position":2,"name":"Support"}]},{"@type":"WebSite","@id":"https:\/\/wp-rocket.me\/#website","url":"https:\/\/wp-rocket.me\/","name":"WP Rocket","description":"Plugin d&#039;optimisation de sites WordPress","publisher":{"@id":"https:\/\/wp-rocket.me\/#organization"},"potentialAction":[{"@type":"SearchAction","target":{"@type":"EntryPoint","urlTemplate":"https:\/\/wp-rocket.me\/?s={search_term_string}"},"query-input":{"@type":"PropertyValueSpecification","valueRequired":true,"valueName":"search_term_string"}}],"inLanguage":"fr-FR"},{"@type":"Organization","@id":"https:\/\/wp-rocket.me\/#organization","name":"WP Rocket","url":"https:\/\/wp-rocket.me\/","logo":{"@type":"ImageObject","inLanguage":"fr-FR","@id":"https:\/\/wp-rocket.me\/#\/schema\/logo\/image\/","url":"https:\/\/wp-rocket.me\/wp-content\/uploads\/1\/logo-wp-rocket-paypal-2.png","contentUrl":"https:\/\/wp-rocket.me\/wp-content\/uploads\/1\/logo-wp-rocket-paypal-2.png","width":150,"height":41,"caption":"WP Rocket"},"image":{"@id":"https:\/\/wp-rocket.me\/#\/schema\/logo\/image\/"},"sameAs":["https:\/\/www.facebook.com\/pages\/WP-Rocket\/631942253526829","https:\/\/x.com\/wp_rocket","https:\/\/www.youtube.com\/channel\/UC1ozThXHd1IWIZ5wkshgp_Q"]}]}},"_links":{"self":[{"href":"https:\/\/wp-rocket.me\/fr\/wp-json\/wp\/v2\/pages\/606","targetHints":{"allow":["GET"]}}],"collection":[{"href":"https:\/\/wp-rocket.me\/fr\/wp-json\/wp\/v2\/pages"}],"about":[{"href":"https:\/\/wp-rocket.me\/fr\/wp-json\/wp\/v2\/types\/page"}],"author":[{"embeddable":true,"href":"https:\/\/wp-rocket.me\/fr\/wp-json\/wp\/v2\/users\/1"}],"replies":[{"embeddable":true,"href":"https:\/\/wp-rocket.me\/fr\/wp-json\/wp\/v2\/comments?post=606"}],"version-history":[{"count":0,"href":"https:\/\/wp-rocket.me\/fr\/wp-json\/wp\/v2\/pages\/606\/revisions"}],"wp:attachment":[{"href":"https:\/\/wp-rocket.me\/fr\/wp-json\/wp\/v2\/media?parent=606"}],"curies":[{"name":"wp","href":"https:\/\/api.w.org\/{rel}","templated":true}]}}