{"id":550,"date":"2014-07-24T22:42:07","date_gmt":"2014-07-24T21:42:07","guid":{"rendered":"https:\/\/wp-rocket.me\/?page_id=550"},"modified":"2021-03-16T16:45:34","modified_gmt":"2021-03-16T15:45:34","slug":"politique-de-remboursement","status":"publish","type":"page","link":"https:\/\/wp-rocket.me\/fr\/politique-de-remboursement\/","title":{"rendered":"Remboursement"},"content":{"rendered":"\n<div class=\"wp-block-group alignfull\"><div class=\"wp-block-group__inner-container is-layout-flow wp-block-group-is-layout-flow\">\n<p>Nous croyons \u00e0 100% en notre produit. Cependant, nous comprenons qu\u2019il puisse ne pas fonctionner parfaitement pour tout le monde. Nous vous remboursons dans les 14 jours apr\u00e8s votre achat original.<\/p>\n\n\n\n<p>Quelques points \u00e0 savoir :<\/p>\n\n\n\n<ul class=\"wp-block-list\"><li>Nous traiterons votre demande de remboursement d\u00e8s que nous serons en mesure de le faire. Dans certains cas, nous pourrions vous demander la possibilit\u00e9 de r\u00e9soudre le probl\u00e8me pour vous.<\/li><li>Les remboursements ne sont effectu\u00e9s que dans les 14 jours apr\u00e8s votre achat. Apr\u00e8s 14 jours, aucun remboursement ne pourra \u00eatre effectu\u00e9.<\/li><li>Les remboursements s\u2019appliquent \u00e9galement aux mises \u00e0 niveau et aux renouvellements.<\/li><li>En ce qui concerne RocketCDN, vous pouvez demander un remboursement dans les 24 heures suivant l\u2019abonnement. Si vous annulez apr\u00e8s, au cours des mois suivants, vous serez dans tous les cas factur\u00e9 pour le mois entam\u00e9.<\/li><\/ul>\n\n\n\n<p>Pour ouvrir une demande de remboursement, contactez nous <a href=\"https:\/\/wp-rocket.me\/fr\/contact\/\">ici<\/a>.<\/p>\n\n\n\n<p>Veuillez noter qu&rsquo;en achetant le plugin, vous acceptez les conditions g\u00e9n\u00e9rales de vente et la politique de remboursement.<\/p>\n<\/div><\/div>\n","protected":false},"excerpt":{"rendered":"<p>14 jours Satisfait ou rembours\u00e9<\/p>\n","protected":false},"author":4,"featured_media":0,"parent":0,"menu_order":0,"comment_status":"open","ping_status":"open","template":"","meta":{"_acf_changed":false,"inline_featured_image":false,"kia_subtitle":"","footnotes":""},"class_list":["post-550","page","type-page","status-publish","hentry"],"acf":[],"yoast_head":"<!-- This site is optimized with the Yoast SEO plugin v25.3 - https:\/\/yoast.com\/wordpress\/plugins\/seo\/ -->\n<title>Remboursement - WP Rocket<\/title>\n<meta name=\"description\" content=\"WP Rocket - 14 jours Satisfait ou rembours\u00e9\" \/>\n<meta name=\"robots\" content=\"index, follow, max-snippet:-1, max-image-preview:large, max-video-preview:-1\" \/>\n<link rel=\"canonical\" href=\"https:\/\/wp-rocket.me\/fr\/politique-de-remboursement\/\" \/>\n<meta property=\"og:locale\" content=\"fr_FR\" \/>\n<meta property=\"og:type\" content=\"article\" \/>\n<meta property=\"og:title\" content=\"Remboursement - WP Rocket\" \/>\n<meta property=\"og:description\" content=\"WP Rocket - 14 jours Satisfait ou rembours\u00e9\" \/>\n<meta property=\"og:url\" content=\"https:\/\/wp-rocket.me\/fr\/politique-de-remboursement\/\" \/>\n<meta property=\"og:site_name\" content=\"WP Rocket\" \/>\n<meta property=\"article:publisher\" content=\"https:\/\/www.facebook.com\/pages\/WP-Rocket\/631942253526829\" \/>\n<meta property=\"article:modified_time\" content=\"2021-03-16T15:45:34+00:00\" \/>\n<meta property=\"og:image\" content=\"https:\/\/wp-rocket.me\/wp-content\/uploads\/2024\/10\/1200x800-Featured-Image.png\" \/>\n\t<meta property=\"og:image:width\" content=\"2048\" \/>\n\t<meta property=\"og:image:height\" content=\"1365\" \/>\n\t<meta property=\"og:image:type\" content=\"image\/png\" \/>\n<meta name=\"twitter:card\" content=\"summary_large_image\" \/>\n<meta name=\"twitter:site\" content=\"@wp_rocket\" \/>\n<meta name=\"twitter:label1\" content=\"Dur\u00e9e de lecture est.\" \/>\n\t<meta name=\"twitter:data1\" content=\"1 minute\" \/>\n<script type=\"application\/ld+json\" class=\"yoast-schema-graph\">{\"@context\":\"https:\/\/schema.org\",\"@graph\":[{\"@type\":\"WebPage\",\"@id\":\"https:\/\/wp-rocket.me\/fr\/politique-de-remboursement\/\",\"url\":\"https:\/\/wp-rocket.me\/fr\/politique-de-remboursement\/\",\"name\":\"Remboursement - WP Rocket\",\"isPartOf\":{\"@id\":\"https:\/\/wp-rocket.me\/#website\"},\"datePublished\":\"2014-07-24T21:42:07+00:00\",\"dateModified\":\"2021-03-16T15:45:34+00:00\",\"description\":\"WP Rocket - 14 jours Satisfait ou rembours\u00e9\",\"breadcrumb\":{\"@id\":\"https:\/\/wp-rocket.me\/fr\/politique-de-remboursement\/#breadcrumb\"},\"inLanguage\":\"fr-FR\",\"potentialAction\":[{\"@type\":\"ReadAction\",\"target\":[\"https:\/\/wp-rocket.me\/fr\/politique-de-remboursement\/\"]}]},{\"@type\":\"BreadcrumbList\",\"@id\":\"https:\/\/wp-rocket.me\/fr\/politique-de-remboursement\/#breadcrumb\",\"itemListElement\":[{\"@type\":\"ListItem\",\"position\":1,\"name\":\"Accueil\",\"item\":\"https:\/\/wp-rocket.me\/fr\/\"},{\"@type\":\"ListItem\",\"position\":2,\"name\":\"Remboursement\"}]},{\"@type\":\"WebSite\",\"@id\":\"https:\/\/wp-rocket.me\/#website\",\"url\":\"https:\/\/wp-rocket.me\/\",\"name\":\"WP Rocket\",\"description\":\"Plugin d&#039;optimisation de sites WordPress\",\"publisher\":{\"@id\":\"https:\/\/wp-rocket.me\/#organization\"},\"potentialAction\":[{\"@type\":\"SearchAction\",\"target\":{\"@type\":\"EntryPoint\",\"urlTemplate\":\"https:\/\/wp-rocket.me\/?s={search_term_string}\"},\"query-input\":{\"@type\":\"PropertyValueSpecification\",\"valueRequired\":true,\"valueName\":\"search_term_string\"}}],\"inLanguage\":\"fr-FR\"},{\"@type\":\"Organization\",\"@id\":\"https:\/\/wp-rocket.me\/#organization\",\"name\":\"WP Rocket\",\"url\":\"https:\/\/wp-rocket.me\/\",\"logo\":{\"@type\":\"ImageObject\",\"inLanguage\":\"fr-FR\",\"@id\":\"https:\/\/wp-rocket.me\/#\/schema\/logo\/image\/\",\"url\":\"https:\/\/wp-rocket.me\/wp-content\/uploads\/1\/logo-wp-rocket-paypal-2.png\",\"contentUrl\":\"https:\/\/wp-rocket.me\/wp-content\/uploads\/1\/logo-wp-rocket-paypal-2.png\",\"width\":150,\"height\":41,\"caption\":\"WP Rocket\"},\"image\":{\"@id\":\"https:\/\/wp-rocket.me\/#\/schema\/logo\/image\/\"},\"sameAs\":[\"https:\/\/www.facebook.com\/pages\/WP-Rocket\/631942253526829\",\"https:\/\/x.com\/wp_rocket\",\"https:\/\/www.youtube.com\/channel\/UC1ozThXHd1IWIZ5wkshgp_Q\"]}]}<\/script>\n<!-- \/ Yoast SEO plugin. -->","yoast_head_json":{"title":"Remboursement - WP Rocket","description":"WP Rocket - 14 jours Satisfait ou rembours\u00e9","robots":{"index":"index","follow":"follow","max-snippet":"max-snippet:-1","max-image-preview":"max-image-preview:large","max-video-preview":"max-video-preview:-1"},"canonical":"https:\/\/wp-rocket.me\/fr\/politique-de-remboursement\/","og_locale":"fr_FR","og_type":"article","og_title":"Remboursement - WP Rocket","og_description":"WP Rocket - 14 jours Satisfait ou rembours\u00e9","og_url":"https:\/\/wp-rocket.me\/fr\/politique-de-remboursement\/","og_site_name":"WP Rocket","article_publisher":"https:\/\/www.facebook.com\/pages\/WP-Rocket\/631942253526829","article_modified_time":"2021-03-16T15:45:34+00:00","og_image":[{"width":2048,"height":1365,"url":"https:\/\/wp-rocket.me\/wp-content\/uploads\/2024\/10\/1200x800-Featured-Image.png","type":"image\/png"}],"twitter_card":"summary_large_image","twitter_site":"@wp_rocket","twitter_misc":{"Dur\u00e9e de lecture est.":"1 minute"},"schema":{"@context":"https:\/\/schema.org","@graph":[{"@type":"WebPage","@id":"https:\/\/wp-rocket.me\/fr\/politique-de-remboursement\/","url":"https:\/\/wp-rocket.me\/fr\/politique-de-remboursement\/","name":"Remboursement - WP Rocket","isPartOf":{"@id":"https:\/\/wp-rocket.me\/#website"},"datePublished":"2014-07-24T21:42:07+00:00","dateModified":"2021-03-16T15:45:34+00:00","description":"WP Rocket - 14 jours Satisfait ou rembours\u00e9","breadcrumb":{"@id":"https:\/\/wp-rocket.me\/fr\/politique-de-remboursement\/#breadcrumb"},"inLanguage":"fr-FR","potentialAction":[{"@type":"ReadAction","target":["https:\/\/wp-rocket.me\/fr\/politique-de-remboursement\/"]}]},{"@type":"BreadcrumbList","@id":"https:\/\/wp-rocket.me\/fr\/politique-de-remboursement\/#breadcrumb","itemListElement":[{"@type":"ListItem","position":1,"name":"Accueil","item":"https:\/\/wp-rocket.me\/fr\/"},{"@type":"ListItem","position":2,"name":"Remboursement"}]},{"@type":"WebSite","@id":"https:\/\/wp-rocket.me\/#website","url":"https:\/\/wp-rocket.me\/","name":"WP Rocket","description":"Plugin d&#039;optimisation de sites WordPress","publisher":{"@id":"https:\/\/wp-rocket.me\/#organization"},"potentialAction":[{"@type":"SearchAction","target":{"@type":"EntryPoint","urlTemplate":"https:\/\/wp-rocket.me\/?s={search_term_string}"},"query-input":{"@type":"PropertyValueSpecification","valueRequired":true,"valueName":"search_term_string"}}],"inLanguage":"fr-FR"},{"@type":"Organization","@id":"https:\/\/wp-rocket.me\/#organization","name":"WP Rocket","url":"https:\/\/wp-rocket.me\/","logo":{"@type":"ImageObject","inLanguage":"fr-FR","@id":"https:\/\/wp-rocket.me\/#\/schema\/logo\/image\/","url":"https:\/\/wp-rocket.me\/wp-content\/uploads\/1\/logo-wp-rocket-paypal-2.png","contentUrl":"https:\/\/wp-rocket.me\/wp-content\/uploads\/1\/logo-wp-rocket-paypal-2.png","width":150,"height":41,"caption":"WP Rocket"},"image":{"@id":"https:\/\/wp-rocket.me\/#\/schema\/logo\/image\/"},"sameAs":["https:\/\/www.facebook.com\/pages\/WP-Rocket\/631942253526829","https:\/\/x.com\/wp_rocket","https:\/\/www.youtube.com\/channel\/UC1ozThXHd1IWIZ5wkshgp_Q"]}]}},"_links":{"self":[{"href":"https:\/\/wp-rocket.me\/fr\/wp-json\/wp\/v2\/pages\/550","targetHints":{"allow":["GET"]}}],"collection":[{"href":"https:\/\/wp-rocket.me\/fr\/wp-json\/wp\/v2\/pages"}],"about":[{"href":"https:\/\/wp-rocket.me\/fr\/wp-json\/wp\/v2\/types\/page"}],"author":[{"embeddable":true,"href":"https:\/\/wp-rocket.me\/fr\/wp-json\/wp\/v2\/users\/4"}],"replies":[{"embeddable":true,"href":"https:\/\/wp-rocket.me\/fr\/wp-json\/wp\/v2\/comments?post=550"}],"version-history":[{"count":0,"href":"https:\/\/wp-rocket.me\/fr\/wp-json\/wp\/v2\/pages\/550\/revisions"}],"wp:attachment":[{"href":"https:\/\/wp-rocket.me\/fr\/wp-json\/wp\/v2\/media?parent=550"}],"curies":[{"name":"wp","href":"https:\/\/api.w.org\/{rel}","templated":true}]}}