{"id":36,"date":"2014-04-03T15:09:19","date_gmt":"2014-04-03T14:09:19","guid":{"rendered":"https:\/\/wp-rocket.me\/?page_id=36"},"modified":"2026-03-25T18:16:42","modified_gmt":"2026-03-25T17:16:42","slug":"offres","status":"publish","type":"page","link":"https:\/\/wp-rocket.me\/fr\/offres\/","title":{"rendered":"Passez \u00e0 la vitesse sup\u00e9rieure"},"content":{"rendered":"\n<p class=\"has-text-align-center\">Rocket Insights est notre centre de suivi des performances int\u00e9gr\u00e9 qui vous aide \u00e0 surveiller les performances de votre site, obtenir des recommandations claires et continuer \u00e0 am\u00e9liorer <br>la vitesse sur le long terme.<\/p>\n\n\n\n<div class=\"block-money-back  wrapper--1100 has-black-color\">\n\t<svg xmlns=\"http:\/\/www.w3.org\/2000\/svg\" width=\"63\" height=\"48\" viewBox=\"0 0 180 114\" aria-hidden=\"true\"><g transform=\"translate(36)\" fill=\"none\"><path d=\"M67 30h20a16 16 0 110 32h-2a2 2 0 00-2 2v2a6 6 0 01-12 0v-2a2 2 0 00-2-2H57a6 6 0 010-12h30a4 4 0 000-8H67a16 16 0 110-32h2a2 2 0 002-2V6a6 6 0 1112 0v2c0 1.1.9 2 2 2h12a6 6 0 110 12H67a4 4 0 000 8z\" fill=\"#FFD0D8\"\/><rect fill=\"#F56F46\" y=\"68\" width=\"15\" height=\"46\" rx=\"2.5\"\/><path d=\"M39.3 86.8h12.1c2.7 0 4.8-2 4.8-4.6 0-.7-.1-1.3-.4-1.9A10.8 10.8 0 0046 74H25.4c-1.3 0-2.4 1-2.4 2.3v30.4c0 1.3 1 2.3 2.4 2.3h51.8c6 0 10.8-4.7 10.8-10.4v-1.3c0-2.5-2.2-4.6-4.8-4.6h-44a3 3 0 01-3-3 3 3 0 013-2.9z\" fill=\"#E5EAF0\"\/><\/g><\/svg>\t<div class=\"block-money-back__content\">\n\t\t<p>100 % Satisfait ou Rembours\u00e9<\/p>\n\t\t<p>\n\t\t\tAlthough we don\u2019t think you\u2019ll ever want one, we\u2019ll gladly provide a refund if you request it within 14 days of your purchase.\t\t<\/p>\n\t<\/div>\n\t<\/div>\n\n\n\n<p class=\"has-text-align-center\">Plus de 500 sites web ? <a href=\"https:\/\/wp-rocket.me\/fr\/contact\/?contact_subject=custom_licenses\">Contactez-nous<\/a> pour une licence sur-mesure !<\/p>\n\n\n\n<div class=\"wp-block-group alignfull\"><div class=\"wp-block-group__inner-container is-layout-flow wp-block-group-is-layout-flow\">\n<h2 class=\"wp-block-heading has-text-align-center\">Voici ce qui vous attend en achetant une licence WP Rocket<\/h2>\n\n\n\n<div class=\"wp-block-columns is-layout-flex wp-container-core-columns-is-layout-9d6595d7 wp-block-columns-is-layout-flex\">\n<div class=\"wp-block-column is-layout-flow wp-block-column-is-layout-flow\">\n<ul class=\"wp-block-list\">\n<li><strong><strong>Configuration rapide<\/strong><\/strong><br>80% des bonnes pratiques en mati\u00e8re de performance web sont appliqu\u00e9es automatiquement, pas besoin de toucher au code<\/li>\n\n\n\n<li><strong><strong>Les meilleures fonctionnalit\u00e9s pour la performance web<\/strong><\/strong><br>Mise en cache, LazyLoad, Pr\u00e9chargement, Report de l\u2019ex\u00e9cution des JS, Suppression des ressources CSS inutilis\u00e9es, et tellement d\u2019autres !<\/li>\n\n\n\n<li><strong>Centre de suivi des performances int\u00e9gr\u00e9<\/strong><br>Suivez vos pages cl\u00e9s avec Rocket Insights, d\u00e9couvrez ce que vous devez am\u00e9liorer et gardez votre site optimis\u00e9.<\/li>\n\n\n\n<li><strong><strong>Assistance hors pair de nos Rocketeers<\/strong><\/strong><br>Comptez sur notre service support et notre documentation pour r\u00e9pondre \u00e0 vos interrogations<\/li>\n<\/ul>\n<\/div>\n\n\n\n<div class=\"wp-block-column is-layout-flow wp-block-column-is-layout-flow\">\n<ul class=\"wp-block-list\">\n<li><strong>Une large compatibilit\u00e9 avec les h\u00e9bergeurs, th\u00e8mes et plugins<\/strong><br>Les outils WordPress les plus populaires font confiance \u00e0 WP Rocket, vous pouvez avoir l\u2019esprit tranquille.&nbsp;<\/li>\n\n\n\n<li><strong><strong>Compatibilit\u00e9 e-commerce<\/strong><\/strong><br>Quel que soit le plugin e-commerce pour WordPress que vous utilisez, vous pouvez compter sur nous<\/li>\n\n\n\n<li><strong><strong>Compatibilit\u00e9 multilingue<\/strong><\/strong><br>Personnalisez les param\u00e8tres de cache pour une langue sp\u00e9cifique ou pour toutes les langues en m\u00eame temps<\/li>\n\n\n\n<li><strong>Distribution globale du contenu<\/strong><br>Utilisez RocketCDN pour acc\u00e9l\u00e8rer votre site pour les visiteurs du monde entier avec une configuration automatique qui am\u00e9liore les temps de chargement<\/li>\n<\/ul>\n<\/div>\n<\/div>\n\n\n<div class=\"block-trustpilot-rating wrapper--1200 is-style-large\">\n\t\t\t<!-- TrustBox widget - Horizontal for desktop -->\n\t\t<div class=\"trustpilot-widget trustpilot-widget-desktop\" data-locale=\"en-US\" data-template-id=\"5406e65db0d04a09e042d5fc\" data-businessunit-id=\"59c641e50000ff0005abd855\" data-style-height=\"30px\" data-style-width=\"100%\" data-theme=\"light\" style=\"width: 100%;\">\n\t\t\t<a href=\"https:\/\/www.trustpilot.com\/review\/wp-rocket.me\" target=\"_blank\" rel=\"noopener\">Trustpilot<\/a>\n\t\t<\/div>\n\t\t<!-- End TrustBox widget -->\n\n\t\t<!-- TrustBox widget - Mini for mobile -->\n\t\t<div class=\"trustpilot-widget trustpilot-widget-mini\" data-locale=\"en-US\" data-template-id=\"53aa8807dec7e10d38f59f32\" data-businessunit-id=\"59c641e50000ff0005abd855\" data-style-height=\"120px\" data-style-width=\"100%\" data-theme=\"light\">\n\t\t\t<a href=\"https:\/\/www.trustpilot.com\/review\/wp-rocket.me\" target=\"_blank\" rel=\"noopener\">Trustpilot<\/a>\n\t\t<\/div>\n\t\t<!-- End TrustBox widget -->\n\t<\/div><\/div><\/div>\n\n\n\n<div class=\"wp-block-group alignfull has-gray-background-color has-background\"><div class=\"wp-block-group__inner-container is-layout-flow wp-block-group-is-layout-flow\">\n<div class=\"wp-block-columns alignwide wrapper--1100 is-layout-flex wp-container-core-columns-is-layout-9d6595d7 wp-block-columns-is-layout-flex\">\n<div class=\"wp-block-column is-layout-flow wp-block-column-is-layout-flow\" style=\"flex-basis:66.66%\">\n<h2 class=\"wp-block-heading\">Questions fr\u00e9quentes<\/h2>\n\n\n\n<div class=\"wp-block-who-accordion schema-faq-section\" itemscope itemprop=\"mainEntity\" itemtype=\"https:\/\/schema.org\/Question\"><h3 class=\"schema-faq-question\" itemprop=\"name\">Qui peut utiliser WP Rocket ?<\/h3><div class=\"schema-faq-answer\" itemscope itemprop=\"acceptedAnswer\" itemtype=\"https:\/\/schema.org\/Answer\"><div itemprop=\"text\">\n<p>Toute personne avec un site WordPress devrait utiliser WP Rocket&nbsp;! \u00c7a marche pour les grands comme les petits sites, peu importe le type, du plus simple blog \u00e0 la boutique en ligne, WP Rocket acc\u00e9l\u00e8rera le temps de chargement&nbsp;! WP Rocket est facile d\u2019utilisation pour les utilisateurs de WordPress non-techniques, mais aussi extensible \u00e0 souhait pour que les d\u00e9veloppeurs puissent le personnaliser.<\/p>\n<\/div><\/div><\/div>\n\n\n\n<div class=\"wp-block-who-accordion schema-faq-section\" itemscope itemprop=\"mainEntity\" itemtype=\"https:\/\/schema.org\/Question\"><h3 class=\"schema-faq-question\" itemprop=\"name\">Qu&rsquo;est-ce que Rocket Insights et comment cela m&rsquo;aide-t-il \u00e0 optimiser les performances de mon site ?<\/h3><div class=\"schema-faq-answer\" itemscope itemprop=\"acceptedAnswer\" itemtype=\"https:\/\/schema.org\/Answer\"><div itemprop=\"text\">\n<p>Rocket Insights est le centre de suivi des performances int\u00e9gr\u00e9 \u00e0 WP Rocket qui vous aide \u00e0 surveiller les performances de votre site web, \u00e0 comprendre ce qui les affectent et \u00e0 passer \u00e0 l&rsquo;action avec un accompagnement clair lorsque cela est n\u00e9cessaire.<\/p>\n\n\n\n<p>Il vous offre une vue globale de votre site ainsi que des indicateurs d\u00e9taill\u00e9s pour chaque page suivie, vous montre quelles fonctionnalit\u00e9s Rocket Insights activer selon vos r\u00e9sultats et vous permet de re-tester \u00e0 tout moment pour mesurer les am\u00e9liorations.<\/p>\n\n\n\n<p>Tout se passe directement dans votre tableau de bord WP Rocket pour que vous puissiez optimiser les performances de votre site web pas \u00e0 pas sans vous prendre la t\u00eate ni devoir passer d&rsquo;un outil \u00e0 l&rsquo;autre.<\/p>\n<\/div><\/div><\/div>\n\n\n\n<div class=\"wp-block-who-accordion schema-faq-section\" itemscope itemprop=\"mainEntity\" itemtype=\"https:\/\/schema.org\/Question\"><h3 class=\"schema-faq-question\" itemprop=\"name\">Quels pr\u00e9-requis pour WP Rocket ?<\/h3><div class=\"schema-faq-answer\" itemscope itemprop=\"acceptedAnswer\" itemtype=\"https:\/\/schema.org\/Answer\"><div itemprop=\"text\">\n<p>Un minimum de PHP 7 est requise. WP Rocket fonctionnera sur ces serveurs : Apache (avec mod_rewrite, mod_expires, mod_deflate), NGINX, Litespeed ou Windows. De \u201cjoli\u201d permaliens dans WordPress sont requis.<\/p>\n<\/div><\/div><\/div>\n\n\n\n<div class=\"wp-block-who-accordion schema-faq-section\" itemscope itemprop=\"mainEntity\" itemtype=\"https:\/\/schema.org\/Question\"><h3 class=\"schema-faq-question\" itemprop=\"name\">Offrez-vous une p\u00e9riode d\u2019essai ?<\/h3><div class=\"schema-faq-answer\" itemscope itemprop=\"acceptedAnswer\" itemtype=\"https:\/\/schema.org\/Answer\"><div itemprop=\"text\">\n<p>Nous n\u2019offrons pas de version d\u2019essai, mais nous avons une politique de remboursement sous 14 jours pour que vous puissiez acheter en toute confiance.<\/p>\n<\/div><\/div><\/div>\n\n\n\n<div class=\"wp-block-who-accordion schema-faq-section\" itemscope itemprop=\"mainEntity\" itemtype=\"https:\/\/schema.org\/Question\"><h3 class=\"schema-faq-question\" itemprop=\"name\">Ma licence WP Rocket est-elle automatiquement renouvel\u00e9e ?<\/h3><div class=\"schema-faq-answer\" itemscope itemprop=\"acceptedAnswer\" itemtype=\"https:\/\/schema.org\/Answer\"><div itemprop=\"text\">\n<p>Oui, votre licence WP Rocket sera automatiquement renouvel\u00e9e au bout d\u2019un an, afin que vous ne perdiez pas l\u2019acc\u00e8s \u00e0 certaines fonctionnalit\u00e9s d&rsquo;optimisation, au support et aux mises \u00e0 jour. Vous pouvez facilement d\u00e9sactiver le renouvellement automatique en vous rendant sur votre compte, \u00e0 l\u2019onglet facturation.<\/p>\n<\/div><\/div><\/div>\n\n\n\n<div class=\"wp-block-who-accordion schema-faq-section\" itemscope itemprop=\"mainEntity\" itemtype=\"https:\/\/schema.org\/Question\"><h3 class=\"schema-faq-question\" itemprop=\"name\">Puis-je \u00e9tendre ma licence ?<\/h3><div class=\"schema-faq-answer\" itemscope itemprop=\"acceptedAnswer\" itemtype=\"https:\/\/schema.org\/Answer\"><div itemprop=\"text\">\n<p>Oui, si vous souhaitez ajouter plus de sites \u00e0 votre licence, vous pouvez l\u2019\u00e9tendre, il vous en co\u00fbtera seulement la diff\u00e9rence.<\/p>\n<\/div><\/div><\/div>\n\n\n\n<div class=\"wp-block-who-accordion schema-faq-section\" itemscope itemprop=\"mainEntity\" itemtype=\"https:\/\/schema.org\/Question\"><h3 class=\"schema-faq-question\" itemprop=\"name\">Offrez-vous du support si j\u2019ai besoin d\u2019aide ?<\/h3><div class=\"schema-faq-answer\" itemscope itemprop=\"acceptedAnswer\" itemtype=\"https:\/\/schema.org\/Answer\"><div itemprop=\"text\">\n<p>Oui, notre \u00e9quipe de support est l\u00e0 pour vous aider&nbsp;! Envoyez-nous un ticket de support n\u2019importe quand depuis l\u2019onglet \u201cSupport\u201d dans le plugin et nous serons heureux de vous aider<\/p>\n<\/div><\/div><\/div>\n\n\n\n<div class=\"wp-block-who-accordion schema-faq-section\" itemscope itemprop=\"mainEntity\" itemtype=\"https:\/\/schema.org\/Question\"><h3 class=\"schema-faq-question\" itemprop=\"name\">Puis-je utiliser WP Rocket sur les sites de clients ?<\/h3><div class=\"schema-faq-answer\" itemscope itemprop=\"acceptedAnswer\" itemtype=\"https:\/\/schema.org\/Answer\"><div itemprop=\"text\">\n<p>Oui, vous pouvez utiliser notre Licence Multi pour mettre en place WP&nbsp;Rocket sur les sites web de vos clients, sauf si vous offrez des services d\u2019h\u00e9bergement.&nbsp;Nous avons \u00e9galement un&nbsp;<a href=\"https:\/\/wp-rocket.me\/fr\/programme-daffiliation-wp-rocket\/\">programme d\u2019affiliation<\/a>&nbsp;qui pourrait vous int\u00e9resser.<\/p>\n<\/div><\/div><\/div>\n\n\n\n<div class=\"wp-block-who-accordion schema-faq-section\" itemscope itemprop=\"mainEntity\" itemtype=\"https:\/\/schema.org\/Question\"><h3 class=\"schema-faq-question\" itemprop=\"name\">Ai-je besoin de comp\u00e9tences en code pour utiliser WP Rocket ?<\/h3><div class=\"schema-faq-answer\" itemscope itemprop=\"acceptedAnswer\" itemtype=\"https:\/\/schema.org\/Answer\"><div itemprop=\"text\">\n<p>Pas du tout. WP Rocket est le seul plugin de cache qui int\u00e8gre plus de 80% des bonnes pratiques de performance sans m\u00eame n\u2019avoir aucune option \u00e0 activer. Cela signifie que vous avez juste besoin de l\u2019installer et l\u2019activer&nbsp;: WP Rocket commencera automatiquement \u00e0 mettre en cache vos pages sans besoin de tordre le code&nbsp;!<\/p>\n<\/div><\/div><\/div>\n\n\n\n<div class=\"wp-block-who-accordion schema-faq-section\" itemscope itemprop=\"mainEntity\" itemtype=\"https:\/\/schema.org\/Question\"><h3 class=\"schema-faq-question\" itemprop=\"name\">Est-ce que WP Rocket fonctionne sur WordPress.com ?<\/h3><div class=\"schema-faq-answer\" itemscope itemprop=\"acceptedAnswer\" itemtype=\"https:\/\/schema.org\/Answer\"><div itemprop=\"text\">\n<p>Oui, si vous avez un plan Business ou eCommerce sur WordPress.com, vous pouvez installer WP Rocket sur vos sites web. Si vous avez opt\u00e9 pour un plan Personnel ou Premium, vous ne pouvez pas ajouter WP Rocket, ni aucun autre plugin \u00e0 vos sites web.<\/p>\n<\/div><\/div><\/div>\n\n\n\n<div class=\"wp-block-who-accordion schema-faq-section\" itemscope itemprop=\"mainEntity\" itemtype=\"https:\/\/schema.org\/Question\"><h3 class=\"schema-faq-question\" itemprop=\"name\">WP Rocket est-il compatible RGPD ?<\/h3><div class=\"schema-faq-answer\" itemscope itemprop=\"acceptedAnswer\" itemtype=\"https:\/\/schema.org\/Answer\"><div itemprop=\"text\">\n<p>Oui WP Rocket est conforme \u00e0 RGPD. Il ne stocke pas ou acc\u00e8de \u00e0 des donn\u00e9es personnelles. De plus, aucun cookie n\u2019est ajout\u00e9 par WP Rocket.<\/p>\n<\/div><\/div><\/div>\n<\/div>\n\n\n\n<div class=\"wp-block-column is-layout-flow wp-block-column-is-layout-flow\" style=\"flex-basis:33.33%\">\n<div class=\"block-testimonial is-style-square-testimonial has-gray-background-color\">\n\t\n\t<figure class=\"block-testimonial__logo\"><img decoding=\"async\" src=\"https:\/\/wp-rocket.me\/wp-content\/uploads\/fly-images\/5387781\/GTmetrix-6-9999x67-c.png\" width=\"164\" height=\"60\" srcset=\"https:\/\/wp-rocket.me\/wp-content\/uploads\/fly-images\/5387781\/GTmetrix-6-9999x134-c.png 2x\" alt=\"\" loading=\"lazy\" class=\"block-testimonial__logo\" draggable=\"false\"><\/figure>\n\n\t\n\t<blockquote class=\"wp-block-quote\">\n\t\t<p>L\u2019\u00e9quipe de GTmetrix a test\u00e9 WP Rocket de mani\u00e8re approfondie, et en a conclu que ce plugin de cache est l\u2019un des plus simples et efficaces pour am\u00e9liorer les performances de WordPress.<\/p>\n\n\t\t\n\t\t<cite class=\"block-testimonial__cite\">\n\t\t\t<img decoding=\"async\" src=\"https:\/\/wp-rocket.me\/wp-content\/uploads\/fly-images\/5388889\/Ian-Pham-48x67-c.png\" width=\"48\" height=\"67\" srcset=\"https:\/\/wp-rocket.me\/wp-content\/uploads\/fly-images\/5388889\/Ian-Pham-96x134-c.png 2x\" alt=\"\" loading=\"lazy\" class=\"block-testimonial__image\" draggable=\"false\">\t\t\t<span class=\"block-testimonial__author\">\n\t\t\t\t<span class=\"has-style-bold\">Ian Pham<\/span>\n\t\t\t\tResponsable Plateforme, GTmetrix\t\t\t<\/span>\n\t\t<\/cite>\n\n\t\t\t<\/blockquote>\n\n\t<\/div>\n\n\n\n<hr class=\"wp-block-separator has-css-opacity\"\/>\n\n\n\n<div class=\"block-testimonial is-style-square-testimonial has-gray-background-color\">\n\t\n\t<figure class=\"block-testimonial__logo\"><img decoding=\"async\" src=\"https:\/\/wp-rocket.me\/wp-content\/uploads\/fly-images\/5715769\/rank-math-icon-9999x67-c.png\" width=\"116\" height=\"67\" srcset=\"https:\/\/wp-rocket.me\/wp-content\/uploads\/fly-images\/5715769\/rank-math-icon-9999x134-c.png 2x\" alt=\"\" loading=\"lazy\" class=\"block-testimonial__logo\" draggable=\"false\"><\/figure>\n\n\t\n\t<blockquote class=\"wp-block-quote\">\n\t\t<p>WP Rocket r\u00e9volutionne la performance web de n\u2019importe quel site WordPress. En optimisant la vitesse de votre site \u00e0 l\u2019aide de WP Rocket, vous am\u00e9liorez non seulement l\u2019exp\u00e9rience utilisateur, mais aussi consid\u00e9rablement votre positionnement dans les moteurs de recherche. C\u2019est un outil essentiel que tout propri\u00e9taire de site web devrait avoir dans son arsenal pour garantir un succ\u00e8s SEO de premier plan.<\/p>\n\n\t\t\n\t\t<cite class=\"block-testimonial__cite\">\n\t\t\t<img decoding=\"async\" src=\"https:\/\/wp-rocket.me\/wp-content\/uploads\/fly-images\/5715987\/Markup-2023-06-26-at-13.59.08-1-48x67-c.png\" width=\"48\" height=\"67\" srcset=\"https:\/\/wp-rocket.me\/wp-content\/uploads\/fly-images\/5715987\/Markup-2023-06-26-at-13.59.08-1-96x134-c.png 2x\" alt=\"\" loading=\"lazy\" class=\"block-testimonial__image\" draggable=\"false\">\t\t\t<span class=\"block-testimonial__author\">\n\t\t\t\t<span class=\"has-style-bold\">Bhanu Ahluwalia<\/span>\n\t\t\t\tCo-fondateur de Rank Math\t\t\t<\/span>\n\t\t<\/cite>\n\n\t\t\t<\/blockquote>\n\n\t<\/div>\n\n\n\n<hr class=\"wp-block-separator has-css-opacity is-style-default\"\/>\n\n\n\n<div class=\"block-testimonial is-style-square-testimonial has-gray-background-color\">\n\t\n\t<figure class=\"block-testimonial__logo\"><\/figure>\n\n\t\n\t<blockquote class=\"wp-block-quote\">\n\t\t<p>Simple, rapide et efficace\u00a0! WP\u00a0Rocket reste le plugin de cache le plus performant que j\u2019ai test\u00e9.<\/p>\n\n\t\t\n\t\t<cite class=\"block-testimonial__cite\">\n\t\t\t<img decoding=\"async\" src=\"https:\/\/wp-rocket.me\/wp-content\/uploads\/fly-images\/3199837\/Fabrice-Ducarme-48x67-c.png\" width=\"48\" height=\"67\" srcset=\"https:\/\/wp-rocket.me\/wp-content\/uploads\/fly-images\/3199837\/Fabrice-Ducarme-96x134-c.png 2x\" alt=\"\" loading=\"lazy\" class=\"block-testimonial__image\" draggable=\"false\">\t\t\t<span class=\"block-testimonial__author\">\n\t\t\t\t<span class=\"has-style-bold\">Fabrice Ducarme<\/span>\n\t\t\t\tFondateur de WP Formation\t\t\t<\/span>\n\t\t<\/cite>\n\n\t\t\t<\/blockquote>\n\n\t<\/div>\n<\/div>\n<\/div>\n<\/div><\/div>\n","protected":false},"excerpt":{"rendered":"<p>Choisissez la licence qui vous convient le mieux.<\/p>\n","protected":false},"author":1,"featured_media":0,"parent":0,"menu_order":1,"comment_status":"closed","ping_status":"closed","template":"","meta":{"_acf_changed":false,"inline_featured_image":false,"kia_subtitle":"","footnotes":""},"class_list":["post-36","page","type-page","status-publish","hentry"],"acf":[],"yoast_head":"<!-- This site is optimized with the Yoast SEO plugin v25.3 - https:\/\/yoast.com\/wordpress\/plugins\/seo\/ -->\n<title>Offres &amp; Tarifs de WP Rocket<\/title>\n<meta name=\"description\" content=\"D\u00e9couvrez les offres et les tarifs de WP Rocket, le plugin de cache pour WordPress.\" \/>\n<meta name=\"robots\" content=\"index, follow, max-snippet:-1, max-image-preview:large, max-video-preview:-1\" \/>\n<link rel=\"canonical\" href=\"https:\/\/wp-rocket.me\/fr\/offres\/\" \/>\n<meta property=\"og:locale\" content=\"fr_FR\" \/>\n<meta property=\"og:type\" content=\"article\" \/>\n<meta property=\"og:title\" content=\"Offres &amp; Tarifs de WP Rocket\" \/>\n<meta property=\"og:description\" content=\"D\u00e9couvrez les offres et les tarifs de WP Rocket, le plugin de cache pour WordPress.\" \/>\n<meta property=\"og:url\" content=\"https:\/\/wp-rocket.me\/fr\/offres\/\" \/>\n<meta property=\"og:site_name\" content=\"WP Rocket\" \/>\n<meta property=\"article:publisher\" content=\"https:\/\/www.facebook.com\/pages\/WP-Rocket\/631942253526829\" \/>\n<meta property=\"article:modified_time\" content=\"2026-03-25T17:16:42+00:00\" \/>\n<meta property=\"og:image\" content=\"https:\/\/wp-rocket.me\/wp-content\/uploads\/2024\/10\/1200x800-Featured-Image.png\" \/>\n\t<meta property=\"og:image:width\" content=\"2048\" \/>\n\t<meta property=\"og:image:height\" content=\"1365\" \/>\n\t<meta property=\"og:image:type\" content=\"image\/png\" \/>\n<meta name=\"twitter:card\" content=\"summary_large_image\" \/>\n<meta name=\"twitter:site\" content=\"@wp_rocket\" \/>\n<meta name=\"twitter:label1\" content=\"Dur\u00e9e de lecture est.\" \/>\n\t<meta name=\"twitter:data1\" content=\"3 minutes\" \/>\n<script type=\"application\/ld+json\" class=\"yoast-schema-graph\">{\"@context\":\"https:\/\/schema.org\",\"@graph\":[{\"@type\":\"WebPage\",\"@id\":\"https:\/\/wp-rocket.me\/fr\/offres\/\",\"url\":\"https:\/\/wp-rocket.me\/fr\/offres\/\",\"name\":\"Offres & Tarifs de WP Rocket\",\"isPartOf\":{\"@id\":\"https:\/\/wp-rocket.me\/#website\"},\"datePublished\":\"2014-04-03T14:09:19+00:00\",\"dateModified\":\"2026-03-25T17:16:42+00:00\",\"description\":\"D\u00e9couvrez les offres et les tarifs de WP Rocket, le plugin de cache pour WordPress.\",\"breadcrumb\":{\"@id\":\"https:\/\/wp-rocket.me\/fr\/offres\/#breadcrumb\"},\"inLanguage\":\"fr-FR\",\"potentialAction\":[{\"@type\":\"ReadAction\",\"target\":[\"https:\/\/wp-rocket.me\/fr\/offres\/\"]}]},{\"@type\":\"BreadcrumbList\",\"@id\":\"https:\/\/wp-rocket.me\/fr\/offres\/#breadcrumb\",\"itemListElement\":[{\"@type\":\"ListItem\",\"position\":1,\"name\":\"Accueil\",\"item\":\"https:\/\/wp-rocket.me\/fr\/\"},{\"@type\":\"ListItem\",\"position\":2,\"name\":\"Passez \u00e0 la vitesse sup\u00e9rieure\"}]},{\"@type\":\"WebSite\",\"@id\":\"https:\/\/wp-rocket.me\/#website\",\"url\":\"https:\/\/wp-rocket.me\/\",\"name\":\"WP Rocket\",\"description\":\"Plugin d&#039;optimisation de sites WordPress\",\"publisher\":{\"@id\":\"https:\/\/wp-rocket.me\/#organization\"},\"potentialAction\":[{\"@type\":\"SearchAction\",\"target\":{\"@type\":\"EntryPoint\",\"urlTemplate\":\"https:\/\/wp-rocket.me\/?s={search_term_string}\"},\"query-input\":{\"@type\":\"PropertyValueSpecification\",\"valueRequired\":true,\"valueName\":\"search_term_string\"}}],\"inLanguage\":\"fr-FR\"},{\"@type\":\"Organization\",\"@id\":\"https:\/\/wp-rocket.me\/#organization\",\"name\":\"WP Rocket\",\"url\":\"https:\/\/wp-rocket.me\/\",\"logo\":{\"@type\":\"ImageObject\",\"inLanguage\":\"fr-FR\",\"@id\":\"https:\/\/wp-rocket.me\/#\/schema\/logo\/image\/\",\"url\":\"https:\/\/wp-rocket.me\/wp-content\/uploads\/1\/logo-wp-rocket-paypal-2.png\",\"contentUrl\":\"https:\/\/wp-rocket.me\/wp-content\/uploads\/1\/logo-wp-rocket-paypal-2.png\",\"width\":150,\"height\":41,\"caption\":\"WP Rocket\"},\"image\":{\"@id\":\"https:\/\/wp-rocket.me\/#\/schema\/logo\/image\/\"},\"sameAs\":[\"https:\/\/www.facebook.com\/pages\/WP-Rocket\/631942253526829\",\"https:\/\/x.com\/wp_rocket\",\"https:\/\/www.youtube.com\/channel\/UC1ozThXHd1IWIZ5wkshgp_Q\"]}]}<\/script>\n<!-- \/ Yoast SEO plugin. -->","yoast_head_json":{"title":"Offres & Tarifs de WP Rocket","description":"D\u00e9couvrez les offres et les tarifs de WP Rocket, le plugin de cache pour WordPress.","robots":{"index":"index","follow":"follow","max-snippet":"max-snippet:-1","max-image-preview":"max-image-preview:large","max-video-preview":"max-video-preview:-1"},"canonical":"https:\/\/wp-rocket.me\/fr\/offres\/","og_locale":"fr_FR","og_type":"article","og_title":"Offres & Tarifs de WP Rocket","og_description":"D\u00e9couvrez les offres et les tarifs de WP Rocket, le plugin de cache pour WordPress.","og_url":"https:\/\/wp-rocket.me\/fr\/offres\/","og_site_name":"WP Rocket","article_publisher":"https:\/\/www.facebook.com\/pages\/WP-Rocket\/631942253526829","article_modified_time":"2026-03-25T17:16:42+00:00","og_image":[{"width":2048,"height":1365,"url":"https:\/\/wp-rocket.me\/wp-content\/uploads\/2024\/10\/1200x800-Featured-Image.png","type":"image\/png"}],"twitter_card":"summary_large_image","twitter_site":"@wp_rocket","twitter_misc":{"Dur\u00e9e de lecture est.":"3 minutes"},"schema":{"@context":"https:\/\/schema.org","@graph":[{"@type":"WebPage","@id":"https:\/\/wp-rocket.me\/fr\/offres\/","url":"https:\/\/wp-rocket.me\/fr\/offres\/","name":"Offres & Tarifs de WP Rocket","isPartOf":{"@id":"https:\/\/wp-rocket.me\/#website"},"datePublished":"2014-04-03T14:09:19+00:00","dateModified":"2026-03-25T17:16:42+00:00","description":"D\u00e9couvrez les offres et les tarifs de WP Rocket, le plugin de cache pour WordPress.","breadcrumb":{"@id":"https:\/\/wp-rocket.me\/fr\/offres\/#breadcrumb"},"inLanguage":"fr-FR","potentialAction":[{"@type":"ReadAction","target":["https:\/\/wp-rocket.me\/fr\/offres\/"]}]},{"@type":"BreadcrumbList","@id":"https:\/\/wp-rocket.me\/fr\/offres\/#breadcrumb","itemListElement":[{"@type":"ListItem","position":1,"name":"Accueil","item":"https:\/\/wp-rocket.me\/fr\/"},{"@type":"ListItem","position":2,"name":"Passez \u00e0 la vitesse sup\u00e9rieure"}]},{"@type":"WebSite","@id":"https:\/\/wp-rocket.me\/#website","url":"https:\/\/wp-rocket.me\/","name":"WP Rocket","description":"Plugin d&#039;optimisation de sites WordPress","publisher":{"@id":"https:\/\/wp-rocket.me\/#organization"},"potentialAction":[{"@type":"SearchAction","target":{"@type":"EntryPoint","urlTemplate":"https:\/\/wp-rocket.me\/?s={search_term_string}"},"query-input":{"@type":"PropertyValueSpecification","valueRequired":true,"valueName":"search_term_string"}}],"inLanguage":"fr-FR"},{"@type":"Organization","@id":"https:\/\/wp-rocket.me\/#organization","name":"WP Rocket","url":"https:\/\/wp-rocket.me\/","logo":{"@type":"ImageObject","inLanguage":"fr-FR","@id":"https:\/\/wp-rocket.me\/#\/schema\/logo\/image\/","url":"https:\/\/wp-rocket.me\/wp-content\/uploads\/1\/logo-wp-rocket-paypal-2.png","contentUrl":"https:\/\/wp-rocket.me\/wp-content\/uploads\/1\/logo-wp-rocket-paypal-2.png","width":150,"height":41,"caption":"WP Rocket"},"image":{"@id":"https:\/\/wp-rocket.me\/#\/schema\/logo\/image\/"},"sameAs":["https:\/\/www.facebook.com\/pages\/WP-Rocket\/631942253526829","https:\/\/x.com\/wp_rocket","https:\/\/www.youtube.com\/channel\/UC1ozThXHd1IWIZ5wkshgp_Q"]}]}},"_links":{"self":[{"href":"https:\/\/wp-rocket.me\/fr\/wp-json\/wp\/v2\/pages\/36","targetHints":{"allow":["GET"]}}],"collection":[{"href":"https:\/\/wp-rocket.me\/fr\/wp-json\/wp\/v2\/pages"}],"about":[{"href":"https:\/\/wp-rocket.me\/fr\/wp-json\/wp\/v2\/types\/page"}],"author":[{"embeddable":true,"href":"https:\/\/wp-rocket.me\/fr\/wp-json\/wp\/v2\/users\/1"}],"replies":[{"embeddable":true,"href":"https:\/\/wp-rocket.me\/fr\/wp-json\/wp\/v2\/comments?post=36"}],"version-history":[{"count":0,"href":"https:\/\/wp-rocket.me\/fr\/wp-json\/wp\/v2\/pages\/36\/revisions"}],"wp:attachment":[{"href":"https:\/\/wp-rocket.me\/fr\/wp-json\/wp\/v2\/media?parent=36"}],"curies":[{"name":"wp","href":"https:\/\/api.w.org\/{rel}","templated":true}]}}