{"id":3532930,"date":"2021-06-30T09:46:28","date_gmt":"2021-06-30T07:46:28","guid":{"rendered":"https:\/\/wp-rocket.me\/?page_id=3532930"},"modified":"2021-06-30T10:06:04","modified_gmt":"2021-06-30T08:06:04","slug":"politique-support","status":"publish","type":"page","link":"https:\/\/wp-rocket.me\/fr\/politique-support\/","title":{"rendered":"Politique de support"},"content":{"rendered":"\n<div class=\"wp-block-group alignwide\"><div class=\"wp-block-group__inner-container is-layout-flow wp-block-group-is-layout-flow\">\n<h2 class=\"wp-block-heading\" id=\"mission\">Notre mission<\/h2>\n\n\n\n<p>Nous croyons en notre produit et nous sommes heureux de lui apporter tout notre support. Nous voulons aider nos clients \u00e0 rendre leurs sites plus rapides en utilisant notre plugin et nous nous engageons r\u00e9ellement \u00e0 r\u00e9soudre tout probl\u00e8mes avec WP Rocket.&nbsp;<\/p>\n\n\n\n<p>Nous croyons au respect mutuel et adoptons une approche collaborative pour r\u00e9soudre les probl\u00e8mes li\u00e9s \u00e0 WP Rocket.<\/p>\n\n\n\n<h2 class=\"wp-block-heading\" id=\"hours\">Horaires de support et temps de r\u00e9ponse<\/h2>\n\n\n\n<p>Notre \u00e9quipe est au complet pendant la semaine, du lundi au vendredi, et fournit un support tr\u00e8s limit\u00e9 la plupart des samedis et dimanches. Certains jours de l&rsquo;ann\u00e9e, nous sommes compl\u00e8tement ferm\u00e9s ou avec un personnel restreint en raison de f\u00eates qui sont c\u00e9l\u00e9br\u00e9es par la majorit\u00e9 de notre \u00e9quipe, comme No\u00ebl.<\/p>\n\n\n\n<p>Notre d\u00e9lai moyen de premi\u00e8re r\u00e9ponse est g\u00e9n\u00e9ralement inf\u00e9rieur \u00e0 24 heures. Ce d\u00e9lai peut varier en fonction du nombre de tickets, d&rsquo;un effectif r\u00e9duit en raison de jours f\u00e9ri\u00e9s, d&rsquo;\u00e9v\u00e9nements organis\u00e9s par l&rsquo;entreprise ou d&rsquo;autres raisons.&nbsp;<\/p>\n\n\n\n<p>Mais soyez assur\u00e9s que nous r\u00e9pondons \u00e0 chaque ticket de support que nous recevons !<\/p>\n\n\n\n<p>Notre \u00e9quipe est en t\u00e9l\u00e9travail int\u00e9gral et est r\u00e9partie sur plusieurs continents. Un(e) Rocketeer peut r\u00e9pondre \u00e0 votre billet dans un fuseau horaire diff\u00e9rent du v\u00f4tre. Le fuseau horaire de chaque co\u00e9quipier(e) est indiqu\u00e9 dans sa signature de courriel. Veuillez en prendre note et ajuster vos attentes lorsque vous attendez une r\u00e9ponse.&nbsp;<\/p>\n\n\n\n<p>Nous aimons notre travail, mais nous dormons aussi \ud83d\ude42<\/p>\n\n\n\n<h2 class=\"wp-block-heading\" id=\"scope\">\u00c9tendue du support<\/h2>\n\n\n\n<p>Le support est destin\u00e9 \u00e0 aider \u00e0 r\u00e9soudre des probl\u00e8mes sp\u00e9cifiques ; il n&rsquo;inclut pas la configuration compl\u00e8te du plugin \u00e0 partir de z\u00e9ro ou le d\u00e9veloppement personnalis\u00e9. Si c&rsquo;est ce que vous souhaitez, nous avons un partenariat avec Codeable :&nbsp;<\/p>\n\n\n\n<p><a href=\"https:\/\/codeable.io\/partners\/wp-rocket\/\">https:\/\/codeable.io\/partners\/wp-rocket\/<\/a><\/p>\n\n\n\n<p>Certains probl\u00e8mes, tels que les probl\u00e8mes g\u00e9n\u00e9raux de performance, les probl\u00e8mes sp\u00e9cifiques aux serveurs ou ceux caus\u00e9s par des tiers, ne sont pas de notre ressort. Nous vous donnerons tous les conseils et toutes les indications possibles dans ces cas, mais nous ne sommes pas responsables de la r\u00e9solution de ces probl\u00e8mes.&nbsp;<\/p>\n\n\n\n<p>Le support est fourni uniquement par e-mail. Nous n&rsquo;offrons pas d&rsquo;assistance individuelle par t\u00e9l\u00e9phone ou sur des plateformes en ligne telles que Skype ou Teamviewer&nbsp;<\/p>\n\n\n\n<p>Dans certains cas, lorsque le probl\u00e8me semble sp\u00e9cifique \u00e0 votre installation, nous pouvons demander un acc\u00e8s WordPress et (s)FTP pour enqu\u00eater. Nous vous recommandons quelques bonnes pratiques :&nbsp;<\/p>\n\n\n\n<ol class=\"wp-block-list\"><li>Dans la mesure du possible, donnez-nous acc\u00e8s \u00e0 une version test\/clon\u00e9e de votre site o\u00f9 le probl\u00e8me peut \u00eatre reproduit.&nbsp;<\/li><li>Nous traitons vos sites avec respect et attention, mais lorsque vous donnez acc\u00e8s \u00e0 un site de production en direct, nous vous recommandons de faire une sauvegarde au pr\u00e9alable, car cela nous apportera \u00e0 tous une tranquillit\u00e9 d&rsquo;esprit suppl\u00e9mentaire.&nbsp;&nbsp;<\/li><li>Utilisez des codes d&rsquo;acc\u00e8s temporaires. Ne nous fournissez pas (ni \u00e0 aucune autre \u00e9quipe d&rsquo;assistance !) vos propres informations de compte. Cr\u00e9ez des comptes que vous pourrez ensuite supprimer lorsque notre travail sera termin\u00e9.&nbsp;<\/li><li>Do not send access info in plain text in the body of an email. Use a tool such as&nbsp;<a href=\"https:\/\/onetimesecret.comN'envoyez%20pas%20d'informations%20d'acc%C3%A8s%20en%20texte%20clair%20dans%20le%20contenu%20d'un%20e-mail.%20Utilisez%20un%20outil%20tel%20que%20<a%20href=\/\">https:\/\/onetimesecret.com<\/a>&nbsp;pour nous envoyer les informations d&rsquo;acc\u00e8s en toute s\u00e9curit\u00e9. Nous conserverons temporairement ces informations jusqu&rsquo;\u00e0 ce que nous ayons fini de travailler sur le billet, puis nous les supprimerons.<\/li><\/ol>\n\n\n\n<h2 class=\"wp-block-heading\" id=\"conduct\">Code de conduite<\/h2>\n\n\n\n<p>Le support est fourni avec les attentes suivantes qui s&rsquo;appliquent \u00e0 la fois aux clients et aux Rocketeers :&nbsp;<\/p>\n\n\n\n<ul class=\"wp-block-list\"><li>Nous nous souviendrons de notre humanit\u00e9 mutuelle ! Nous sommes de vraies personnes, pas des robots anonymes derri\u00e8re un clavier.&nbsp; ; Avant d&rsquo;envoyer une r\u00e9ponse, demandez-vous s&rsquo;il serait appropri\u00e9 de la dire en personne. Sinon, il ne faut probablement pas l&rsquo;\u00e9crire non plus.&nbsp;<\/li><li>Nous serons polis l&rsquo;un envers l&rsquo;autre. Nous comprenons que les probl\u00e8mes peuvent \u00eatre frustrants, mais nous ne tol\u00e9rerons pas les propos offensants, la discrimination, les insultes, le harc\u00e8lement ou l&rsquo;intimidation. Si vous choisissez d&rsquo;attaquer personnellement un membre de notre \u00e9quipe de support, par exemple en utilisant un langage grossier ou insultant, nous vous demanderons une fois de vous abstenir. Si le comportement persiste, nous vous rembourserons et mettrons fin \u00e0 notre relation.&nbsp;<\/li><li>Toute forme de discours haineux ou de langage discriminatoire fond\u00e9, par exemple, sur &amp;mdash ; le sexe, l&rsquo;identit\u00e9 sexuelle, la race, le handicap, l&rsquo;orientation sexuelle, l&rsquo;ethnicit\u00e9 ou la religion &amp;mdash ; entra\u00eenera la cessation imm\u00e9diate de notre relation.&nbsp;<\/li><\/ul>\n\n\n\n<h2 class=\"wp-block-heading\" id=\"feedback\">Feedback<\/h2>\n\n\n\n<p>Nous utilisons Help Scout pour g\u00e9rer les tickets de support. Il fournit un syst\u00e8me de feedback. Sachez que toute l&rsquo;\u00e9quipe voit votre retour d&rsquo;information et qu&rsquo;il est soumis au code de conduite ci-dessus.&nbsp;<\/p>\n\n\n\n<p>Tout commentaire sur ce que nous pourrions am\u00e9liorer est le bienvenu, mais il doit \u00eatre constructif.<\/p>\n\n\n\n<h2 class=\"wp-block-heading\" id=\"adult-sites\">Sites pour adultes<\/h2>\n\n\n\n<p>Veuillez nous faire savoir si votre site comporte du contenu pour adultes, afin que nous puissions savoir ce que nous pourrions voir. Nos Rocketeers de soutien ont le droit de s&rsquo;opposer en conscience \u00e0 travailler sur des sites s&rsquo;ils ne sont pas \u00e0 l&rsquo;aise avec le contenu. Nous essaierons de trouver un Rocketeer pour vous aider, mais en fonction du contenu, cela peut ne pas \u00eatre possible.&nbsp;<\/p>\n\n\n\n<h2 class=\"wp-block-heading\" id=\"refusal\">Droit de refus<\/h2>\n\n\n\n<p>Nous nous r\u00e9servons le droit de refuser nos services (notre licence, notre assistance et tout service affili\u00e9) \u00e0 toute personne ou organisation, \u00e0 notre seule discr\u00e9tion. Les sites pr\u00e9sentant une forme quelconque de discours de haine ou de discrimination, les sites pour adultes au contenu extr\u00eamement graphique ou d\u00e9rangeant ou les sites susceptibles de contenir des logiciels malveillants ou des virus sont autant de cas o\u00f9 nous pouvons refuser nos services.<\/p>\n\n\n\n<p>La diversit\u00e9 et l&rsquo;\u00e9galit\u00e9 font partie de notre culture d&rsquo;entreprise et nous nous r\u00e9servons en outre le droit de veiller \u00e0 ce que nos services ne soient jamais utilis\u00e9s de mani\u00e8re \u00e0 promouvoir la haine, la violence, la race ou toute autre forme d&rsquo;intol\u00e9rance.&nbsp;<\/p>\n<\/div><\/div>\n","protected":false},"excerpt":{"rendered":"<p>Travaillons ensemble pour rendre le web plus rapide !<\/p>\n","protected":false},"author":1,"featured_media":0,"parent":0,"menu_order":0,"comment_status":"closed","ping_status":"closed","template":"","meta":{"_acf_changed":false,"inline_featured_image":false,"kia_subtitle":"","footnotes":""},"class_list":["post-3532930","page","type-page","status-publish","hentry"],"acf":[],"yoast_head":"<!-- This site is optimized with the Yoast SEO plugin v25.3 - https:\/\/yoast.com\/wordpress\/plugins\/seo\/ -->\n<title>Politique de support - WP Rocket<\/title>\n<meta name=\"robots\" content=\"noindex, nofollow\" \/>\n<meta property=\"og:locale\" content=\"fr_FR\" \/>\n<meta property=\"og:type\" content=\"article\" \/>\n<meta property=\"og:title\" content=\"Politique de support - WP Rocket\" \/>\n<meta property=\"og:description\" content=\"Travaillons ensemble pour rendre le web plus rapide !\" \/>\n<meta property=\"og:url\" content=\"https:\/\/wp-rocket.me\/fr\/politique-support\/\" \/>\n<meta property=\"og:site_name\" content=\"WP Rocket\" \/>\n<meta property=\"article:publisher\" content=\"https:\/\/www.facebook.com\/pages\/WP-Rocket\/631942253526829\" \/>\n<meta property=\"article:modified_time\" content=\"2021-06-30T08:06:04+00:00\" \/>\n<meta property=\"og:image\" content=\"https:\/\/wp-rocket.me\/wp-content\/uploads\/2024\/10\/1200x800-Featured-Image.png\" \/>\n\t<meta property=\"og:image:width\" content=\"2048\" \/>\n\t<meta property=\"og:image:height\" content=\"1365\" \/>\n\t<meta property=\"og:image:type\" content=\"image\/png\" \/>\n<meta name=\"twitter:card\" content=\"summary_large_image\" \/>\n<meta name=\"twitter:site\" content=\"@wp_rocket\" \/>\n<meta name=\"twitter:label1\" content=\"Dur\u00e9e de lecture est.\" \/>\n\t<meta name=\"twitter:data1\" content=\"5 minutes\" \/>\n<script type=\"application\/ld+json\" class=\"yoast-schema-graph\">{\"@context\":\"https:\/\/schema.org\",\"@graph\":[{\"@type\":\"WebPage\",\"@id\":\"https:\/\/wp-rocket.me\/fr\/politique-support\/\",\"url\":\"https:\/\/wp-rocket.me\/fr\/politique-support\/\",\"name\":\"Politique de support - WP Rocket\",\"isPartOf\":{\"@id\":\"https:\/\/wp-rocket.me\/#website\"},\"datePublished\":\"2021-06-30T07:46:28+00:00\",\"dateModified\":\"2021-06-30T08:06:04+00:00\",\"breadcrumb\":{\"@id\":\"https:\/\/wp-rocket.me\/fr\/politique-support\/#breadcrumb\"},\"inLanguage\":\"fr-FR\",\"potentialAction\":[{\"@type\":\"ReadAction\",\"target\":[\"https:\/\/wp-rocket.me\/fr\/politique-support\/\"]}]},{\"@type\":\"BreadcrumbList\",\"@id\":\"https:\/\/wp-rocket.me\/fr\/politique-support\/#breadcrumb\",\"itemListElement\":[{\"@type\":\"ListItem\",\"position\":1,\"name\":\"Accueil\",\"item\":\"https:\/\/wp-rocket.me\/fr\/\"},{\"@type\":\"ListItem\",\"position\":2,\"name\":\"Politique de support\"}]},{\"@type\":\"WebSite\",\"@id\":\"https:\/\/wp-rocket.me\/#website\",\"url\":\"https:\/\/wp-rocket.me\/\",\"name\":\"WP Rocket\",\"description\":\"Plugin d&#039;optimisation de sites WordPress\",\"publisher\":{\"@id\":\"https:\/\/wp-rocket.me\/#organization\"},\"potentialAction\":[{\"@type\":\"SearchAction\",\"target\":{\"@type\":\"EntryPoint\",\"urlTemplate\":\"https:\/\/wp-rocket.me\/?s={search_term_string}\"},\"query-input\":{\"@type\":\"PropertyValueSpecification\",\"valueRequired\":true,\"valueName\":\"search_term_string\"}}],\"inLanguage\":\"fr-FR\"},{\"@type\":\"Organization\",\"@id\":\"https:\/\/wp-rocket.me\/#organization\",\"name\":\"WP Rocket\",\"url\":\"https:\/\/wp-rocket.me\/\",\"logo\":{\"@type\":\"ImageObject\",\"inLanguage\":\"fr-FR\",\"@id\":\"https:\/\/wp-rocket.me\/#\/schema\/logo\/image\/\",\"url\":\"https:\/\/wp-rocket.me\/wp-content\/uploads\/1\/logo-wp-rocket-paypal-2.png\",\"contentUrl\":\"https:\/\/wp-rocket.me\/wp-content\/uploads\/1\/logo-wp-rocket-paypal-2.png\",\"width\":150,\"height\":41,\"caption\":\"WP Rocket\"},\"image\":{\"@id\":\"https:\/\/wp-rocket.me\/#\/schema\/logo\/image\/\"},\"sameAs\":[\"https:\/\/www.facebook.com\/pages\/WP-Rocket\/631942253526829\",\"https:\/\/x.com\/wp_rocket\",\"https:\/\/www.youtube.com\/channel\/UC1ozThXHd1IWIZ5wkshgp_Q\"]}]}<\/script>\n<!-- \/ Yoast SEO plugin. -->","yoast_head_json":{"title":"Politique de support - WP Rocket","robots":{"index":"noindex","follow":"nofollow"},"og_locale":"fr_FR","og_type":"article","og_title":"Politique de support - WP Rocket","og_description":"Travaillons ensemble pour rendre le web plus rapide !","og_url":"https:\/\/wp-rocket.me\/fr\/politique-support\/","og_site_name":"WP Rocket","article_publisher":"https:\/\/www.facebook.com\/pages\/WP-Rocket\/631942253526829","article_modified_time":"2021-06-30T08:06:04+00:00","og_image":[{"width":2048,"height":1365,"url":"https:\/\/wp-rocket.me\/wp-content\/uploads\/2024\/10\/1200x800-Featured-Image.png","type":"image\/png"}],"twitter_card":"summary_large_image","twitter_site":"@wp_rocket","twitter_misc":{"Dur\u00e9e de lecture est.":"5 minutes"},"schema":{"@context":"https:\/\/schema.org","@graph":[{"@type":"WebPage","@id":"https:\/\/wp-rocket.me\/fr\/politique-support\/","url":"https:\/\/wp-rocket.me\/fr\/politique-support\/","name":"Politique de support - WP Rocket","isPartOf":{"@id":"https:\/\/wp-rocket.me\/#website"},"datePublished":"2021-06-30T07:46:28+00:00","dateModified":"2021-06-30T08:06:04+00:00","breadcrumb":{"@id":"https:\/\/wp-rocket.me\/fr\/politique-support\/#breadcrumb"},"inLanguage":"fr-FR","potentialAction":[{"@type":"ReadAction","target":["https:\/\/wp-rocket.me\/fr\/politique-support\/"]}]},{"@type":"BreadcrumbList","@id":"https:\/\/wp-rocket.me\/fr\/politique-support\/#breadcrumb","itemListElement":[{"@type":"ListItem","position":1,"name":"Accueil","item":"https:\/\/wp-rocket.me\/fr\/"},{"@type":"ListItem","position":2,"name":"Politique de support"}]},{"@type":"WebSite","@id":"https:\/\/wp-rocket.me\/#website","url":"https:\/\/wp-rocket.me\/","name":"WP Rocket","description":"Plugin d&#039;optimisation de sites WordPress","publisher":{"@id":"https:\/\/wp-rocket.me\/#organization"},"potentialAction":[{"@type":"SearchAction","target":{"@type":"EntryPoint","urlTemplate":"https:\/\/wp-rocket.me\/?s={search_term_string}"},"query-input":{"@type":"PropertyValueSpecification","valueRequired":true,"valueName":"search_term_string"}}],"inLanguage":"fr-FR"},{"@type":"Organization","@id":"https:\/\/wp-rocket.me\/#organization","name":"WP Rocket","url":"https:\/\/wp-rocket.me\/","logo":{"@type":"ImageObject","inLanguage":"fr-FR","@id":"https:\/\/wp-rocket.me\/#\/schema\/logo\/image\/","url":"https:\/\/wp-rocket.me\/wp-content\/uploads\/1\/logo-wp-rocket-paypal-2.png","contentUrl":"https:\/\/wp-rocket.me\/wp-content\/uploads\/1\/logo-wp-rocket-paypal-2.png","width":150,"height":41,"caption":"WP Rocket"},"image":{"@id":"https:\/\/wp-rocket.me\/#\/schema\/logo\/image\/"},"sameAs":["https:\/\/www.facebook.com\/pages\/WP-Rocket\/631942253526829","https:\/\/x.com\/wp_rocket","https:\/\/www.youtube.com\/channel\/UC1ozThXHd1IWIZ5wkshgp_Q"]}]}},"_links":{"self":[{"href":"https:\/\/wp-rocket.me\/fr\/wp-json\/wp\/v2\/pages\/3532930","targetHints":{"allow":["GET"]}}],"collection":[{"href":"https:\/\/wp-rocket.me\/fr\/wp-json\/wp\/v2\/pages"}],"about":[{"href":"https:\/\/wp-rocket.me\/fr\/wp-json\/wp\/v2\/types\/page"}],"author":[{"embeddable":true,"href":"https:\/\/wp-rocket.me\/fr\/wp-json\/wp\/v2\/users\/1"}],"replies":[{"embeddable":true,"href":"https:\/\/wp-rocket.me\/fr\/wp-json\/wp\/v2\/comments?post=3532930"}],"version-history":[{"count":0,"href":"https:\/\/wp-rocket.me\/fr\/wp-json\/wp\/v2\/pages\/3532930\/revisions"}],"wp:attachment":[{"href":"https:\/\/wp-rocket.me\/fr\/wp-json\/wp\/v2\/media?parent=3532930"}],"curies":[{"name":"wp","href":"https:\/\/api.w.org\/{rel}","templated":true}]}}