{"id":3122806,"date":"2021-03-10T11:50:25","date_gmt":"2021-03-10T10:50:25","guid":{"rendered":"https:\/\/wp-rocket.me\/imagify\/"},"modified":"2021-03-16T12:07:08","modified_gmt":"2021-03-16T11:07:08","slug":"imagify","status":"publish","type":"page","link":"https:\/\/wp-rocket.me\/fr\/imagify\/","title":{"rendered":"Optimisez vos images avec Imagify"},"content":{"rendered":"\n<div class=\"wp-block-group alignfull\"><div class=\"wp-block-group__inner-container is-layout-flow wp-block-group-is-layout-flow\">\n<h2 class=\"has-text-align-center wp-block-heading\">Le duo de stars pour une vitesse incroyable : WP\u00a0Rocket + Imagify.<\/h2>\n\n\n\n<div class=\"wp-block-columns is-layout-flex wp-container-core-columns-is-layout-9d6595d7 wp-block-columns-is-layout-flex\">\n<div class=\"wp-block-column is-layout-flow wp-block-column-is-layout-flow\">\n<p>Derri\u00e8re WP\u00a0Rocket et Imagify, il y a une soci\u00e9t\u00e9 \u2013 WP Media \u2013 qui a fait <strong>de la vitesse et de la simplicit\u00e9<\/strong> son credo.<\/p>\n\n\n\n<p>Nos plugins vous permettent d\u2019acc\u00e9l\u00e9rer vos sites web, d\u2019augmenter les conversions et d\u2019engager votre audience : votre objectif est d\u2019offrir \u00e0 vos visiteurs une <strong>exp\u00e9rience ultra-rapide<\/strong>, c\u2019est aussi le n\u00f4tre.<\/p>\n<\/div>\n\n\n\n<div class=\"wp-block-column is-layout-flow wp-block-column-is-layout-flow\">\n<div class=\"block-icon-text\"><div class=\"block-icon-text__media\"><svg class=\"block-picto-svg\" aria-label=\"Performance\"><use xlink:href=\"https:\/\/wp-rocket.me\/wp-content\/themes\/V4\/sprite_svg_pictos.svg#picto-performance\"><\/use><\/svg><\/div><div class=\"block-icon-text__content\">\n<h3 class=\"wp-block-heading\">Avec WP\u00a0Rocket<\/h3>\n\n\n\n<p>nous acc\u00e9l\u00e9rons le web.<\/p>\n<\/div><\/div>\n\n\n\n<div class=\"block-icon-text\"><div class=\"block-icon-text__media\"><svg class=\"block-picto-svg\" aria-label=\"Lighter\"><use xlink:href=\"https:\/\/wp-rocket.me\/wp-content\/themes\/V4\/sprite_svg_pictos.svg#picto-lighter\"><\/use><\/svg><\/div><div class=\"block-icon-text__content\">\n<h3 class=\"wp-block-heading\">Avec Imagify<\/h3>\n\n\n\n<p>nous rendons le web plus l\u00e9ger.<\/p>\n<\/div><\/div>\n<\/div>\n<\/div>\n\n\n\n<blockquote class=\"wp-block-quote alignwide is-layout-flow wp-block-quote-is-layout-flow\"><p> Simple, professionnel et tr\u00e8s efficace, que demander de plus ? Un couple WP\u00a0Rocket \/ Imagify qui optimise s\u00e9rieusement vos sites, ne cherchez pas ailleurs !<\/p><cite>Olivier Van Meyel<\/cite><\/blockquote>\n<\/div><\/div>\n\n\n\n<div class=\"wp-block-group alignfull has-gray-background-color has-background\"><div class=\"wp-block-group__inner-container is-layout-flow wp-block-group-is-layout-flow\">\n<h2 class=\"has-text-align-center wp-block-heading\">Le pouvoir d\u2019Imagify,<br>directement dans WordPress<\/h2>\n\n\n\n<p class=\"aligncenter has-text-align-center\">Des images parfaites, optimis\u00e9es en un clic, charg\u00e9es en un instant<\/p>\n\n\n\n<div class=\"wp-block-columns wrapper--1100 is-layout-flex wp-container-core-columns-is-layout-9d6595d7 wp-block-columns-is-layout-flex\">\n<div class=\"wp-block-column is-layout-flow wp-block-column-is-layout-flow\">\n<figure class=\"wp-block-image size-large dots\"><img loading=\"lazy\" decoding=\"async\" width=\"490\" height=\"310\" src=\"https:\/\/wp-rocket.me\/wp-content\/uploads\/2021\/03\/imagify-bulk-optimization-skeleton.svg\" alt=\"\" class=\"wp-image-3162380\" title=\"\"\/><\/figure>\n<\/div>\n\n\n\n<div class=\"wp-block-column is-vertically-aligned-top is-layout-flow wp-block-column-is-layout-flow\">\n<div class=\"block-icon-text\"><div class=\"block-icon-text__media\"><svg class=\"block-picto-svg\" aria-label=\"Time\"><use xlink:href=\"https:\/\/wp-rocket.me\/wp-content\/themes\/V4\/sprite_svg_pictos.svg#picto-time\"><\/use><\/svg><\/div><div class=\"block-icon-text__content\">\n<h3 class=\"wp-block-heading\">Acc\u00e9l\u00e9rez vos sites web<\/h3>\n\n\n\n<p>Avec des images plus l\u00e9g\u00e8res, vous am\u00e9liorez la vitesse, l\u2019exp\u00e9rience utilisateur et m\u00eame le r\u00e9f\u00e9rencement.<\/p>\n<\/div><\/div>\n\n\n\n<div class=\"block-icon-text\"><div class=\"block-icon-text__media\"><svg class=\"block-picto-svg\" aria-label=\"Load\"><use xlink:href=\"https:\/\/wp-rocket.me\/wp-content\/themes\/V4\/sprite_svg_pictos.svg#picto-load\"><\/use><\/svg><\/div><div class=\"block-icon-text__content\">\n<h3 class=\"wp-block-heading\">Gagnez du temps<\/h3>\n\n\n\n<p>Ne pr\u00e9parez plus soigneusement vos images, elles sont maintenant automatiquement optimis\u00e9es.<\/p>\n<\/div><\/div>\n\n\n\n<div class=\"block-icon-text\"><div class=\"block-icon-text__media\"><svg class=\"block-picto-svg\" aria-label=\"Image\"><use xlink:href=\"https:\/\/wp-rocket.me\/wp-content\/themes\/V4\/sprite_svg_pictos.svg#picto-image\"><\/use><\/svg><\/div><div class=\"block-icon-text__content\">\n<h3 class=\"wp-block-heading\">Ne perdez pas en qualit\u00e9<\/h3>\n\n\n\n<p>R\u00e9duisez le poids de vos images sans sacrifier leur qualit\u00e9, elles restent magnifiques.<\/p>\n<\/div><\/div>\n<\/div>\n<\/div>\n<\/div><\/div>\n\n\n\n<div class=\"wp-block-group alignfull\"><div class=\"wp-block-group__inner-container is-layout-flow wp-block-group-is-layout-flow\">\n<h2 class=\"has-text-align-center wp-block-heading\">Optimisez n\u2019importe quelle image<\/h2>\n\n\n\n<p class=\"aligncenter has-text-align-center\">Et am\u00e9liorez le temps de chargement en un clin d\u2019\u0153il<\/p>\n\n\n\n<div class=\"wp-block-columns alignwide is-layout-flex wp-container-core-columns-is-layout-9d6595d7 wp-block-columns-is-layout-flex\">\n<div class=\"wp-block-column is-layout-flow wp-block-column-is-layout-flow\">\n<div class=\"block-icon-text\"><div class=\"block-icon-text__media\"><svg class=\"block-picto-svg\" aria-label=\"Image\"><use xlink:href=\"https:\/\/wp-rocket.me\/wp-content\/themes\/V4\/sprite_svg_pictos.svg#picto-image\"><\/use><\/svg><\/div><div class=\"block-icon-text__content\">\n<h3 class=\"wp-block-heading\">Tous les formats d\u2019images<\/h3>\n\n\n\n<p>Optimisez les images JPG, PDF, PNG et GIF. Et pour chaque image, vous obtenez \u00e9galement sa version WebP.<\/p>\n<\/div><\/div>\n\n\n\n<div class=\"block-icon-text\"><div class=\"block-icon-text__media\"><svg class=\"block-picto-svg\" aria-label=\"Optimize\"><use xlink:href=\"https:\/\/wp-rocket.me\/wp-content\/themes\/V4\/sprite_svg_pictos.svg#picto-optimize\"><\/use><\/svg><\/div><div class=\"block-icon-text__content\">\n<h3 class=\"wp-block-heading\">Gardez un oeil sur vos gains<\/h3>\n\n\n\n<p>Vous pouvez v\u00e9rifier le poids de vos images avant et apr\u00e8s la compression, gr\u00e2ce aux statistiques mises \u00e0 jour sur le tableau de bord du plugin.<\/p>\n<\/div><\/div>\n<\/div>\n\n\n\n<div class=\"wp-block-column is-layout-flow wp-block-column-is-layout-flow\">\n<div class=\"block-icon-text\"><div class=\"block-icon-text__media\"><svg class=\"block-picto-svg\" aria-label=\"Customize\"><use xlink:href=\"https:\/\/wp-rocket.me\/wp-content\/themes\/V4\/sprite_svg_pictos.svg#picto-customize\"><\/use><\/svg><\/div><div class=\"block-icon-text__content\">\n<h3 class=\"wp-block-heading\">3 niveaux de compression<\/h3>\n\n\n\n<p>Vous pouvez choisir parmi nos trois niveaux de compression pour optimiser automatiquement vos images : Normal, Agressif, ou Ultra.<\/p>\n<\/div><\/div>\n\n\n\n<div class=\"block-icon-text\"><div class=\"block-icon-text__media\"><svg class=\"block-picto-svg\" aria-label=\"Update\"><use xlink:href=\"https:\/\/wp-rocket.me\/wp-content\/themes\/V4\/sprite_svg_pictos.svg#picto-update\"><\/use><\/svg><\/div><div class=\"block-icon-text__content\">\n<h3 class=\"wp-block-heading\">La flexibilit\u00e9 au bout des doigts<\/h3>\n\n\n\n<p>Restaurez vos fichiers m\u00e9dias dans leur version originale ou optimisez-les avec un autre niveau de compression chaque fois que vous le souhaitez.<\/p>\n<\/div><\/div>\n<\/div>\n<\/div>\n\n\n\n<div class=\"wp-block-buttons aligncenter has-text-align-center is-layout-flex wp-block-buttons-is-layout-flex\">\n<div class=\"wp-block-button\"><a class=\"wp-block-button__link has-blue-background-color has-background\" href=\"https:\/\/wordpress.org\/plugins\/imagify\/\" target=\"_blank\" rel=\"noreferrer noopener\">Obtenir Imagify pour WordPress<\/a><\/div>\n<\/div>\n<\/div><\/div>\n\n\n\n<div class=\"block-cta alignfull is-targeted is-style-blue\">\n\t<div class=\"block-cta__wrapper\">\n\t\t<svg aria-hidden=\"true\" class=\"block-cta__pattern-left svg\" fill=\"none\" xmlns=\"http:\/\/www.w3.org\/2000\/svg\"><rect class=\"path path-10\" width=\"7.1\" height=\"7.1\" rx=\".9\" transform=\"scale(1 -1) rotate(45 226.2 -70.4)\" fill=\"#454F59\"\/><path class=\"path path-1\" fill-rule=\"evenodd\" clip-rule=\"evenodd\" d=\"M91.5 171.1a4.4 4.4 0 100 8.8 4.4 4.4 0 000-8.8z\" fill=\"#D0D3D8\"\/><path class=\"path path-3\" fill-rule=\"evenodd\" clip-rule=\"evenodd\" d=\"M166.5 95.1a4.4 4.4 0 110 8.8 4.4 4.4 0 010-8.8z\" fill=\"#FFD147\"\/><path class=\"path path-6\" d=\"M91.5 104l-4.9-8.3h9.8l-4.9 8.4z\" fill=\"#99D1DE\"\/><rect class=\"path path-5\" x=\"16.5\" y=\"104.5\" width=\"7.1\" height=\"7.1\" rx=\".9\" transform=\"rotate(-135 16.5 104.5)\" fill=\"#FFD0D8\"\/><path class=\"path path-2\" fill-rule=\"evenodd\" clip-rule=\"evenodd\" d=\"M16.5 247.1a4.4 4.4 0 100 8.8 4.4 4.4 0 000-8.8z\" fill=\"#FFD147\"\/><rect class=\"path path-7\" width=\"7.1\" height=\"7.1\" rx=\".9\" transform=\"scale(1 -1) rotate(45 355.4 -17.8)\" fill=\"#F56F46\"\/><path class=\"path path-4\" fill-rule=\"evenodd\" clip-rule=\"evenodd\" d=\"M16.5 19.1a4.4 4.4 0 100 8.8 4.4 4.4 0 000-8.8z\" fill=\"#FFD147\"\/><path class=\"path path-0\" fill-rule=\"evenodd\" clip-rule=\"evenodd\" d=\"M241.5 19.1a4.4 4.4 0 100 8.8 4.4 4.4 0 000-8.8z\" fill=\"#fff\"\/><path class=\"path path-8\" d=\"M166.5 28l4.9-8.3h-9.8l4.9 8.4z\" fill=\"#005BC6\"\/><rect class=\"path path-9\" width=\"7.1\" height=\"7.1\" rx=\".9\" transform=\"scale(1 -1) rotate(45 80.2 96.2)\" fill=\"#172153\"\/><\/svg>\n\t\t<svg aria-hidden=\"true\" class=\"block-cta__pattern-right svg\" fill=\"none\" xmlns=\"http:\/\/www.w3.org\/2000\/svg\"><rect class=\"path path-9\" width=\"7.1\" height=\"7.1\" rx=\".9\" transform=\"scale(1 -1) rotate(45 226.2 -70.4)\" fill=\"#454F59\"\/><path class=\"path path-2\" fill-rule=\"evenodd\" clip-rule=\"evenodd\" d=\"M91.5 171.1a4.4 4.4 0 100 8.8 4.4 4.4 0 000-8.8z\" fill=\"#D0D3D8\"\/><path class=\"path path-1\" fill-rule=\"evenodd\" clip-rule=\"evenodd\" d=\"M166.5 95.1a4.4 4.4 0 110 8.8 4.4 4.4 0 010-8.8z\" fill=\"#FFD147\"\/><path class=\"path path-0\" d=\"M91.5 104l-4.9-8.3h9.8l-4.9 8.4z\" fill=\"#99D1DE\"\/><rect class=\"path path-8\" x=\"16.5\" y=\"104.5\" width=\"7.1\" height=\"7.1\" rx=\".9\" transform=\"rotate(-135 16.5 104.5)\" fill=\"#FFD0D8\"\/><path class=\"path path-6\" fill-rule=\"evenodd\" clip-rule=\"evenodd\" d=\"M16.5 247.1a4.4 4.4 0 100 8.8 4.4 4.4 0 000-8.8z\" fill=\"#FFD147\"\/><rect class=\"path path-10\" width=\"7.1\" height=\"7.1\" rx=\".9\" transform=\"scale(1 -1) rotate(45 355.4 -17.8)\" fill=\"#F56F46\"\/><path class=\"path path-3\" fill-rule=\"evenodd\" clip-rule=\"evenodd\" d=\"M16.5 19.1a4.4 4.4 0 100 8.8 4.4 4.4 0 000-8.8z\" fill=\"#FFD147\"\/><path class=\"path path-4\" fill-rule=\"evenodd\" clip-rule=\"evenodd\" d=\"M241.5 19.1a4.4 4.4 0 100 8.8 4.4 4.4 0 000-8.8z\" fill=\"#fff\"\/><path class=\"path path-7\" d=\"M166.5 28l4.9-8.3h-9.8l4.9 8.4z\" fill=\"#005BC6\"\/><rect class=\"path path-5\" width=\"7.1\" height=\"7.1\" rx=\".9\" transform=\"scale(1 -1) rotate(45 80.2 96.2)\" fill=\"#172153\"\/><\/svg>\n\t\t<div class=\"block-cta__content\">\n\t\t\t\n\n<p>Optimisez vos images \u00e0 la vol\u00e9e, sans quitter WordPress<\/p>\n\n\n\n<div class=\"wp-block-button\"><a class=\"wp-block-button__link has-blue-background-color has-background\" href=\"https:\/\/wordpress.org\/plugins\/imagify\/\" target=\"_blank\" rel=\"noreferrer noopener\">T\u00e9l\u00e9charger le plugin Imagify<\/a><\/div>\n\n\t\t<\/div>\n\t<\/div>\n<\/div>","protected":false},"excerpt":{"rendered":"<p>Le coup de pouce pour acc\u00e9l\u00e9rer votre site web<\/p>\n","protected":false},"author":129383,"featured_media":0,"parent":0,"menu_order":0,"comment_status":"closed","ping_status":"closed","template":"","meta":{"_acf_changed":false,"inline_featured_image":false,"kia_subtitle":"","footnotes":""},"class_list":["post-3122806","page","type-page","status-publish","hentry"],"acf":[],"yoast_head":"<!-- This site is optimized with the Yoast SEO plugin v25.3 - https:\/\/yoast.com\/wordpress\/plugins\/seo\/ -->\n<title>WP Rocket et Imagify<\/title>\n<meta name=\"description\" content=\"Vous cherchez des outils suppl\u00e9mentaires pour augmenter la vitesse de votre site web avec WP Rocket D\u00e9couvrez Imagify, notre plugin gratuit d\u2019optimisation des images !\" \/>\n<meta name=\"robots\" content=\"index, follow, max-snippet:-1, max-image-preview:large, max-video-preview:-1\" \/>\n<link rel=\"canonical\" href=\"https:\/\/wp-rocket.me\/fr\/imagify\/\" \/>\n<meta property=\"og:locale\" content=\"fr_FR\" \/>\n<meta property=\"og:type\" content=\"article\" \/>\n<meta property=\"og:title\" content=\"WP Rocket et Imagify\" \/>\n<meta property=\"og:description\" content=\"Vous cherchez des outils suppl\u00e9mentaires pour augmenter la vitesse de votre site web avec WP Rocket D\u00e9couvrez Imagify, notre plugin gratuit d\u2019optimisation des images !\" \/>\n<meta property=\"og:url\" content=\"https:\/\/wp-rocket.me\/fr\/imagify\/\" \/>\n<meta property=\"og:site_name\" content=\"WP Rocket\" \/>\n<meta property=\"article:publisher\" content=\"https:\/\/www.facebook.com\/pages\/WP-Rocket\/631942253526829\" \/>\n<meta property=\"article:modified_time\" content=\"2021-03-16T11:07:08+00:00\" \/>\n<meta property=\"og:image\" content=\"https:\/\/wp-rocket.me\/wp-content\/uploads\/2021\/03\/imagify-bulk-optimization-skeleton.svg\" \/>\n<meta name=\"twitter:card\" content=\"summary_large_image\" \/>\n<meta name=\"twitter:site\" content=\"@wp_rocket\" \/>\n<meta name=\"twitter:label1\" content=\"Dur\u00e9e de lecture est.\" \/>\n\t<meta name=\"twitter:data1\" content=\"2 minutes\" \/>\n<script type=\"application\/ld+json\" class=\"yoast-schema-graph\">{\"@context\":\"https:\/\/schema.org\",\"@graph\":[{\"@type\":\"WebPage\",\"@id\":\"https:\/\/wp-rocket.me\/fr\/imagify\/\",\"url\":\"https:\/\/wp-rocket.me\/fr\/imagify\/\",\"name\":\"WP Rocket et Imagify\",\"isPartOf\":{\"@id\":\"https:\/\/wp-rocket.me\/#website\"},\"primaryImageOfPage\":{\"@id\":\"https:\/\/wp-rocket.me\/fr\/imagify\/#primaryimage\"},\"image\":{\"@id\":\"https:\/\/wp-rocket.me\/fr\/imagify\/#primaryimage\"},\"thumbnailUrl\":\"https:\/\/wp-rocket.me\/wp-content\/uploads\/2021\/03\/imagify-bulk-optimization-skeleton.svg\",\"datePublished\":\"2021-03-10T10:50:25+00:00\",\"dateModified\":\"2021-03-16T11:07:08+00:00\",\"description\":\"Vous cherchez des outils suppl\u00e9mentaires pour augmenter la vitesse de votre site web avec WP Rocket D\u00e9couvrez Imagify, notre plugin gratuit d\u2019optimisation des images !\",\"breadcrumb\":{\"@id\":\"https:\/\/wp-rocket.me\/fr\/imagify\/#breadcrumb\"},\"inLanguage\":\"fr-FR\",\"potentialAction\":[{\"@type\":\"ReadAction\",\"target\":[\"https:\/\/wp-rocket.me\/fr\/imagify\/\"]}]},{\"@type\":\"ImageObject\",\"inLanguage\":\"fr-FR\",\"@id\":\"https:\/\/wp-rocket.me\/fr\/imagify\/#primaryimage\",\"url\":\"https:\/\/wp-rocket.me\/wp-content\/uploads\/2021\/03\/imagify-bulk-optimization-skeleton.svg\",\"contentUrl\":\"https:\/\/wp-rocket.me\/wp-content\/uploads\/2021\/03\/imagify-bulk-optimization-skeleton.svg\"},{\"@type\":\"BreadcrumbList\",\"@id\":\"https:\/\/wp-rocket.me\/fr\/imagify\/#breadcrumb\",\"itemListElement\":[{\"@type\":\"ListItem\",\"position\":1,\"name\":\"Accueil\",\"item\":\"https:\/\/wp-rocket.me\/fr\/\"},{\"@type\":\"ListItem\",\"position\":2,\"name\":\"Optimisez vos images avec Imagify\"}]},{\"@type\":\"WebSite\",\"@id\":\"https:\/\/wp-rocket.me\/#website\",\"url\":\"https:\/\/wp-rocket.me\/\",\"name\":\"WP Rocket\",\"description\":\"Plugin d&#039;optimisation de sites WordPress\",\"publisher\":{\"@id\":\"https:\/\/wp-rocket.me\/#organization\"},\"potentialAction\":[{\"@type\":\"SearchAction\",\"target\":{\"@type\":\"EntryPoint\",\"urlTemplate\":\"https:\/\/wp-rocket.me\/?s={search_term_string}\"},\"query-input\":{\"@type\":\"PropertyValueSpecification\",\"valueRequired\":true,\"valueName\":\"search_term_string\"}}],\"inLanguage\":\"fr-FR\"},{\"@type\":\"Organization\",\"@id\":\"https:\/\/wp-rocket.me\/#organization\",\"name\":\"WP Rocket\",\"url\":\"https:\/\/wp-rocket.me\/\",\"logo\":{\"@type\":\"ImageObject\",\"inLanguage\":\"fr-FR\",\"@id\":\"https:\/\/wp-rocket.me\/#\/schema\/logo\/image\/\",\"url\":\"https:\/\/wp-rocket.me\/wp-content\/uploads\/1\/logo-wp-rocket-paypal-2.png\",\"contentUrl\":\"https:\/\/wp-rocket.me\/wp-content\/uploads\/1\/logo-wp-rocket-paypal-2.png\",\"width\":150,\"height\":41,\"caption\":\"WP Rocket\"},\"image\":{\"@id\":\"https:\/\/wp-rocket.me\/#\/schema\/logo\/image\/\"},\"sameAs\":[\"https:\/\/www.facebook.com\/pages\/WP-Rocket\/631942253526829\",\"https:\/\/x.com\/wp_rocket\",\"https:\/\/www.youtube.com\/channel\/UC1ozThXHd1IWIZ5wkshgp_Q\"]}]}<\/script>\n<!-- \/ Yoast SEO plugin. -->","yoast_head_json":{"title":"WP Rocket et Imagify","description":"Vous cherchez des outils suppl\u00e9mentaires pour augmenter la vitesse de votre site web avec WP Rocket D\u00e9couvrez Imagify, notre plugin gratuit d\u2019optimisation des images !","robots":{"index":"index","follow":"follow","max-snippet":"max-snippet:-1","max-image-preview":"max-image-preview:large","max-video-preview":"max-video-preview:-1"},"canonical":"https:\/\/wp-rocket.me\/fr\/imagify\/","og_locale":"fr_FR","og_type":"article","og_title":"WP Rocket et Imagify","og_description":"Vous cherchez des outils suppl\u00e9mentaires pour augmenter la vitesse de votre site web avec WP Rocket D\u00e9couvrez Imagify, notre plugin gratuit d\u2019optimisation des images !","og_url":"https:\/\/wp-rocket.me\/fr\/imagify\/","og_site_name":"WP Rocket","article_publisher":"https:\/\/www.facebook.com\/pages\/WP-Rocket\/631942253526829","article_modified_time":"2021-03-16T11:07:08+00:00","og_image":[{"url":"https:\/\/wp-rocket.me\/wp-content\/uploads\/2021\/03\/imagify-bulk-optimization-skeleton.svg","type":"","width":"","height":""}],"twitter_card":"summary_large_image","twitter_site":"@wp_rocket","twitter_misc":{"Dur\u00e9e de lecture est.":"2 minutes"},"schema":{"@context":"https:\/\/schema.org","@graph":[{"@type":"WebPage","@id":"https:\/\/wp-rocket.me\/fr\/imagify\/","url":"https:\/\/wp-rocket.me\/fr\/imagify\/","name":"WP Rocket et Imagify","isPartOf":{"@id":"https:\/\/wp-rocket.me\/#website"},"primaryImageOfPage":{"@id":"https:\/\/wp-rocket.me\/fr\/imagify\/#primaryimage"},"image":{"@id":"https:\/\/wp-rocket.me\/fr\/imagify\/#primaryimage"},"thumbnailUrl":"https:\/\/wp-rocket.me\/wp-content\/uploads\/2021\/03\/imagify-bulk-optimization-skeleton.svg","datePublished":"2021-03-10T10:50:25+00:00","dateModified":"2021-03-16T11:07:08+00:00","description":"Vous cherchez des outils suppl\u00e9mentaires pour augmenter la vitesse de votre site web avec WP Rocket D\u00e9couvrez Imagify, notre plugin gratuit d\u2019optimisation des images !","breadcrumb":{"@id":"https:\/\/wp-rocket.me\/fr\/imagify\/#breadcrumb"},"inLanguage":"fr-FR","potentialAction":[{"@type":"ReadAction","target":["https:\/\/wp-rocket.me\/fr\/imagify\/"]}]},{"@type":"ImageObject","inLanguage":"fr-FR","@id":"https:\/\/wp-rocket.me\/fr\/imagify\/#primaryimage","url":"https:\/\/wp-rocket.me\/wp-content\/uploads\/2021\/03\/imagify-bulk-optimization-skeleton.svg","contentUrl":"https:\/\/wp-rocket.me\/wp-content\/uploads\/2021\/03\/imagify-bulk-optimization-skeleton.svg"},{"@type":"BreadcrumbList","@id":"https:\/\/wp-rocket.me\/fr\/imagify\/#breadcrumb","itemListElement":[{"@type":"ListItem","position":1,"name":"Accueil","item":"https:\/\/wp-rocket.me\/fr\/"},{"@type":"ListItem","position":2,"name":"Optimisez vos images avec Imagify"}]},{"@type":"WebSite","@id":"https:\/\/wp-rocket.me\/#website","url":"https:\/\/wp-rocket.me\/","name":"WP Rocket","description":"Plugin d&#039;optimisation de sites WordPress","publisher":{"@id":"https:\/\/wp-rocket.me\/#organization"},"potentialAction":[{"@type":"SearchAction","target":{"@type":"EntryPoint","urlTemplate":"https:\/\/wp-rocket.me\/?s={search_term_string}"},"query-input":{"@type":"PropertyValueSpecification","valueRequired":true,"valueName":"search_term_string"}}],"inLanguage":"fr-FR"},{"@type":"Organization","@id":"https:\/\/wp-rocket.me\/#organization","name":"WP Rocket","url":"https:\/\/wp-rocket.me\/","logo":{"@type":"ImageObject","inLanguage":"fr-FR","@id":"https:\/\/wp-rocket.me\/#\/schema\/logo\/image\/","url":"https:\/\/wp-rocket.me\/wp-content\/uploads\/1\/logo-wp-rocket-paypal-2.png","contentUrl":"https:\/\/wp-rocket.me\/wp-content\/uploads\/1\/logo-wp-rocket-paypal-2.png","width":150,"height":41,"caption":"WP Rocket"},"image":{"@id":"https:\/\/wp-rocket.me\/#\/schema\/logo\/image\/"},"sameAs":["https:\/\/www.facebook.com\/pages\/WP-Rocket\/631942253526829","https:\/\/x.com\/wp_rocket","https:\/\/www.youtube.com\/channel\/UC1ozThXHd1IWIZ5wkshgp_Q"]}]}},"_links":{"self":[{"href":"https:\/\/wp-rocket.me\/fr\/wp-json\/wp\/v2\/pages\/3122806","targetHints":{"allow":["GET"]}}],"collection":[{"href":"https:\/\/wp-rocket.me\/fr\/wp-json\/wp\/v2\/pages"}],"about":[{"href":"https:\/\/wp-rocket.me\/fr\/wp-json\/wp\/v2\/types\/page"}],"author":[{"embeddable":true,"href":"https:\/\/wp-rocket.me\/fr\/wp-json\/wp\/v2\/users\/129383"}],"replies":[{"embeddable":true,"href":"https:\/\/wp-rocket.me\/fr\/wp-json\/wp\/v2\/comments?post=3122806"}],"version-history":[{"count":0,"href":"https:\/\/wp-rocket.me\/fr\/wp-json\/wp\/v2\/pages\/3122806\/revisions"}],"wp:attachment":[{"href":"https:\/\/wp-rocket.me\/fr\/wp-json\/wp\/v2\/media?parent=3122806"}],"curies":[{"name":"wp","href":"https:\/\/api.w.org\/{rel}","templated":true}]}}