{"id":1479745,"date":"2019-09-13T19:07:38","date_gmt":"2019-09-13T17:07:38","guid":{"rendered":"https:\/\/wp-rocket.me\/?page_id=1479745"},"modified":"2021-03-17T10:48:52","modified_gmt":"2021-03-17T09:48:52","slug":"politique-securite","status":"publish","type":"page","link":"https:\/\/wp-rocket.me\/fr\/politique-securite\/","title":{"rendered":"Politique de S\u00e9curit\u00e9"},"content":{"rendered":"\n<div class=\"wp-block-group alignfull\"><div class=\"wp-block-group__inner-container is-layout-flow wp-block-group-is-layout-flow\">\n<h2 class=\"wp-block-heading\">SSL<\/h2>\n\n\n\n<p>WP Rocket applique TLS (SSL) pour toutes les demandes sur le site de WP Rocket. Cela signifie que les demandes de votre navigateur sont crypt\u00e9es avec SSL.<\/p>\n\n\n\n<p>Vous pouvez le v\u00e9rifier gr\u00e2ce \u00e0 l\u2019ic\u00f4ne de verrouillage apparaissant sur votre navigateur.<\/p>\n\n\n\n<h2 class=\"wp-block-heading\">Sauvegardes<\/h2>\n\n\n\n<p>Nos donn\u00e9es sont constamment sauvegard\u00e9es sur plusieurs serveurs \u00e0 diff\u00e9rents endroits afin d\u2019\u00e9viter toute perte de donn\u00e9es.<\/p>\n\n\n\n<h2 class=\"wp-block-heading\">Disponibilit\u00e9<\/h2>\n\n\n\n<p>Nous faisons de notre mieux pour assurer la disponibilit\u00e9 du site WP Rocket, m\u00eame en cas de p\u00e9riode de fortes demandes.<\/p>\n\n\n\n<h2 class=\"wp-block-heading\">Paiement s\u00e9curis\u00e9<\/h2>\n\n\n\n<p>Nous ne stockons ni ne g\u00e9rons aucun paiement nous-m\u00eames. Nous faisons appel \u00e0 Stripe et Paypal connus pour leur grande s\u00e9curit\u00e9 et tous deux certifi\u00e9s PCI.<\/p>\n\n\n\n<p>Si vous avez la moindre question concernant la s\u00e9curit\u00e9, vous pouvez nous contacter via le formulaire de contact :\u00a0<a href=\"https:\/\/wp-rocket.me\/fr\/contact\/\">wp-rocket.me\/fr\/contact\/<\/a><\/p>\n<\/div><\/div>\n","protected":false},"excerpt":{"rendered":"<p>Votre s\u00e9curit\u00e9 est importante.<br \/>\nChez WP Media, nous prenons la s\u00e9curit\u00e9 tr\u00e8s au s\u00e9rieux.<\/p>\n","protected":false},"author":1,"featured_media":0,"parent":0,"menu_order":0,"comment_status":"closed","ping_status":"closed","template":"","meta":{"_acf_changed":false,"inline_featured_image":false,"kia_subtitle":"","footnotes":""},"class_list":["post-1479745","page","type-page","status-publish","hentry"],"acf":[],"yoast_head":"<!-- This site is optimized with the Yoast SEO plugin v25.3 - https:\/\/yoast.com\/wordpress\/plugins\/seo\/ -->\n<title>Politique de S\u00e9curit\u00e9 - WP Rocket<\/title>\n<meta name=\"description\" content=\"Chez WP Media, la s\u00e9curit\u00e9 est un mot que nous prenons tr\u00e8s au s\u00e9rieux. ... pouvez nous contacter via le formulaire de contact : https:\/\/wp-rocket.me\/contact\/\" \/>\n<meta name=\"robots\" content=\"index, follow, max-snippet:-1, max-image-preview:large, max-video-preview:-1\" \/>\n<link rel=\"canonical\" href=\"https:\/\/wp-rocket.me\/fr\/politique-securite\/\" \/>\n<meta property=\"og:locale\" content=\"fr_FR\" \/>\n<meta property=\"og:type\" content=\"article\" \/>\n<meta property=\"og:title\" content=\"Politique de S\u00e9curit\u00e9 - WP Rocket\" \/>\n<meta property=\"og:description\" content=\"Chez WP Media, la s\u00e9curit\u00e9 est un mot que nous prenons tr\u00e8s au s\u00e9rieux. ... pouvez nous contacter via le formulaire de contact : https:\/\/wp-rocket.me\/contact\/\" \/>\n<meta property=\"og:url\" content=\"https:\/\/wp-rocket.me\/fr\/politique-securite\/\" \/>\n<meta property=\"og:site_name\" content=\"WP Rocket\" \/>\n<meta property=\"article:publisher\" content=\"https:\/\/www.facebook.com\/pages\/WP-Rocket\/631942253526829\" \/>\n<meta property=\"article:modified_time\" content=\"2021-03-17T09:48:52+00:00\" \/>\n<meta property=\"og:image\" content=\"https:\/\/wp-rocket.me\/wp-content\/uploads\/2024\/10\/1200x800-Featured-Image.png\" \/>\n\t<meta property=\"og:image:width\" content=\"2048\" \/>\n\t<meta property=\"og:image:height\" content=\"1365\" \/>\n\t<meta property=\"og:image:type\" content=\"image\/png\" \/>\n<meta name=\"twitter:card\" content=\"summary_large_image\" \/>\n<meta name=\"twitter:site\" content=\"@wp_rocket\" \/>\n<meta name=\"twitter:label1\" content=\"Dur\u00e9e de lecture est.\" \/>\n\t<meta name=\"twitter:data1\" content=\"1 minute\" \/>\n<script type=\"application\/ld+json\" class=\"yoast-schema-graph\">{\"@context\":\"https:\/\/schema.org\",\"@graph\":[{\"@type\":\"WebPage\",\"@id\":\"https:\/\/wp-rocket.me\/fr\/politique-securite\/\",\"url\":\"https:\/\/wp-rocket.me\/fr\/politique-securite\/\",\"name\":\"Politique de S\u00e9curit\u00e9 - WP Rocket\",\"isPartOf\":{\"@id\":\"https:\/\/wp-rocket.me\/#website\"},\"datePublished\":\"2019-09-13T17:07:38+00:00\",\"dateModified\":\"2021-03-17T09:48:52+00:00\",\"description\":\"Chez WP Media, la s\u00e9curit\u00e9 est un mot que nous prenons tr\u00e8s au s\u00e9rieux. ... pouvez nous contacter via le formulaire de contact : https:\/\/wp-rocket.me\/contact\/\",\"breadcrumb\":{\"@id\":\"https:\/\/wp-rocket.me\/fr\/politique-securite\/#breadcrumb\"},\"inLanguage\":\"fr-FR\",\"potentialAction\":[{\"@type\":\"ReadAction\",\"target\":[\"https:\/\/wp-rocket.me\/fr\/politique-securite\/\"]}]},{\"@type\":\"BreadcrumbList\",\"@id\":\"https:\/\/wp-rocket.me\/fr\/politique-securite\/#breadcrumb\",\"itemListElement\":[{\"@type\":\"ListItem\",\"position\":1,\"name\":\"Accueil\",\"item\":\"https:\/\/wp-rocket.me\/fr\/\"},{\"@type\":\"ListItem\",\"position\":2,\"name\":\"Politique de S\u00e9curit\u00e9\"}]},{\"@type\":\"WebSite\",\"@id\":\"https:\/\/wp-rocket.me\/#website\",\"url\":\"https:\/\/wp-rocket.me\/\",\"name\":\"WP Rocket\",\"description\":\"Plugin d&#039;optimisation de sites WordPress\",\"publisher\":{\"@id\":\"https:\/\/wp-rocket.me\/#organization\"},\"potentialAction\":[{\"@type\":\"SearchAction\",\"target\":{\"@type\":\"EntryPoint\",\"urlTemplate\":\"https:\/\/wp-rocket.me\/?s={search_term_string}\"},\"query-input\":{\"@type\":\"PropertyValueSpecification\",\"valueRequired\":true,\"valueName\":\"search_term_string\"}}],\"inLanguage\":\"fr-FR\"},{\"@type\":\"Organization\",\"@id\":\"https:\/\/wp-rocket.me\/#organization\",\"name\":\"WP Rocket\",\"url\":\"https:\/\/wp-rocket.me\/\",\"logo\":{\"@type\":\"ImageObject\",\"inLanguage\":\"fr-FR\",\"@id\":\"https:\/\/wp-rocket.me\/#\/schema\/logo\/image\/\",\"url\":\"https:\/\/wp-rocket.me\/wp-content\/uploads\/1\/logo-wp-rocket-paypal-2.png\",\"contentUrl\":\"https:\/\/wp-rocket.me\/wp-content\/uploads\/1\/logo-wp-rocket-paypal-2.png\",\"width\":150,\"height\":41,\"caption\":\"WP Rocket\"},\"image\":{\"@id\":\"https:\/\/wp-rocket.me\/#\/schema\/logo\/image\/\"},\"sameAs\":[\"https:\/\/www.facebook.com\/pages\/WP-Rocket\/631942253526829\",\"https:\/\/x.com\/wp_rocket\",\"https:\/\/www.youtube.com\/channel\/UC1ozThXHd1IWIZ5wkshgp_Q\"]}]}<\/script>\n<!-- \/ Yoast SEO plugin. -->","yoast_head_json":{"title":"Politique de S\u00e9curit\u00e9 - WP Rocket","description":"Chez WP Media, la s\u00e9curit\u00e9 est un mot que nous prenons tr\u00e8s au s\u00e9rieux. ... pouvez nous contacter via le formulaire de contact : https:\/\/wp-rocket.me\/contact\/","robots":{"index":"index","follow":"follow","max-snippet":"max-snippet:-1","max-image-preview":"max-image-preview:large","max-video-preview":"max-video-preview:-1"},"canonical":"https:\/\/wp-rocket.me\/fr\/politique-securite\/","og_locale":"fr_FR","og_type":"article","og_title":"Politique de S\u00e9curit\u00e9 - WP Rocket","og_description":"Chez WP Media, la s\u00e9curit\u00e9 est un mot que nous prenons tr\u00e8s au s\u00e9rieux. ... pouvez nous contacter via le formulaire de contact : https:\/\/wp-rocket.me\/contact\/","og_url":"https:\/\/wp-rocket.me\/fr\/politique-securite\/","og_site_name":"WP Rocket","article_publisher":"https:\/\/www.facebook.com\/pages\/WP-Rocket\/631942253526829","article_modified_time":"2021-03-17T09:48:52+00:00","og_image":[{"width":2048,"height":1365,"url":"https:\/\/wp-rocket.me\/wp-content\/uploads\/2024\/10\/1200x800-Featured-Image.png","type":"image\/png"}],"twitter_card":"summary_large_image","twitter_site":"@wp_rocket","twitter_misc":{"Dur\u00e9e de lecture est.":"1 minute"},"schema":{"@context":"https:\/\/schema.org","@graph":[{"@type":"WebPage","@id":"https:\/\/wp-rocket.me\/fr\/politique-securite\/","url":"https:\/\/wp-rocket.me\/fr\/politique-securite\/","name":"Politique de S\u00e9curit\u00e9 - WP Rocket","isPartOf":{"@id":"https:\/\/wp-rocket.me\/#website"},"datePublished":"2019-09-13T17:07:38+00:00","dateModified":"2021-03-17T09:48:52+00:00","description":"Chez WP Media, la s\u00e9curit\u00e9 est un mot que nous prenons tr\u00e8s au s\u00e9rieux. ... pouvez nous contacter via le formulaire de contact : https:\/\/wp-rocket.me\/contact\/","breadcrumb":{"@id":"https:\/\/wp-rocket.me\/fr\/politique-securite\/#breadcrumb"},"inLanguage":"fr-FR","potentialAction":[{"@type":"ReadAction","target":["https:\/\/wp-rocket.me\/fr\/politique-securite\/"]}]},{"@type":"BreadcrumbList","@id":"https:\/\/wp-rocket.me\/fr\/politique-securite\/#breadcrumb","itemListElement":[{"@type":"ListItem","position":1,"name":"Accueil","item":"https:\/\/wp-rocket.me\/fr\/"},{"@type":"ListItem","position":2,"name":"Politique de S\u00e9curit\u00e9"}]},{"@type":"WebSite","@id":"https:\/\/wp-rocket.me\/#website","url":"https:\/\/wp-rocket.me\/","name":"WP Rocket","description":"Plugin d&#039;optimisation de sites WordPress","publisher":{"@id":"https:\/\/wp-rocket.me\/#organization"},"potentialAction":[{"@type":"SearchAction","target":{"@type":"EntryPoint","urlTemplate":"https:\/\/wp-rocket.me\/?s={search_term_string}"},"query-input":{"@type":"PropertyValueSpecification","valueRequired":true,"valueName":"search_term_string"}}],"inLanguage":"fr-FR"},{"@type":"Organization","@id":"https:\/\/wp-rocket.me\/#organization","name":"WP Rocket","url":"https:\/\/wp-rocket.me\/","logo":{"@type":"ImageObject","inLanguage":"fr-FR","@id":"https:\/\/wp-rocket.me\/#\/schema\/logo\/image\/","url":"https:\/\/wp-rocket.me\/wp-content\/uploads\/1\/logo-wp-rocket-paypal-2.png","contentUrl":"https:\/\/wp-rocket.me\/wp-content\/uploads\/1\/logo-wp-rocket-paypal-2.png","width":150,"height":41,"caption":"WP Rocket"},"image":{"@id":"https:\/\/wp-rocket.me\/#\/schema\/logo\/image\/"},"sameAs":["https:\/\/www.facebook.com\/pages\/WP-Rocket\/631942253526829","https:\/\/x.com\/wp_rocket","https:\/\/www.youtube.com\/channel\/UC1ozThXHd1IWIZ5wkshgp_Q"]}]}},"_links":{"self":[{"href":"https:\/\/wp-rocket.me\/fr\/wp-json\/wp\/v2\/pages\/1479745","targetHints":{"allow":["GET"]}}],"collection":[{"href":"https:\/\/wp-rocket.me\/fr\/wp-json\/wp\/v2\/pages"}],"about":[{"href":"https:\/\/wp-rocket.me\/fr\/wp-json\/wp\/v2\/types\/page"}],"author":[{"embeddable":true,"href":"https:\/\/wp-rocket.me\/fr\/wp-json\/wp\/v2\/users\/1"}],"replies":[{"embeddable":true,"href":"https:\/\/wp-rocket.me\/fr\/wp-json\/wp\/v2\/comments?post=1479745"}],"version-history":[{"count":0,"href":"https:\/\/wp-rocket.me\/fr\/wp-json\/wp\/v2\/pages\/1479745\/revisions"}],"wp:attachment":[{"href":"https:\/\/wp-rocket.me\/fr\/wp-json\/wp\/v2\/media?parent=1479745"}],"curies":[{"name":"wp","href":"https:\/\/api.w.org\/{rel}","templated":true}]}}