{"id":990,"date":"2014-04-30T21:24:26","date_gmt":"2014-04-30T20:24:26","guid":{"rendered":"https:\/\/wp-rocket.me\/pricing-2\/"},"modified":"2025-12-12T17:53:31","modified_gmt":"2025-12-12T16:53:31","slug":"precios","status":"publish","type":"page","link":"https:\/\/wp-rocket.me\/es\/precios\/","title":{"rendered":"Actual\u00edzate a una velocidad superior"},"content":{"rendered":"\n<p class=\"has-text-align-center\">\u00bfM\u00e1s de 500 sitios web? \u00a1<a href=\"https:\/\/wp-rocket.me\/es\/contacto\/?contact_subject=custom_licenses\">Ponte en contacto<\/a> para una licencia personalizada!<\/p>\n\n\n\n<div class=\"block-money-back  wrapper--1100 has-black-color\">\n\t<svg xmlns=\"http:\/\/www.w3.org\/2000\/svg\" width=\"63\" height=\"48\" viewBox=\"0 0 180 114\" aria-hidden=\"true\"><g transform=\"translate(36)\" fill=\"none\"><path d=\"M67 30h20a16 16 0 110 32h-2a2 2 0 00-2 2v2a6 6 0 01-12 0v-2a2 2 0 00-2-2H57a6 6 0 010-12h30a4 4 0 000-8H67a16 16 0 110-32h2a2 2 0 002-2V6a6 6 0 1112 0v2c0 1.1.9 2 2 2h12a6 6 0 110 12H67a4 4 0 000 8z\" fill=\"#FFD0D8\"\/><rect fill=\"#F56F46\" y=\"68\" width=\"15\" height=\"46\" rx=\"2.5\"\/><path d=\"M39.3 86.8h12.1c2.7 0 4.8-2 4.8-4.6 0-.7-.1-1.3-.4-1.9A10.8 10.8 0 0046 74H25.4c-1.3 0-2.4 1-2.4 2.3v30.4c0 1.3 1 2.3 2.4 2.3h51.8c6 0 10.8-4.7 10.8-10.4v-1.3c0-2.5-2.2-4.6-4.8-4.6h-44a3 3 0 01-3-3 3 3 0 013-2.9z\" fill=\"#E5EAF0\"\/><\/g><\/svg>\t<div class=\"block-money-back__content\">\n\t\t<p>Garant\u00eda de reembolso del 100% del dinero<\/p>\n\t\t<p>\n\t\t\tAlthough we don\u2019t think you\u2019ll ever want one, we\u2019ll gladly provide a refund if you request it within 14 days of your purchase.\t\t<\/p>\n\t<\/div>\n\t<\/div>\n\n\n\n<div class=\"wp-block-group alignfull\"><div class=\"wp-block-group__inner-container is-layout-flow wp-block-group-is-layout-flow\">\n<h2 class=\"wp-block-heading has-text-align-center\">Qu\u00e9 Obtienes Cuando Compras<br>una Licencia de WP Rocket<\/h2>\n\n\n\n<div class=\"wp-block-columns is-layout-flex wp-container-core-columns-is-layout-9d6595d7 wp-block-columns-is-layout-flex\">\n<div class=\"wp-block-column is-layout-flow wp-block-column-is-layout-flow\">\n<ul class=\"wp-block-list\">\n<li><strong><strong>Instalaci\u00f3n r\u00e1pida<\/strong><\/strong><br>El 80% de las mejores pr\u00e1cticas de performance web son aplicadas de manera autom\u00e1tica, sin necesidad de tocar el c\u00f3digo.<\/li>\n\n\n\n<li><strong><strong><strong>Las m\u00e1s poderosas caracter\u00edsticas para el rendimiento web<\/strong><\/strong><\/strong><br>Cach\u00e9, LazyLoad, precarga cach\u00e9, retrasar la ejecuci\u00f3n del JS, eliminar el CSS no utilizado, s\u00f3lo por nombrar algunas<\/li>\n\n\n\n<li><strong>Herramienta de seguimiento del rendimiento integrada<\/strong>Supervisa tus p\u00e1ginas principales con Rocket Insights, detecta problemas de rendimiento a tiempo y mant\u00e9n tu sitio optimizado<\/li>\n\n\n\n<li><strong><strong>Soporte de nuestros amigables Rocketeers<\/strong><\/strong><br>Ap\u00f3yate en nuestro servicio de soporte y documentaci\u00f3n t\u00e9cnica para resolver tus dudas<\/li>\n<\/ul>\n<\/div>\n\n\n\n<div class=\"wp-block-column is-layout-flow wp-block-column-is-layout-flow\">\n<ul class=\"wp-block-list\">\n<li><strong>Amplia compatibilidad con hostings, temas y plugins<\/strong><br>Las herramientas m\u00e1s populares para WordPress conf\u00edan en WP Rocket, y eso deber\u00eda darte seguridad y tranquilidad.<\/li>\n\n\n\n<li><strong><strong>Compatibilidad eCommerce<\/strong><\/strong><br>No importa qu\u00e9 plugin de eCommerce para WordPress est\u00e9s usando, te tenemos cubierto<\/li>\n\n\n\n<li><strong><strong>Compatibilidad Multiling\u00fce<\/strong><\/strong><br>Personaliza las opciones de cach\u00e9 para un idioma espec\u00edfico, o para todos los idiomas al mismo tiempo<\/li>\n\n\n\n<li><strong>Distribuci\u00f3n global de contenidos<\/strong><br>Usa RocketCDN para acelerar tu sitio para tus visitas en cualquier parte del mundo, gracias a una configuraci\u00f3n autom\u00e1tica que optimiza los tiempos de carga<\/li>\n<\/ul>\n<\/div>\n<\/div>\n\n\n<div class=\"block-trustpilot-rating wrapper--1200 is-style-large\">\n\t\t\t<!-- TrustBox widget - Horizontal for desktop -->\n\t\t<div class=\"trustpilot-widget trustpilot-widget-desktop\" data-locale=\"en-US\" data-template-id=\"5406e65db0d04a09e042d5fc\" data-businessunit-id=\"59c641e50000ff0005abd855\" data-style-height=\"30px\" data-style-width=\"100%\" data-theme=\"light\" style=\"width: 100%;\">\n\t\t\t<a href=\"https:\/\/www.trustpilot.com\/review\/wp-rocket.me\" target=\"_blank\" rel=\"noopener\">Trustpilot<\/a>\n\t\t<\/div>\n\t\t<!-- End TrustBox widget -->\n\n\t\t<!-- TrustBox widget - Mini for mobile -->\n\t\t<div class=\"trustpilot-widget trustpilot-widget-mini\" data-locale=\"en-US\" data-template-id=\"53aa8807dec7e10d38f59f32\" data-businessunit-id=\"59c641e50000ff0005abd855\" data-style-height=\"120px\" data-style-width=\"100%\" data-theme=\"light\">\n\t\t\t<a href=\"https:\/\/www.trustpilot.com\/review\/wp-rocket.me\" target=\"_blank\" rel=\"noopener\">Trustpilot<\/a>\n\t\t<\/div>\n\t\t<!-- End TrustBox widget -->\n\t<\/div><\/div><\/div>\n\n\n\n<div class=\"wp-block-group alignfull has-gray-background-color has-background\"><div class=\"wp-block-group__inner-container is-layout-flow wp-block-group-is-layout-flow\">\n<div class=\"wp-block-columns alignwide wrapper--1100 is-layout-flex wp-container-core-columns-is-layout-9d6595d7 wp-block-columns-is-layout-flex\">\n<div class=\"wp-block-column is-layout-flow wp-block-column-is-layout-flow\" style=\"flex-basis:66.66%\">\n<h2 class=\"wp-block-heading\">Preguntas Frecuentes<\/h2>\n\n\n\n<div class=\"wp-block-who-accordion schema-faq-section\" itemscope itemprop=\"mainEntity\" itemtype=\"https:\/\/schema.org\/Question\"><h3 class=\"schema-faq-question\" itemprop=\"name\">\u00bfQui\u00e9n deber\u00eda usar WP Rocket?<\/h3><div class=\"schema-faq-answer\" itemscope itemprop=\"acceptedAnswer\" itemtype=\"https:\/\/schema.org\/Answer\"><div itemprop=\"text\">\n<p>Todas las personas que tienen un sitio WordPress deber\u00edan usar WP Rocket! Nuestro plugin funciona con todo tipo de sitio web: ya sea que se trate de un sitio web grande o uno peque\u00f1o, un blog sencillo o una tienda e-commerce, WP Rocket acelerar\u00e1 su tiempo de carga! Adem\u00e1s es un plugin sencillo para los usuarios WordPress sin conocimientos t\u00e9cnicos, y al mismo tiempo tan flexible que a\u00fan los desarrolladores m\u00e1s expertos podr\u00e1n personalizarlo a su gusto.<\/p>\n<\/div><\/div><\/div>\n\n\n\n<div class=\"wp-block-who-accordion schema-faq-section\" itemscope itemprop=\"mainEntity\" itemtype=\"https:\/\/schema.org\/Question\"><h3 class=\"schema-faq-question\" itemprop=\"name\">\u00bfCu\u00e1les son los requisitos m\u00ednimos para usar WP Rocket?<\/h3><div class=\"schema-faq-answer\" itemscope itemprop=\"acceptedAnswer\" itemtype=\"https:\/\/schema.org\/Answer\"><div itemprop=\"text\">\n<p>Es necesario utilizar como m\u00ednimo PHP 7. WP Rocket funcionar\u00e1 en cualquiera de estos servidores: Apache (con mod_rewrite, mod_expires, mod_deflate), NGINX, Litespeed o Windows. Es obligatorio usar los \u201cpretty\u201d permalinks en WordPress.<\/p>\n<\/div><\/div><\/div>\n\n\n\n<div class=\"wp-block-who-accordion schema-faq-section\" itemscope itemprop=\"mainEntity\" itemtype=\"https:\/\/schema.org\/Question\"><h3 class=\"schema-faq-question\" itemprop=\"name\">\u00bfOfrec\u00e9is una versi\u00f3n de prueba (demo)?<\/h3><div class=\"schema-faq-answer\" itemscope itemprop=\"acceptedAnswer\" itemtype=\"https:\/\/schema.org\/Answer\"><div itemprop=\"text\">\n<p>No ofrecemos una versi\u00f3n de prueba; sin embargo tenemos una pol\u00edtica de reembolso a 14 d\u00edas, as\u00ed que puedes comprarlo con toda confianza.<\/p>\n<\/div><\/div><\/div>\n\n\n\n<div class=\"wp-block-who-accordion schema-faq-section\" itemscope itemprop=\"mainEntity\" itemtype=\"https:\/\/schema.org\/Question\"><h3 class=\"schema-faq-question\" itemprop=\"name\">\u00bfMi licencia de WP Rocket se renueva autom\u00e1ticamente?<\/h3><div class=\"schema-faq-answer\" itemscope itemprop=\"acceptedAnswer\" itemtype=\"https:\/\/schema.org\/Answer\"><div itemprop=\"text\">\n<p>S\u00ed. Tu licencia de WP Rocket se renovar\u00e1 autom\u00e1ticamente despu\u00e9s de un a\u00f1o, as\u00ed no perder\u00e1s el acceso a ciertas funciones de optimizaci\u00f3n, al soporte ni a las actualizaciones del plugin. Puedes desactivar f\u00e1cilmente la renovaci\u00f3n autom\u00e1tica en la p\u00e1gina de tu cuenta en la secci\u00f3n de Facturaci\u00f3n.<\/p>\n<\/div><\/div><\/div>\n\n\n\n<div class=\"wp-block-who-accordion schema-faq-section\" itemscope itemprop=\"mainEntity\" itemtype=\"https:\/\/schema.org\/Question\"><h3 class=\"schema-faq-question\" itemprop=\"name\">\u00bfPuedo ampliar mi licencia?<\/h3><div class=\"schema-faq-answer\" itemscope itemprop=\"acceptedAnswer\" itemtype=\"https:\/\/schema.org\/Answer\"><div itemprop=\"text\">\n<p>Si, si quieres a\u00f1adir m\u00e1s sitios web a tu cuenta, puedes ampliar tu licencia: pagar\u00e1s solamente la diferencia de precio.<\/p>\n<\/div><\/div><\/div>\n\n\n\n<div class=\"wp-block-who-accordion schema-faq-section\" itemscope itemprop=\"mainEntity\" itemtype=\"https:\/\/schema.org\/Question\"><h3 class=\"schema-faq-question\" itemprop=\"name\">\u00bfOfrec\u00e9is soporte, si necesito ayuda?<\/h3><div class=\"schema-faq-answer\" itemscope itemprop=\"acceptedAnswer\" itemtype=\"https:\/\/schema.org\/Answer\"><div itemprop=\"text\">\n<p>S\u00ed, nuestro equipo de Rocketeers est\u00e1 a tu disposici\u00f3n! Puedes enviar una petici\u00f3n de soporte en cualquier momento desde la pesta\u00f1a Soporte, en el panel de control del plugin: estaremos encantados de ayudarte.<\/p>\n<\/div><\/div><\/div>\n\n\n\n<div class=\"wp-block-who-accordion schema-faq-section\" itemscope itemprop=\"mainEntity\" itemtype=\"https:\/\/schema.org\/Question\"><h3 class=\"schema-faq-question\" itemprop=\"name\">\u00bfPuedo usar WP Rocket en los sitios web de mis clientes?<\/h3><div class=\"schema-faq-answer\" itemscope itemprop=\"acceptedAnswer\" itemtype=\"https:\/\/schema.org\/Answer\"><div itemprop=\"text\">\n<p>S\u00ed, puedes utilizar nuestra licencia Multi para instalar WP&nbsp;Rocket en los sitios webs de tus clientes, a menos que ofrezcas servicios de alojamiento. Tambi\u00e9n tenemos un&nbsp;<a href=\"https:\/\/wp-rocket.me\/es\/programa-de-afiliacion-de-wp-rocket\/\">Programa de Afiliaci\u00f3n<\/a>&nbsp;que podr\u00eda interesarte.<\/p>\n<\/div><\/div><\/div>\n\n\n\n<div class=\"wp-block-who-accordion schema-faq-section\" itemscope itemprop=\"mainEntity\" itemtype=\"https:\/\/schema.org\/Question\"><h3 class=\"schema-faq-question\" itemprop=\"name\">\u00bfNecesito tener conocimientos de c\u00f3digo para usar WP Rocket?<\/h3><div class=\"schema-faq-answer\" itemscope itemprop=\"acceptedAnswer\" itemtype=\"https:\/\/schema.org\/Answer\"><div itemprop=\"text\">\n<p>\u00a1Para nada! WP Rocket es el \u00fanico plugin de cach\u00e9 que implementa m\u00e1s del 80% de las buenas pr\u00e1cticas de rendimiento web sin ninguna opci\u00f3n activada. Esto significa que lo \u00fanico que debes hacer es instalarlo y activarlo: WP Rocket empezar\u00e1 autom\u00e1ticamente a crear la cach\u00e9 de tus p\u00e1ginas, sin necesidad de tocar el c\u00f3digo!<\/p>\n<\/div><\/div><\/div>\n\n\n\n<div class=\"wp-block-who-accordion schema-faq-section\" itemscope itemprop=\"mainEntity\" itemtype=\"https:\/\/schema.org\/Question\"><h3 class=\"schema-faq-question\" itemprop=\"name\">\u00bfWP Rocket funciona tambi\u00e9n en WordPress.com?<\/h3><div class=\"schema-faq-answer\" itemscope itemprop=\"acceptedAnswer\" itemtype=\"https:\/\/schema.org\/Answer\"><div itemprop=\"text\">\n<p>S\u00ed, si tienes un plan Business o eCommerce en WordPress.com puedes instalar WP Rocket en tus sitios web. Si has optado por un plan Personal o Premium, no puedes a\u00f1adir WP Rocket ni ning\u00fan otro plugin en tus sitios web.<\/p>\n<\/div><\/div><\/div>\n\n\n\n<div class=\"wp-block-who-accordion schema-faq-section\" itemscope itemprop=\"mainEntity\" itemtype=\"https:\/\/schema.org\/Question\"><h3 class=\"schema-faq-question\" itemprop=\"name\">\u00bfEs WP Rocket conforme con el RGDP?<\/h3><div class=\"schema-faq-answer\" itemscope itemprop=\"acceptedAnswer\" itemtype=\"https:\/\/schema.org\/Answer\"><div itemprop=\"text\">\n<p>S\u00ed, WP Rocket cumple con el RGDP. No almacena ni accede a ningu\u00fan dato personal. Tampoco a\u00f1ade ning\u00fan cookie.<\/p>\n<\/div><\/div><\/div>\n<\/div>\n\n\n\n<div class=\"wp-block-column is-layout-flow wp-block-column-is-layout-flow\" style=\"flex-basis:33.33%\">\n<div class=\"block-testimonial is-style-square-testimonial has-gray-background-color\">\n\t\n\t<figure class=\"block-testimonial__logo\"><img decoding=\"async\" src=\"https:\/\/wp-rocket.me\/wp-content\/uploads\/fly-images\/5387781\/GTmetrix-6-9999x67-c.png\" width=\"164\" height=\"60\" srcset=\"https:\/\/wp-rocket.me\/wp-content\/uploads\/fly-images\/5387781\/GTmetrix-6-9999x134-c.png 2x\" alt=\"\" loading=\"lazy\" class=\"block-testimonial__logo\" draggable=\"false\"><\/figure>\n\n\t\n\t<blockquote class=\"wp-block-quote\">\n\t\t<p>Despu\u00e9s de haber probado WP Rocket exhaustivamente, desde el equipo de GTmetrix concluimos que es uno de los plugins de cach\u00e9 m\u00e1s efectivos y simples de usar para mejorar el rendimiento de WordPress.<\/p>\n\n\t\t\n\t\t<cite class=\"block-testimonial__cite\">\n\t\t\t<img decoding=\"async\" src=\"https:\/\/wp-rocket.me\/wp-content\/uploads\/fly-images\/5388889\/Ian-Pham-48x67-c.png\" width=\"48\" height=\"67\" srcset=\"https:\/\/wp-rocket.me\/wp-content\/uploads\/fly-images\/5388889\/Ian-Pham-96x134-c.png 2x\" alt=\"\" loading=\"lazy\" class=\"block-testimonial__image\" draggable=\"false\">\t\t\t<span class=\"block-testimonial__author\">\n\t\t\t\t<span class=\"has-style-bold\">Ian Pham<\/span>\n\t\t\t\tL\u00edder de plataforma, GTmetrix\t\t\t<\/span>\n\t\t<\/cite>\n\n\t\t\t<\/blockquote>\n\n\t<\/div>\n\n\n\n<hr class=\"wp-block-separator has-css-opacity\"\/>\n\n\n\n<div class=\"block-testimonial is-style-square-testimonial has-gray-background-color\">\n\t\n\t<figure class=\"block-testimonial__logo\"><img decoding=\"async\" src=\"https:\/\/wp-rocket.me\/wp-content\/uploads\/fly-images\/5715769\/rank-math-icon-9999x67-c.png\" width=\"116\" height=\"67\" srcset=\"https:\/\/wp-rocket.me\/wp-content\/uploads\/fly-images\/5715769\/rank-math-icon-9999x134-c.png 2x\" alt=\"\" loading=\"lazy\" class=\"block-testimonial__logo\" draggable=\"false\"><\/figure>\n\n\t\n\t<blockquote class=\"wp-block-quote\">\n\t\t<p>WP Rocket revoluciona el rendimiento de cualquier sitio web de WordPress. Al optimizar la velocidad de tu sitio con WP Rocket, no solo mejoras la experiencia del usuario, sino que tambi\u00e9n mejoras enormemente las clasificaciones SEO. Es una herramienta esencial que todo propietario de un sitio web debe tener en su arsenal para desbloquear el \u00e9xito que aporta el SEO de primera clase.<br><\/p>\n\n\t\t\n\t\t<cite class=\"block-testimonial__cite\">\n\t\t\t<img decoding=\"async\" src=\"https:\/\/wp-rocket.me\/wp-content\/uploads\/fly-images\/5715981\/Markup-2023-06-26-at-13.59.08-48x67-c.png\" width=\"48\" height=\"67\" srcset=\"https:\/\/wp-rocket.me\/wp-content\/uploads\/fly-images\/5715981\/Markup-2023-06-26-at-13.59.08-96x134-c.png 2x\" alt=\"\" loading=\"lazy\" class=\"block-testimonial__image\" draggable=\"false\">\t\t\t<span class=\"block-testimonial__author\">\n\t\t\t\t<span class=\"has-style-bold\">Bhanu Ahluwalia<\/span>\n\t\t\t\tCofundador de Rank Math\t\t\t<\/span>\n\t\t<\/cite>\n\n\t\t\t<\/blockquote>\n\n\t<\/div>\n\n\n\n<hr class=\"wp-block-separator has-css-opacity is-style-default\"\/>\n\n\n\n<div class=\"block-testimonial is-style-square-testimonial has-gray-background-color\">\n\t\n\t<figure class=\"block-testimonial__logo\"><\/figure>\n\n\t\n\t<blockquote class=\"wp-block-quote\">\n\t\t<p>WP Rocket saca la mejor nota. La configuraci\u00f3n m\u00e1s sencilla junto con las mejores pr\u00e1cticas de c\u00f3digo WordPress y un excelente servicio al cliente: no puedo m\u00e1s que hablar bien de este plugin y de las personas detr\u00e1s de ello.<\/p>\n\n\t\t\n\t\t<cite class=\"block-testimonial__cite\">\n\t\t\t<img decoding=\"async\" src=\"https:\/\/wp-rocket.me\/wp-content\/uploads\/fly-images\/3158977\/matt-cromwell-96x134-c-48x67-c.jpg\" width=\"48\" height=\"67\" srcset=\"https:\/\/wp-rocket.me\/wp-content\/uploads\/fly-images\/3158977\/matt-cromwell-96x134-c-96x134-c.jpg 2x\" alt=\"\" loading=\"lazy\" class=\"block-testimonial__image\" draggable=\"false\">\t\t\t<span class=\"block-testimonial__author\">\n\t\t\t\t<span class=\"has-style-bold\">Matt Cromwell<\/span>\n\t\t\t\tJefe de Soporte en WordImpress\t\t\t<\/span>\n\t\t<\/cite>\n\n\t\t\t<\/blockquote>\n\n\t<\/div>\n<\/div>\n<\/div>\n<\/div><\/div>\n","protected":false},"excerpt":{"rendered":"<p>Elige la licencia que mejor se adapte a tus necesidades.<\/p>\n","protected":false},"author":1,"featured_media":0,"parent":0,"menu_order":1,"comment_status":"closed","ping_status":"closed","template":"","meta":{"_acf_changed":false,"inline_featured_image":false,"kia_subtitle":"","footnotes":""},"class_list":["post-990","page","type-page","status-publish","hentry"],"acf":[],"yoast_head":"<!-- This site is optimized with the Yoast SEO plugin v25.3 - https:\/\/yoast.com\/wordpress\/plugins\/seo\/ -->\n<title>Precios y Compra - WP Rocket<\/title>\n<meta name=\"description\" content=\"Mira precios y ofertas de WP Rocket, el plugin de cach\u00e9 para WordPress.\" \/>\n<meta name=\"robots\" content=\"index, follow, max-snippet:-1, max-image-preview:large, max-video-preview:-1\" \/>\n<link rel=\"canonical\" href=\"https:\/\/wp-rocket.me\/es\/precios\/\" \/>\n<meta property=\"og:locale\" content=\"es_ES\" \/>\n<meta property=\"og:type\" content=\"article\" \/>\n<meta property=\"og:title\" content=\"Precios y Compra - WP Rocket\" \/>\n<meta property=\"og:description\" content=\"Mira precios y ofertas de WP Rocket, el plugin de cach\u00e9 para WordPress.\" \/>\n<meta property=\"og:url\" content=\"https:\/\/wp-rocket.me\/es\/precios\/\" \/>\n<meta property=\"og:site_name\" content=\"WP Rocket\" \/>\n<meta property=\"article:publisher\" content=\"https:\/\/www.facebook.com\/pages\/WP-Rocket\/631942253526829\" \/>\n<meta property=\"article:modified_time\" content=\"2025-12-12T16:53:31+00:00\" \/>\n<meta property=\"og:image\" content=\"https:\/\/wp-rocket.me\/wp-content\/uploads\/2024\/10\/1200x800-Featured-Image.png\" \/>\n\t<meta property=\"og:image:width\" content=\"2048\" \/>\n\t<meta property=\"og:image:height\" content=\"1365\" \/>\n\t<meta property=\"og:image:type\" content=\"image\/png\" \/>\n<meta name=\"twitter:card\" content=\"summary_large_image\" \/>\n<meta name=\"twitter:site\" content=\"@wp_rocket\" \/>\n<meta name=\"twitter:label1\" content=\"Tiempo de lectura\" \/>\n\t<meta name=\"twitter:data1\" content=\"3 minutos\" \/>\n<script type=\"application\/ld+json\" class=\"yoast-schema-graph\">{\"@context\":\"https:\/\/schema.org\",\"@graph\":[{\"@type\":\"WebPage\",\"@id\":\"https:\/\/wp-rocket.me\/es\/precios\/\",\"url\":\"https:\/\/wp-rocket.me\/es\/precios\/\",\"name\":\"Precios y Compra - WP Rocket\",\"isPartOf\":{\"@id\":\"https:\/\/wp-rocket.me\/#website\"},\"datePublished\":\"2014-04-30T20:24:26+00:00\",\"dateModified\":\"2025-12-12T16:53:31+00:00\",\"description\":\"Mira precios y ofertas de WP Rocket, el plugin de cach\u00e9 para WordPress.\",\"breadcrumb\":{\"@id\":\"https:\/\/wp-rocket.me\/es\/precios\/#breadcrumb\"},\"inLanguage\":\"es\",\"potentialAction\":[{\"@type\":\"ReadAction\",\"target\":[\"https:\/\/wp-rocket.me\/es\/precios\/\"]}]},{\"@type\":\"BreadcrumbList\",\"@id\":\"https:\/\/wp-rocket.me\/es\/precios\/#breadcrumb\",\"itemListElement\":[{\"@type\":\"ListItem\",\"position\":1,\"name\":\"Inicio\",\"item\":\"https:\/\/wp-rocket.me\/es\/\"},{\"@type\":\"ListItem\",\"position\":2,\"name\":\"Actual\u00edzate a una velocidad superior\"}]},{\"@type\":\"WebSite\",\"@id\":\"https:\/\/wp-rocket.me\/#website\",\"url\":\"https:\/\/wp-rocket.me\/\",\"name\":\"WP Rocket\",\"description\":\"Plugin d&#039;optimisation de sites WordPress\",\"publisher\":{\"@id\":\"https:\/\/wp-rocket.me\/#organization\"},\"potentialAction\":[{\"@type\":\"SearchAction\",\"target\":{\"@type\":\"EntryPoint\",\"urlTemplate\":\"https:\/\/wp-rocket.me\/?s={search_term_string}\"},\"query-input\":{\"@type\":\"PropertyValueSpecification\",\"valueRequired\":true,\"valueName\":\"search_term_string\"}}],\"inLanguage\":\"es\"},{\"@type\":\"Organization\",\"@id\":\"https:\/\/wp-rocket.me\/#organization\",\"name\":\"WP Rocket\",\"url\":\"https:\/\/wp-rocket.me\/\",\"logo\":{\"@type\":\"ImageObject\",\"inLanguage\":\"es\",\"@id\":\"https:\/\/wp-rocket.me\/#\/schema\/logo\/image\/\",\"url\":\"https:\/\/wp-rocket.me\/wp-content\/uploads\/1\/logo-wp-rocket-paypal-2.png\",\"contentUrl\":\"https:\/\/wp-rocket.me\/wp-content\/uploads\/1\/logo-wp-rocket-paypal-2.png\",\"width\":150,\"height\":41,\"caption\":\"WP Rocket\"},\"image\":{\"@id\":\"https:\/\/wp-rocket.me\/#\/schema\/logo\/image\/\"},\"sameAs\":[\"https:\/\/www.facebook.com\/pages\/WP-Rocket\/631942253526829\",\"https:\/\/x.com\/wp_rocket\",\"https:\/\/www.youtube.com\/channel\/UC1ozThXHd1IWIZ5wkshgp_Q\"]}]}<\/script>\n<!-- \/ Yoast SEO plugin. -->","yoast_head_json":{"title":"Precios y Compra - WP Rocket","description":"Mira precios y ofertas de WP Rocket, el plugin de cach\u00e9 para WordPress.","robots":{"index":"index","follow":"follow","max-snippet":"max-snippet:-1","max-image-preview":"max-image-preview:large","max-video-preview":"max-video-preview:-1"},"canonical":"https:\/\/wp-rocket.me\/es\/precios\/","og_locale":"es_ES","og_type":"article","og_title":"Precios y Compra - WP Rocket","og_description":"Mira precios y ofertas de WP Rocket, el plugin de cach\u00e9 para WordPress.","og_url":"https:\/\/wp-rocket.me\/es\/precios\/","og_site_name":"WP Rocket","article_publisher":"https:\/\/www.facebook.com\/pages\/WP-Rocket\/631942253526829","article_modified_time":"2025-12-12T16:53:31+00:00","og_image":[{"width":2048,"height":1365,"url":"https:\/\/wp-rocket.me\/wp-content\/uploads\/2024\/10\/1200x800-Featured-Image.png","type":"image\/png"}],"twitter_card":"summary_large_image","twitter_site":"@wp_rocket","twitter_misc":{"Tiempo de lectura":"3 minutos"},"schema":{"@context":"https:\/\/schema.org","@graph":[{"@type":"WebPage","@id":"https:\/\/wp-rocket.me\/es\/precios\/","url":"https:\/\/wp-rocket.me\/es\/precios\/","name":"Precios y Compra - WP Rocket","isPartOf":{"@id":"https:\/\/wp-rocket.me\/#website"},"datePublished":"2014-04-30T20:24:26+00:00","dateModified":"2025-12-12T16:53:31+00:00","description":"Mira precios y ofertas de WP Rocket, el plugin de cach\u00e9 para WordPress.","breadcrumb":{"@id":"https:\/\/wp-rocket.me\/es\/precios\/#breadcrumb"},"inLanguage":"es","potentialAction":[{"@type":"ReadAction","target":["https:\/\/wp-rocket.me\/es\/precios\/"]}]},{"@type":"BreadcrumbList","@id":"https:\/\/wp-rocket.me\/es\/precios\/#breadcrumb","itemListElement":[{"@type":"ListItem","position":1,"name":"Inicio","item":"https:\/\/wp-rocket.me\/es\/"},{"@type":"ListItem","position":2,"name":"Actual\u00edzate a una velocidad superior"}]},{"@type":"WebSite","@id":"https:\/\/wp-rocket.me\/#website","url":"https:\/\/wp-rocket.me\/","name":"WP Rocket","description":"Plugin d&#039;optimisation de sites WordPress","publisher":{"@id":"https:\/\/wp-rocket.me\/#organization"},"potentialAction":[{"@type":"SearchAction","target":{"@type":"EntryPoint","urlTemplate":"https:\/\/wp-rocket.me\/?s={search_term_string}"},"query-input":{"@type":"PropertyValueSpecification","valueRequired":true,"valueName":"search_term_string"}}],"inLanguage":"es"},{"@type":"Organization","@id":"https:\/\/wp-rocket.me\/#organization","name":"WP Rocket","url":"https:\/\/wp-rocket.me\/","logo":{"@type":"ImageObject","inLanguage":"es","@id":"https:\/\/wp-rocket.me\/#\/schema\/logo\/image\/","url":"https:\/\/wp-rocket.me\/wp-content\/uploads\/1\/logo-wp-rocket-paypal-2.png","contentUrl":"https:\/\/wp-rocket.me\/wp-content\/uploads\/1\/logo-wp-rocket-paypal-2.png","width":150,"height":41,"caption":"WP Rocket"},"image":{"@id":"https:\/\/wp-rocket.me\/#\/schema\/logo\/image\/"},"sameAs":["https:\/\/www.facebook.com\/pages\/WP-Rocket\/631942253526829","https:\/\/x.com\/wp_rocket","https:\/\/www.youtube.com\/channel\/UC1ozThXHd1IWIZ5wkshgp_Q"]}]}},"_links":{"self":[{"href":"https:\/\/wp-rocket.me\/es\/wp-json\/wp\/v2\/pages\/990","targetHints":{"allow":["GET"]}}],"collection":[{"href":"https:\/\/wp-rocket.me\/es\/wp-json\/wp\/v2\/pages"}],"about":[{"href":"https:\/\/wp-rocket.me\/es\/wp-json\/wp\/v2\/types\/page"}],"author":[{"embeddable":true,"href":"https:\/\/wp-rocket.me\/es\/wp-json\/wp\/v2\/users\/1"}],"replies":[{"embeddable":true,"href":"https:\/\/wp-rocket.me\/es\/wp-json\/wp\/v2\/comments?post=990"}],"version-history":[{"count":0,"href":"https:\/\/wp-rocket.me\/es\/wp-json\/wp\/v2\/pages\/990\/revisions"}],"wp:attachment":[{"href":"https:\/\/wp-rocket.me\/es\/wp-json\/wp\/v2\/media?parent=990"}],"curies":[{"name":"wp","href":"https:\/\/api.w.org\/{rel}","templated":true}]}}