{"id":3174437,"date":"2021-03-17T12:00:10","date_gmt":"2021-03-17T11:00:10","guid":{"rendered":"https:\/\/wp-rocket.me\/check-helpcenter-tips\/"},"modified":"2021-03-17T12:06:24","modified_gmt":"2021-03-17T11:06:24","slug":"check-helpcenter-tips","status":"publish","type":"page","link":"https:\/\/wp-rocket.me\/es\/check-helpcenter-tips\/","title":{"rendered":"Consejos para obtener un gran soporte."},"content":{"rendered":"\n<p>El soporte es un proceso de colaboraci\u00f3n &#8211; \u00a1compartimos el objetivo com\u00fan de querer resolver su problema! Cuanto m\u00e1s claramente pueda explicar su problema, m\u00e1s r\u00e1pido y m\u00e1s eficazmente podremos ayudarle.\ud83d\ude42<\/p>\n\n\n\n<ol class=\"list-round wp-block-list\"><li>Tome capturas de pantalla de su problema y utilice un servicio como Dropbox, Jumpshare, Cloudapp o similar para enviarnos enlaces a las capturas de pantalla.<\/li><li>Exponga claramente su problema o pregunta. Si hay varios temas, sep\u00e1relos con vi\u00f1etas o haga una lista.<\/li><li>Si su pregunta est\u00e1 relacionada con una prueba de velocidad (GTmetrix, Pingdom, etc.), por favor comparta con nosotros la URL del informe que est\u00e1 viendo. Esto es preferible a copiar\/pegar los resultados en el correo electr\u00f3nico o enviar capturas de pantalla del informe.<\/li><\/ol>\n","protected":false},"excerpt":{"rendered":"<p>El soporte es un proceso de colaboraci\u00f3n &#8211; \u00a1compartimos el objetivo com\u00fan de querer resolver su problema! Cuanto m\u00e1s claramente pueda explicar su problema, m\u00e1s r\u00e1pido y m\u00e1s eficazmente podremos ayudarle.\ud83d\ude42 Tome capturas de pantalla de su problema y utilice un servicio como Dropbox, Jumpshare, Cloudapp o similar para enviarnos enlaces a las capturas de [&hellip;]<\/p>\n","protected":false},"author":4,"featured_media":0,"parent":0,"menu_order":0,"comment_status":"closed","ping_status":"closed","template":"","meta":{"_acf_changed":false,"inline_featured_image":false,"kia_subtitle":"","footnotes":""},"class_list":["post-3174437","page","type-page","status-publish","hentry"],"acf":[],"yoast_head":"<!-- This site is optimized with the Yoast SEO plugin v25.3 - https:\/\/yoast.com\/wordpress\/plugins\/seo\/ -->\n<title>Consejos para obtener un gran soporte. - WP Rocket<\/title>\n<meta name=\"robots\" content=\"index, follow, max-snippet:-1, max-image-preview:large, max-video-preview:-1\" \/>\n<link rel=\"canonical\" href=\"https:\/\/wp-rocket.me\/es\/check-helpcenter-tips\/\" \/>\n<meta property=\"og:locale\" content=\"es_ES\" \/>\n<meta property=\"og:type\" content=\"article\" \/>\n<meta property=\"og:title\" content=\"Consejos para obtener un gran soporte. - WP Rocket\" \/>\n<meta property=\"og:description\" content=\"El soporte es un proceso de colaboraci\u00f3n &#8211; \u00a1compartimos el objetivo com\u00fan de querer resolver su problema! Cuanto m\u00e1s claramente pueda explicar su problema, m\u00e1s r\u00e1pido y m\u00e1s eficazmente podremos ayudarle.\ud83d\ude42 Tome capturas de pantalla de su problema y utilice un servicio como Dropbox, Jumpshare, Cloudapp o similar para enviarnos enlaces a las capturas de [&hellip;]\" \/>\n<meta property=\"og:url\" content=\"https:\/\/wp-rocket.me\/es\/check-helpcenter-tips\/\" \/>\n<meta property=\"og:site_name\" content=\"WP Rocket\" \/>\n<meta property=\"article:publisher\" content=\"https:\/\/www.facebook.com\/pages\/WP-Rocket\/631942253526829\" \/>\n<meta property=\"article:modified_time\" content=\"2021-03-17T11:06:24+00:00\" \/>\n<meta property=\"og:image\" content=\"https:\/\/wp-rocket.me\/wp-content\/uploads\/2024\/10\/1200x800-Featured-Image.png\" \/>\n\t<meta property=\"og:image:width\" content=\"2048\" \/>\n\t<meta property=\"og:image:height\" content=\"1365\" \/>\n\t<meta property=\"og:image:type\" content=\"image\/png\" \/>\n<meta name=\"twitter:card\" content=\"summary_large_image\" \/>\n<meta name=\"twitter:site\" content=\"@wp_rocket\" \/>\n<meta name=\"twitter:label1\" content=\"Tiempo de lectura\" \/>\n\t<meta name=\"twitter:data1\" content=\"1 minuto\" \/>\n<script type=\"application\/ld+json\" class=\"yoast-schema-graph\">{\"@context\":\"https:\/\/schema.org\",\"@graph\":[{\"@type\":\"WebPage\",\"@id\":\"https:\/\/wp-rocket.me\/es\/check-helpcenter-tips\/\",\"url\":\"https:\/\/wp-rocket.me\/es\/check-helpcenter-tips\/\",\"name\":\"Consejos para obtener un gran soporte. - WP Rocket\",\"isPartOf\":{\"@id\":\"https:\/\/wp-rocket.me\/#website\"},\"datePublished\":\"2021-03-17T11:00:10+00:00\",\"dateModified\":\"2021-03-17T11:06:24+00:00\",\"breadcrumb\":{\"@id\":\"https:\/\/wp-rocket.me\/es\/check-helpcenter-tips\/#breadcrumb\"},\"inLanguage\":\"es\",\"potentialAction\":[{\"@type\":\"ReadAction\",\"target\":[\"https:\/\/wp-rocket.me\/es\/check-helpcenter-tips\/\"]}]},{\"@type\":\"BreadcrumbList\",\"@id\":\"https:\/\/wp-rocket.me\/es\/check-helpcenter-tips\/#breadcrumb\",\"itemListElement\":[{\"@type\":\"ListItem\",\"position\":1,\"name\":\"Inicio\",\"item\":\"https:\/\/wp-rocket.me\/es\/\"},{\"@type\":\"ListItem\",\"position\":2,\"name\":\"Consejos para obtener un gran soporte.\"}]},{\"@type\":\"WebSite\",\"@id\":\"https:\/\/wp-rocket.me\/#website\",\"url\":\"https:\/\/wp-rocket.me\/\",\"name\":\"WP Rocket\",\"description\":\"Plugin d&#039;optimisation de sites WordPress\",\"publisher\":{\"@id\":\"https:\/\/wp-rocket.me\/#organization\"},\"potentialAction\":[{\"@type\":\"SearchAction\",\"target\":{\"@type\":\"EntryPoint\",\"urlTemplate\":\"https:\/\/wp-rocket.me\/?s={search_term_string}\"},\"query-input\":{\"@type\":\"PropertyValueSpecification\",\"valueRequired\":true,\"valueName\":\"search_term_string\"}}],\"inLanguage\":\"es\"},{\"@type\":\"Organization\",\"@id\":\"https:\/\/wp-rocket.me\/#organization\",\"name\":\"WP Rocket\",\"url\":\"https:\/\/wp-rocket.me\/\",\"logo\":{\"@type\":\"ImageObject\",\"inLanguage\":\"es\",\"@id\":\"https:\/\/wp-rocket.me\/#\/schema\/logo\/image\/\",\"url\":\"https:\/\/wp-rocket.me\/wp-content\/uploads\/1\/logo-wp-rocket-paypal-2.png\",\"contentUrl\":\"https:\/\/wp-rocket.me\/wp-content\/uploads\/1\/logo-wp-rocket-paypal-2.png\",\"width\":150,\"height\":41,\"caption\":\"WP Rocket\"},\"image\":{\"@id\":\"https:\/\/wp-rocket.me\/#\/schema\/logo\/image\/\"},\"sameAs\":[\"https:\/\/www.facebook.com\/pages\/WP-Rocket\/631942253526829\",\"https:\/\/x.com\/wp_rocket\",\"https:\/\/www.youtube.com\/channel\/UC1ozThXHd1IWIZ5wkshgp_Q\"]}]}<\/script>\n<!-- \/ Yoast SEO plugin. -->","yoast_head_json":{"title":"Consejos para obtener un gran soporte. - WP Rocket","robots":{"index":"index","follow":"follow","max-snippet":"max-snippet:-1","max-image-preview":"max-image-preview:large","max-video-preview":"max-video-preview:-1"},"canonical":"https:\/\/wp-rocket.me\/es\/check-helpcenter-tips\/","og_locale":"es_ES","og_type":"article","og_title":"Consejos para obtener un gran soporte. - WP Rocket","og_description":"El soporte es un proceso de colaboraci\u00f3n &#8211; \u00a1compartimos el objetivo com\u00fan de querer resolver su problema! Cuanto m\u00e1s claramente pueda explicar su problema, m\u00e1s r\u00e1pido y m\u00e1s eficazmente podremos ayudarle.\ud83d\ude42 Tome capturas de pantalla de su problema y utilice un servicio como Dropbox, Jumpshare, Cloudapp o similar para enviarnos enlaces a las capturas de [&hellip;]","og_url":"https:\/\/wp-rocket.me\/es\/check-helpcenter-tips\/","og_site_name":"WP Rocket","article_publisher":"https:\/\/www.facebook.com\/pages\/WP-Rocket\/631942253526829","article_modified_time":"2021-03-17T11:06:24+00:00","og_image":[{"width":2048,"height":1365,"url":"https:\/\/wp-rocket.me\/wp-content\/uploads\/2024\/10\/1200x800-Featured-Image.png","type":"image\/png"}],"twitter_card":"summary_large_image","twitter_site":"@wp_rocket","twitter_misc":{"Tiempo de lectura":"1 minuto"},"schema":{"@context":"https:\/\/schema.org","@graph":[{"@type":"WebPage","@id":"https:\/\/wp-rocket.me\/es\/check-helpcenter-tips\/","url":"https:\/\/wp-rocket.me\/es\/check-helpcenter-tips\/","name":"Consejos para obtener un gran soporte. - WP Rocket","isPartOf":{"@id":"https:\/\/wp-rocket.me\/#website"},"datePublished":"2021-03-17T11:00:10+00:00","dateModified":"2021-03-17T11:06:24+00:00","breadcrumb":{"@id":"https:\/\/wp-rocket.me\/es\/check-helpcenter-tips\/#breadcrumb"},"inLanguage":"es","potentialAction":[{"@type":"ReadAction","target":["https:\/\/wp-rocket.me\/es\/check-helpcenter-tips\/"]}]},{"@type":"BreadcrumbList","@id":"https:\/\/wp-rocket.me\/es\/check-helpcenter-tips\/#breadcrumb","itemListElement":[{"@type":"ListItem","position":1,"name":"Inicio","item":"https:\/\/wp-rocket.me\/es\/"},{"@type":"ListItem","position":2,"name":"Consejos para obtener un gran soporte."}]},{"@type":"WebSite","@id":"https:\/\/wp-rocket.me\/#website","url":"https:\/\/wp-rocket.me\/","name":"WP Rocket","description":"Plugin d&#039;optimisation de sites WordPress","publisher":{"@id":"https:\/\/wp-rocket.me\/#organization"},"potentialAction":[{"@type":"SearchAction","target":{"@type":"EntryPoint","urlTemplate":"https:\/\/wp-rocket.me\/?s={search_term_string}"},"query-input":{"@type":"PropertyValueSpecification","valueRequired":true,"valueName":"search_term_string"}}],"inLanguage":"es"},{"@type":"Organization","@id":"https:\/\/wp-rocket.me\/#organization","name":"WP Rocket","url":"https:\/\/wp-rocket.me\/","logo":{"@type":"ImageObject","inLanguage":"es","@id":"https:\/\/wp-rocket.me\/#\/schema\/logo\/image\/","url":"https:\/\/wp-rocket.me\/wp-content\/uploads\/1\/logo-wp-rocket-paypal-2.png","contentUrl":"https:\/\/wp-rocket.me\/wp-content\/uploads\/1\/logo-wp-rocket-paypal-2.png","width":150,"height":41,"caption":"WP Rocket"},"image":{"@id":"https:\/\/wp-rocket.me\/#\/schema\/logo\/image\/"},"sameAs":["https:\/\/www.facebook.com\/pages\/WP-Rocket\/631942253526829","https:\/\/x.com\/wp_rocket","https:\/\/www.youtube.com\/channel\/UC1ozThXHd1IWIZ5wkshgp_Q"]}]}},"_links":{"self":[{"href":"https:\/\/wp-rocket.me\/es\/wp-json\/wp\/v2\/pages\/3174437","targetHints":{"allow":["GET"]}}],"collection":[{"href":"https:\/\/wp-rocket.me\/es\/wp-json\/wp\/v2\/pages"}],"about":[{"href":"https:\/\/wp-rocket.me\/es\/wp-json\/wp\/v2\/types\/page"}],"author":[{"embeddable":true,"href":"https:\/\/wp-rocket.me\/es\/wp-json\/wp\/v2\/users\/4"}],"replies":[{"embeddable":true,"href":"https:\/\/wp-rocket.me\/es\/wp-json\/wp\/v2\/comments?post=3174437"}],"version-history":[{"count":0,"href":"https:\/\/wp-rocket.me\/es\/wp-json\/wp\/v2\/pages\/3174437\/revisions"}],"wp:attachment":[{"href":"https:\/\/wp-rocket.me\/es\/wp-json\/wp\/v2\/media?parent=3174437"}],"curies":[{"name":"wp","href":"https:\/\/api.w.org\/{rel}","templated":true}]}}