{"id":3121982,"date":"2021-03-10T12:47:31","date_gmt":"2021-03-10T11:47:31","guid":{"rendered":"https:\/\/wp-rocket.me\/?page_id=3121982"},"modified":"2021-03-16T14:05:47","modified_gmt":"2021-03-16T13:05:47","slug":"imagify","status":"publish","type":"page","link":"https:\/\/wp-rocket.me\/es\/imagify\/","title":{"rendered":"Optimiza tus im\u00e1genes con Imagify"},"content":{"rendered":"\n<div class=\"wp-block-group alignfull\"><div class=\"wp-block-group__inner-container is-layout-flow wp-block-group-is-layout-flow\">\n<h2 class=\"has-text-align-center wp-block-heading\">La combinaci\u00f3n perfecta para una<br>velocidad incre\u00edble: WP\u00a0Rocket + Imagify<\/h2>\n\n\n\n<div class=\"wp-block-columns is-layout-flex wp-container-core-columns-is-layout-9d6595d7 wp-block-columns-is-layout-flex\">\n<div class=\"wp-block-column is-layout-flow wp-block-column-is-layout-flow\">\n<p>Detr\u00e1s de WP\u00a0Rocket e Imagify, hay una empresa, WP Media, que ha hecho de la\u00a0<strong>velocidad y la sencillez<\/strong>\u00a0su insignia.\u00a0<\/p>\n\n\n\n<p>Puedes utilizar nuestros plugins para hacer que tusitio web sea m\u00e1s r\u00e1pido, aumentar las conversiones y atraer audiencia: ofrecer a tus visitantes una <strong>experiencia ultrarr\u00e1pida<\/strong> es tu objetivo, pero tambi\u00e9n el nuestro.<\/p>\n<\/div>\n\n\n\n<div class=\"wp-block-column is-layout-flow wp-block-column-is-layout-flow\">\n<div class=\"block-icon-text\"><div class=\"block-icon-text__media\"><svg class=\"block-picto-svg\" aria-label=\"Performance\"><use xlink:href=\"https:\/\/wp-rocket.me\/wp-content\/themes\/V4\/sprite_svg_pictos.svg#picto-performance\"><\/use><\/svg><\/div><div class=\"block-icon-text__content\">\n<h3 class=\"wp-block-heading\">Con WP\u00a0Rocket<\/h3>\n\n\n\n<p>hacemos que tu sitio web sea m\u00e1s r\u00e1pido.<\/p>\n<\/div><\/div>\n\n\n\n<div class=\"block-icon-text\"><div class=\"block-icon-text__media\"><svg class=\"block-picto-svg\" aria-label=\"Lighter\"><use xlink:href=\"https:\/\/wp-rocket.me\/wp-content\/themes\/V4\/sprite_svg_pictos.svg#picto-lighter\"><\/use><\/svg><\/div><div class=\"block-icon-text__content\">\n<h3 class=\"wp-block-heading\">Con Imagify<\/h3>\n\n\n\n<p>aligeramos la web.<\/p>\n<\/div><\/div>\n<\/div>\n<\/div>\n\n\n\n<blockquote class=\"wp-block-quote alignwide is-layout-flow wp-block-quote-is-layout-flow\"><p> Cuando Imagify lleg\u00f3 como plugin de WP\u00a0Rocket, en seguida me di cuenta de que pod\u00eda confiar en \u00e9l para comprimir im\u00e1genes sin reducir la calidad visual. Fue una sorpresa muy agradable para m\u00ed que no esperaba\u201d.<\/p><cite>Bjorn Granberg<\/cite><\/blockquote>\n<\/div><\/div>\n\n\n\n<div class=\"wp-block-group alignfull has-gray-background-color has-background\"><div class=\"wp-block-group__inner-container is-layout-flow wp-block-group-is-layout-flow\">\n<h2 class=\"has-text-align-center wp-block-heading\">El poder de Imagify, directamente en WordPress<\/h2>\n\n\n\n<p class=\"aligncenter has-text-align-center\">Im\u00e1genes perfectas que se cargan en un instante, optimizadas con solo un clic<\/p>\n\n\n\n<div class=\"wp-block-columns wrapper--1100 is-layout-flex wp-container-core-columns-is-layout-9d6595d7 wp-block-columns-is-layout-flex\">\n<div class=\"wp-block-column is-layout-flow wp-block-column-is-layout-flow\">\n<figure class=\"wp-block-image size-large dots\"><img loading=\"lazy\" decoding=\"async\" width=\"490\" height=\"310\" src=\"https:\/\/wp-rocket.me\/wp-content\/uploads\/2021\/03\/imagify-bulk-optimization-skeleton.svg\" alt=\"\" class=\"wp-image-3162380\" title=\"\"\/><\/figure>\n<\/div>\n\n\n\n<div class=\"wp-block-column is-vertically-aligned-top is-layout-flow wp-block-column-is-layout-flow\">\n<div class=\"block-icon-text\"><div class=\"block-icon-text__media\"><svg class=\"block-picto-svg\" aria-label=\"Time\"><use xlink:href=\"https:\/\/wp-rocket.me\/wp-content\/themes\/V4\/sprite_svg_pictos.svg#picto-time\"><\/use><\/svg><\/div><div class=\"block-icon-text__content\">\n<h3 class=\"wp-block-heading\">Acelera tus sitios web<\/h3>\n\n\n\n<p>Im\u00e1genes m\u00e1s ligeras significan tiempos de carga m\u00e1s r\u00e1pidos, mejor experiencia de usuario y SEO superior.<\/p>\n<\/div><\/div>\n\n\n\n<div class=\"block-icon-text\"><div class=\"block-icon-text__media\"><svg class=\"block-picto-svg\" aria-label=\"Load\"><use xlink:href=\"https:\/\/wp-rocket.me\/wp-content\/themes\/V4\/sprite_svg_pictos.svg#picto-load\"><\/use><\/svg><\/div><div class=\"block-icon-text__content\">\n<h3 class=\"wp-block-heading\">Ahorra tiempo<\/h3>\n\n\n\n<p>Deja de tener que afinar tus im\u00e1genes; ahora se optimizan autom\u00e1ticamente.<\/p>\n<\/div><\/div>\n\n\n\n<div class=\"block-icon-text\"><div class=\"block-icon-text__media\"><svg class=\"block-picto-svg\" aria-label=\"Image\"><use xlink:href=\"https:\/\/wp-rocket.me\/wp-content\/themes\/V4\/sprite_svg_pictos.svg#picto-image\"><\/use><\/svg><\/div><div class=\"block-icon-text__content\">\n<h3 class=\"wp-block-heading\">No sacrifiques la calidad<\/h3>\n\n\n\n<p>Haz sus im\u00e1genes m\u00e1s ligeras sin comprometer su calidad. Tus im\u00e1genes lucir\u00e1n mejor que nunca.<\/p>\n<\/div><\/div>\n<\/div>\n<\/div>\n<\/div><\/div>\n\n\n\n<div class=\"wp-block-group alignfull\"><div class=\"wp-block-group__inner-container is-layout-flow wp-block-group-is-layout-flow\">\n<h2 class=\"has-text-align-center wp-block-heading\">Optimiza cualquier imagen<\/h2>\n\n\n\n<p class=\"aligncenter has-text-align-center\">Y mejora el tiempo de carga en un abrir y cerrar de ojos<\/p>\n\n\n\n<div class=\"wp-block-columns alignwide is-layout-flex wp-container-core-columns-is-layout-9d6595d7 wp-block-columns-is-layout-flex\">\n<div class=\"wp-block-column is-layout-flow wp-block-column-is-layout-flow\">\n<div class=\"block-icon-text\"><div class=\"block-icon-text__media\"><svg class=\"block-picto-svg\" aria-label=\"Image\"><use xlink:href=\"https:\/\/wp-rocket.me\/wp-content\/themes\/V4\/sprite_svg_pictos.svg#picto-image\"><\/use><\/svg><\/div><div class=\"block-icon-text__content\">\n<h3 class=\"wp-block-heading\">Todos los formatos de imagen<\/h3>\n\n\n\n<p>Optimiza las im\u00e1genes en formato JPG, PDF, PNG y GIF. Y para cada imagen tambi\u00e9n obtienes su versi\u00f3n WebP.<\/p>\n<\/div><\/div>\n\n\n\n<div class=\"block-icon-text\"><div class=\"block-icon-text__media\"><svg class=\"block-picto-svg\" aria-label=\"Optimize\"><use xlink:href=\"https:\/\/wp-rocket.me\/wp-content\/themes\/V4\/sprite_svg_pictos.svg#picto-optimize\"><\/use><\/svg><\/div><div class=\"block-icon-text__content\">\n<h3 class=\"wp-block-heading\">Comprueba el ahorro<\/h3>\n\n\n\n<p>Puedes comparar el peso de tus im\u00e1genes antes y despu\u00e9s de la compresi\u00f3n, gracias a las estad\u00edsticas actualizadas en el panel del plugin.<\/p>\n<\/div><\/div>\n<\/div>\n\n\n\n<div class=\"wp-block-column is-layout-flow wp-block-column-is-layout-flow\">\n<div class=\"block-icon-text\"><div class=\"block-icon-text__media\"><svg class=\"block-picto-svg\" aria-label=\"Customize\"><use xlink:href=\"https:\/\/wp-rocket.me\/wp-content\/themes\/V4\/sprite_svg_pictos.svg#picto-customize\"><\/use><\/svg><\/div><div class=\"block-icon-text__content\">\n<h3 class=\"wp-block-heading\">3 niveles de compresi\u00f3n<\/h3>\n\n\n\n<p>Puedes elegir tres niveles de compresi\u00f3n para optimizar autom\u00e1ticamente tus im\u00e1genes: Normal, Agresivo o Ultra.<\/p>\n<\/div><\/div>\n\n\n\n<div class=\"block-icon-text\"><div class=\"block-icon-text__media\"><svg class=\"block-picto-svg\" aria-label=\"Update\"><use xlink:href=\"https:\/\/wp-rocket.me\/wp-content\/themes\/V4\/sprite_svg_pictos.svg#picto-update\"><\/use><\/svg><\/div><div class=\"block-icon-text__content\">\n<h3 class=\"wp-block-heading\">Flexibilidad al alcance de tu mano<\/h3>\n\n\n\n<p>Restaura tus archivos de medios a su versi\u00f3n original u optim\u00edzalos a otro nivel de compresi\u00f3n cuando lo necesites.<\/p>\n<\/div><\/div>\n<\/div>\n<\/div>\n\n\n\n<div class=\"wp-block-buttons aligncenter has-text-align-center is-layout-flex wp-block-buttons-is-layout-flex\">\n<div class=\"wp-block-button\"><a class=\"wp-block-button__link has-blue-background-color has-background\" href=\"https:\/\/wordpress.org\/plugins\/imagify\/\" target=\"_blank\" rel=\"noreferrer noopener\">Obt\u00e9n Imagify para WordPress<\/a><\/div>\n<\/div>\n<\/div><\/div>\n\n\n\n<div class=\"block-cta alignfull is-targeted is-style-blue\">\n\t<div class=\"block-cta__wrapper\">\n\t\t<svg aria-hidden=\"true\" class=\"block-cta__pattern-left svg\" fill=\"none\" xmlns=\"http:\/\/www.w3.org\/2000\/svg\"><rect class=\"path path-10\" width=\"7.1\" height=\"7.1\" rx=\".9\" transform=\"scale(1 -1) rotate(45 226.2 -70.4)\" fill=\"#454F59\"\/><path class=\"path path-1\" fill-rule=\"evenodd\" clip-rule=\"evenodd\" d=\"M91.5 171.1a4.4 4.4 0 100 8.8 4.4 4.4 0 000-8.8z\" fill=\"#D0D3D8\"\/><path class=\"path path-3\" fill-rule=\"evenodd\" clip-rule=\"evenodd\" d=\"M166.5 95.1a4.4 4.4 0 110 8.8 4.4 4.4 0 010-8.8z\" fill=\"#FFD147\"\/><path class=\"path path-6\" d=\"M91.5 104l-4.9-8.3h9.8l-4.9 8.4z\" fill=\"#99D1DE\"\/><rect class=\"path path-5\" x=\"16.5\" y=\"104.5\" width=\"7.1\" height=\"7.1\" rx=\".9\" transform=\"rotate(-135 16.5 104.5)\" fill=\"#FFD0D8\"\/><path class=\"path path-2\" fill-rule=\"evenodd\" clip-rule=\"evenodd\" d=\"M16.5 247.1a4.4 4.4 0 100 8.8 4.4 4.4 0 000-8.8z\" fill=\"#FFD147\"\/><rect class=\"path path-7\" width=\"7.1\" height=\"7.1\" rx=\".9\" transform=\"scale(1 -1) rotate(45 355.4 -17.8)\" fill=\"#F56F46\"\/><path class=\"path path-4\" fill-rule=\"evenodd\" clip-rule=\"evenodd\" d=\"M16.5 19.1a4.4 4.4 0 100 8.8 4.4 4.4 0 000-8.8z\" fill=\"#FFD147\"\/><path class=\"path path-0\" fill-rule=\"evenodd\" clip-rule=\"evenodd\" d=\"M241.5 19.1a4.4 4.4 0 100 8.8 4.4 4.4 0 000-8.8z\" fill=\"#fff\"\/><path class=\"path path-8\" d=\"M166.5 28l4.9-8.3h-9.8l4.9 8.4z\" fill=\"#005BC6\"\/><rect class=\"path path-9\" width=\"7.1\" height=\"7.1\" rx=\".9\" transform=\"scale(1 -1) rotate(45 80.2 96.2)\" fill=\"#172153\"\/><\/svg>\n\t\t<svg aria-hidden=\"true\" class=\"block-cta__pattern-right svg\" fill=\"none\" xmlns=\"http:\/\/www.w3.org\/2000\/svg\"><rect class=\"path path-9\" width=\"7.1\" height=\"7.1\" rx=\".9\" transform=\"scale(1 -1) rotate(45 226.2 -70.4)\" fill=\"#454F59\"\/><path class=\"path path-2\" fill-rule=\"evenodd\" clip-rule=\"evenodd\" d=\"M91.5 171.1a4.4 4.4 0 100 8.8 4.4 4.4 0 000-8.8z\" fill=\"#D0D3D8\"\/><path class=\"path path-1\" fill-rule=\"evenodd\" clip-rule=\"evenodd\" d=\"M166.5 95.1a4.4 4.4 0 110 8.8 4.4 4.4 0 010-8.8z\" fill=\"#FFD147\"\/><path class=\"path path-0\" d=\"M91.5 104l-4.9-8.3h9.8l-4.9 8.4z\" fill=\"#99D1DE\"\/><rect class=\"path path-8\" x=\"16.5\" y=\"104.5\" width=\"7.1\" height=\"7.1\" rx=\".9\" transform=\"rotate(-135 16.5 104.5)\" fill=\"#FFD0D8\"\/><path class=\"path path-6\" fill-rule=\"evenodd\" clip-rule=\"evenodd\" d=\"M16.5 247.1a4.4 4.4 0 100 8.8 4.4 4.4 0 000-8.8z\" fill=\"#FFD147\"\/><rect class=\"path path-10\" width=\"7.1\" height=\"7.1\" rx=\".9\" transform=\"scale(1 -1) rotate(45 355.4 -17.8)\" fill=\"#F56F46\"\/><path class=\"path path-3\" fill-rule=\"evenodd\" clip-rule=\"evenodd\" d=\"M16.5 19.1a4.4 4.4 0 100 8.8 4.4 4.4 0 000-8.8z\" fill=\"#FFD147\"\/><path class=\"path path-4\" fill-rule=\"evenodd\" clip-rule=\"evenodd\" d=\"M241.5 19.1a4.4 4.4 0 100 8.8 4.4 4.4 0 000-8.8z\" fill=\"#fff\"\/><path class=\"path path-7\" d=\"M166.5 28l4.9-8.3h-9.8l4.9 8.4z\" fill=\"#005BC6\"\/><rect class=\"path path-5\" width=\"7.1\" height=\"7.1\" rx=\".9\" transform=\"scale(1 -1) rotate(45 80.2 96.2)\" fill=\"#172153\"\/><\/svg>\n\t\t<div class=\"block-cta__content\">\n\t\t\t\n\n<p>Compress Your Images<br>on the Fly, Without<br>Leaving WordPress<\/p>\n\n\n\n<div class=\"wp-block-button\"><a class=\"wp-block-button__link has-blue-background-color has-background\" href=\"https:\/\/wordpress.org\/plugins\/imagify\/\" target=\"_blank\" rel=\"noreferrer noopener\">Download the Imagify Plugin<\/a><\/div>\n\n\t\t<\/div>\n\t<\/div>\n<\/div>","protected":false},"excerpt":{"rendered":"<p>El empuj\u00f3n adicional a la velocidad de tu sitio web.<\/p>\n","protected":false},"author":129383,"featured_media":0,"parent":0,"menu_order":0,"comment_status":"closed","ping_status":"closed","template":"","meta":{"_acf_changed":false,"inline_featured_image":false,"kia_subtitle":"","footnotes":""},"class_list":["post-3121982","page","type-page","status-publish","hentry"],"acf":[],"yoast_head":"<!-- This site is optimized with the Yoast SEO plugin v25.3 - https:\/\/yoast.com\/wordpress\/plugins\/seo\/ -->\n<title>WP Rocket e Imagify<\/title>\n<meta name=\"description\" content=\"\u00bfBuscas herramientas adicionales para aumentar la velocidad de tu web junto a WP Rocket? \u00a1Descubre Imagify, nuestro plugin gratuito de optimizaci\u00f3n de im\u00e1genes!\" \/>\n<meta name=\"robots\" content=\"index, follow, max-snippet:-1, max-image-preview:large, max-video-preview:-1\" \/>\n<link rel=\"canonical\" href=\"https:\/\/wp-rocket.me\/es\/imagify\/\" \/>\n<meta property=\"og:locale\" content=\"es_ES\" \/>\n<meta property=\"og:type\" content=\"article\" \/>\n<meta property=\"og:title\" content=\"WP Rocket e Imagify\" \/>\n<meta property=\"og:description\" content=\"\u00bfBuscas herramientas adicionales para aumentar la velocidad de tu web junto a WP Rocket? \u00a1Descubre Imagify, nuestro plugin gratuito de optimizaci\u00f3n de im\u00e1genes!\" \/>\n<meta property=\"og:url\" content=\"https:\/\/wp-rocket.me\/es\/imagify\/\" \/>\n<meta property=\"og:site_name\" content=\"WP Rocket\" \/>\n<meta property=\"article:publisher\" content=\"https:\/\/www.facebook.com\/pages\/WP-Rocket\/631942253526829\" \/>\n<meta property=\"article:modified_time\" content=\"2021-03-16T13:05:47+00:00\" \/>\n<meta property=\"og:image\" content=\"https:\/\/wp-rocket.me\/wp-content\/uploads\/2021\/03\/imagify-bulk-optimization-skeleton.svg\" \/>\n<meta name=\"twitter:card\" content=\"summary_large_image\" \/>\n<meta name=\"twitter:site\" content=\"@wp_rocket\" \/>\n<meta name=\"twitter:label1\" content=\"Tiempo de lectura\" \/>\n\t<meta name=\"twitter:data1\" content=\"2 minutos\" \/>\n<script type=\"application\/ld+json\" class=\"yoast-schema-graph\">{\"@context\":\"https:\/\/schema.org\",\"@graph\":[{\"@type\":\"WebPage\",\"@id\":\"https:\/\/wp-rocket.me\/es\/imagify\/\",\"url\":\"https:\/\/wp-rocket.me\/es\/imagify\/\",\"name\":\"WP Rocket e Imagify\",\"isPartOf\":{\"@id\":\"https:\/\/wp-rocket.me\/#website\"},\"primaryImageOfPage\":{\"@id\":\"https:\/\/wp-rocket.me\/es\/imagify\/#primaryimage\"},\"image\":{\"@id\":\"https:\/\/wp-rocket.me\/es\/imagify\/#primaryimage\"},\"thumbnailUrl\":\"https:\/\/wp-rocket.me\/wp-content\/uploads\/2021\/03\/imagify-bulk-optimization-skeleton.svg\",\"datePublished\":\"2021-03-10T11:47:31+00:00\",\"dateModified\":\"2021-03-16T13:05:47+00:00\",\"description\":\"\u00bfBuscas herramientas adicionales para aumentar la velocidad de tu web junto a WP Rocket? \u00a1Descubre Imagify, nuestro plugin gratuito de optimizaci\u00f3n de im\u00e1genes!\",\"breadcrumb\":{\"@id\":\"https:\/\/wp-rocket.me\/es\/imagify\/#breadcrumb\"},\"inLanguage\":\"es\",\"potentialAction\":[{\"@type\":\"ReadAction\",\"target\":[\"https:\/\/wp-rocket.me\/es\/imagify\/\"]}]},{\"@type\":\"ImageObject\",\"inLanguage\":\"es\",\"@id\":\"https:\/\/wp-rocket.me\/es\/imagify\/#primaryimage\",\"url\":\"https:\/\/wp-rocket.me\/wp-content\/uploads\/2021\/03\/imagify-bulk-optimization-skeleton.svg\",\"contentUrl\":\"https:\/\/wp-rocket.me\/wp-content\/uploads\/2021\/03\/imagify-bulk-optimization-skeleton.svg\"},{\"@type\":\"BreadcrumbList\",\"@id\":\"https:\/\/wp-rocket.me\/es\/imagify\/#breadcrumb\",\"itemListElement\":[{\"@type\":\"ListItem\",\"position\":1,\"name\":\"Inicio\",\"item\":\"https:\/\/wp-rocket.me\/es\/\"},{\"@type\":\"ListItem\",\"position\":2,\"name\":\"Optimiza tus im\u00e1genes con Imagify\"}]},{\"@type\":\"WebSite\",\"@id\":\"https:\/\/wp-rocket.me\/#website\",\"url\":\"https:\/\/wp-rocket.me\/\",\"name\":\"WP Rocket\",\"description\":\"Plugin d&#039;optimisation de sites WordPress\",\"publisher\":{\"@id\":\"https:\/\/wp-rocket.me\/#organization\"},\"potentialAction\":[{\"@type\":\"SearchAction\",\"target\":{\"@type\":\"EntryPoint\",\"urlTemplate\":\"https:\/\/wp-rocket.me\/?s={search_term_string}\"},\"query-input\":{\"@type\":\"PropertyValueSpecification\",\"valueRequired\":true,\"valueName\":\"search_term_string\"}}],\"inLanguage\":\"es\"},{\"@type\":\"Organization\",\"@id\":\"https:\/\/wp-rocket.me\/#organization\",\"name\":\"WP Rocket\",\"url\":\"https:\/\/wp-rocket.me\/\",\"logo\":{\"@type\":\"ImageObject\",\"inLanguage\":\"es\",\"@id\":\"https:\/\/wp-rocket.me\/#\/schema\/logo\/image\/\",\"url\":\"https:\/\/wp-rocket.me\/wp-content\/uploads\/1\/logo-wp-rocket-paypal-2.png\",\"contentUrl\":\"https:\/\/wp-rocket.me\/wp-content\/uploads\/1\/logo-wp-rocket-paypal-2.png\",\"width\":150,\"height\":41,\"caption\":\"WP Rocket\"},\"image\":{\"@id\":\"https:\/\/wp-rocket.me\/#\/schema\/logo\/image\/\"},\"sameAs\":[\"https:\/\/www.facebook.com\/pages\/WP-Rocket\/631942253526829\",\"https:\/\/x.com\/wp_rocket\",\"https:\/\/www.youtube.com\/channel\/UC1ozThXHd1IWIZ5wkshgp_Q\"]}]}<\/script>\n<!-- \/ Yoast SEO plugin. -->","yoast_head_json":{"title":"WP Rocket e Imagify","description":"\u00bfBuscas herramientas adicionales para aumentar la velocidad de tu web junto a WP Rocket? \u00a1Descubre Imagify, nuestro plugin gratuito de optimizaci\u00f3n de im\u00e1genes!","robots":{"index":"index","follow":"follow","max-snippet":"max-snippet:-1","max-image-preview":"max-image-preview:large","max-video-preview":"max-video-preview:-1"},"canonical":"https:\/\/wp-rocket.me\/es\/imagify\/","og_locale":"es_ES","og_type":"article","og_title":"WP Rocket e Imagify","og_description":"\u00bfBuscas herramientas adicionales para aumentar la velocidad de tu web junto a WP Rocket? \u00a1Descubre Imagify, nuestro plugin gratuito de optimizaci\u00f3n de im\u00e1genes!","og_url":"https:\/\/wp-rocket.me\/es\/imagify\/","og_site_name":"WP Rocket","article_publisher":"https:\/\/www.facebook.com\/pages\/WP-Rocket\/631942253526829","article_modified_time":"2021-03-16T13:05:47+00:00","og_image":[{"url":"https:\/\/wp-rocket.me\/wp-content\/uploads\/2021\/03\/imagify-bulk-optimization-skeleton.svg","type":"","width":"","height":""}],"twitter_card":"summary_large_image","twitter_site":"@wp_rocket","twitter_misc":{"Tiempo de lectura":"2 minutos"},"schema":{"@context":"https:\/\/schema.org","@graph":[{"@type":"WebPage","@id":"https:\/\/wp-rocket.me\/es\/imagify\/","url":"https:\/\/wp-rocket.me\/es\/imagify\/","name":"WP Rocket e Imagify","isPartOf":{"@id":"https:\/\/wp-rocket.me\/#website"},"primaryImageOfPage":{"@id":"https:\/\/wp-rocket.me\/es\/imagify\/#primaryimage"},"image":{"@id":"https:\/\/wp-rocket.me\/es\/imagify\/#primaryimage"},"thumbnailUrl":"https:\/\/wp-rocket.me\/wp-content\/uploads\/2021\/03\/imagify-bulk-optimization-skeleton.svg","datePublished":"2021-03-10T11:47:31+00:00","dateModified":"2021-03-16T13:05:47+00:00","description":"\u00bfBuscas herramientas adicionales para aumentar la velocidad de tu web junto a WP Rocket? \u00a1Descubre Imagify, nuestro plugin gratuito de optimizaci\u00f3n de im\u00e1genes!","breadcrumb":{"@id":"https:\/\/wp-rocket.me\/es\/imagify\/#breadcrumb"},"inLanguage":"es","potentialAction":[{"@type":"ReadAction","target":["https:\/\/wp-rocket.me\/es\/imagify\/"]}]},{"@type":"ImageObject","inLanguage":"es","@id":"https:\/\/wp-rocket.me\/es\/imagify\/#primaryimage","url":"https:\/\/wp-rocket.me\/wp-content\/uploads\/2021\/03\/imagify-bulk-optimization-skeleton.svg","contentUrl":"https:\/\/wp-rocket.me\/wp-content\/uploads\/2021\/03\/imagify-bulk-optimization-skeleton.svg"},{"@type":"BreadcrumbList","@id":"https:\/\/wp-rocket.me\/es\/imagify\/#breadcrumb","itemListElement":[{"@type":"ListItem","position":1,"name":"Inicio","item":"https:\/\/wp-rocket.me\/es\/"},{"@type":"ListItem","position":2,"name":"Optimiza tus im\u00e1genes con Imagify"}]},{"@type":"WebSite","@id":"https:\/\/wp-rocket.me\/#website","url":"https:\/\/wp-rocket.me\/","name":"WP Rocket","description":"Plugin d&#039;optimisation de sites WordPress","publisher":{"@id":"https:\/\/wp-rocket.me\/#organization"},"potentialAction":[{"@type":"SearchAction","target":{"@type":"EntryPoint","urlTemplate":"https:\/\/wp-rocket.me\/?s={search_term_string}"},"query-input":{"@type":"PropertyValueSpecification","valueRequired":true,"valueName":"search_term_string"}}],"inLanguage":"es"},{"@type":"Organization","@id":"https:\/\/wp-rocket.me\/#organization","name":"WP Rocket","url":"https:\/\/wp-rocket.me\/","logo":{"@type":"ImageObject","inLanguage":"es","@id":"https:\/\/wp-rocket.me\/#\/schema\/logo\/image\/","url":"https:\/\/wp-rocket.me\/wp-content\/uploads\/1\/logo-wp-rocket-paypal-2.png","contentUrl":"https:\/\/wp-rocket.me\/wp-content\/uploads\/1\/logo-wp-rocket-paypal-2.png","width":150,"height":41,"caption":"WP Rocket"},"image":{"@id":"https:\/\/wp-rocket.me\/#\/schema\/logo\/image\/"},"sameAs":["https:\/\/www.facebook.com\/pages\/WP-Rocket\/631942253526829","https:\/\/x.com\/wp_rocket","https:\/\/www.youtube.com\/channel\/UC1ozThXHd1IWIZ5wkshgp_Q"]}]}},"_links":{"self":[{"href":"https:\/\/wp-rocket.me\/es\/wp-json\/wp\/v2\/pages\/3121982","targetHints":{"allow":["GET"]}}],"collection":[{"href":"https:\/\/wp-rocket.me\/es\/wp-json\/wp\/v2\/pages"}],"about":[{"href":"https:\/\/wp-rocket.me\/es\/wp-json\/wp\/v2\/types\/page"}],"author":[{"embeddable":true,"href":"https:\/\/wp-rocket.me\/es\/wp-json\/wp\/v2\/users\/129383"}],"replies":[{"embeddable":true,"href":"https:\/\/wp-rocket.me\/es\/wp-json\/wp\/v2\/comments?post=3121982"}],"version-history":[{"count":0,"href":"https:\/\/wp-rocket.me\/es\/wp-json\/wp\/v2\/pages\/3121982\/revisions"}],"wp:attachment":[{"href":"https:\/\/wp-rocket.me\/es\/wp-json\/wp\/v2\/media?parent=3121982"}],"curies":[{"name":"wp","href":"https:\/\/api.w.org\/{rel}","templated":true}]}}