{"id":3121788,"date":"2021-03-10T12:28:36","date_gmt":"2021-03-10T11:28:36","guid":{"rendered":"https:\/\/wp-rocket.me\/?page_id=3121788"},"modified":"2023-11-29T08:36:46","modified_gmt":"2023-11-29T07:36:46","slug":"rocketcdn","status":"publish","type":"page","link":"https:\/\/wp-rocket.me\/es\/rocketcdn\/","title":{"rendered":"Acelera tu sitio web"},"content":{"rendered":"\n<div class=\"wp-block-group alignfull\"><div class=\"wp-block-group__inner-container is-layout-flow wp-block-group-is-layout-flow\">\n<h2 class=\"wp-block-heading alignwide has-text-align-center\">Entrega tu contenido a velocidad luz<\/h2>\n\n\n\n<p class=\"has-text-align-center aligncenter\">Tus usuarios finales acceder\u00e1n a tu sitio web mucho m\u00e1s r\u00e1pido,<br>\u00a1no importa en qu\u00e9 parte del mundo se encuentren!<\/p>\n\n\n\n<div class=\"wp-block-columns is-layout-flex wp-container-core-columns-is-layout-9d6595d7 wp-block-columns-is-layout-flex\">\n<div class=\"wp-block-column is-layout-flow wp-block-column-is-layout-flow\">\n<p>Si con tu sitio web quieres llegar a un p\u00fablico internacional, la distancia del servidor de origen de tus visitantes tiene un gran impacto en el rendimiento.<\/p>\n\n\n\n<p><strong><strong>Con RocketCDN, cualquier persona puede acceder a tu contenido r\u00e1pidamente<\/strong><\/strong>,&nbsp;\u00a1no importa en qu\u00e9 parte del mundo se encuentre!<\/p>\n\n\n\n<p>Reduce la latencia, el tiempo de ida y vuelta (RTT) y ahorra costes de ancho de banda con nuestra CDN personalizada: RocketCDN est\u00e1 aqu\u00ed para que tu sitio web sea m\u00e1s r\u00e1pido y tus visitantes m\u00e1s felices.<\/p>\n\n\n\n<p><em><em>Puedes darte de baja cuando lo desees, cada mes empezado es debido.<\/em><\/em><\/p>\n<\/div>\n\n\n\n<div class=\"wp-block-column is-vertically-aligned-top has-gray-background-color rounded-corner block-rocketcdn-price is-layout-flow wp-block-column-is-layout-flow\">\n<h2 class=\"wp-block-heading has-text-align-center\" style=\"font-size:44px;line-height:1\"><meta charset=\"utf-8\"><sub><sup>$<\/sup><\/sub>7.99<sub>\/mes<\/sub><\/h2>\n\n\n\n<ul class=\"wp-block-list\">\n<li>Ancho de banda ilimitado*<\/li>\n\n\n\n<li>Archivos de la CDN servidos autom\u00e1ticamente a trav\u00e9s de HTTPS<\/li>\n\n\n\n<li>Tr\u00e1fico SSL&nbsp;<\/li>\n\n\n\n<li>Todos los Pops globales<\/li>\n<\/ul>\n\n\n\n<p class=\"has-small-font-size\"><em><em>* Nos reservamos el derecho de desactivar tu URL de RocketCDN si detectamos un mal uso del ancho de banda.<\/em><\/em><\/p>\n<\/div>\n<\/div>\n<\/div><\/div>\n\n\n\n<div class=\"wp-block-group alignfull has-gray-background-color has-background\"><div class=\"wp-block-group__inner-container is-layout-flow wp-block-group-is-layout-flow\">\n<h2 class=\"wp-block-heading has-text-align-center\">\u00bfPor qu\u00e9 elegir RocketCDN?<\/h2>\n\n\n\n<p class=\"has-text-align-center aligncenter\">Olv\u00eddate de los dolores de cabeza de la configuraci\u00f3n,<br>\u00a1nuestra configuraci\u00f3n autom\u00e1tica te ofrece los mejores resultados de velocidad!<\/p>\n\n\n\n<div class=\"block-icon-text\"><div class=\"block-icon-text__media\"><svg class=\"block-picto-svg\" aria-label=\"Enhancement\"><use xlink:href=\"https:\/\/wp-rocket.me\/wp-content\/themes\/V4\/sprite_svg_pictos.svg#picto-enhancement\"><\/use><\/svg><\/div><div class=\"block-icon-text__content\">\n<h3 class=\"wp-block-heading\">La mejor configuraci\u00f3n autom\u00e1tica<\/h3>\n\n\n\n<p>Ya no es necesario luchar con complicadas pesta\u00f1as y opciones de CDN.<br>Aplicamos autom\u00e1ticamente la mejor configuraci\u00f3n de CDN para aumentar tus calificaciones de velocidad y rendimiento.<\/p>\n<\/div><\/div>\n\n\n\n<div class=\"block-icon-text\"><div class=\"block-icon-text__media\"><svg class=\"block-picto-svg\" aria-label=\"Easy\"><use xlink:href=\"https:\/\/wp-rocket.me\/wp-content\/themes\/V4\/sprite_svg_pictos.svg#picto-easy\"><\/use><\/svg><\/div><div class=\"block-icon-text__content\">\n<h3 class=\"wp-block-heading\">F\u00e1cil integraci\u00f3n<\/h3>\n\n\n\n<p>Deja de perder tiempo buscando la mejor configuraci\u00f3n en el escritorio de tu proveedor de CDN.<br>RocketCDN no necesita ajustes: introduce tu URL personalizada y tu sitio web ser\u00e1 inmediatamente m\u00e1s r\u00e1pido. Es as\u00ed de sencillo.<\/p>\n<\/div><\/div>\n\n\n\n<div class=\"block-icon-text\"><div class=\"block-icon-text__media\"><svg class=\"block-picto-svg\" aria-label=\"Performance\"><use xlink:href=\"https:\/\/wp-rocket.me\/wp-content\/themes\/V4\/sprite_svg_pictos.svg#picto-performance\"><\/use><\/svg><\/div><div class=\"block-icon-text__content\">\n<h3 class=\"wp-block-heading\">Powered by Bunny CDN<\/h3>\n\n\n\n<p>Confiamos en bunny.net y en su CDN de alto rendimiento. Con m\u00e1s de 120 servidores edge, Bunny CDN tiene una de las CDN m\u00e1s r\u00e1pidas y es por tanto un aliado inestimable.<\/p>\n<\/div><\/div>\n<\/div><\/div>\n\n\n\n<div class=\"wp-block-group alignfull\"><div class=\"wp-block-group__inner-container is-layout-flow wp-block-group-is-layout-flow\">\n<h2 class=\"wp-block-heading has-text-align-center\">Una red amplia y fiable<\/h2>\n\n\n\n<p class=\"has-text-align-center aligncenter\">Bunny CDN cuenta con m\u00e1s de 120 servidores edge alrededor del mundo<\/p>\n\n\n\n<figure class=\"wp-block-image size-full\"><img loading=\"lazy\" decoding=\"async\" width=\"1671\" height=\"984\" src=\"https:\/\/wp-rocket.me\/wp-content\/uploads\/2023\/11\/RocketCDN_new-map-1.png\" alt=\"\" class=\"wp-image-6319987\" srcset=\"https:\/\/wp-rocket.me\/wp-content\/uploads\/2023\/11\/RocketCDN_new-map-1.png 1671w, https:\/\/wp-rocket.me\/wp-content\/uploads\/2023\/11\/RocketCDN_new-map-1-310x183.png 310w, https:\/\/wp-rocket.me\/wp-content\/uploads\/2023\/11\/RocketCDN_new-map-1-768x452.png 768w, https:\/\/wp-rocket.me\/wp-content\/uploads\/2023\/11\/RocketCDN_new-map-1-102x60.png 102w, https:\/\/wp-rocket.me\/wp-content\/uploads\/2023\/11\/RocketCDN_new-map-1-153x90.png 153w\" sizes=\"auto, (max-width: 1671px) 100vw, 1671px\" \/><\/figure>\n\n\n\n<p class=\"has-text-align-center aligncenter\">\u00bfNecesitas m\u00e1s informaci\u00f3n sobre RocketCDN?&nbsp;<a href=\"https:\/\/docs.wp-rocket.me\/category\/1336-rocketcdn\" target=\"_blank\" rel=\"noreferrer noopener\">\u00a1Consulta nuestra documentaci\u00f3n!<\/a><\/p>\n<\/div><\/div>\n\n\n\n<div class=\"wp-block-group alignfull has-gray-background-color has-background\"><div class=\"wp-block-group__inner-container is-layout-flow wp-block-group-is-layout-flow\">\n<h2 class=\"wp-block-heading has-text-align-center\">\u00a1No necesitas ser ingeniero aeroespacial para configurarlo<br>y hacerlo funcionar!<\/h2>\n\n\n\n<p class=\"has-text-align-center aligncenter\">La configuraci\u00f3n de RocketCDN es tan r\u00e1pida que s\u00f3lo requiere unos pocos clics:<\/p>\n\n\n\n<div class=\"block-three-steps alignwide\">\n\t<div class=\"block-three-steps__item has-yellow-background-color has-black-color\">\n\t\t<svg width=\"22\" height=\"32\" xmlns=\"http:\/\/www.w3.org\/2000\/svg\" fill=\"currentColor\" aria-label=\"1\"><path d=\"M0 31.3v-4.5h8.2V5.9L.4 8.4V3.7L10.6 0h3.1v26.8h7.8v4.5H0z\"\/><\/svg>\t\t<p>\n\t\t\t<span class=\"has-normal-heading-size\">Go<\/span>\n\t\t\tto the CDN tab in your WP Rocket admin panel\t\t<\/p>\n\t<\/div>\n\t<div class=\"block-three-steps__item has-white-color\">\n\t\t<svg width=\"24\" height=\"33\" fill=\"currentColor\" xmlns=\"http:\/\/www.w3.org\/2000\/svg\" aria-label=\"2\"><path d=\"M0 32.7h23.3v-5H8l6.6-5.5c5.7-4.7 8.4-7.4 8.4-12.5C23 3.8 18.6 0 12.3 0 6.6 0 3.5 2.4.5 6.7l4 3.2C7 6.7 9 5 12 5c3 0 5.2 1.8 5.2 5 0 2.9-1.6 4.9-6 8.7L0 28.2v4.5z\" fill=\"#fff\"\/><\/svg>\t\t<p>\n\t\t\t<span class=\"has-normal-heading-size has-white-color\">Activate<\/span>\n\t\t\tyour RocketCDN subscription\t\t<\/p>\n\t<\/div>\n\t<div class=\"block-three-steps__item has-blue-background-color\">\n\t\t<svg width=\"24\" height=\"33\" xmlns=\"http:\/\/www.w3.org\/2000\/svg\" fill=\"currentColor\" aria-label=\"3\"><path d=\"M12.3 32.8c6.7 0 11.3-4.3 11.3-10.3 0-6-4.6-8.5-9.5-9l9-9.3V0H1.8v5h14L7 14.1l1 3.5h2.6c4.5 0 7.4 1.8 7.4 5 0 3-2.4 5-5.6 5-3.6 0-6.1-1.6-8.4-4.3l-4 3.7c2.7 3.3 6.7 5.7 12.3 5.7z\" fill=\"#fff\"\/><\/svg>\t\t<p>\n\t\t\t<span class=\"has-normal-heading-size has-white-color\">Done!<\/span>\n\t\t\tAll CDN settings are automatically applied\t\t<\/p>\n\t<\/div>\n<\/div>\n<\/div><\/div>\n\n\n\n<div class=\"wp-block-group alignfull\"><div class=\"wp-block-group__inner-container is-layout-flow wp-block-group-is-layout-flow\">\n<h2 class=\"wp-block-heading has-text-align-center\">\u00bfNecesitas ayuda?<\/h2>\n\n\n\n<p class=\"has-text-align-center aligncenter\">Nuestros Rocketeers est\u00e1n a tu lado para ayudarte a sacarle el m\u00e1ximo partido a RocketCDN<\/p>\n\n\n\n<div class=\"block-meet-support alignwide\">\n\t<div class=\"block-meet-support__text\">\n\t\t<p class=\"has-normal-font-size\">Nuestros Rocketeers est\u00e1n disponibles para ayudarte si tienes cualquier pregunta o problema con nuestra oferta de CDN.<br><br>El soporte es la espina dorsal de WP\u00a0Rocket. Nuestro equipo de soporte conoce WP\u00a0Rocket y RocketCDN de memoria.\u00a0<\/p>\n\t\t<div class=\"has-orange-color block-meet-support__number\">\n\t\t\t92<span class=\"block-meet-support__percent\">%<\/span>\n\t\t<\/div>\n\t\t<span class=\"h3-like\">Puntaje de felicidad<\/span>\n\t\t<span class=\"has-small-font-size\">basado en 2.311 calificaciones de nuestros clientes<\/span>\n\t<\/div>\n\t<div class=\"block-meet-support__teammate\">\n\t\t<div class=\"block-meet-support__ticket-example\">\n\t\t\t<img decoding=\"async\" srcset=\"https:\/\/wp-rocket.me\/wp-content\/themes\/V4\/assets\/images\/blocks\/support\/support.png 620w, https:\/\/wp-rocket.me\/wp-content\/themes\/V4\/assets\/images\/blocks\/support\/support@2x.png 1240w\" sizes=\"auto, (max-width: 700px) 0px, 620px\" src=\"https:\/\/wp-rocket.me\/wp-content\/themes\/V4\/assets\/images\/blocks\/support\/support.png\" class=\"block-meet-support__skeleton\" alt=\"\" draggable=\"false\" width=\"620\" height=\"382\" loading=\"lazy\">\n\t\t<\/div>\n\t<\/div>\n<\/div>\n\n\n\n<hr class=\"wp-block-separator has-css-opacity is-style-wide\"\/>\n\n\n\n<h2 class=\"wp-block-heading has-text-align-center\">Preguntas m\u00e1s frecuentes<\/h2>\n\n\n\n<div class=\"wp-block-who-accordion schema-faq-section\" itemscope itemprop=\"mainEntity\" itemtype=\"https:\/\/schema.org\/Question\"><h3 class=\"schema-faq-question\" itemprop=\"name\">\u00bfQu\u00e9 pasa si no me gusta? \/ \u00bfHay una versi\u00f3n de prueba?<\/h3><div class=\"schema-faq-answer\" itemscope itemprop=\"acceptedAnswer\" itemtype=\"https:\/\/schema.org\/Answer\"><div itemprop=\"text\">\n<p>No hay periodo de prueba gratuito, pero puedes solicitar el reembolso en las 24 horas siguientes a la suscripci\u00f3n. Si la cancelas m\u00e1s tarde, cuando el mes de facturaci\u00f3n ya ha empezado, se te cobrar\u00e1 el mes completo en cualquier caso.<\/p>\n<\/div><\/div><\/div>\n\n\n\n<div class=\"wp-block-who-accordion schema-faq-section\" itemscope itemprop=\"mainEntity\" itemtype=\"https:\/\/schema.org\/Question\"><h3 class=\"schema-faq-question\" itemprop=\"name\">\u00bfC\u00f3mo puedo ver las mejoras de rendimiento de RocketCDN? <\/h3><div class=\"schema-faq-answer\" itemscope itemprop=\"acceptedAnswer\" itemtype=\"https:\/\/schema.org\/Answer\"><div itemprop=\"text\">\n<p>Si usas una CDN, mejorar\u00e1s el rendimiento para quien visite tus p\u00e1ginas y que se encuentre lejos del servidor donde est\u00e1 alojado tu sitio web. <a href=\"https:\/\/docs.wp-rocket.me\/article\/1340-how-to-see-the-performance-improvements-of-rocketcdn\">Aqu\u00ed<\/a> puedes ver c\u00f3mo comprobar su eficacia.<\/p>\n<\/div><\/div><\/div>\n\n\n\n<div class=\"wp-block-who-accordion schema-faq-section\" itemscope itemprop=\"mainEntity\" itemtype=\"https:\/\/schema.org\/Question\"><h3 class=\"schema-faq-question\" itemprop=\"name\">\u00bfPuedo utilizar RocketCDN en un n\u00famero ilimitado de sitios?<\/h3><div class=\"schema-faq-answer\" itemscope itemprop=\"acceptedAnswer\" itemtype=\"https:\/\/schema.org\/Answer\"><div itemprop=\"text\">\n<p>No. Cada sitio web requiere su propia suscripci\u00f3n a RocketCDN. Por lo tanto, si tienes un sitio de staging y un sitio de producci\u00f3n, no podr\u00e1s transferir RocketCDN del uno al otro; deber\u00e1s suscribirte utilizando tu sitio de producci\u00f3n.<\/p>\n<\/div><\/div><\/div>\n\n\n\n<div class=\"wp-block-who-accordion schema-faq-section\" itemscope itemprop=\"mainEntity\" itemtype=\"https:\/\/schema.org\/Question\"><h3 class=\"schema-faq-question\" itemprop=\"name\">\u00bfPuedo utilizar RocketCDN adem\u00e1s de Cloudflare?<\/h3><div class=\"schema-faq-answer\" itemscope itemprop=\"acceptedAnswer\" itemtype=\"https:\/\/schema.org\/Answer\"><div itemprop=\"text\">\n<p>S\u00ed, puedes utilizar RocketCDN y Cloudflare juntos. Cloudflare te da muchas funciones diferentes, incluyendo caracter\u00edsticas de seguridad. RocketCDN se encargar\u00e1 de la parte de CDN de recursos (JS, CSS, im\u00e1genes).<\/p>\n<\/div><\/div><\/div>\n\n\n\n<div class=\"wp-block-who-accordion schema-faq-section\" itemscope itemprop=\"mainEntity\" itemtype=\"https:\/\/schema.org\/Question\"><h3 class=\"schema-faq-question\" itemprop=\"name\">\u00bfCu\u00e1l es la diferencia entre RocketCDN y Bunny CDN? <\/h3><div class=\"schema-faq-answer\" itemscope itemprop=\"acceptedAnswer\" itemtype=\"https:\/\/schema.org\/Answer\"><div itemprop=\"text\">\n<p>RocketCDN proporciona una configuraci\u00f3n c\u00f3moda y r\u00e1pida en un solo clic. Nos encargamos nosotros de la configuraci\u00f3n ideal y la aplicamos autom\u00e1ticamente para que no tengas que dedicarle tiempo. Si pasas directamente a Bunny CDN, tendr\u00e1s que hacer una configuraci\u00f3n manual. Si solo tienes un sitio web ser\u00e1 m\u00e1s econ\u00f3mico utilizar RocketCDN. Sin embargo, para varios sitios web, Bunny CDN es m\u00e1s barato, aunque invertir\u00e1s m\u00e1s tiempo en la configuraci\u00f3n.<\/p>\n<\/div><\/div><\/div>\n<\/div><\/div>\n\n\n\n<div class=\"block-cta alignfull is-targeted \">\n\t<div class=\"block-cta__wrapper\">\n\t\t<svg aria-hidden=\"true\" class=\"block-cta__pattern-left svg\" fill=\"none\" xmlns=\"http:\/\/www.w3.org\/2000\/svg\"><rect class=\"path path-10\" width=\"7.1\" height=\"7.1\" rx=\".9\" transform=\"scale(1 -1) rotate(45 226.2 -70.4)\" fill=\"#454F59\"\/><path class=\"path path-1\" fill-rule=\"evenodd\" clip-rule=\"evenodd\" d=\"M91.5 171.1a4.4 4.4 0 100 8.8 4.4 4.4 0 000-8.8z\" fill=\"#D0D3D8\"\/><path class=\"path path-3\" fill-rule=\"evenodd\" clip-rule=\"evenodd\" d=\"M166.5 95.1a4.4 4.4 0 110 8.8 4.4 4.4 0 010-8.8z\" fill=\"#FFD147\"\/><path class=\"path path-6\" d=\"M91.5 104l-4.9-8.3h9.8l-4.9 8.4z\" fill=\"#99D1DE\"\/><rect class=\"path path-5\" x=\"16.5\" y=\"104.5\" width=\"7.1\" height=\"7.1\" rx=\".9\" transform=\"rotate(-135 16.5 104.5)\" fill=\"#FFD0D8\"\/><path class=\"path path-2\" fill-rule=\"evenodd\" clip-rule=\"evenodd\" d=\"M16.5 247.1a4.4 4.4 0 100 8.8 4.4 4.4 0 000-8.8z\" fill=\"#FFD147\"\/><rect class=\"path path-7\" width=\"7.1\" height=\"7.1\" rx=\".9\" transform=\"scale(1 -1) rotate(45 355.4 -17.8)\" fill=\"#F56F46\"\/><path class=\"path path-4\" fill-rule=\"evenodd\" clip-rule=\"evenodd\" d=\"M16.5 19.1a4.4 4.4 0 100 8.8 4.4 4.4 0 000-8.8z\" fill=\"#FFD147\"\/><path class=\"path path-0\" fill-rule=\"evenodd\" clip-rule=\"evenodd\" d=\"M241.5 19.1a4.4 4.4 0 100 8.8 4.4 4.4 0 000-8.8z\" fill=\"#fff\"\/><path class=\"path path-8\" d=\"M166.5 28l4.9-8.3h-9.8l4.9 8.4z\" fill=\"#005BC6\"\/><rect class=\"path path-9\" width=\"7.1\" height=\"7.1\" rx=\".9\" transform=\"scale(1 -1) rotate(45 80.2 96.2)\" fill=\"#172153\"\/><\/svg>\n\t\t<svg aria-hidden=\"true\" class=\"block-cta__pattern-right svg\" fill=\"none\" xmlns=\"http:\/\/www.w3.org\/2000\/svg\"><rect class=\"path path-9\" width=\"7.1\" height=\"7.1\" rx=\".9\" transform=\"scale(1 -1) rotate(45 226.2 -70.4)\" fill=\"#454F59\"\/><path class=\"path path-2\" fill-rule=\"evenodd\" clip-rule=\"evenodd\" d=\"M91.5 171.1a4.4 4.4 0 100 8.8 4.4 4.4 0 000-8.8z\" fill=\"#D0D3D8\"\/><path class=\"path path-1\" fill-rule=\"evenodd\" clip-rule=\"evenodd\" d=\"M166.5 95.1a4.4 4.4 0 110 8.8 4.4 4.4 0 010-8.8z\" fill=\"#FFD147\"\/><path class=\"path path-0\" d=\"M91.5 104l-4.9-8.3h9.8l-4.9 8.4z\" fill=\"#99D1DE\"\/><rect class=\"path path-8\" x=\"16.5\" y=\"104.5\" width=\"7.1\" height=\"7.1\" rx=\".9\" transform=\"rotate(-135 16.5 104.5)\" fill=\"#FFD0D8\"\/><path class=\"path path-6\" fill-rule=\"evenodd\" clip-rule=\"evenodd\" d=\"M16.5 247.1a4.4 4.4 0 100 8.8 4.4 4.4 0 000-8.8z\" fill=\"#FFD147\"\/><rect class=\"path path-10\" width=\"7.1\" height=\"7.1\" rx=\".9\" transform=\"scale(1 -1) rotate(45 355.4 -17.8)\" fill=\"#F56F46\"\/><path class=\"path path-3\" fill-rule=\"evenodd\" clip-rule=\"evenodd\" d=\"M16.5 19.1a4.4 4.4 0 100 8.8 4.4 4.4 0 000-8.8z\" fill=\"#FFD147\"\/><path class=\"path path-4\" fill-rule=\"evenodd\" clip-rule=\"evenodd\" d=\"M241.5 19.1a4.4 4.4 0 100 8.8 4.4 4.4 0 000-8.8z\" fill=\"#fff\"\/><path class=\"path path-7\" d=\"M166.5 28l4.9-8.3h-9.8l4.9 8.4z\" fill=\"#005BC6\"\/><rect class=\"path path-5\" width=\"7.1\" height=\"7.1\" rx=\".9\" transform=\"scale(1 -1) rotate(45 80.2 96.2)\" fill=\"#172153\"\/><\/svg>\n\t\t<div class=\"block-cta__content\">\n\t\t\t\n\n<p>Lleva tu puntuaci\u00f3n de PageSpeed a las estrellas<\/p>\n\n\n\n<div class=\"block-chrono-text\">Resultados incre\u00edbles, al instante.<\/div>\n\n\n\n<p><\/p>\n\n\n\n<div class=\"wp-block-button\"><a class=\"wp-block-button__link has-white-color has-blue-background-color has-text-color has-background\" href=\"https:\/\/wp-rocket.me\/es\/precios\/\">\u00a1Obt\u00e9n WP&nbsp;Rocket!<\/a><\/div>\n\n\t\t<\/div>\n\t<\/div>\n<\/div>","protected":false},"excerpt":{"rendered":"<p>RocketCDN es nuestra CDN premium optimizada, directamente integrada en WP&nbsp;Rocket.<\/p>\n","protected":false},"author":129383,"featured_media":0,"parent":0,"menu_order":0,"comment_status":"closed","ping_status":"closed","template":"","meta":{"_acf_changed":false,"inline_featured_image":false,"kia_subtitle":"","footnotes":""},"class_list":["post-3121788","page","type-page","status-publish","hentry"],"acf":[],"yoast_head":"<!-- This site is optimized with the Yoast SEO plugin v25.3 - https:\/\/yoast.com\/wordpress\/plugins\/seo\/ -->\n<title>Acelera tu sitio web con RocketCDN - WP Rocket<\/title>\n<meta name=\"description\" content=\"RocketCDN es nuestra CDN premium optimizada, directamente integrada en WP Rocket.\" \/>\n<meta name=\"robots\" content=\"index, follow, max-snippet:-1, max-image-preview:large, max-video-preview:-1\" \/>\n<link rel=\"canonical\" href=\"https:\/\/wp-rocket.me\/es\/rocketcdn\/\" \/>\n<meta property=\"og:locale\" content=\"es_ES\" \/>\n<meta property=\"og:type\" content=\"article\" \/>\n<meta property=\"og:title\" content=\"Acelera tu sitio web con RocketCDN - WP Rocket\" \/>\n<meta property=\"og:description\" content=\"RocketCDN es nuestra CDN premium optimizada, directamente integrada en WP Rocket.\" \/>\n<meta property=\"og:url\" content=\"https:\/\/wp-rocket.me\/es\/rocketcdn\/\" \/>\n<meta property=\"og:site_name\" content=\"WP Rocket\" \/>\n<meta property=\"article:publisher\" content=\"https:\/\/www.facebook.com\/pages\/WP-Rocket\/631942253526829\" \/>\n<meta property=\"article:modified_time\" content=\"2023-11-29T07:36:46+00:00\" \/>\n<meta property=\"og:image\" content=\"https:\/\/wp-rocket.me\/wp-content\/uploads\/2023\/11\/RocketCDN_new-map-1.png\" \/>\n<meta name=\"twitter:card\" content=\"summary_large_image\" \/>\n<meta name=\"twitter:site\" content=\"@wp_rocket\" \/>\n<meta name=\"twitter:label1\" content=\"Tiempo de lectura\" \/>\n\t<meta name=\"twitter:data1\" content=\"3 minutos\" \/>\n<script type=\"application\/ld+json\" class=\"yoast-schema-graph\">{\"@context\":\"https:\/\/schema.org\",\"@graph\":[{\"@type\":\"WebPage\",\"@id\":\"https:\/\/wp-rocket.me\/es\/rocketcdn\/\",\"url\":\"https:\/\/wp-rocket.me\/es\/rocketcdn\/\",\"name\":\"Acelera tu sitio web con RocketCDN - WP Rocket\",\"isPartOf\":{\"@id\":\"https:\/\/wp-rocket.me\/#website\"},\"primaryImageOfPage\":{\"@id\":\"https:\/\/wp-rocket.me\/es\/rocketcdn\/#primaryimage\"},\"image\":{\"@id\":\"https:\/\/wp-rocket.me\/es\/rocketcdn\/#primaryimage\"},\"thumbnailUrl\":\"https:\/\/wp-rocket.me\/wp-content\/uploads\/2023\/11\/RocketCDN_new-map-1.png\",\"datePublished\":\"2021-03-10T11:28:36+00:00\",\"dateModified\":\"2023-11-29T07:36:46+00:00\",\"description\":\"RocketCDN es nuestra CDN premium optimizada, directamente integrada en WP Rocket.\",\"breadcrumb\":{\"@id\":\"https:\/\/wp-rocket.me\/es\/rocketcdn\/#breadcrumb\"},\"inLanguage\":\"es\",\"potentialAction\":[{\"@type\":\"ReadAction\",\"target\":[\"https:\/\/wp-rocket.me\/es\/rocketcdn\/\"]}]},{\"@type\":\"ImageObject\",\"inLanguage\":\"es\",\"@id\":\"https:\/\/wp-rocket.me\/es\/rocketcdn\/#primaryimage\",\"url\":\"https:\/\/wp-rocket.me\/wp-content\/uploads\/2023\/11\/RocketCDN_new-map-1.png\",\"contentUrl\":\"https:\/\/wp-rocket.me\/wp-content\/uploads\/2023\/11\/RocketCDN_new-map-1.png\"},{\"@type\":\"BreadcrumbList\",\"@id\":\"https:\/\/wp-rocket.me\/es\/rocketcdn\/#breadcrumb\",\"itemListElement\":[{\"@type\":\"ListItem\",\"position\":1,\"name\":\"Inicio\",\"item\":\"https:\/\/wp-rocket.me\/es\/\"},{\"@type\":\"ListItem\",\"position\":2,\"name\":\"Acelera tu sitio web\"}]},{\"@type\":\"WebSite\",\"@id\":\"https:\/\/wp-rocket.me\/#website\",\"url\":\"https:\/\/wp-rocket.me\/\",\"name\":\"WP Rocket\",\"description\":\"Plugin d&#039;optimisation de sites WordPress\",\"publisher\":{\"@id\":\"https:\/\/wp-rocket.me\/#organization\"},\"potentialAction\":[{\"@type\":\"SearchAction\",\"target\":{\"@type\":\"EntryPoint\",\"urlTemplate\":\"https:\/\/wp-rocket.me\/?s={search_term_string}\"},\"query-input\":{\"@type\":\"PropertyValueSpecification\",\"valueRequired\":true,\"valueName\":\"search_term_string\"}}],\"inLanguage\":\"es\"},{\"@type\":\"Organization\",\"@id\":\"https:\/\/wp-rocket.me\/#organization\",\"name\":\"WP Rocket\",\"url\":\"https:\/\/wp-rocket.me\/\",\"logo\":{\"@type\":\"ImageObject\",\"inLanguage\":\"es\",\"@id\":\"https:\/\/wp-rocket.me\/#\/schema\/logo\/image\/\",\"url\":\"https:\/\/wp-rocket.me\/wp-content\/uploads\/1\/logo-wp-rocket-paypal-2.png\",\"contentUrl\":\"https:\/\/wp-rocket.me\/wp-content\/uploads\/1\/logo-wp-rocket-paypal-2.png\",\"width\":150,\"height\":41,\"caption\":\"WP Rocket\"},\"image\":{\"@id\":\"https:\/\/wp-rocket.me\/#\/schema\/logo\/image\/\"},\"sameAs\":[\"https:\/\/www.facebook.com\/pages\/WP-Rocket\/631942253526829\",\"https:\/\/x.com\/wp_rocket\",\"https:\/\/www.youtube.com\/channel\/UC1ozThXHd1IWIZ5wkshgp_Q\"]}]}<\/script>\n<!-- \/ Yoast SEO plugin. -->","yoast_head_json":{"title":"Acelera tu sitio web con RocketCDN - WP Rocket","description":"RocketCDN es nuestra CDN premium optimizada, directamente integrada en WP Rocket.","robots":{"index":"index","follow":"follow","max-snippet":"max-snippet:-1","max-image-preview":"max-image-preview:large","max-video-preview":"max-video-preview:-1"},"canonical":"https:\/\/wp-rocket.me\/es\/rocketcdn\/","og_locale":"es_ES","og_type":"article","og_title":"Acelera tu sitio web con RocketCDN - WP Rocket","og_description":"RocketCDN es nuestra CDN premium optimizada, directamente integrada en WP Rocket.","og_url":"https:\/\/wp-rocket.me\/es\/rocketcdn\/","og_site_name":"WP Rocket","article_publisher":"https:\/\/www.facebook.com\/pages\/WP-Rocket\/631942253526829","article_modified_time":"2023-11-29T07:36:46+00:00","og_image":[{"url":"https:\/\/wp-rocket.me\/wp-content\/uploads\/2023\/11\/RocketCDN_new-map-1.png","type":"","width":"","height":""}],"twitter_card":"summary_large_image","twitter_site":"@wp_rocket","twitter_misc":{"Tiempo de lectura":"3 minutos"},"schema":{"@context":"https:\/\/schema.org","@graph":[{"@type":"WebPage","@id":"https:\/\/wp-rocket.me\/es\/rocketcdn\/","url":"https:\/\/wp-rocket.me\/es\/rocketcdn\/","name":"Acelera tu sitio web con RocketCDN - WP Rocket","isPartOf":{"@id":"https:\/\/wp-rocket.me\/#website"},"primaryImageOfPage":{"@id":"https:\/\/wp-rocket.me\/es\/rocketcdn\/#primaryimage"},"image":{"@id":"https:\/\/wp-rocket.me\/es\/rocketcdn\/#primaryimage"},"thumbnailUrl":"https:\/\/wp-rocket.me\/wp-content\/uploads\/2023\/11\/RocketCDN_new-map-1.png","datePublished":"2021-03-10T11:28:36+00:00","dateModified":"2023-11-29T07:36:46+00:00","description":"RocketCDN es nuestra CDN premium optimizada, directamente integrada en WP Rocket.","breadcrumb":{"@id":"https:\/\/wp-rocket.me\/es\/rocketcdn\/#breadcrumb"},"inLanguage":"es","potentialAction":[{"@type":"ReadAction","target":["https:\/\/wp-rocket.me\/es\/rocketcdn\/"]}]},{"@type":"ImageObject","inLanguage":"es","@id":"https:\/\/wp-rocket.me\/es\/rocketcdn\/#primaryimage","url":"https:\/\/wp-rocket.me\/wp-content\/uploads\/2023\/11\/RocketCDN_new-map-1.png","contentUrl":"https:\/\/wp-rocket.me\/wp-content\/uploads\/2023\/11\/RocketCDN_new-map-1.png"},{"@type":"BreadcrumbList","@id":"https:\/\/wp-rocket.me\/es\/rocketcdn\/#breadcrumb","itemListElement":[{"@type":"ListItem","position":1,"name":"Inicio","item":"https:\/\/wp-rocket.me\/es\/"},{"@type":"ListItem","position":2,"name":"Acelera tu sitio web"}]},{"@type":"WebSite","@id":"https:\/\/wp-rocket.me\/#website","url":"https:\/\/wp-rocket.me\/","name":"WP Rocket","description":"Plugin d&#039;optimisation de sites WordPress","publisher":{"@id":"https:\/\/wp-rocket.me\/#organization"},"potentialAction":[{"@type":"SearchAction","target":{"@type":"EntryPoint","urlTemplate":"https:\/\/wp-rocket.me\/?s={search_term_string}"},"query-input":{"@type":"PropertyValueSpecification","valueRequired":true,"valueName":"search_term_string"}}],"inLanguage":"es"},{"@type":"Organization","@id":"https:\/\/wp-rocket.me\/#organization","name":"WP Rocket","url":"https:\/\/wp-rocket.me\/","logo":{"@type":"ImageObject","inLanguage":"es","@id":"https:\/\/wp-rocket.me\/#\/schema\/logo\/image\/","url":"https:\/\/wp-rocket.me\/wp-content\/uploads\/1\/logo-wp-rocket-paypal-2.png","contentUrl":"https:\/\/wp-rocket.me\/wp-content\/uploads\/1\/logo-wp-rocket-paypal-2.png","width":150,"height":41,"caption":"WP Rocket"},"image":{"@id":"https:\/\/wp-rocket.me\/#\/schema\/logo\/image\/"},"sameAs":["https:\/\/www.facebook.com\/pages\/WP-Rocket\/631942253526829","https:\/\/x.com\/wp_rocket","https:\/\/www.youtube.com\/channel\/UC1ozThXHd1IWIZ5wkshgp_Q"]}]}},"_links":{"self":[{"href":"https:\/\/wp-rocket.me\/es\/wp-json\/wp\/v2\/pages\/3121788","targetHints":{"allow":["GET"]}}],"collection":[{"href":"https:\/\/wp-rocket.me\/es\/wp-json\/wp\/v2\/pages"}],"about":[{"href":"https:\/\/wp-rocket.me\/es\/wp-json\/wp\/v2\/types\/page"}],"author":[{"embeddable":true,"href":"https:\/\/wp-rocket.me\/es\/wp-json\/wp\/v2\/users\/129383"}],"replies":[{"embeddable":true,"href":"https:\/\/wp-rocket.me\/es\/wp-json\/wp\/v2\/comments?post=3121788"}],"version-history":[{"count":0,"href":"https:\/\/wp-rocket.me\/es\/wp-json\/wp\/v2\/pages\/3121788\/revisions"}],"wp:attachment":[{"href":"https:\/\/wp-rocket.me\/es\/wp-json\/wp\/v2\/media?parent=3121788"}],"curies":[{"name":"wp","href":"https:\/\/api.w.org\/{rel}","templated":true}]}}