{"id":1479776,"date":"2019-09-13T19:26:26","date_gmt":"2019-09-13T17:26:26","guid":{"rendered":"https:\/\/wp-rocket.me\/?page_id=1479776"},"modified":"2021-03-17T10:45:24","modified_gmt":"2021-03-17T09:45:24","slug":"politica-seguridad","status":"publish","type":"page","link":"https:\/\/wp-rocket.me\/es\/politica-seguridad\/","title":{"rendered":"Pol\u00edtica de Seguridad"},"content":{"rendered":"\n<div class=\"wp-block-group alignfull\"><div class=\"wp-block-group__inner-container is-layout-flow wp-block-group-is-layout-flow\">\n<h2 class=\"wp-block-heading\">SSL<\/h2>\n\n\n\n<p>WP Rocket aplica el TLS (SSL) a todas las llamadas dirigidas al sitio web de WP Rocket. Esto significa que todas las llamadas de tu navegador est\u00e1n encriptadas con SSL. Lo puedes verificar mirando el campo URL de tu navegador, ver\u00e1s el \u00edcono del candado verde.<\/p>\n\n\n\n<h2 class=\"wp-block-heading\">Backup<\/h2>\n\n\n\n<p>Hacemos un backup de nuestros datos de manera sistem\u00e1tica, guard\u00e1ndolos en diferentes servidores y distintas localidades, para evitar cualquier p\u00e9rdida de datos.<\/p>\n\n\n\n<h2 class=\"wp-block-heading\">Disponibilidad<\/h2>\n\n\n\n<p>Hacemos lo mejor que podemos para asegurar la plena disponibilidad del sitio web de WP Rocket, tambi\u00e9n en los momentos de tr\u00e1fico m\u00e1s intenso.<\/p>\n\n\n\n<h2 class=\"wp-block-heading\">Seguridad de los pagos<\/h2>\n\n\n\n<p>No guardamos ni gestionamos directamente los pagos. Para esto, confiamos en Stripe y PayPal, ambos reconocidos por su alto nivel de seguridad y la certificaci\u00f3n PCI.<\/p>\n\n\n\n<p>Si tienes cualquier duda o pregunta relativamente a la seguridad, puedes contact\u00e1rnos usando este formulario:\u00a0<a href=\"https:\/\/wp-rocket.me\/es\/contacto\/\">https:\/\/wp-rocket.me\/es\/contacto\/<\/a><\/p>\n<\/div><\/div>\n","protected":false},"excerpt":{"rendered":"<p>Tu seguridad es importante. En WP Media, seguridad no es una palabra vac\u00eda, sino algo que tomamos con mucha seriedad.<\/p>\n","protected":false},"author":1,"featured_media":0,"parent":0,"menu_order":0,"comment_status":"closed","ping_status":"closed","template":"","meta":{"_acf_changed":false,"inline_featured_image":false,"kia_subtitle":"","footnotes":""},"class_list":["post-1479776","page","type-page","status-publish","hentry"],"acf":[],"yoast_head":"<!-- This site is optimized with the Yoast SEO plugin v25.3 - https:\/\/yoast.com\/wordpress\/plugins\/seo\/ -->\n<title>Pol\u00edtica de Seguridad - WP Rocket<\/title>\n<meta name=\"robots\" content=\"index, follow, max-snippet:-1, max-image-preview:large, max-video-preview:-1\" \/>\n<link rel=\"canonical\" href=\"https:\/\/wp-rocket.me\/es\/politica-seguridad\/\" \/>\n<meta property=\"og:locale\" content=\"es_ES\" \/>\n<meta property=\"og:type\" content=\"article\" \/>\n<meta property=\"og:title\" content=\"Pol\u00edtica de Seguridad - WP Rocket\" \/>\n<meta property=\"og:description\" content=\"Tu seguridad es importante. En WP Media, seguridad no es una palabra vac\u00eda, sino algo que tomamos con mucha seriedad.\" \/>\n<meta property=\"og:url\" content=\"https:\/\/wp-rocket.me\/es\/politica-seguridad\/\" \/>\n<meta property=\"og:site_name\" content=\"WP Rocket\" \/>\n<meta property=\"article:publisher\" content=\"https:\/\/www.facebook.com\/pages\/WP-Rocket\/631942253526829\" \/>\n<meta property=\"article:modified_time\" content=\"2021-03-17T09:45:24+00:00\" \/>\n<meta property=\"og:image\" content=\"https:\/\/wp-rocket.me\/wp-content\/uploads\/2024\/10\/1200x800-Featured-Image.png\" \/>\n\t<meta property=\"og:image:width\" content=\"2048\" \/>\n\t<meta property=\"og:image:height\" content=\"1365\" \/>\n\t<meta property=\"og:image:type\" content=\"image\/png\" \/>\n<meta name=\"twitter:card\" content=\"summary_large_image\" \/>\n<meta name=\"twitter:site\" content=\"@wp_rocket\" \/>\n<meta name=\"twitter:label1\" content=\"Tiempo de lectura\" \/>\n\t<meta name=\"twitter:data1\" content=\"1 minuto\" \/>\n<script type=\"application\/ld+json\" class=\"yoast-schema-graph\">{\"@context\":\"https:\/\/schema.org\",\"@graph\":[{\"@type\":\"WebPage\",\"@id\":\"https:\/\/wp-rocket.me\/es\/politica-seguridad\/\",\"url\":\"https:\/\/wp-rocket.me\/es\/politica-seguridad\/\",\"name\":\"Pol\u00edtica de Seguridad - WP Rocket\",\"isPartOf\":{\"@id\":\"https:\/\/wp-rocket.me\/#website\"},\"datePublished\":\"2019-09-13T17:26:26+00:00\",\"dateModified\":\"2021-03-17T09:45:24+00:00\",\"breadcrumb\":{\"@id\":\"https:\/\/wp-rocket.me\/es\/politica-seguridad\/#breadcrumb\"},\"inLanguage\":\"es\",\"potentialAction\":[{\"@type\":\"ReadAction\",\"target\":[\"https:\/\/wp-rocket.me\/es\/politica-seguridad\/\"]}]},{\"@type\":\"BreadcrumbList\",\"@id\":\"https:\/\/wp-rocket.me\/es\/politica-seguridad\/#breadcrumb\",\"itemListElement\":[{\"@type\":\"ListItem\",\"position\":1,\"name\":\"Inicio\",\"item\":\"https:\/\/wp-rocket.me\/es\/\"},{\"@type\":\"ListItem\",\"position\":2,\"name\":\"Pol\u00edtica de Seguridad\"}]},{\"@type\":\"WebSite\",\"@id\":\"https:\/\/wp-rocket.me\/#website\",\"url\":\"https:\/\/wp-rocket.me\/\",\"name\":\"WP Rocket\",\"description\":\"Plugin d&#039;optimisation de sites WordPress\",\"publisher\":{\"@id\":\"https:\/\/wp-rocket.me\/#organization\"},\"potentialAction\":[{\"@type\":\"SearchAction\",\"target\":{\"@type\":\"EntryPoint\",\"urlTemplate\":\"https:\/\/wp-rocket.me\/?s={search_term_string}\"},\"query-input\":{\"@type\":\"PropertyValueSpecification\",\"valueRequired\":true,\"valueName\":\"search_term_string\"}}],\"inLanguage\":\"es\"},{\"@type\":\"Organization\",\"@id\":\"https:\/\/wp-rocket.me\/#organization\",\"name\":\"WP Rocket\",\"url\":\"https:\/\/wp-rocket.me\/\",\"logo\":{\"@type\":\"ImageObject\",\"inLanguage\":\"es\",\"@id\":\"https:\/\/wp-rocket.me\/#\/schema\/logo\/image\/\",\"url\":\"https:\/\/wp-rocket.me\/wp-content\/uploads\/1\/logo-wp-rocket-paypal-2.png\",\"contentUrl\":\"https:\/\/wp-rocket.me\/wp-content\/uploads\/1\/logo-wp-rocket-paypal-2.png\",\"width\":150,\"height\":41,\"caption\":\"WP Rocket\"},\"image\":{\"@id\":\"https:\/\/wp-rocket.me\/#\/schema\/logo\/image\/\"},\"sameAs\":[\"https:\/\/www.facebook.com\/pages\/WP-Rocket\/631942253526829\",\"https:\/\/x.com\/wp_rocket\",\"https:\/\/www.youtube.com\/channel\/UC1ozThXHd1IWIZ5wkshgp_Q\"]}]}<\/script>\n<!-- \/ Yoast SEO plugin. -->","yoast_head_json":{"title":"Pol\u00edtica de Seguridad - WP Rocket","robots":{"index":"index","follow":"follow","max-snippet":"max-snippet:-1","max-image-preview":"max-image-preview:large","max-video-preview":"max-video-preview:-1"},"canonical":"https:\/\/wp-rocket.me\/es\/politica-seguridad\/","og_locale":"es_ES","og_type":"article","og_title":"Pol\u00edtica de Seguridad - WP Rocket","og_description":"Tu seguridad es importante. En WP Media, seguridad no es una palabra vac\u00eda, sino algo que tomamos con mucha seriedad.","og_url":"https:\/\/wp-rocket.me\/es\/politica-seguridad\/","og_site_name":"WP Rocket","article_publisher":"https:\/\/www.facebook.com\/pages\/WP-Rocket\/631942253526829","article_modified_time":"2021-03-17T09:45:24+00:00","og_image":[{"width":2048,"height":1365,"url":"https:\/\/wp-rocket.me\/wp-content\/uploads\/2024\/10\/1200x800-Featured-Image.png","type":"image\/png"}],"twitter_card":"summary_large_image","twitter_site":"@wp_rocket","twitter_misc":{"Tiempo de lectura":"1 minuto"},"schema":{"@context":"https:\/\/schema.org","@graph":[{"@type":"WebPage","@id":"https:\/\/wp-rocket.me\/es\/politica-seguridad\/","url":"https:\/\/wp-rocket.me\/es\/politica-seguridad\/","name":"Pol\u00edtica de Seguridad - WP Rocket","isPartOf":{"@id":"https:\/\/wp-rocket.me\/#website"},"datePublished":"2019-09-13T17:26:26+00:00","dateModified":"2021-03-17T09:45:24+00:00","breadcrumb":{"@id":"https:\/\/wp-rocket.me\/es\/politica-seguridad\/#breadcrumb"},"inLanguage":"es","potentialAction":[{"@type":"ReadAction","target":["https:\/\/wp-rocket.me\/es\/politica-seguridad\/"]}]},{"@type":"BreadcrumbList","@id":"https:\/\/wp-rocket.me\/es\/politica-seguridad\/#breadcrumb","itemListElement":[{"@type":"ListItem","position":1,"name":"Inicio","item":"https:\/\/wp-rocket.me\/es\/"},{"@type":"ListItem","position":2,"name":"Pol\u00edtica de Seguridad"}]},{"@type":"WebSite","@id":"https:\/\/wp-rocket.me\/#website","url":"https:\/\/wp-rocket.me\/","name":"WP Rocket","description":"Plugin d&#039;optimisation de sites WordPress","publisher":{"@id":"https:\/\/wp-rocket.me\/#organization"},"potentialAction":[{"@type":"SearchAction","target":{"@type":"EntryPoint","urlTemplate":"https:\/\/wp-rocket.me\/?s={search_term_string}"},"query-input":{"@type":"PropertyValueSpecification","valueRequired":true,"valueName":"search_term_string"}}],"inLanguage":"es"},{"@type":"Organization","@id":"https:\/\/wp-rocket.me\/#organization","name":"WP Rocket","url":"https:\/\/wp-rocket.me\/","logo":{"@type":"ImageObject","inLanguage":"es","@id":"https:\/\/wp-rocket.me\/#\/schema\/logo\/image\/","url":"https:\/\/wp-rocket.me\/wp-content\/uploads\/1\/logo-wp-rocket-paypal-2.png","contentUrl":"https:\/\/wp-rocket.me\/wp-content\/uploads\/1\/logo-wp-rocket-paypal-2.png","width":150,"height":41,"caption":"WP Rocket"},"image":{"@id":"https:\/\/wp-rocket.me\/#\/schema\/logo\/image\/"},"sameAs":["https:\/\/www.facebook.com\/pages\/WP-Rocket\/631942253526829","https:\/\/x.com\/wp_rocket","https:\/\/www.youtube.com\/channel\/UC1ozThXHd1IWIZ5wkshgp_Q"]}]}},"_links":{"self":[{"href":"https:\/\/wp-rocket.me\/es\/wp-json\/wp\/v2\/pages\/1479776","targetHints":{"allow":["GET"]}}],"collection":[{"href":"https:\/\/wp-rocket.me\/es\/wp-json\/wp\/v2\/pages"}],"about":[{"href":"https:\/\/wp-rocket.me\/es\/wp-json\/wp\/v2\/types\/page"}],"author":[{"embeddable":true,"href":"https:\/\/wp-rocket.me\/es\/wp-json\/wp\/v2\/users\/1"}],"replies":[{"embeddable":true,"href":"https:\/\/wp-rocket.me\/es\/wp-json\/wp\/v2\/comments?post=1479776"}],"version-history":[{"count":0,"href":"https:\/\/wp-rocket.me\/es\/wp-json\/wp\/v2\/pages\/1479776\/revisions"}],"wp:attachment":[{"href":"https:\/\/wp-rocket.me\/es\/wp-json\/wp\/v2\/media?parent=1479776"}],"curies":[{"name":"wp","href":"https:\/\/api.w.org\/{rel}","templated":true}]}}