{"id":1017,"date":"2014-07-24T22:38:11","date_gmt":"2014-07-24T21:38:11","guid":{"rendered":"https:\/\/wp-rocket.me\/refund-policy-2\/"},"modified":"2021-03-16T15:13:44","modified_gmt":"2021-03-16T14:13:44","slug":"politica-reembolso","status":"publish","type":"page","link":"https:\/\/wp-rocket.me\/es\/politica-reembolso\/","title":{"rendered":"Politica de reembolso"},"content":{"rendered":"\n<div class=\"wp-block-group alignfull\"><div class=\"wp-block-group__inner-container is-layout-flow wp-block-group-is-layout-flow\">\n<p>Creemos firmamente en nuestro producto y lo apoyamos al 100%. Sin embargo, comprendemos que no siempre pueda funcionar perfectamente para todos, todo el tiempo. No tenemos una <a href=\"https:\/\/wp-rocket.me\/es\/wp-rocket-trial\/\">versi\u00f3n de prueba<\/a> de WP Rocket, pero te damos una garant\u00eda de devoluci\u00f3n de dinero de 14 d\u00edas a partir de la fecha de tu compra.<\/p>\n\n\n\n<p>Algunas peque\u00f1as notas:<\/p>\n\n\n\n<ul class=\"wp-block-list\"><li>Te devolveremos tu dinero en cuanto nos sea posible. En algunos caso, podr\u00edamos antes pedirte la oportunidad de resolver tu problema.<\/li><li>Los reembolsos se pueden emitir solo dentro del plazo de 14 d\u00edas a partir de la fecha de compra. Despu\u00e9s de los 14 d\u00edas, no procesaremos ning\u00fan reembolso.<\/li><li>Emitimos reembolsos relativos a las actualizaciones del plugin y a sus renovaciones anuales.<\/li><li>En el caso de RocketCDN: puedes solicitar el reembolso en las 24 horas siguientes a la suscripci\u00f3n. Si la cancelas m\u00e1s tarde, cuando el mes de facturaci\u00f3n ya ha empezado, se te cobrar\u00e1 el mes completo en cualquier caso.<\/li><\/ul>\n\n\n\n<p>Para enviar una solicitud de reembolso, por favor contactanos\u00a0<a href=\"https:\/\/wp-rocket.me\/es\/contacto\/\">aqu\u00ed<\/a>.<\/p>\n\n\n\n<p>Por favor, tengan en consideraci\u00f3n que, comprando el plugin, est\u00e1n aceptando tambi\u00e9n las condiciones de nuestra Pol\u00edtica de Reembolso.<\/p>\n<\/div><\/div>\n","protected":false},"excerpt":{"rendered":"<p>Garant\u00eda de devoluci\u00f3n de dinero en 14 d\u00edas.<\/p>\n","protected":false},"author":4,"featured_media":0,"parent":0,"menu_order":0,"comment_status":"open","ping_status":"open","template":"","meta":{"_acf_changed":false,"inline_featured_image":false,"kia_subtitle":"","footnotes":""},"class_list":["post-1017","page","type-page","status-publish","hentry"],"acf":[],"yoast_head":"<!-- This site is optimized with the Yoast SEO plugin v25.3 - https:\/\/yoast.com\/wordpress\/plugins\/seo\/ -->\n<title>Politica de reembolso - WP Rocket<\/title>\n<meta name=\"description\" content=\"Garant\u00eda de devoluci\u00f3n de dinero en 14 d\u00edas.\" \/>\n<meta name=\"robots\" content=\"index, follow, max-snippet:-1, max-image-preview:large, max-video-preview:-1\" \/>\n<link rel=\"canonical\" href=\"https:\/\/wp-rocket.me\/es\/politica-reembolso\/\" \/>\n<meta property=\"og:locale\" content=\"es_ES\" \/>\n<meta property=\"og:type\" content=\"article\" \/>\n<meta property=\"og:title\" content=\"Politica de reembolso - WP Rocket\" \/>\n<meta property=\"og:description\" content=\"Garant\u00eda de devoluci\u00f3n de dinero en 14 d\u00edas.\" \/>\n<meta property=\"og:url\" content=\"https:\/\/wp-rocket.me\/es\/politica-reembolso\/\" \/>\n<meta property=\"og:site_name\" content=\"WP Rocket\" \/>\n<meta property=\"article:publisher\" content=\"https:\/\/www.facebook.com\/pages\/WP-Rocket\/631942253526829\" \/>\n<meta property=\"article:modified_time\" content=\"2021-03-16T14:13:44+00:00\" \/>\n<meta property=\"og:image\" content=\"https:\/\/wp-rocket.me\/wp-content\/uploads\/2024\/10\/1200x800-Featured-Image.png\" \/>\n\t<meta property=\"og:image:width\" content=\"2048\" \/>\n\t<meta property=\"og:image:height\" content=\"1365\" \/>\n\t<meta property=\"og:image:type\" content=\"image\/png\" \/>\n<meta name=\"twitter:card\" content=\"summary_large_image\" \/>\n<meta name=\"twitter:site\" content=\"@wp_rocket\" \/>\n<meta name=\"twitter:label1\" content=\"Tiempo de lectura\" \/>\n\t<meta name=\"twitter:data1\" content=\"1 minuto\" \/>\n<script type=\"application\/ld+json\" class=\"yoast-schema-graph\">{\"@context\":\"https:\/\/schema.org\",\"@graph\":[{\"@type\":\"WebPage\",\"@id\":\"https:\/\/wp-rocket.me\/es\/politica-reembolso\/\",\"url\":\"https:\/\/wp-rocket.me\/es\/politica-reembolso\/\",\"name\":\"Politica de reembolso - WP Rocket\",\"isPartOf\":{\"@id\":\"https:\/\/wp-rocket.me\/#website\"},\"datePublished\":\"2014-07-24T21:38:11+00:00\",\"dateModified\":\"2021-03-16T14:13:44+00:00\",\"description\":\"Garant\u00eda de devoluci\u00f3n de dinero en 14 d\u00edas.\",\"breadcrumb\":{\"@id\":\"https:\/\/wp-rocket.me\/es\/politica-reembolso\/#breadcrumb\"},\"inLanguage\":\"es\",\"potentialAction\":[{\"@type\":\"ReadAction\",\"target\":[\"https:\/\/wp-rocket.me\/es\/politica-reembolso\/\"]}]},{\"@type\":\"BreadcrumbList\",\"@id\":\"https:\/\/wp-rocket.me\/es\/politica-reembolso\/#breadcrumb\",\"itemListElement\":[{\"@type\":\"ListItem\",\"position\":1,\"name\":\"Inicio\",\"item\":\"https:\/\/wp-rocket.me\/es\/\"},{\"@type\":\"ListItem\",\"position\":2,\"name\":\"Politica de reembolso\"}]},{\"@type\":\"WebSite\",\"@id\":\"https:\/\/wp-rocket.me\/#website\",\"url\":\"https:\/\/wp-rocket.me\/\",\"name\":\"WP Rocket\",\"description\":\"Plugin d&#039;optimisation de sites WordPress\",\"publisher\":{\"@id\":\"https:\/\/wp-rocket.me\/#organization\"},\"potentialAction\":[{\"@type\":\"SearchAction\",\"target\":{\"@type\":\"EntryPoint\",\"urlTemplate\":\"https:\/\/wp-rocket.me\/?s={search_term_string}\"},\"query-input\":{\"@type\":\"PropertyValueSpecification\",\"valueRequired\":true,\"valueName\":\"search_term_string\"}}],\"inLanguage\":\"es\"},{\"@type\":\"Organization\",\"@id\":\"https:\/\/wp-rocket.me\/#organization\",\"name\":\"WP Rocket\",\"url\":\"https:\/\/wp-rocket.me\/\",\"logo\":{\"@type\":\"ImageObject\",\"inLanguage\":\"es\",\"@id\":\"https:\/\/wp-rocket.me\/#\/schema\/logo\/image\/\",\"url\":\"https:\/\/wp-rocket.me\/wp-content\/uploads\/1\/logo-wp-rocket-paypal-2.png\",\"contentUrl\":\"https:\/\/wp-rocket.me\/wp-content\/uploads\/1\/logo-wp-rocket-paypal-2.png\",\"width\":150,\"height\":41,\"caption\":\"WP Rocket\"},\"image\":{\"@id\":\"https:\/\/wp-rocket.me\/#\/schema\/logo\/image\/\"},\"sameAs\":[\"https:\/\/www.facebook.com\/pages\/WP-Rocket\/631942253526829\",\"https:\/\/x.com\/wp_rocket\",\"https:\/\/www.youtube.com\/channel\/UC1ozThXHd1IWIZ5wkshgp_Q\"]}]}<\/script>\n<!-- \/ Yoast SEO plugin. -->","yoast_head_json":{"title":"Politica de reembolso - WP Rocket","description":"Garant\u00eda de devoluci\u00f3n de dinero en 14 d\u00edas.","robots":{"index":"index","follow":"follow","max-snippet":"max-snippet:-1","max-image-preview":"max-image-preview:large","max-video-preview":"max-video-preview:-1"},"canonical":"https:\/\/wp-rocket.me\/es\/politica-reembolso\/","og_locale":"es_ES","og_type":"article","og_title":"Politica de reembolso - WP Rocket","og_description":"Garant\u00eda de devoluci\u00f3n de dinero en 14 d\u00edas.","og_url":"https:\/\/wp-rocket.me\/es\/politica-reembolso\/","og_site_name":"WP Rocket","article_publisher":"https:\/\/www.facebook.com\/pages\/WP-Rocket\/631942253526829","article_modified_time":"2021-03-16T14:13:44+00:00","og_image":[{"width":2048,"height":1365,"url":"https:\/\/wp-rocket.me\/wp-content\/uploads\/2024\/10\/1200x800-Featured-Image.png","type":"image\/png"}],"twitter_card":"summary_large_image","twitter_site":"@wp_rocket","twitter_misc":{"Tiempo de lectura":"1 minuto"},"schema":{"@context":"https:\/\/schema.org","@graph":[{"@type":"WebPage","@id":"https:\/\/wp-rocket.me\/es\/politica-reembolso\/","url":"https:\/\/wp-rocket.me\/es\/politica-reembolso\/","name":"Politica de reembolso - WP Rocket","isPartOf":{"@id":"https:\/\/wp-rocket.me\/#website"},"datePublished":"2014-07-24T21:38:11+00:00","dateModified":"2021-03-16T14:13:44+00:00","description":"Garant\u00eda de devoluci\u00f3n de dinero en 14 d\u00edas.","breadcrumb":{"@id":"https:\/\/wp-rocket.me\/es\/politica-reembolso\/#breadcrumb"},"inLanguage":"es","potentialAction":[{"@type":"ReadAction","target":["https:\/\/wp-rocket.me\/es\/politica-reembolso\/"]}]},{"@type":"BreadcrumbList","@id":"https:\/\/wp-rocket.me\/es\/politica-reembolso\/#breadcrumb","itemListElement":[{"@type":"ListItem","position":1,"name":"Inicio","item":"https:\/\/wp-rocket.me\/es\/"},{"@type":"ListItem","position":2,"name":"Politica de reembolso"}]},{"@type":"WebSite","@id":"https:\/\/wp-rocket.me\/#website","url":"https:\/\/wp-rocket.me\/","name":"WP Rocket","description":"Plugin d&#039;optimisation de sites WordPress","publisher":{"@id":"https:\/\/wp-rocket.me\/#organization"},"potentialAction":[{"@type":"SearchAction","target":{"@type":"EntryPoint","urlTemplate":"https:\/\/wp-rocket.me\/?s={search_term_string}"},"query-input":{"@type":"PropertyValueSpecification","valueRequired":true,"valueName":"search_term_string"}}],"inLanguage":"es"},{"@type":"Organization","@id":"https:\/\/wp-rocket.me\/#organization","name":"WP Rocket","url":"https:\/\/wp-rocket.me\/","logo":{"@type":"ImageObject","inLanguage":"es","@id":"https:\/\/wp-rocket.me\/#\/schema\/logo\/image\/","url":"https:\/\/wp-rocket.me\/wp-content\/uploads\/1\/logo-wp-rocket-paypal-2.png","contentUrl":"https:\/\/wp-rocket.me\/wp-content\/uploads\/1\/logo-wp-rocket-paypal-2.png","width":150,"height":41,"caption":"WP Rocket"},"image":{"@id":"https:\/\/wp-rocket.me\/#\/schema\/logo\/image\/"},"sameAs":["https:\/\/www.facebook.com\/pages\/WP-Rocket\/631942253526829","https:\/\/x.com\/wp_rocket","https:\/\/www.youtube.com\/channel\/UC1ozThXHd1IWIZ5wkshgp_Q"]}]}},"_links":{"self":[{"href":"https:\/\/wp-rocket.me\/es\/wp-json\/wp\/v2\/pages\/1017","targetHints":{"allow":["GET"]}}],"collection":[{"href":"https:\/\/wp-rocket.me\/es\/wp-json\/wp\/v2\/pages"}],"about":[{"href":"https:\/\/wp-rocket.me\/es\/wp-json\/wp\/v2\/types\/page"}],"author":[{"embeddable":true,"href":"https:\/\/wp-rocket.me\/es\/wp-json\/wp\/v2\/users\/4"}],"replies":[{"embeddable":true,"href":"https:\/\/wp-rocket.me\/es\/wp-json\/wp\/v2\/comments?post=1017"}],"version-history":[{"count":0,"href":"https:\/\/wp-rocket.me\/es\/wp-json\/wp\/v2\/pages\/1017\/revisions"}],"wp:attachment":[{"href":"https:\/\/wp-rocket.me\/es\/wp-json\/wp\/v2\/media?parent=1017"}],"curies":[{"name":"wp","href":"https:\/\/api.w.org\/{rel}","templated":true}]}}