{"id":3129749,"date":"2021-03-11T13:32:11","date_gmt":"2021-03-11T12:32:11","guid":{"rendered":"https:\/\/wp-rocket.me\/?page_id=3129749"},"modified":"2023-11-29T08:35:36","modified_gmt":"2023-11-29T07:35:36","slug":"rocketcdn","status":"publish","type":"page","link":"https:\/\/wp-rocket.me\/de\/rocketcdn\/","title":{"rendered":"Beschleunige deine Website mit RocketCDN"},"content":{"rendered":"\n<div class=\"wp-block-group alignfull\"><div class=\"wp-block-group__inner-container is-layout-flow wp-block-group-is-layout-flow\">\n<h2 class=\"wp-block-heading has-text-align-center\">Liefere deine Inhalte<br>mit Lichtgeschwindigkeit aus<\/h2>\n\n\n\n<p class=\"has-text-align-center aligncenter\">Deine Endbenutzer werden viel schneller auf deine Website zugreifen k\u00f6nnen, egal wo auf der Welt sie sich befinden!<\/p>\n\n\n\n<div class=\"wp-block-columns is-layout-flex wp-container-core-columns-is-layout-9d6595d7 wp-block-columns-is-layout-flex\">\n<div class=\"wp-block-column is-layout-flow wp-block-column-is-layout-flow\">\n<p>Falls deine Website ein internationales Publikum erreichen soll, hat die Entfernung zu dem Standort deines Besuchers einen gro\u00dfen Einfluss auf die Leistung.<\/p>\n\n\n\n<p><strong><strong>Mit RocketCDN k\u00f6nnen alle schnell auf deine Inhalte zugreifen, ganz egal wo auf der Welt sie sich befinden!<\/strong><\/strong><\/p>\n\n\n\n<p>Reduziere Wartezeiten, die Paketumlaufzeit (RTT) und spare Kosten f\u00fcr Bandbreite mit unserem individualisierten CDN: RocketCDN steht bereit, um deine Website zu beschleunigen und deine Besucher gl\u00fccklich zu machen.<\/p>\n\n\n\n<p><em><em>Du kannst jederzeit k\u00fcndigen, jeder angefangene Monat ist f\u00e4llig.<\/em><\/em><\/p>\n<\/div>\n\n\n\n<div class=\"wp-block-column is-vertically-aligned-top has-gray-background-color rounded-corner block-rocketcdn-price is-layout-flow wp-block-column-is-layout-flow\">\n<h2 class=\"wp-block-heading has-text-align-center\" style=\"font-size:44px;line-height:1\"><sub><sup>$<\/sup><\/sub>7.99<sub>\/Monat<\/sub><\/h2>\n\n\n\n<ul class=\"wp-block-list\">\n<li>Unbegrenzte Bandbreite*<\/li>\n\n\n\n<li>Alle CDN-Dateien werden automatisch \u00fcber HTTPS ausgeliefert<\/li>\n\n\n\n<li>SSL-Verkehr&nbsp;<\/li>\n\n\n\n<li>Globale Knotenpunkte (PoP)<\/li>\n<\/ul>\n\n\n\n<p class=\"has-small-font-size\"><em>* <em>wir behalten uns das Recht vor, deine RocketCDN-URL zu deaktivieren, falls wir einen Missbrauch der Bandbreitennutzung feststellen<\/em>.<\/em><\/p>\n<\/div>\n<\/div>\n<\/div><\/div>\n\n\n\n<div class=\"wp-block-group alignfull has-gray-background-color has-background\"><div class=\"wp-block-group__inner-container is-layout-flow wp-block-group-is-layout-flow\">\n<h2 class=\"wp-block-heading has-text-align-center\">Warum RocketCDN w\u00e4hlen?<\/h2>\n\n\n\n<p class=\"has-text-align-center aligncenter\">Nie mehr Kopfschmerzen bei der Konfiguration, unsere automatische Konfiguration liefert die besten Ergebnisse f\u00fcr die Geschwindigkeit!<\/p>\n\n\n\n<div class=\"block-icon-text\"><div class=\"block-icon-text__media\"><svg class=\"block-picto-svg\" aria-label=\"Enhancement\"><use xlink:href=\"https:\/\/wp-rocket.me\/wp-content\/themes\/V4\/sprite_svg_pictos.svg#picto-enhancement\"><\/use><\/svg><\/div><div class=\"block-icon-text__content\">\n<h3 class=\"wp-block-heading\">Beste automatische Konfiguration<\/h3>\n\n\n\n<p>Es ist nicht n\u00f6tig, sich mit komplizierten CDN-Optionen herumzuschlagen.<br>Wir wenden automatisch die beste CDN-Konfiguration an, um deine Geschwindigkeits- und Leistungswerte hochzutreiben.<\/p>\n<\/div><\/div>\n\n\n\n<div class=\"block-icon-text\"><div class=\"block-icon-text__media\"><svg class=\"block-picto-svg\" aria-label=\"Easy\"><use xlink:href=\"https:\/\/wp-rocket.me\/wp-content\/themes\/V4\/sprite_svg_pictos.svg#picto-easy\"><\/use><\/svg><\/div><div class=\"block-icon-text__content\">\n<h3 class=\"wp-block-heading\">Einfache Integration<\/h3>\n\n\n\n<p>H\u00f6r auf, deine Zeit damit zu verschwenden, nach den besten Einstellungen auf dem Dashboard deines CDN-Anbieters zu suchen.<br>RocketCDN braucht keine Optimierungstricks: Gib deine individuelle URL ein und deine Website ist sofort schneller. So einfach ist das.<\/p>\n<\/div><\/div>\n\n\n\n<div class=\"block-icon-text\"><div class=\"block-icon-text__media\"><svg class=\"block-picto-svg\" aria-label=\"Performance\"><use xlink:href=\"https:\/\/wp-rocket.me\/wp-content\/themes\/V4\/sprite_svg_pictos.svg#picto-performance\"><\/use><\/svg><\/div><div class=\"block-icon-text__content\">\n<h3 class=\"wp-block-heading\">Powered by Bunny CDN<\/h3>\n\n\n\n<p>Wir verlassen uns auf bunny.net und sein Hochleistungs-CDN. Mit mehr als 120 Edge-Standorten z\u00e4hlt BunnyCDN zu den schnellsten CDNs und ist ein unsch\u00e4tzbarer Verb\u00fcndeter.<\/p>\n<\/div><\/div>\n<\/div><\/div>\n\n\n\n<div class=\"wp-block-group alignfull\"><div class=\"wp-block-group__inner-container is-layout-flow wp-block-group-is-layout-flow\">\n<h2 class=\"wp-block-heading has-text-align-center\">Ein breites und zuverl\u00e4ssiges Netzwerk<\/h2>\n\n\n\n<p class=\"has-text-align-center aligncenter\">Bunny CDN bietet mehr als 120 Edge-Standorte weltweit<\/p>\n\n\n\n<figure class=\"wp-block-image size-full\"><img loading=\"lazy\" decoding=\"async\" width=\"1671\" height=\"984\" src=\"https:\/\/wp-rocket.me\/wp-content\/uploads\/2023\/11\/RocketCDN_new-map-1.png\" alt=\"\" class=\"wp-image-6319984\" srcset=\"https:\/\/wp-rocket.me\/wp-content\/uploads\/2023\/11\/RocketCDN_new-map-1.png 1671w, https:\/\/wp-rocket.me\/wp-content\/uploads\/2023\/11\/RocketCDN_new-map-1-310x183.png 310w, https:\/\/wp-rocket.me\/wp-content\/uploads\/2023\/11\/RocketCDN_new-map-1-768x452.png 768w, https:\/\/wp-rocket.me\/wp-content\/uploads\/2023\/11\/RocketCDN_new-map-1-102x60.png 102w, https:\/\/wp-rocket.me\/wp-content\/uploads\/2023\/11\/RocketCDN_new-map-1-153x90.png 153w\" sizes=\"auto, (max-width: 1671px) 100vw, 1671px\" \/><\/figure>\n\n\n\n<p class=\"has-text-align-center aligncenter\"><\/p>\n<\/div><\/div>\n\n\n\n<div class=\"wp-block-group alignfull has-gray-background-color has-background\"><div class=\"wp-block-group__inner-container is-layout-flow wp-block-group-is-layout-flow\">\n<h2 class=\"wp-block-heading has-text-align-center\">Du musst kein Raketenwissenschaftler sein, um es in Betrieb zu nehmen und zum Laufen zu bringen<\/h2>\n\n\n\n<p class=\"has-text-align-center aligncenter\">Die Einrichtung von RocketCDN ist so schnell, dass sie mit ein paar Klicks erledigt ist:<\/p>\n\n\n\n<div class=\"block-three-steps alignwide\">\n\t<div class=\"block-three-steps__item has-yellow-background-color has-black-color\">\n\t\t<svg width=\"22\" height=\"32\" xmlns=\"http:\/\/www.w3.org\/2000\/svg\" fill=\"currentColor\" aria-label=\"1\"><path d=\"M0 31.3v-4.5h8.2V5.9L.4 8.4V3.7L10.6 0h3.1v26.8h7.8v4.5H0z\"\/><\/svg>\t\t<p>\n\t\t\t<span class=\"has-normal-heading-size\">Gehe<\/span>\n\t\t\tzum CDN-Tab in deiner WP-Rocket-Adminoberfl\u00e4che\t\t<\/p>\n\t<\/div>\n\t<div class=\"block-three-steps__item has-white-color\">\n\t\t<svg width=\"24\" height=\"33\" fill=\"currentColor\" xmlns=\"http:\/\/www.w3.org\/2000\/svg\" aria-label=\"2\"><path d=\"M0 32.7h23.3v-5H8l6.6-5.5c5.7-4.7 8.4-7.4 8.4-12.5C23 3.8 18.6 0 12.3 0 6.6 0 3.5 2.4.5 6.7l4 3.2C7 6.7 9 5 12 5c3 0 5.2 1.8 5.2 5 0 2.9-1.6 4.9-6 8.7L0 28.2v4.5z\" fill=\"#fff\"\/><\/svg>\t\t<p>\n\t\t\t<span class=\"has-normal-heading-size has-white-color\">Aktiviere<\/span>\n\t\t\tdein RocketCDN-Abonnement\t\t<\/p>\n\t<\/div>\n\t<div class=\"block-three-steps__item has-blue-background-color\">\n\t\t<svg width=\"24\" height=\"33\" xmlns=\"http:\/\/www.w3.org\/2000\/svg\" fill=\"currentColor\" aria-label=\"3\"><path d=\"M12.3 32.8c6.7 0 11.3-4.3 11.3-10.3 0-6-4.6-8.5-9.5-9l9-9.3V0H1.8v5h14L7 14.1l1 3.5h2.6c4.5 0 7.4 1.8 7.4 5 0 3-2.4 5-5.6 5-3.6 0-6.1-1.6-8.4-4.3l-4 3.7c2.7 3.3 6.7 5.7 12.3 5.7z\" fill=\"#fff\"\/><\/svg>\t\t<p>\n\t\t\t<span class=\"has-normal-heading-size has-white-color\">Fertig!<\/span>\n\t\t\tAlle CDN-Einstellungen werden automatisch angewendet\t\t<\/p>\n\t<\/div>\n<\/div>\n<\/div><\/div>\n\n\n\n<div class=\"wp-block-group alignfull\"><div class=\"wp-block-group__inner-container is-layout-flow wp-block-group-is-layout-flow\">\n<h2 class=\"wp-block-heading has-text-align-center\">Brauchst du Hilfe?<\/h2>\n\n\n\n<p class=\"has-text-align-center aligncenter\">Unsere Rocketeers stehen bereit, dir zu helfen, falls du irgendwelche Fragen oder Probleme mit unserem CDN-Angebot hast.<\/p>\n\n\n\n<div class=\"block-meet-support alignwide\">\n\t<div class=\"block-meet-support__text\">\n\t\t<p class=\"has-normal-font-size\">Support ist das R\u00fcckgrat von WP Rocket. Unser Support-Team kennt WP Rocket und RocketCDN auswendig.<\/p>\n\t\t<div class=\"has-orange-color block-meet-support__number\">\n\t\t\t92<span class=\"block-meet-support__percent\">%<\/span>\n\t\t<\/div>\n\t\t<span class=\"h3-like\">Happiness-Index<\/span>\n\t\t<span class=\"has-small-font-size\">basierend auf 2.311 Bewertungen unserer Kunden<\/span>\n\t<\/div>\n\t<div class=\"block-meet-support__teammate\">\n\t\t<div class=\"block-meet-support__ticket-example\">\n\t\t\t<img decoding=\"async\" srcset=\"https:\/\/wp-rocket.me\/wp-content\/themes\/V4\/assets\/images\/blocks\/support\/support.png 620w, https:\/\/wp-rocket.me\/wp-content\/themes\/V4\/assets\/images\/blocks\/support\/support@2x.png 1240w\" sizes=\"auto, (max-width: 700px) 0px, 620px\" src=\"https:\/\/wp-rocket.me\/wp-content\/themes\/V4\/assets\/images\/blocks\/support\/support.png\" class=\"block-meet-support__skeleton\" alt=\"\" draggable=\"false\" width=\"620\" height=\"382\" loading=\"lazy\">\n\t\t<\/div>\n\t<\/div>\n<\/div>\n\n\n\n<hr class=\"wp-block-separator has-css-opacity is-style-wide\"\/>\n\n\n\n<h2 class=\"wp-block-heading has-text-align-center\">H\u00e4ufig gestellte Fragen<\/h2>\n\n\n\n<div class=\"wp-block-who-accordion schema-faq-section\" itemscope itemprop=\"mainEntity\" itemtype=\"https:\/\/schema.org\/Question\"><h3 class=\"schema-faq-question\" itemprop=\"name\">Was, wenn ich nicht zufrieden bin? \/ Gibt es eine Testversion?<\/h3><div class=\"schema-faq-answer\" itemscope itemprop=\"acceptedAnswer\" itemtype=\"https:\/\/schema.org\/Answer\"><div itemprop=\"text\">\n<p>Es gibt keine kostenlose Testperiode, aber du kannst innerhalb von 24 Stunden nach der Bestellung eine R\u00fcckerstattung beantragen. Falls du danach, w\u00e4hrend der folgenden Abrechnungsmonate k\u00fcndigst, wird dir der volle Monat in Rechnung gestellt.<\/p>\n<\/div><\/div><\/div>\n\n\n\n<div class=\"wp-block-who-accordion schema-faq-section\" itemscope itemprop=\"mainEntity\" itemtype=\"https:\/\/schema.org\/Question\"><h3 class=\"schema-faq-question\" itemprop=\"name\">Wie kann ich die Leistungssteigerungen von RocketCDN \u00fcberpr\u00fcfen?<\/h3><div class=\"schema-faq-answer\" itemscope itemprop=\"acceptedAnswer\" itemtype=\"https:\/\/schema.org\/Answer\"><div itemprop=\"text\">\n<p>Wenn du ein CDN benutzt, wird das die Leistung f\u00fcr Besucher verbessern, die von einem Standort auf deinen Server zugreifen, der weit davon entfernt ist. <a href=\"https:\/\/docs.wp-rocket.me\/article\/1340-how-to-see-the-performance-improvements-of-rocketcdn\"><strong>Hier<\/strong><\/a> findest du einen Weg, die Effektivit\u00e4t zu pr\u00fcfen.<\/p>\n<\/div><\/div><\/div>\n\n\n\n<div class=\"wp-block-who-accordion schema-faq-section\" itemscope itemprop=\"mainEntity\" itemtype=\"https:\/\/schema.org\/Question\"><h3 class=\"schema-faq-question\" itemprop=\"name\">Kann ich RocketCDN auf beliebig vielen Websites einsetzen?<\/h3><div class=\"schema-faq-answer\" itemscope itemprop=\"acceptedAnswer\" itemtype=\"https:\/\/schema.org\/Answer\"><div itemprop=\"text\">\n<p>Nein. Jede Website erfordert ein eigenes RocketCDN-Abonnement. Wenn du eine Staging-Site und eine Produktiv-Site hast, wirst du deshalb nicht in der Lage sein, RocketCDN zwischen ihnen zu transferieren, du solltest es also f\u00fcr deine Produktiv-Site abonnieren.<\/p>\n<\/div><\/div><\/div>\n\n\n\n<div class=\"wp-block-who-accordion schema-faq-section\" itemscope itemprop=\"mainEntity\" itemtype=\"https:\/\/schema.org\/Question\"><h3 class=\"schema-faq-question\" itemprop=\"name\">Kann ich RocketCDN zus\u00e4tzlich zu Cloudflare benutzen<\/h3><div class=\"schema-faq-answer\" itemscope itemprop=\"acceptedAnswer\" itemtype=\"https:\/\/schema.org\/Answer\"><div itemprop=\"text\">\n<p>Ja, du kannst RocketCDN und Cloudflare gemeinsam nutzen. Cloudflare bietet dir viele verschiedene Funktionen inklusive Sicherheitsfunktionen. RocketCDN wird den Teil der Bereitstellung von Ressourcen \u00fcbernehmen (JS, CSS, Bilder).<\/p>\n<\/div><\/div><\/div>\n\n\n\n<div class=\"wp-block-who-accordion schema-faq-section\" itemscope itemprop=\"mainEntity\" itemtype=\"https:\/\/schema.org\/Question\"><h3 class=\"schema-faq-question\" itemprop=\"name\">Was ist der Unterschied zwischen RocketCDN und Bunny CDN? <\/h3><div class=\"schema-faq-answer\" itemscope itemprop=\"acceptedAnswer\" itemtype=\"https:\/\/schema.org\/Answer\"><div itemprop=\"text\">\n<p>RocketCDN bietet eine bequeme und schnelle Einrichtung mit nur einem Mausklick. Wir k\u00fcmmern uns automatisch um die ideale Einrichtung, sodass du keine Zeit daf\u00fcr aufwenden musst. Wenn du direkt \u00fcber Bunny CDN gehst, ist eine manuelle Konfiguration erforderlich. Wenn du nur eine Website hast, wird es billiger sein, RocketCDN zu verwenden. F\u00fcr mehrere Websites ist Bunny CDN g\u00fcnstiger, doch musst du mehr Zeit in die Einrichtung investieren.<\/p>\n<\/div><\/div><\/div>\n<\/div><\/div>\n\n\n\n<div class=\"block-cta alignfull is-targeted is-style-orange\">\n\t<div class=\"block-cta__wrapper\">\n\t\t<svg aria-hidden=\"true\" class=\"block-cta__pattern-left svg\" fill=\"none\" xmlns=\"http:\/\/www.w3.org\/2000\/svg\"><rect class=\"path path-10\" width=\"7.1\" height=\"7.1\" rx=\".9\" transform=\"scale(1 -1) rotate(45 226.2 -70.4)\" fill=\"#454F59\"\/><path class=\"path path-1\" fill-rule=\"evenodd\" clip-rule=\"evenodd\" d=\"M91.5 171.1a4.4 4.4 0 100 8.8 4.4 4.4 0 000-8.8z\" fill=\"#D0D3D8\"\/><path class=\"path path-3\" fill-rule=\"evenodd\" clip-rule=\"evenodd\" d=\"M166.5 95.1a4.4 4.4 0 110 8.8 4.4 4.4 0 010-8.8z\" fill=\"#FFD147\"\/><path class=\"path path-6\" d=\"M91.5 104l-4.9-8.3h9.8l-4.9 8.4z\" fill=\"#99D1DE\"\/><rect class=\"path path-5\" x=\"16.5\" y=\"104.5\" width=\"7.1\" height=\"7.1\" rx=\".9\" transform=\"rotate(-135 16.5 104.5)\" fill=\"#FFD0D8\"\/><path class=\"path path-2\" fill-rule=\"evenodd\" clip-rule=\"evenodd\" d=\"M16.5 247.1a4.4 4.4 0 100 8.8 4.4 4.4 0 000-8.8z\" fill=\"#FFD147\"\/><rect class=\"path path-7\" width=\"7.1\" height=\"7.1\" rx=\".9\" transform=\"scale(1 -1) rotate(45 355.4 -17.8)\" fill=\"#F56F46\"\/><path class=\"path path-4\" fill-rule=\"evenodd\" clip-rule=\"evenodd\" d=\"M16.5 19.1a4.4 4.4 0 100 8.8 4.4 4.4 0 000-8.8z\" fill=\"#FFD147\"\/><path class=\"path path-0\" fill-rule=\"evenodd\" clip-rule=\"evenodd\" d=\"M241.5 19.1a4.4 4.4 0 100 8.8 4.4 4.4 0 000-8.8z\" fill=\"#fff\"\/><path class=\"path path-8\" d=\"M166.5 28l4.9-8.3h-9.8l4.9 8.4z\" fill=\"#005BC6\"\/><rect class=\"path path-9\" width=\"7.1\" height=\"7.1\" rx=\".9\" transform=\"scale(1 -1) rotate(45 80.2 96.2)\" fill=\"#172153\"\/><\/svg>\n\t\t<svg aria-hidden=\"true\" class=\"block-cta__pattern-right svg\" fill=\"none\" xmlns=\"http:\/\/www.w3.org\/2000\/svg\"><rect class=\"path path-9\" width=\"7.1\" height=\"7.1\" rx=\".9\" transform=\"scale(1 -1) rotate(45 226.2 -70.4)\" fill=\"#454F59\"\/><path class=\"path path-2\" fill-rule=\"evenodd\" clip-rule=\"evenodd\" d=\"M91.5 171.1a4.4 4.4 0 100 8.8 4.4 4.4 0 000-8.8z\" fill=\"#D0D3D8\"\/><path class=\"path path-1\" fill-rule=\"evenodd\" clip-rule=\"evenodd\" d=\"M166.5 95.1a4.4 4.4 0 110 8.8 4.4 4.4 0 010-8.8z\" fill=\"#FFD147\"\/><path class=\"path path-0\" d=\"M91.5 104l-4.9-8.3h9.8l-4.9 8.4z\" fill=\"#99D1DE\"\/><rect class=\"path path-8\" x=\"16.5\" y=\"104.5\" width=\"7.1\" height=\"7.1\" rx=\".9\" transform=\"rotate(-135 16.5 104.5)\" fill=\"#FFD0D8\"\/><path class=\"path path-6\" fill-rule=\"evenodd\" clip-rule=\"evenodd\" d=\"M16.5 247.1a4.4 4.4 0 100 8.8 4.4 4.4 0 000-8.8z\" fill=\"#FFD147\"\/><rect class=\"path path-10\" width=\"7.1\" height=\"7.1\" rx=\".9\" transform=\"scale(1 -1) rotate(45 355.4 -17.8)\" fill=\"#F56F46\"\/><path class=\"path path-3\" fill-rule=\"evenodd\" clip-rule=\"evenodd\" d=\"M16.5 19.1a4.4 4.4 0 100 8.8 4.4 4.4 0 000-8.8z\" fill=\"#FFD147\"\/><path class=\"path path-4\" fill-rule=\"evenodd\" clip-rule=\"evenodd\" d=\"M241.5 19.1a4.4 4.4 0 100 8.8 4.4 4.4 0 000-8.8z\" fill=\"#fff\"\/><path class=\"path path-7\" d=\"M166.5 28l4.9-8.3h-9.8l4.9 8.4z\" fill=\"#005BC6\"\/><rect class=\"path path-5\" width=\"7.1\" height=\"7.1\" rx=\".9\" transform=\"scale(1 -1) rotate(45 80.2 96.2)\" fill=\"#172153\"\/><\/svg>\n\t\t<div class=\"block-cta__content\">\n\t\t\t\n\n<p>Treibe deinen PageSpeed Score nach oben<\/p>\n\n\n\n<div class=\"block-chrono-text\">Unglaubliche Ergebnisse, sofort.<\/div>\n\n\n\n<p><\/p>\n\n\n\n<div class=\"wp-block-button\"><a class=\"wp-block-button__link has-blue-background-color has-background\" href=\"https:\/\/wp-rocket.me\/de\/preise\/\">Hol dir WP Rocket jetzt<\/a><\/div>\n\n\t\t<\/div>\n\t<\/div>\n<\/div>","protected":false},"excerpt":{"rendered":"<p>RocketCDN ist unser Premium Optimiertes CDN, direkt in WP&nbsp;Rocket integriert<\/p>\n","protected":false},"author":121270,"featured_media":0,"parent":0,"menu_order":0,"comment_status":"closed","ping_status":"closed","template":"","meta":{"_acf_changed":false,"inline_featured_image":false,"kia_subtitle":"","footnotes":""},"class_list":["post-3129749","page","type-page","status-publish","hentry"],"acf":[],"yoast_head":"<!-- This site is optimized with the Yoast SEO plugin v25.3 - https:\/\/yoast.com\/wordpress\/plugins\/seo\/ -->\n<title>Beschleunige deine Website mit RocketCDN - WP Rocket<\/title>\n<meta name=\"description\" content=\"Du kannst jederzeit k\u00fcndigen, jeder angefangene Monat ist f\u00e4llig. $7.99\/Monat ... Unser Support-Team kennt WP Rocket und RocketCDN auswendig.\" \/>\n<meta name=\"robots\" content=\"index, follow, max-snippet:-1, max-image-preview:large, max-video-preview:-1\" \/>\n<link rel=\"canonical\" href=\"https:\/\/wp-rocket.me\/de\/rocketcdn\/\" \/>\n<meta property=\"og:locale\" content=\"de_DE\" \/>\n<meta property=\"og:type\" content=\"article\" \/>\n<meta property=\"og:title\" content=\"Beschleunige deine Website mit RocketCDN - WP Rocket\" \/>\n<meta property=\"og:description\" content=\"Du kannst jederzeit k\u00fcndigen, jeder angefangene Monat ist f\u00e4llig. $7.99\/Monat ... Unser Support-Team kennt WP Rocket und RocketCDN auswendig.\" \/>\n<meta property=\"og:url\" content=\"https:\/\/wp-rocket.me\/de\/rocketcdn\/\" \/>\n<meta property=\"og:site_name\" content=\"WP Rocket\" \/>\n<meta property=\"article:publisher\" content=\"https:\/\/www.facebook.com\/pages\/WP-Rocket\/631942253526829\" \/>\n<meta property=\"article:modified_time\" content=\"2023-11-29T07:35:36+00:00\" \/>\n<meta property=\"og:image\" content=\"https:\/\/wp-rocket.me\/wp-content\/uploads\/2023\/11\/RocketCDN_new-map-1.png\" \/>\n<meta name=\"twitter:card\" content=\"summary_large_image\" \/>\n<meta name=\"twitter:site\" content=\"@wp_rocket\" \/>\n<meta name=\"twitter:label1\" content=\"Gesch\u00e4tzte Lesezeit\" \/>\n\t<meta name=\"twitter:data1\" content=\"3 Minuten\" \/>\n<script type=\"application\/ld+json\" class=\"yoast-schema-graph\">{\"@context\":\"https:\/\/schema.org\",\"@graph\":[{\"@type\":\"WebPage\",\"@id\":\"https:\/\/wp-rocket.me\/de\/rocketcdn\/\",\"url\":\"https:\/\/wp-rocket.me\/de\/rocketcdn\/\",\"name\":\"Beschleunige deine Website mit RocketCDN - WP Rocket\",\"isPartOf\":{\"@id\":\"https:\/\/wp-rocket.me\/#website\"},\"primaryImageOfPage\":{\"@id\":\"https:\/\/wp-rocket.me\/de\/rocketcdn\/#primaryimage\"},\"image\":{\"@id\":\"https:\/\/wp-rocket.me\/de\/rocketcdn\/#primaryimage\"},\"thumbnailUrl\":\"https:\/\/wp-rocket.me\/wp-content\/uploads\/2023\/11\/RocketCDN_new-map-1.png\",\"datePublished\":\"2021-03-11T12:32:11+00:00\",\"dateModified\":\"2023-11-29T07:35:36+00:00\",\"description\":\"Du kannst jederzeit k\u00fcndigen, jeder angefangene Monat ist f\u00e4llig. $7.99\/Monat ... Unser Support-Team kennt WP Rocket und RocketCDN auswendig.\",\"breadcrumb\":{\"@id\":\"https:\/\/wp-rocket.me\/de\/rocketcdn\/#breadcrumb\"},\"inLanguage\":\"de-DE\",\"potentialAction\":[{\"@type\":\"ReadAction\",\"target\":[\"https:\/\/wp-rocket.me\/de\/rocketcdn\/\"]}]},{\"@type\":\"ImageObject\",\"inLanguage\":\"de-DE\",\"@id\":\"https:\/\/wp-rocket.me\/de\/rocketcdn\/#primaryimage\",\"url\":\"https:\/\/wp-rocket.me\/wp-content\/uploads\/2023\/11\/RocketCDN_new-map-1.png\",\"contentUrl\":\"https:\/\/wp-rocket.me\/wp-content\/uploads\/2023\/11\/RocketCDN_new-map-1.png\"},{\"@type\":\"BreadcrumbList\",\"@id\":\"https:\/\/wp-rocket.me\/de\/rocketcdn\/#breadcrumb\",\"itemListElement\":[{\"@type\":\"ListItem\",\"position\":1,\"name\":\"Startseite\",\"item\":\"https:\/\/wp-rocket.me\/de\/\"},{\"@type\":\"ListItem\",\"position\":2,\"name\":\"Beschleunige deine Website mit RocketCDN\"}]},{\"@type\":\"WebSite\",\"@id\":\"https:\/\/wp-rocket.me\/#website\",\"url\":\"https:\/\/wp-rocket.me\/\",\"name\":\"WP Rocket\",\"description\":\"Plugin d&#039;optimisation de sites WordPress\",\"publisher\":{\"@id\":\"https:\/\/wp-rocket.me\/#organization\"},\"potentialAction\":[{\"@type\":\"SearchAction\",\"target\":{\"@type\":\"EntryPoint\",\"urlTemplate\":\"https:\/\/wp-rocket.me\/?s={search_term_string}\"},\"query-input\":{\"@type\":\"PropertyValueSpecification\",\"valueRequired\":true,\"valueName\":\"search_term_string\"}}],\"inLanguage\":\"de-DE\"},{\"@type\":\"Organization\",\"@id\":\"https:\/\/wp-rocket.me\/#organization\",\"name\":\"WP Rocket\",\"url\":\"https:\/\/wp-rocket.me\/\",\"logo\":{\"@type\":\"ImageObject\",\"inLanguage\":\"de-DE\",\"@id\":\"https:\/\/wp-rocket.me\/#\/schema\/logo\/image\/\",\"url\":\"https:\/\/wp-rocket.me\/wp-content\/uploads\/1\/logo-wp-rocket-paypal-2.png\",\"contentUrl\":\"https:\/\/wp-rocket.me\/wp-content\/uploads\/1\/logo-wp-rocket-paypal-2.png\",\"width\":150,\"height\":41,\"caption\":\"WP Rocket\"},\"image\":{\"@id\":\"https:\/\/wp-rocket.me\/#\/schema\/logo\/image\/\"},\"sameAs\":[\"https:\/\/www.facebook.com\/pages\/WP-Rocket\/631942253526829\",\"https:\/\/x.com\/wp_rocket\",\"https:\/\/www.youtube.com\/channel\/UC1ozThXHd1IWIZ5wkshgp_Q\"]}]}<\/script>\n<!-- \/ Yoast SEO plugin. -->","yoast_head_json":{"title":"Beschleunige deine Website mit RocketCDN - WP Rocket","description":"Du kannst jederzeit k\u00fcndigen, jeder angefangene Monat ist f\u00e4llig. $7.99\/Monat ... Unser Support-Team kennt WP Rocket und RocketCDN auswendig.","robots":{"index":"index","follow":"follow","max-snippet":"max-snippet:-1","max-image-preview":"max-image-preview:large","max-video-preview":"max-video-preview:-1"},"canonical":"https:\/\/wp-rocket.me\/de\/rocketcdn\/","og_locale":"de_DE","og_type":"article","og_title":"Beschleunige deine Website mit RocketCDN - WP Rocket","og_description":"Du kannst jederzeit k\u00fcndigen, jeder angefangene Monat ist f\u00e4llig. $7.99\/Monat ... Unser Support-Team kennt WP Rocket und RocketCDN auswendig.","og_url":"https:\/\/wp-rocket.me\/de\/rocketcdn\/","og_site_name":"WP Rocket","article_publisher":"https:\/\/www.facebook.com\/pages\/WP-Rocket\/631942253526829","article_modified_time":"2023-11-29T07:35:36+00:00","og_image":[{"url":"https:\/\/wp-rocket.me\/wp-content\/uploads\/2023\/11\/RocketCDN_new-map-1.png","type":"","width":"","height":""}],"twitter_card":"summary_large_image","twitter_site":"@wp_rocket","twitter_misc":{"Gesch\u00e4tzte Lesezeit":"3 Minuten"},"schema":{"@context":"https:\/\/schema.org","@graph":[{"@type":"WebPage","@id":"https:\/\/wp-rocket.me\/de\/rocketcdn\/","url":"https:\/\/wp-rocket.me\/de\/rocketcdn\/","name":"Beschleunige deine Website mit RocketCDN - WP Rocket","isPartOf":{"@id":"https:\/\/wp-rocket.me\/#website"},"primaryImageOfPage":{"@id":"https:\/\/wp-rocket.me\/de\/rocketcdn\/#primaryimage"},"image":{"@id":"https:\/\/wp-rocket.me\/de\/rocketcdn\/#primaryimage"},"thumbnailUrl":"https:\/\/wp-rocket.me\/wp-content\/uploads\/2023\/11\/RocketCDN_new-map-1.png","datePublished":"2021-03-11T12:32:11+00:00","dateModified":"2023-11-29T07:35:36+00:00","description":"Du kannst jederzeit k\u00fcndigen, jeder angefangene Monat ist f\u00e4llig. $7.99\/Monat ... Unser Support-Team kennt WP Rocket und RocketCDN auswendig.","breadcrumb":{"@id":"https:\/\/wp-rocket.me\/de\/rocketcdn\/#breadcrumb"},"inLanguage":"de-DE","potentialAction":[{"@type":"ReadAction","target":["https:\/\/wp-rocket.me\/de\/rocketcdn\/"]}]},{"@type":"ImageObject","inLanguage":"de-DE","@id":"https:\/\/wp-rocket.me\/de\/rocketcdn\/#primaryimage","url":"https:\/\/wp-rocket.me\/wp-content\/uploads\/2023\/11\/RocketCDN_new-map-1.png","contentUrl":"https:\/\/wp-rocket.me\/wp-content\/uploads\/2023\/11\/RocketCDN_new-map-1.png"},{"@type":"BreadcrumbList","@id":"https:\/\/wp-rocket.me\/de\/rocketcdn\/#breadcrumb","itemListElement":[{"@type":"ListItem","position":1,"name":"Startseite","item":"https:\/\/wp-rocket.me\/de\/"},{"@type":"ListItem","position":2,"name":"Beschleunige deine Website mit RocketCDN"}]},{"@type":"WebSite","@id":"https:\/\/wp-rocket.me\/#website","url":"https:\/\/wp-rocket.me\/","name":"WP Rocket","description":"Plugin d&#039;optimisation de sites WordPress","publisher":{"@id":"https:\/\/wp-rocket.me\/#organization"},"potentialAction":[{"@type":"SearchAction","target":{"@type":"EntryPoint","urlTemplate":"https:\/\/wp-rocket.me\/?s={search_term_string}"},"query-input":{"@type":"PropertyValueSpecification","valueRequired":true,"valueName":"search_term_string"}}],"inLanguage":"de-DE"},{"@type":"Organization","@id":"https:\/\/wp-rocket.me\/#organization","name":"WP Rocket","url":"https:\/\/wp-rocket.me\/","logo":{"@type":"ImageObject","inLanguage":"de-DE","@id":"https:\/\/wp-rocket.me\/#\/schema\/logo\/image\/","url":"https:\/\/wp-rocket.me\/wp-content\/uploads\/1\/logo-wp-rocket-paypal-2.png","contentUrl":"https:\/\/wp-rocket.me\/wp-content\/uploads\/1\/logo-wp-rocket-paypal-2.png","width":150,"height":41,"caption":"WP Rocket"},"image":{"@id":"https:\/\/wp-rocket.me\/#\/schema\/logo\/image\/"},"sameAs":["https:\/\/www.facebook.com\/pages\/WP-Rocket\/631942253526829","https:\/\/x.com\/wp_rocket","https:\/\/www.youtube.com\/channel\/UC1ozThXHd1IWIZ5wkshgp_Q"]}]}},"_links":{"self":[{"href":"https:\/\/wp-rocket.me\/de\/wp-json\/wp\/v2\/pages\/3129749","targetHints":{"allow":["GET"]}}],"collection":[{"href":"https:\/\/wp-rocket.me\/de\/wp-json\/wp\/v2\/pages"}],"about":[{"href":"https:\/\/wp-rocket.me\/de\/wp-json\/wp\/v2\/types\/page"}],"author":[{"embeddable":true,"href":"https:\/\/wp-rocket.me\/de\/wp-json\/wp\/v2\/users\/121270"}],"replies":[{"embeddable":true,"href":"https:\/\/wp-rocket.me\/de\/wp-json\/wp\/v2\/comments?post=3129749"}],"version-history":[{"count":0,"href":"https:\/\/wp-rocket.me\/de\/wp-json\/wp\/v2\/pages\/3129749\/revisions"}],"wp:attachment":[{"href":"https:\/\/wp-rocket.me\/de\/wp-json\/wp\/v2\/media?parent=3129749"}],"curies":[{"name":"wp","href":"https:\/\/api.w.org\/{rel}","templated":true}]}}