{"id":3122741,"date":"2021-03-10T13:53:29","date_gmt":"2021-03-10T12:53:29","guid":{"rendered":"https:\/\/wp-rocket.me\/?page_id=3122741"},"modified":"2021-03-16T17:21:52","modified_gmt":"2021-03-16T16:21:52","slug":"imagify","status":"publish","type":"page","link":"https:\/\/wp-rocket.me\/de\/imagify\/","title":{"rendered":"Optimiere deine Bilder mit Imagify"},"content":{"rendered":"\n<div class=\"wp-block-group alignfull\"><div class=\"wp-block-group__inner-container is-layout-flow wp-block-group-is-layout-flow\">\n<h2 class=\"has-text-align-center wp-block-heading\">Die perfekte Kombination f\u00fcr unglaubliche Geschwindigkeit:<br>WP\u00a0Rocket + Imagify.<\/h2>\n\n\n\n<div class=\"wp-block-columns is-layout-flex wp-container-core-columns-is-layout-9d6595d7 wp-block-columns-is-layout-flex\">\n<div class=\"wp-block-column is-layout-flow wp-block-column-is-layout-flow\">\n<p>Hinter WP\u00a0Rocket und Imagify steht ein Unternehmen \u2013 WP Media, das sich\u00a0<strong>Geschwindigkeit und Einfachheit<\/strong>\u00a0auf die Fahne geschrieben hat.<\/p>\n\n\n\n<p>Du kannst unsere Plugins benutzen, um deine Website zu beschleunigen, Konversionen zu steigern und dein Publikum zu begeistern: Dein Ziel ist es, deinen Besuchern eine\u00a0<strong>ultraschnelle Erfahrung<\/strong>\u00a0zu bieten, unseres auch.<\/p>\n<\/div>\n\n\n\n<div class=\"wp-block-column is-layout-flow wp-block-column-is-layout-flow\">\n<div class=\"block-icon-text\"><div class=\"block-icon-text__media\"><svg class=\"block-picto-svg\" aria-label=\"Performance\"><use xlink:href=\"https:\/\/wp-rocket.me\/wp-content\/themes\/V4\/sprite_svg_pictos.svg#picto-performance\"><\/use><\/svg><\/div><div class=\"block-icon-text__content\">\n<h3 class=\"wp-block-heading\">Mit WP\u00a0Rocket<\/h3>\n\n\n\n<p>machen wir das Internet schneller.<\/p>\n<\/div><\/div>\n\n\n\n<div class=\"block-icon-text\"><div class=\"block-icon-text__media\"><svg class=\"block-picto-svg\" aria-label=\"Lighter\"><use xlink:href=\"https:\/\/wp-rocket.me\/wp-content\/themes\/V4\/sprite_svg_pictos.svg#picto-lighter\"><\/use><\/svg><\/div><div class=\"block-icon-text__content\">\n<h3 class=\"wp-block-heading\">Mit Imagify<\/h3>\n\n\n\n<p>machen wir es schlanker.<\/p>\n<\/div><\/div>\n<\/div>\n<\/div>\n\n\n\n<blockquote class=\"wp-block-quote alignwide is-layout-flow wp-block-quote-is-layout-flow\"><p>Als Imagify als Erg\u00e4nzung zu WP\u00a0Rocket kam, wurde mir schnell klar, dass ich mich darauf verlassen konnte, dass es Bilder komprimieren kann, ohne die visuelle Qualit\u00e4t zu vermindern.<\/p><p>Das war eine sehr sch\u00f6ne \u00dcberraschung f\u00fcr mich, die ich nicht erwartet hatte.<\/p><cite>Bjorn Granberg<\/cite><\/blockquote>\n<\/div><\/div>\n\n\n\n<div class=\"wp-block-group alignfull has-gray-background-color has-background\"><div class=\"wp-block-group__inner-container is-layout-flow wp-block-group-is-layout-flow\">\n<h2 class=\"has-text-align-center wp-block-heading\">Die Power von Imagify,<br>direkt in WordPress<\/h2>\n\n\n\n<p class=\"aligncenter has-text-align-center\">Perfekte Bilder, die augenblicklich geladen werden, mit einem Klick optimiert<\/p>\n\n\n\n<div class=\"wp-block-columns wrapper--1100 is-layout-flex wp-container-core-columns-is-layout-9d6595d7 wp-block-columns-is-layout-flex\">\n<div class=\"wp-block-column is-layout-flow wp-block-column-is-layout-flow\">\n<figure class=\"wp-block-image size-large dots\"><img loading=\"lazy\" decoding=\"async\" width=\"490\" height=\"310\" src=\"https:\/\/wp-rocket.me\/wp-content\/uploads\/2021\/03\/imagify-bulk-optimization-skeleton.svg\" alt=\"\" class=\"wp-image-3162380\" title=\"\"\/><\/figure>\n<\/div>\n\n\n\n<div class=\"wp-block-column is-vertically-aligned-top is-layout-flow wp-block-column-is-layout-flow\">\n<div class=\"block-icon-text\"><div class=\"block-icon-text__media\"><svg class=\"block-picto-svg\" aria-label=\"Time\"><use xlink:href=\"https:\/\/wp-rocket.me\/wp-content\/themes\/V4\/sprite_svg_pictos.svg#picto-time\"><\/use><\/svg><\/div><div class=\"block-icon-text__content\">\n<h3 class=\"wp-block-heading\">Beschleunige deine Websites<\/h3>\n\n\n\n<p>Schlankere Bilder bedeuten bessere Ladezeiten, bessere Benutzererfahrung und Spitzen-SEO.<\/p>\n<\/div><\/div>\n\n\n\n<div class=\"block-icon-text\"><div class=\"block-icon-text__media\"><svg class=\"block-picto-svg\" aria-label=\"Load\"><use xlink:href=\"https:\/\/wp-rocket.me\/wp-content\/themes\/V4\/sprite_svg_pictos.svg#picto-load\"><\/use><\/svg><\/div><div class=\"block-icon-text__content\">\n<h3 class=\"wp-block-heading\">Spare Zeit<\/h3>\n\n\n\n<p>Spar die das Finetuning deiner Bilder, sie werden nun automatisch optimiert.<\/p>\n<\/div><\/div>\n\n\n\n<div class=\"block-icon-text\"><div class=\"block-icon-text__media\"><svg class=\"block-picto-svg\" aria-label=\"Image\"><use xlink:href=\"https:\/\/wp-rocket.me\/wp-content\/themes\/V4\/sprite_svg_pictos.svg#picto-image\"><\/use><\/svg><\/div><div class=\"block-icon-text__content\">\n<h3 class=\"wp-block-heading\">Opfere keine Qualit\u00e4t<\/h3>\n\n\n\n<p>Mache deine Bilder schlanker, ohne Kompromisse bei der Qualit\u00e4t einzugehen. Deine Bilder werden sch\u00f6ner sein als je zuvor.<\/p>\n<\/div><\/div>\n<\/div>\n<\/div>\n<\/div><\/div>\n\n\n\n<div class=\"wp-block-group alignfull\"><div class=\"wp-block-group__inner-container is-layout-flow wp-block-group-is-layout-flow\">\n<h2 class=\"has-text-align-center wp-block-heading\">Optimiere jedes Bild<\/h2>\n\n\n\n<p class=\"aligncenter has-text-align-center\">und verbessere die Ladezeit in einem Augenblick<\/p>\n\n\n\n<div class=\"wp-block-columns alignwide is-layout-flex wp-container-core-columns-is-layout-9d6595d7 wp-block-columns-is-layout-flex\">\n<div class=\"wp-block-column is-layout-flow wp-block-column-is-layout-flow\">\n<div class=\"block-icon-text\"><div class=\"block-icon-text__media\"><svg class=\"block-picto-svg\" aria-label=\"Image\"><use xlink:href=\"https:\/\/wp-rocket.me\/wp-content\/themes\/V4\/sprite_svg_pictos.svg#picto-image\"><\/use><\/svg><\/div><div class=\"block-icon-text__content\">\n<h3 class=\"wp-block-heading\">Alle Bildformate<\/h3>\n\n\n\n<p>Optimiere JPG-, PDF-, PNG- und GIF-Bilder. F\u00fcr jedes Bild erh\u00e4ltst du auch dessen WebP-Version.<\/p>\n<\/div><\/div>\n\n\n\n<div class=\"block-icon-text\"><div class=\"block-icon-text__media\"><svg class=\"block-picto-svg\" aria-label=\"Optimize\"><use xlink:href=\"https:\/\/wp-rocket.me\/wp-content\/themes\/V4\/sprite_svg_pictos.svg#picto-optimize\"><\/use><\/svg><\/div><div class=\"block-icon-text__content\">\n<h3 class=\"wp-block-heading\">Pr\u00fcfe die Ersparnis<\/h3>\n\n\n\n<p>Du kannst das Gewicht deiner Bilder vor uns nach der Kompression vergleichen, danke der aktualisierten Statistiken auf dem Plugin-Dashboard.<\/p>\n<\/div><\/div>\n<\/div>\n\n\n\n<div class=\"wp-block-column is-layout-flow wp-block-column-is-layout-flow\">\n<div class=\"block-icon-text\"><div class=\"block-icon-text__media\"><svg class=\"block-picto-svg\" aria-label=\"Customize\"><use xlink:href=\"https:\/\/wp-rocket.me\/wp-content\/themes\/V4\/sprite_svg_pictos.svg#picto-customize\"><\/use><\/svg><\/div><div class=\"block-icon-text__content\">\n<h3 class=\"wp-block-heading\">3 Kompressionsstufen<\/h3>\n\n\n\n<p>Du kannst aus drei Kompressionsstufen w\u00e4hlen, um deine Bilder automatisch zu optimieren: Normal, Aggressiv oder Ultra.<\/p>\n<\/div><\/div>\n\n\n\n<div class=\"block-icon-text\"><div class=\"block-icon-text__media\"><svg class=\"block-picto-svg\" aria-label=\"Update\"><use xlink:href=\"https:\/\/wp-rocket.me\/wp-content\/themes\/V4\/sprite_svg_pictos.svg#picto-update\"><\/use><\/svg><\/div><div class=\"block-icon-text__content\">\n<h3 class=\"wp-block-heading\">Flexibilit\u00e4t mit einem Fingerschnipsen<\/h3>\n\n\n\n<p>Stelle die Originalversioen deiner Mediendateien wieder her order optimiere sie mit einer anderen Kompressionsstufe, wann immer dir danach ist.<\/p>\n<\/div><\/div>\n<\/div>\n<\/div>\n\n\n\n<div class=\"wp-block-buttons aligncenter has-text-align-center is-layout-flex wp-block-buttons-is-layout-flex\">\n<div class=\"wp-block-button\"><a class=\"wp-block-button__link has-blue-background-color has-background\" href=\"https:\/\/wordpress.org\/plugins\/imagify\/\" target=\"_blank\" rel=\"noreferrer noopener\">Hol dir Imagify f\u00fcr WordPress<\/a><\/div>\n<\/div>\n\n\n\n<p><\/p>\n<\/div><\/div>\n\n\n\n<div class=\"block-cta alignfull is-targeted is-style-blue\">\n\t<div class=\"block-cta__wrapper\">\n\t\t<svg aria-hidden=\"true\" class=\"block-cta__pattern-left svg\" fill=\"none\" xmlns=\"http:\/\/www.w3.org\/2000\/svg\"><rect class=\"path path-10\" width=\"7.1\" height=\"7.1\" rx=\".9\" transform=\"scale(1 -1) rotate(45 226.2 -70.4)\" fill=\"#454F59\"\/><path class=\"path path-1\" fill-rule=\"evenodd\" clip-rule=\"evenodd\" d=\"M91.5 171.1a4.4 4.4 0 100 8.8 4.4 4.4 0 000-8.8z\" fill=\"#D0D3D8\"\/><path class=\"path path-3\" fill-rule=\"evenodd\" clip-rule=\"evenodd\" d=\"M166.5 95.1a4.4 4.4 0 110 8.8 4.4 4.4 0 010-8.8z\" fill=\"#FFD147\"\/><path class=\"path path-6\" d=\"M91.5 104l-4.9-8.3h9.8l-4.9 8.4z\" fill=\"#99D1DE\"\/><rect class=\"path path-5\" x=\"16.5\" y=\"104.5\" width=\"7.1\" height=\"7.1\" rx=\".9\" transform=\"rotate(-135 16.5 104.5)\" fill=\"#FFD0D8\"\/><path class=\"path path-2\" fill-rule=\"evenodd\" clip-rule=\"evenodd\" d=\"M16.5 247.1a4.4 4.4 0 100 8.8 4.4 4.4 0 000-8.8z\" fill=\"#FFD147\"\/><rect class=\"path path-7\" width=\"7.1\" height=\"7.1\" rx=\".9\" transform=\"scale(1 -1) rotate(45 355.4 -17.8)\" fill=\"#F56F46\"\/><path class=\"path path-4\" fill-rule=\"evenodd\" clip-rule=\"evenodd\" d=\"M16.5 19.1a4.4 4.4 0 100 8.8 4.4 4.4 0 000-8.8z\" fill=\"#FFD147\"\/><path class=\"path path-0\" fill-rule=\"evenodd\" clip-rule=\"evenodd\" d=\"M241.5 19.1a4.4 4.4 0 100 8.8 4.4 4.4 0 000-8.8z\" fill=\"#fff\"\/><path class=\"path path-8\" d=\"M166.5 28l4.9-8.3h-9.8l4.9 8.4z\" fill=\"#005BC6\"\/><rect class=\"path path-9\" width=\"7.1\" height=\"7.1\" rx=\".9\" transform=\"scale(1 -1) rotate(45 80.2 96.2)\" fill=\"#172153\"\/><\/svg>\n\t\t<svg aria-hidden=\"true\" class=\"block-cta__pattern-right svg\" fill=\"none\" xmlns=\"http:\/\/www.w3.org\/2000\/svg\"><rect class=\"path path-9\" width=\"7.1\" height=\"7.1\" rx=\".9\" transform=\"scale(1 -1) rotate(45 226.2 -70.4)\" fill=\"#454F59\"\/><path class=\"path path-2\" fill-rule=\"evenodd\" clip-rule=\"evenodd\" d=\"M91.5 171.1a4.4 4.4 0 100 8.8 4.4 4.4 0 000-8.8z\" fill=\"#D0D3D8\"\/><path class=\"path path-1\" fill-rule=\"evenodd\" clip-rule=\"evenodd\" d=\"M166.5 95.1a4.4 4.4 0 110 8.8 4.4 4.4 0 010-8.8z\" fill=\"#FFD147\"\/><path class=\"path path-0\" d=\"M91.5 104l-4.9-8.3h9.8l-4.9 8.4z\" fill=\"#99D1DE\"\/><rect class=\"path path-8\" x=\"16.5\" y=\"104.5\" width=\"7.1\" height=\"7.1\" rx=\".9\" transform=\"rotate(-135 16.5 104.5)\" fill=\"#FFD0D8\"\/><path class=\"path path-6\" fill-rule=\"evenodd\" clip-rule=\"evenodd\" d=\"M16.5 247.1a4.4 4.4 0 100 8.8 4.4 4.4 0 000-8.8z\" fill=\"#FFD147\"\/><rect class=\"path path-10\" width=\"7.1\" height=\"7.1\" rx=\".9\" transform=\"scale(1 -1) rotate(45 355.4 -17.8)\" fill=\"#F56F46\"\/><path class=\"path path-3\" fill-rule=\"evenodd\" clip-rule=\"evenodd\" d=\"M16.5 19.1a4.4 4.4 0 100 8.8 4.4 4.4 0 000-8.8z\" fill=\"#FFD147\"\/><path class=\"path path-4\" fill-rule=\"evenodd\" clip-rule=\"evenodd\" d=\"M241.5 19.1a4.4 4.4 0 100 8.8 4.4 4.4 0 000-8.8z\" fill=\"#fff\"\/><path class=\"path path-7\" d=\"M166.5 28l4.9-8.3h-9.8l4.9 8.4z\" fill=\"#005BC6\"\/><rect class=\"path path-5\" width=\"7.1\" height=\"7.1\" rx=\".9\" transform=\"scale(1 -1) rotate(45 80.2 96.2)\" fill=\"#172153\"\/><\/svg>\n\t\t<div class=\"block-cta__content\">\n\t\t\t\n\n<p>Komprimiere deine Bilder im Flug, ohne WordPress zu verlassen<\/p>\n\n\n\n<div class=\"wp-block-button\"><a class=\"wp-block-button__link has-blue-background-color has-background\" href=\"https:\/\/wordpress.org\/plugins\/imagify\/\" target=\"_blank\" rel=\"noreferrer noopener\">Lade das Imagify-Plugin herunter<\/a><\/div>\n\n\t\t<\/div>\n\t<\/div>\n<\/div>","protected":false},"excerpt":{"rendered":"<p>Der Extraschub f\u00fcr die Geschwindigkeit deiner Website<\/p>\n","protected":false},"author":121270,"featured_media":0,"parent":0,"menu_order":0,"comment_status":"closed","ping_status":"closed","template":"","meta":{"_acf_changed":false,"inline_featured_image":false,"kia_subtitle":"","footnotes":""},"class_list":["post-3122741","page","type-page","status-publish","hentry"],"acf":[],"yoast_head":"<!-- This site is optimized with the Yoast SEO plugin v25.3 - https:\/\/yoast.com\/wordpress\/plugins\/seo\/ -->\n<title>WP Rocket und Imagify<\/title>\n<meta name=\"description\" content=\"Suchst du nach weiteren Werkzeugen, um die Geschwindigkeit deiner Website zusammen mit WP Rocket zu steigern? Entdecke Imagify, unser kostenloses Bildoptimierungs-Plugin!\" \/>\n<meta name=\"robots\" content=\"index, follow, max-snippet:-1, max-image-preview:large, max-video-preview:-1\" \/>\n<link rel=\"canonical\" href=\"https:\/\/wp-rocket.me\/de\/imagify\/\" \/>\n<meta property=\"og:locale\" content=\"de_DE\" \/>\n<meta property=\"og:type\" content=\"article\" \/>\n<meta property=\"og:title\" content=\"WP Rocket und Imagify\" \/>\n<meta property=\"og:description\" content=\"Suchst du nach weiteren Werkzeugen, um die Geschwindigkeit deiner Website zusammen mit WP Rocket zu steigern? Entdecke Imagify, unser kostenloses Bildoptimierungs-Plugin!\" \/>\n<meta property=\"og:url\" content=\"https:\/\/wp-rocket.me\/de\/imagify\/\" \/>\n<meta property=\"og:site_name\" content=\"WP Rocket\" \/>\n<meta property=\"article:publisher\" content=\"https:\/\/www.facebook.com\/pages\/WP-Rocket\/631942253526829\" \/>\n<meta property=\"article:modified_time\" content=\"2021-03-16T16:21:52+00:00\" \/>\n<meta property=\"og:image\" content=\"https:\/\/wp-rocket.me\/wp-content\/uploads\/2021\/03\/imagify-bulk-optimization-skeleton.svg\" \/>\n<meta name=\"twitter:card\" content=\"summary_large_image\" \/>\n<meta name=\"twitter:site\" content=\"@wp_rocket\" \/>\n<meta name=\"twitter:label1\" content=\"Gesch\u00e4tzte Lesezeit\" \/>\n\t<meta name=\"twitter:data1\" content=\"2 Minuten\" \/>\n<script type=\"application\/ld+json\" class=\"yoast-schema-graph\">{\"@context\":\"https:\/\/schema.org\",\"@graph\":[{\"@type\":\"WebPage\",\"@id\":\"https:\/\/wp-rocket.me\/de\/imagify\/\",\"url\":\"https:\/\/wp-rocket.me\/de\/imagify\/\",\"name\":\"WP Rocket und Imagify\",\"isPartOf\":{\"@id\":\"https:\/\/wp-rocket.me\/#website\"},\"primaryImageOfPage\":{\"@id\":\"https:\/\/wp-rocket.me\/de\/imagify\/#primaryimage\"},\"image\":{\"@id\":\"https:\/\/wp-rocket.me\/de\/imagify\/#primaryimage\"},\"thumbnailUrl\":\"https:\/\/wp-rocket.me\/wp-content\/uploads\/2021\/03\/imagify-bulk-optimization-skeleton.svg\",\"datePublished\":\"2021-03-10T12:53:29+00:00\",\"dateModified\":\"2021-03-16T16:21:52+00:00\",\"description\":\"Suchst du nach weiteren Werkzeugen, um die Geschwindigkeit deiner Website zusammen mit WP Rocket zu steigern? Entdecke Imagify, unser kostenloses Bildoptimierungs-Plugin!\",\"breadcrumb\":{\"@id\":\"https:\/\/wp-rocket.me\/de\/imagify\/#breadcrumb\"},\"inLanguage\":\"de-DE\",\"potentialAction\":[{\"@type\":\"ReadAction\",\"target\":[\"https:\/\/wp-rocket.me\/de\/imagify\/\"]}]},{\"@type\":\"ImageObject\",\"inLanguage\":\"de-DE\",\"@id\":\"https:\/\/wp-rocket.me\/de\/imagify\/#primaryimage\",\"url\":\"https:\/\/wp-rocket.me\/wp-content\/uploads\/2021\/03\/imagify-bulk-optimization-skeleton.svg\",\"contentUrl\":\"https:\/\/wp-rocket.me\/wp-content\/uploads\/2021\/03\/imagify-bulk-optimization-skeleton.svg\"},{\"@type\":\"BreadcrumbList\",\"@id\":\"https:\/\/wp-rocket.me\/de\/imagify\/#breadcrumb\",\"itemListElement\":[{\"@type\":\"ListItem\",\"position\":1,\"name\":\"Startseite\",\"item\":\"https:\/\/wp-rocket.me\/de\/\"},{\"@type\":\"ListItem\",\"position\":2,\"name\":\"Optimiere deine Bilder mit Imagify\"}]},{\"@type\":\"WebSite\",\"@id\":\"https:\/\/wp-rocket.me\/#website\",\"url\":\"https:\/\/wp-rocket.me\/\",\"name\":\"WP Rocket\",\"description\":\"Plugin d&#039;optimisation de sites WordPress\",\"publisher\":{\"@id\":\"https:\/\/wp-rocket.me\/#organization\"},\"potentialAction\":[{\"@type\":\"SearchAction\",\"target\":{\"@type\":\"EntryPoint\",\"urlTemplate\":\"https:\/\/wp-rocket.me\/?s={search_term_string}\"},\"query-input\":{\"@type\":\"PropertyValueSpecification\",\"valueRequired\":true,\"valueName\":\"search_term_string\"}}],\"inLanguage\":\"de-DE\"},{\"@type\":\"Organization\",\"@id\":\"https:\/\/wp-rocket.me\/#organization\",\"name\":\"WP Rocket\",\"url\":\"https:\/\/wp-rocket.me\/\",\"logo\":{\"@type\":\"ImageObject\",\"inLanguage\":\"de-DE\",\"@id\":\"https:\/\/wp-rocket.me\/#\/schema\/logo\/image\/\",\"url\":\"https:\/\/wp-rocket.me\/wp-content\/uploads\/1\/logo-wp-rocket-paypal-2.png\",\"contentUrl\":\"https:\/\/wp-rocket.me\/wp-content\/uploads\/1\/logo-wp-rocket-paypal-2.png\",\"width\":150,\"height\":41,\"caption\":\"WP Rocket\"},\"image\":{\"@id\":\"https:\/\/wp-rocket.me\/#\/schema\/logo\/image\/\"},\"sameAs\":[\"https:\/\/www.facebook.com\/pages\/WP-Rocket\/631942253526829\",\"https:\/\/x.com\/wp_rocket\",\"https:\/\/www.youtube.com\/channel\/UC1ozThXHd1IWIZ5wkshgp_Q\"]}]}<\/script>\n<!-- \/ Yoast SEO plugin. -->","yoast_head_json":{"title":"WP Rocket und Imagify","description":"Suchst du nach weiteren Werkzeugen, um die Geschwindigkeit deiner Website zusammen mit WP Rocket zu steigern? Entdecke Imagify, unser kostenloses Bildoptimierungs-Plugin!","robots":{"index":"index","follow":"follow","max-snippet":"max-snippet:-1","max-image-preview":"max-image-preview:large","max-video-preview":"max-video-preview:-1"},"canonical":"https:\/\/wp-rocket.me\/de\/imagify\/","og_locale":"de_DE","og_type":"article","og_title":"WP Rocket und Imagify","og_description":"Suchst du nach weiteren Werkzeugen, um die Geschwindigkeit deiner Website zusammen mit WP Rocket zu steigern? Entdecke Imagify, unser kostenloses Bildoptimierungs-Plugin!","og_url":"https:\/\/wp-rocket.me\/de\/imagify\/","og_site_name":"WP Rocket","article_publisher":"https:\/\/www.facebook.com\/pages\/WP-Rocket\/631942253526829","article_modified_time":"2021-03-16T16:21:52+00:00","og_image":[{"url":"https:\/\/wp-rocket.me\/wp-content\/uploads\/2021\/03\/imagify-bulk-optimization-skeleton.svg","type":"","width":"","height":""}],"twitter_card":"summary_large_image","twitter_site":"@wp_rocket","twitter_misc":{"Gesch\u00e4tzte Lesezeit":"2 Minuten"},"schema":{"@context":"https:\/\/schema.org","@graph":[{"@type":"WebPage","@id":"https:\/\/wp-rocket.me\/de\/imagify\/","url":"https:\/\/wp-rocket.me\/de\/imagify\/","name":"WP Rocket und Imagify","isPartOf":{"@id":"https:\/\/wp-rocket.me\/#website"},"primaryImageOfPage":{"@id":"https:\/\/wp-rocket.me\/de\/imagify\/#primaryimage"},"image":{"@id":"https:\/\/wp-rocket.me\/de\/imagify\/#primaryimage"},"thumbnailUrl":"https:\/\/wp-rocket.me\/wp-content\/uploads\/2021\/03\/imagify-bulk-optimization-skeleton.svg","datePublished":"2021-03-10T12:53:29+00:00","dateModified":"2021-03-16T16:21:52+00:00","description":"Suchst du nach weiteren Werkzeugen, um die Geschwindigkeit deiner Website zusammen mit WP Rocket zu steigern? Entdecke Imagify, unser kostenloses Bildoptimierungs-Plugin!","breadcrumb":{"@id":"https:\/\/wp-rocket.me\/de\/imagify\/#breadcrumb"},"inLanguage":"de-DE","potentialAction":[{"@type":"ReadAction","target":["https:\/\/wp-rocket.me\/de\/imagify\/"]}]},{"@type":"ImageObject","inLanguage":"de-DE","@id":"https:\/\/wp-rocket.me\/de\/imagify\/#primaryimage","url":"https:\/\/wp-rocket.me\/wp-content\/uploads\/2021\/03\/imagify-bulk-optimization-skeleton.svg","contentUrl":"https:\/\/wp-rocket.me\/wp-content\/uploads\/2021\/03\/imagify-bulk-optimization-skeleton.svg"},{"@type":"BreadcrumbList","@id":"https:\/\/wp-rocket.me\/de\/imagify\/#breadcrumb","itemListElement":[{"@type":"ListItem","position":1,"name":"Startseite","item":"https:\/\/wp-rocket.me\/de\/"},{"@type":"ListItem","position":2,"name":"Optimiere deine Bilder mit Imagify"}]},{"@type":"WebSite","@id":"https:\/\/wp-rocket.me\/#website","url":"https:\/\/wp-rocket.me\/","name":"WP Rocket","description":"Plugin d&#039;optimisation de sites WordPress","publisher":{"@id":"https:\/\/wp-rocket.me\/#organization"},"potentialAction":[{"@type":"SearchAction","target":{"@type":"EntryPoint","urlTemplate":"https:\/\/wp-rocket.me\/?s={search_term_string}"},"query-input":{"@type":"PropertyValueSpecification","valueRequired":true,"valueName":"search_term_string"}}],"inLanguage":"de-DE"},{"@type":"Organization","@id":"https:\/\/wp-rocket.me\/#organization","name":"WP Rocket","url":"https:\/\/wp-rocket.me\/","logo":{"@type":"ImageObject","inLanguage":"de-DE","@id":"https:\/\/wp-rocket.me\/#\/schema\/logo\/image\/","url":"https:\/\/wp-rocket.me\/wp-content\/uploads\/1\/logo-wp-rocket-paypal-2.png","contentUrl":"https:\/\/wp-rocket.me\/wp-content\/uploads\/1\/logo-wp-rocket-paypal-2.png","width":150,"height":41,"caption":"WP Rocket"},"image":{"@id":"https:\/\/wp-rocket.me\/#\/schema\/logo\/image\/"},"sameAs":["https:\/\/www.facebook.com\/pages\/WP-Rocket\/631942253526829","https:\/\/x.com\/wp_rocket","https:\/\/www.youtube.com\/channel\/UC1ozThXHd1IWIZ5wkshgp_Q"]}]}},"_links":{"self":[{"href":"https:\/\/wp-rocket.me\/de\/wp-json\/wp\/v2\/pages\/3122741","targetHints":{"allow":["GET"]}}],"collection":[{"href":"https:\/\/wp-rocket.me\/de\/wp-json\/wp\/v2\/pages"}],"about":[{"href":"https:\/\/wp-rocket.me\/de\/wp-json\/wp\/v2\/types\/page"}],"author":[{"embeddable":true,"href":"https:\/\/wp-rocket.me\/de\/wp-json\/wp\/v2\/users\/121270"}],"replies":[{"embeddable":true,"href":"https:\/\/wp-rocket.me\/de\/wp-json\/wp\/v2\/comments?post=3122741"}],"version-history":[{"count":0,"href":"https:\/\/wp-rocket.me\/de\/wp-json\/wp\/v2\/pages\/3122741\/revisions"}],"wp:attachment":[{"href":"https:\/\/wp-rocket.me\/de\/wp-json\/wp\/v2\/media?parent=3122741"}],"curies":[{"name":"wp","href":"https:\/\/api.w.org\/{rel}","templated":true}]}}