{"id":291709,"date":"2014-05-19T13:27:37","date_gmt":"2014-05-19T11:27:37","guid":{"rendered":"https:\/\/wp-rocket.me\/?page_id=441"},"modified":"2026-03-25T18:28:36","modified_gmt":"2026-03-25T17:28:36","slug":"preise","status":"publish","type":"page","link":"https:\/\/wp-rocket.me\/de\/preise\/","title":{"rendered":"Eine bessere Web-Performance startet hier"},"content":{"rendered":"\n<p class=\"has-text-align-center\">Rocket Insights ist unser integriertes Leistungszentrum, mit der du die Leistung deiner Website \u00fcberwachen, verst\u00e4ndliche Anleitungen erhalten und die Geschwindigkeit im Laufe der Zeit kontinuierlich verbessern kannst.<\/p>\n\n\n\n<div class=\"block-money-back  wrapper--1100 has-black-color\">\n\t<svg xmlns=\"http:\/\/www.w3.org\/2000\/svg\" width=\"63\" height=\"48\" viewBox=\"0 0 180 114\" aria-hidden=\"true\"><g transform=\"translate(36)\" fill=\"none\"><path d=\"M67 30h20a16 16 0 110 32h-2a2 2 0 00-2 2v2a6 6 0 01-12 0v-2a2 2 0 00-2-2H57a6 6 0 010-12h30a4 4 0 000-8H67a16 16 0 110-32h2a2 2 0 002-2V6a6 6 0 1112 0v2c0 1.1.9 2 2 2h12a6 6 0 110 12H67a4 4 0 000 8z\" fill=\"#FFD0D8\"\/><rect fill=\"#F56F46\" y=\"68\" width=\"15\" height=\"46\" rx=\"2.5\"\/><path d=\"M39.3 86.8h12.1c2.7 0 4.8-2 4.8-4.6 0-.7-.1-1.3-.4-1.9A10.8 10.8 0 0046 74H25.4c-1.3 0-2.4 1-2.4 2.3v30.4c0 1.3 1 2.3 2.4 2.3h51.8c6 0 10.8-4.7 10.8-10.4v-1.3c0-2.5-2.2-4.6-4.8-4.6h-44a3 3 0 01-3-3 3 3 0 013-2.9z\" fill=\"#E5EAF0\"\/><\/g><\/svg>\t<div class=\"block-money-back__content\">\n\t\t<p>100% Geld-zur\u00fcck-Garantie<\/p>\n\t\t<p>\n\t\t\tAlthough we don\u2019t think you\u2019ll ever want one, we\u2019ll gladly provide a refund if you request it within 14 days of your purchase.\t\t<\/p>\n\t<\/div>\n\t<\/div>\n\n\n\n<p class=\"has-text-align-center\">Du verwaltest mehr als 500 Websites? <a href=\"https:\/\/wp-rocket.me\/de\/contact\/?contact_subject=custom_licenses\">Kontaktiere uns<\/a> f\u00fcr eine angepasste Lizenz!<\/p>\n\n\n\n<div class=\"wp-block-group alignfull\"><div class=\"wp-block-group__inner-container is-layout-flow wp-block-group-is-layout-flow\">\n<h2 class=\"wp-block-heading has-text-align-center\">Was du bekommst, wenn du eine WP-Rocket-Lizenz erwirbst<\/h2>\n\n\n\n<div class=\"wp-block-columns is-layout-flex wp-container-core-columns-is-layout-9d6595d7 wp-block-columns-is-layout-flex\">\n<div class=\"wp-block-column is-layout-flow wp-block-column-is-layout-flow\">\n<ul class=\"wp-block-list\">\n<li><strong><strong>Schnelle Einrichtung<\/strong><\/strong><br>80% der bew\u00e4hrten Methoden f\u00fcr Web-Performance werden automatisch angewendet, es ist nicht notwendig, den Code anzufassen<\/li>\n\n\n\n<li><strong>Die leistungsst\u00e4rksten Funktionen f\u00fcr Web-Performance<\/strong><br>Caching, LazyLoad, Vorladen, JS verz\u00f6gert laden, Unbenutztes CSS entfernen, um nur wenige zu nennen<\/li>\n\n\n\n<li><strong>Integriertes Leistungszentrum<\/strong><br>Beobachte deine wichtigsten Seiten mit Rocket Insights, finde heraus, was als N\u00e4chstes verbessert werden sollte, und sorge daf\u00fcr, dass deine Website stets optimal funktioniert<\/li>\n\n\n\n<li><strong><strong>Support durch unsere freundlichen Rocketeers<\/strong><\/strong><br>Du kannst dich auf unsere Support-Dienstleistung und die technische Dokumentation verlassen, um deine Zweifel auszur\u00e4umen<\/li>\n<\/ul>\n<\/div>\n\n\n\n<div class=\"wp-block-column is-layout-flow wp-block-column-is-layout-flow\">\n<ul class=\"wp-block-list\">\n<li><strong>Breite Kompatibilit\u00e4t mit Hostings, Themes und Plugins<\/strong><br>Die beliebtesten WordPress-Tools vertrauen uns, das sollte deine Nerven beruhigen<\/li>\n\n\n\n<li><strong><strong>E-Commerce-Kompatibilit\u00e4t<\/strong><\/strong><br>Egal, welches E-Commerce-Plugin f\u00fcr WordPress du einsetzt, wir stehen hinter dir<\/li>\n\n\n\n<li><strong><strong>Kompatibilit\u00e4t mit Mehrsprachigkeit<\/strong><\/strong><br>Passe die Cache-Optionen f\u00fcr nur eine bestimmte Sprache oder f\u00fcr alle Sprachen gleichzeitig an<\/li>\n\n\n\n<li><strong>Globale Bereitstellung von Inhalten<\/strong><br>Nutze RocketCDN, um deine Website f\u00fcr Besucher weltweit zu beschleunigen \u2013 mit einer automatischen Einrichtung, die die Ladezeiten verbessert<\/li>\n<\/ul>\n<\/div>\n<\/div>\n\n\n<div class=\"block-trustpilot-rating wrapper--1200 is-style-large\">\n\t\t\t<!-- TrustBox widget - Horizontal for desktop -->\n\t\t<div class=\"trustpilot-widget trustpilot-widget-desktop\" data-locale=\"en-US\" data-template-id=\"5406e65db0d04a09e042d5fc\" data-businessunit-id=\"59c641e50000ff0005abd855\" data-style-height=\"30px\" data-style-width=\"100%\" data-theme=\"light\" style=\"width: 100%;\">\n\t\t\t<a href=\"https:\/\/www.trustpilot.com\/review\/wp-rocket.me\" target=\"_blank\" rel=\"noopener\">Trustpilot<\/a>\n\t\t<\/div>\n\t\t<!-- End TrustBox widget -->\n\n\t\t<!-- TrustBox widget - Mini for mobile -->\n\t\t<div class=\"trustpilot-widget trustpilot-widget-mini\" data-locale=\"en-US\" data-template-id=\"53aa8807dec7e10d38f59f32\" data-businessunit-id=\"59c641e50000ff0005abd855\" data-style-height=\"120px\" data-style-width=\"100%\" data-theme=\"light\">\n\t\t\t<a href=\"https:\/\/www.trustpilot.com\/review\/wp-rocket.me\" target=\"_blank\" rel=\"noopener\">Trustpilot<\/a>\n\t\t<\/div>\n\t\t<!-- End TrustBox widget -->\n\t<\/div><\/div><\/div>\n\n\n\n<div class=\"wp-block-group alignfull has-gray-background-color has-background\"><div class=\"wp-block-group__inner-container is-layout-flow wp-block-group-is-layout-flow\">\n<div class=\"wp-block-columns alignwide wrapper--1100 is-layout-flex wp-container-core-columns-is-layout-9d6595d7 wp-block-columns-is-layout-flex\">\n<div class=\"wp-block-column is-layout-flow wp-block-column-is-layout-flow\" style=\"flex-basis:66.66%\">\n<h2 class=\"wp-block-heading\">H\u00e4ufig gestellte Fragen<\/h2>\n\n\n\n<div class=\"wp-block-who-accordion schema-faq-section\" itemscope itemprop=\"mainEntity\" itemtype=\"https:\/\/schema.org\/Question\"><h3 class=\"schema-faq-question\" itemprop=\"name\">Wer sollte WP Rocket nutzen?<\/h3><div class=\"schema-faq-answer\" itemscope itemprop=\"acceptedAnswer\" itemtype=\"https:\/\/schema.org\/Answer\"><div itemprop=\"text\">\n<p>WP Rocket ist f\u00fcr fast jede selbst gehostete WordPress-Website geeignet. Auf gro\u00dfen wie auf kleinen Websites, vom einfachen Blog bis zum Online-Shop \u2013 WP Rocket verbessert die Ladezeiten! WP Rocket ist auch f\u00fcr technisch weniger versierte Anwender\/-innen leicht zu bedienen, w\u00e4hrend es f\u00fcr erfahrene Entwickler\/-innen reichhaltige Schnittstellen zur Anpassung und Erweiterung bietet.<\/p>\n<\/div><\/div><\/div>\n\n\n\n<div class=\"wp-block-who-accordion schema-faq-section\" itemscope itemprop=\"mainEntity\" itemtype=\"https:\/\/schema.org\/Question\"><h3 class=\"schema-faq-question\" itemprop=\"name\">Was ist Rocket Insights und wie hilft es mir, die Leistung meiner Website zu optimieren?<\/h3><div class=\"schema-faq-answer\" itemscope itemprop=\"acceptedAnswer\" itemtype=\"https:\/\/schema.org\/Answer\"><div itemprop=\"text\">\n<p>Rocket Insights ist das in WP Rocket integrierte Leistungszentrum, mit der du die Leistung deiner Website beobachten, die Einflussfaktoren erkennen und bei Bedarf anhand verst\u00e4ndlicher Anleitungen Ma\u00dfnahmen ergreifen kannst.<\/p>\n\n\n\n<p>Es bietet dir einen Gesamt\u00fcberblick \u00fcber deine Website sowie detaillierte Kennzahlen f\u00fcr jede erfasste Seite, zeigt dir anhand deiner Ergebnisse, welche WP Rocket-Funktionen du aktivieren solltest, und erm\u00f6glicht es dir, jederzeit einen erneuten Test durchzuf\u00fchren, um Verbesserungen zu messen.<\/p>\n\n\n\n<p>Alles geschieht direkt in deinem WP-Rocket-Dashboard, sodass du die Leistung deiner Website Schritt f\u00fcr Schritt optimieren kannst, ohne raten zu m\u00fcssen oder zwischen verschiedenen Tools wechseln zu m\u00fcssen.<\/p>\n<\/div><\/div><\/div>\n\n\n\n<div class=\"wp-block-who-accordion schema-faq-section\" itemscope itemprop=\"mainEntity\" itemtype=\"https:\/\/schema.org\/Question\"><h3 class=\"schema-faq-question\" itemprop=\"name\">Welche Mindestvoraussetzungen gibt es f\u00fcr WP Rocket?<\/h3><div class=\"schema-faq-answer\" itemscope itemprop=\"acceptedAnswer\" itemtype=\"https:\/\/schema.org\/Answer\"><div itemprop=\"text\">\n<p>PHP 7 oder h\u00f6her. WP Rocket funktioniert auf diesen Servern: Apache (mit mod_rewrite, mod_expires und mod_deflate), NGINX, Litespeed oder Windows. Eine \u201esaubere\u201c Permalink-Struktur in WordPress ist ebenfalls erforderlich.<\/p>\n<\/div><\/div><\/div>\n\n\n\n<div class=\"wp-block-who-accordion schema-faq-section\" itemscope itemprop=\"mainEntity\" itemtype=\"https:\/\/schema.org\/Question\"><h3 class=\"schema-faq-question\" itemprop=\"name\">Gibt es eine Test-Version zur Probe?<\/h3><div class=\"schema-faq-answer\" itemscope itemprop=\"acceptedAnswer\" itemtype=\"https:\/\/schema.org\/Answer\"><div itemprop=\"text\">\n<p>Einen Download zum Testen vorab gibt es nicht, aber wir bieten eine 14-t\u00e4gige Geld-zur\u00fcck-Garantie. Du gehst also beim Kauf kein Risiko ein.<\/p>\n<\/div><\/div><\/div>\n\n\n\n<div class=\"wp-block-who-accordion schema-faq-section\" itemscope itemprop=\"mainEntity\" itemtype=\"https:\/\/schema.org\/Question\"><h3 class=\"schema-faq-question\" itemprop=\"name\">Wird meine WP-Rocket Lizenz automatisch verl\u00e4ngert?<\/h3><div class=\"schema-faq-answer\" itemscope itemprop=\"acceptedAnswer\" itemtype=\"https:\/\/schema.org\/Answer\"><div itemprop=\"text\">\n<p>Ja, deine WP-Rocket-Lizenz wird nach einem Jahr automatisch verl\u00e4ngert, damit du den Zugang zu einigen Optimierungsfunktionen sowie zu Support und Updates nicht verlierst. Du kannst die automatische Verl\u00e4ngerung deaktivieren indem du zu deinen Kontoeinstellungen zur\u00fcckkehrst.<\/p>\n<\/div><\/div><\/div>\n\n\n\n<div class=\"wp-block-who-accordion schema-faq-section\" itemscope itemprop=\"mainEntity\" itemtype=\"https:\/\/schema.org\/Question\"><h3 class=\"schema-faq-question\" itemprop=\"name\">Kann ich meine Lizenz sp\u00e4ter mit einem Upgrade aufr\u00fcsten?<\/h3><div class=\"schema-faq-answer\" itemscope itemprop=\"acceptedAnswer\" itemtype=\"https:\/\/schema.org\/Answer\"><div itemprop=\"text\">\n<p>Ja. Wenn du mehr Websites zu deinem Lizenz-Konto hinzuf\u00fcgen m\u00f6chtest, kannst du ein Upgrade erwerben. Dabei zahlst du lediglich die Preis-Differenz zu deiner bestehenden Lizenz. Das Ablaufdatum deiner Lizenz bleibt dabei unver\u00e4ndert.<\/p>\n<\/div><\/div><\/div>\n\n\n\n<div class=\"wp-block-who-accordion schema-faq-section\" itemscope itemprop=\"mainEntity\" itemtype=\"https:\/\/schema.org\/Question\"><h3 class=\"schema-faq-question\" itemprop=\"name\">Was ist, wenn ich Hilfe brauche? Bietet ihr Support an?<\/h3><div class=\"schema-faq-answer\" itemscope itemprop=\"acceptedAnswer\" itemtype=\"https:\/\/schema.org\/Answer\"><div itemprop=\"text\">\n<p>Nat\u00fcrlich, unser Team von Rocketeers steht dir mit Rat und Tat zur Seite. Sende uns einfach eine Nachricht aus dem Support-Tab direkt in deinen Plugin-Einstellungen, wir helfen gerne weiter.<\/p>\n<\/div><\/div><\/div>\n\n\n\n<div class=\"wp-block-who-accordion schema-faq-section\" itemscope itemprop=\"mainEntity\" itemtype=\"https:\/\/schema.org\/Question\"><h3 class=\"schema-faq-question\" itemprop=\"name\">Kann ich WP Rocket f\u00fcr Kunden-Projekte einsetzen?<\/h3><div class=\"schema-faq-answer\" itemscope itemprop=\"acceptedAnswer\" itemtype=\"https:\/\/schema.org\/Answer\"><div itemprop=\"text\">\n<p>Ja, du kannst unsere Multi-Lizenz dazu benutzen, WP Rocket auf den Websites deiner Kunden zu installieren, es sei denn, du bietest Hosting-Dienste an. Wir haben auch ein <a href=\"https:\/\/wp-rocket.me\/de\/wp-rocket-affiliate-programm\/\"><strong>Affiliate-Programm<\/strong><\/a> das dich vielleicht interessiert.<\/p>\n<\/div><\/div><\/div>\n\n\n\n<div class=\"wp-block-who-accordion schema-faq-section\" itemscope itemprop=\"mainEntity\" itemtype=\"https:\/\/schema.org\/Question\"><h3 class=\"schema-faq-question\" itemprop=\"name\">Brauche ich Code-Kenntnisse, um WP Rocket zu nutzen?<\/h3><div class=\"schema-faq-answer\" itemscope itemprop=\"acceptedAnswer\" itemtype=\"https:\/\/schema.org\/Answer\"><div itemprop=\"text\">\n<p>Nein, \u00fcberhaupt nicht. WP Rocket ist das einzige Cache-Plugin, das mehr als 80% aller \u00fcblichen Ma\u00dfnahmen f\u00fcr Performance-Optimierung anwendet, ohne dass irgendwelche Einstellungen konfiguriert werden m\u00fcssten. Im Klartext: installieren, aktivieren, und WP Rocket beginnt automatisch mit dem Cachen deiner Seiten. Code-Anpassungen sind nicht erforderlich.<\/p>\n<\/div><\/div><\/div>\n\n\n\n<div class=\"wp-block-who-accordion schema-faq-section\" itemscope itemprop=\"mainEntity\" itemtype=\"https:\/\/schema.org\/Question\"><h3 class=\"schema-faq-question\" itemprop=\"name\">Funktioniert WP Rocket auf WordPress.com?<\/h3><div class=\"schema-faq-answer\" itemscope itemprop=\"acceptedAnswer\" itemtype=\"https:\/\/schema.org\/Answer\"><div itemprop=\"text\">\n<p>Ja, falls du einen Business- oder E-Commerce-Tarif auf WordPress.com hast, kannst du WP Rocket auf deinen Websites installieren. Falls du einen Pers\u00f6nlich- oder Premium-Tarif hast, kannst du weder WP Rocket noch andere Plugins auf deinen Websites einsetzen.<\/p>\n<\/div><\/div><\/div>\n\n\n\n<div class=\"wp-block-who-accordion schema-faq-section\" itemscope itemprop=\"mainEntity\" itemtype=\"https:\/\/schema.org\/Question\"><h3 class=\"schema-faq-question\" itemprop=\"name\">H\u00e4lt sich WP Rocket an die DSGVO?<\/h3><div class=\"schema-faq-answer\" itemscope itemprop=\"acceptedAnswer\" itemtype=\"https:\/\/schema.org\/Answer\"><div itemprop=\"text\">\n<p>Ja, WP Rocket h\u00e4lt sich an die DSGVO. Weder greift es auf personenbezogene Daten zu, noch speichert es solche, noch setzt es irgendwelche Cookies.<\/p>\n<\/div><\/div><\/div>\n<\/div>\n\n\n\n<div class=\"wp-block-column is-layout-flow wp-block-column-is-layout-flow\" style=\"flex-basis:33.33%\">\n<div class=\"block-testimonial is-style-square-testimonial has-gray-background-color\">\n\t\n\t<figure class=\"block-testimonial__logo\"><img decoding=\"async\" src=\"https:\/\/wp-rocket.me\/wp-content\/uploads\/fly-images\/5387781\/GTmetrix-6-9999x67-c.png\" width=\"164\" height=\"60\" srcset=\"https:\/\/wp-rocket.me\/wp-content\/uploads\/fly-images\/5387781\/GTmetrix-6-9999x134-c.png 2x\" alt=\"\" loading=\"lazy\" class=\"block-testimonial__logo\" draggable=\"false\"><\/figure>\n\n\t\n\t<blockquote class=\"wp-block-quote\">\n\t\t<p>Das GTmetrix-Team hat WP Rocket ausgiebig getestet und festgestellt, dass es eines der effektivsten und einfachsten Seiten-Caching-Plugins zur Leistungssteigerung von WordPress ist.<\/p>\n\n\t\t\n\t\t<cite class=\"block-testimonial__cite\">\n\t\t\t<img decoding=\"async\" src=\"https:\/\/wp-rocket.me\/wp-content\/uploads\/fly-images\/5388889\/Ian-Pham-48x67-c.png\" width=\"48\" height=\"67\" srcset=\"https:\/\/wp-rocket.me\/wp-content\/uploads\/fly-images\/5388889\/Ian-Pham-96x134-c.png 2x\" alt=\"\" loading=\"lazy\" class=\"block-testimonial__image\" draggable=\"false\">\t\t\t<span class=\"block-testimonial__author\">\n\t\t\t\t<span class=\"has-style-bold\">Ian Pham<\/span>\n\t\t\t\tPlatform Lead, GTmetrix\t\t\t<\/span>\n\t\t<\/cite>\n\n\t\t\t<\/blockquote>\n\n\t<\/div>\n\n\n\n<hr class=\"wp-block-separator has-alpha-channel-opacity\"\/>\n\n\n\n<div class=\"block-testimonial is-style-square-testimonial has-gray-background-color\">\n\t\n\t<figure class=\"block-testimonial__logo\"><img decoding=\"async\" src=\"https:\/\/wp-rocket.me\/wp-content\/uploads\/fly-images\/5715769\/rank-math-icon-9999x67-c.png\" width=\"116\" height=\"67\" srcset=\"https:\/\/wp-rocket.me\/wp-content\/uploads\/fly-images\/5715769\/rank-math-icon-9999x134-c.png 2x\" alt=\"\" loading=\"lazy\" class=\"block-testimonial__logo\" draggable=\"false\"><\/figure>\n\n\t\n\t<blockquote class=\"wp-block-quote\">\n\t\t<p>WP Rocket ist eine Revolution f\u00fcr die Leistung jeder WordPress-Website. Indem du die Geschwindigkeit deiner Website mit WP Rocket optimierst, verbesserst du nicht nur die Benutzerfreundlichkeit, sondern auch deine SEO-Platzierungen massiv. Es ist ein unverzichtbares Werkzeug, das jeder Website-Betreiber zur Hand haben sollte, um erstklassige SEO-Erfolge zu erzielen.<br><\/p>\n\n\t\t\n\t\t<cite class=\"block-testimonial__cite\">\n\t\t\t<img decoding=\"async\" src=\"https:\/\/wp-rocket.me\/wp-content\/uploads\/fly-images\/5715981\/Markup-2023-06-26-at-13.59.08-48x67-c.png\" width=\"48\" height=\"67\" srcset=\"https:\/\/wp-rocket.me\/wp-content\/uploads\/fly-images\/5715981\/Markup-2023-06-26-at-13.59.08-96x134-c.png 2x\" alt=\"\" loading=\"lazy\" class=\"block-testimonial__image\" draggable=\"false\">\t\t\t<span class=\"block-testimonial__author\">\n\t\t\t\t<span class=\"has-style-bold\">Bhanu Ahluwalia<\/span>\n\t\t\t\tMitbegr\u00fcnder von Rank Math\t\t\t<\/span>\n\t\t<\/cite>\n\n\t\t\t<\/blockquote>\n\n\t<\/div>\n\n\n\n<hr class=\"wp-block-separator has-css-opacity is-style-default\"\/>\n\n\n\n<div class=\"block-testimonial is-style-square-testimonial has-gray-background-color\">\n\t\n\t<figure class=\"block-testimonial__logo\"><\/figure>\n\n\t\n\t<blockquote class=\"wp-block-quote\">\n\t\t<p>WP Rocket macht einfach alles richtig. Leichte Konfiguration, standard-konformer WordPress-Code, exzellenter Support-Service. Ich kann dieses Plugin und sein Team wirklich nicht genug loben.<\/p>\n\n\t\t\n\t\t<cite class=\"block-testimonial__cite\">\n\t\t\t<img decoding=\"async\" src=\"https:\/\/wp-rocket.me\/wp-content\/uploads\/fly-images\/3158977\/matt-cromwell-96x134-c-48x67-c.jpg\" width=\"48\" height=\"67\" srcset=\"https:\/\/wp-rocket.me\/wp-content\/uploads\/fly-images\/3158977\/matt-cromwell-96x134-c-96x134-c.jpg 2x\" alt=\"\" loading=\"lazy\" class=\"block-testimonial__image\" draggable=\"false\">\t\t\t<span class=\"block-testimonial__author\">\n\t\t\t\t<span class=\"has-style-bold\">Matt Cromwell<\/span>\n\t\t\t\tHead of Support bei WordImpress\t\t\t<\/span>\n\t\t<\/cite>\n\n\t\t\t<\/blockquote>\n\n\t<\/div>\n<\/div>\n<\/div>\n<\/div><\/div>\n","protected":false},"excerpt":{"rendered":"<p>W\u00e4hle die passende Lizenz<\/p>\n","protected":false},"author":1,"featured_media":0,"parent":0,"menu_order":1,"comment_status":"closed","ping_status":"closed","template":"","meta":{"_acf_changed":false,"inline_featured_image":false,"kia_subtitle":"","footnotes":""},"class_list":["post-291709","page","type-page","status-publish","hentry"],"acf":[],"yoast_head":"<!-- This site is optimized with the Yoast SEO plugin v25.3 - https:\/\/yoast.com\/wordpress\/plugins\/seo\/ -->\n<title>Angebote &amp; Preise von WP Rocket<\/title>\n<meta name=\"description\" content=\"Entdecke alle Angebote und Preise f\u00fcr WP Rocket, dem Caching Plugin f\u00fcr WordPress.\" \/>\n<meta name=\"robots\" content=\"index, follow, max-snippet:-1, max-image-preview:large, max-video-preview:-1\" \/>\n<link rel=\"canonical\" href=\"https:\/\/wp-rocket.me\/de\/preise\/\" \/>\n<meta property=\"og:locale\" content=\"de_DE\" \/>\n<meta property=\"og:type\" content=\"article\" \/>\n<meta property=\"og:title\" content=\"Angebote &amp; Preise von WP Rocket\" \/>\n<meta property=\"og:description\" content=\"Entdecke alle Angebote und Preise f\u00fcr WP Rocket, dem Caching Plugin f\u00fcr WordPress.\" \/>\n<meta property=\"og:url\" content=\"https:\/\/wp-rocket.me\/de\/preise\/\" \/>\n<meta property=\"og:site_name\" content=\"WP Rocket\" \/>\n<meta property=\"article:publisher\" content=\"https:\/\/www.facebook.com\/pages\/WP-Rocket\/631942253526829\" \/>\n<meta property=\"article:modified_time\" content=\"2026-03-25T17:28:36+00:00\" \/>\n<meta property=\"og:image\" content=\"https:\/\/wp-rocket.me\/wp-content\/uploads\/2024\/10\/1200x800-Featured-Image.png\" \/>\n\t<meta property=\"og:image:width\" content=\"2048\" \/>\n\t<meta property=\"og:image:height\" content=\"1365\" \/>\n\t<meta property=\"og:image:type\" content=\"image\/png\" \/>\n<meta name=\"twitter:card\" content=\"summary_large_image\" \/>\n<meta name=\"twitter:site\" content=\"@wp_rocket\" \/>\n<meta name=\"twitter:label1\" content=\"Gesch\u00e4tzte Lesezeit\" \/>\n\t<meta name=\"twitter:data1\" content=\"3 Minuten\" \/>\n<script type=\"application\/ld+json\" class=\"yoast-schema-graph\">{\"@context\":\"https:\/\/schema.org\",\"@graph\":[{\"@type\":\"WebPage\",\"@id\":\"https:\/\/wp-rocket.me\/de\/preise\/\",\"url\":\"https:\/\/wp-rocket.me\/de\/preise\/\",\"name\":\"Angebote & Preise von WP Rocket\",\"isPartOf\":{\"@id\":\"https:\/\/wp-rocket.me\/#website\"},\"datePublished\":\"2014-05-19T11:27:37+00:00\",\"dateModified\":\"2026-03-25T17:28:36+00:00\",\"description\":\"Entdecke alle Angebote und Preise f\u00fcr WP Rocket, dem Caching Plugin f\u00fcr WordPress.\",\"breadcrumb\":{\"@id\":\"https:\/\/wp-rocket.me\/de\/preise\/#breadcrumb\"},\"inLanguage\":\"de-DE\",\"potentialAction\":[{\"@type\":\"ReadAction\",\"target\":[\"https:\/\/wp-rocket.me\/de\/preise\/\"]}]},{\"@type\":\"BreadcrumbList\",\"@id\":\"https:\/\/wp-rocket.me\/de\/preise\/#breadcrumb\",\"itemListElement\":[{\"@type\":\"ListItem\",\"position\":1,\"name\":\"Startseite\",\"item\":\"https:\/\/wp-rocket.me\/de\/\"},{\"@type\":\"ListItem\",\"position\":2,\"name\":\"Eine bessere Web-Performance startet hier\"}]},{\"@type\":\"WebSite\",\"@id\":\"https:\/\/wp-rocket.me\/#website\",\"url\":\"https:\/\/wp-rocket.me\/\",\"name\":\"WP Rocket\",\"description\":\"Plugin d&#039;optimisation de sites WordPress\",\"publisher\":{\"@id\":\"https:\/\/wp-rocket.me\/#organization\"},\"potentialAction\":[{\"@type\":\"SearchAction\",\"target\":{\"@type\":\"EntryPoint\",\"urlTemplate\":\"https:\/\/wp-rocket.me\/?s={search_term_string}\"},\"query-input\":{\"@type\":\"PropertyValueSpecification\",\"valueRequired\":true,\"valueName\":\"search_term_string\"}}],\"inLanguage\":\"de-DE\"},{\"@type\":\"Organization\",\"@id\":\"https:\/\/wp-rocket.me\/#organization\",\"name\":\"WP Rocket\",\"url\":\"https:\/\/wp-rocket.me\/\",\"logo\":{\"@type\":\"ImageObject\",\"inLanguage\":\"de-DE\",\"@id\":\"https:\/\/wp-rocket.me\/#\/schema\/logo\/image\/\",\"url\":\"https:\/\/wp-rocket.me\/wp-content\/uploads\/1\/logo-wp-rocket-paypal-2.png\",\"contentUrl\":\"https:\/\/wp-rocket.me\/wp-content\/uploads\/1\/logo-wp-rocket-paypal-2.png\",\"width\":150,\"height\":41,\"caption\":\"WP Rocket\"},\"image\":{\"@id\":\"https:\/\/wp-rocket.me\/#\/schema\/logo\/image\/\"},\"sameAs\":[\"https:\/\/www.facebook.com\/pages\/WP-Rocket\/631942253526829\",\"https:\/\/x.com\/wp_rocket\",\"https:\/\/www.youtube.com\/channel\/UC1ozThXHd1IWIZ5wkshgp_Q\"]}]}<\/script>\n<!-- \/ Yoast SEO plugin. -->","yoast_head_json":{"title":"Angebote & Preise von WP Rocket","description":"Entdecke alle Angebote und Preise f\u00fcr WP Rocket, dem Caching Plugin f\u00fcr WordPress.","robots":{"index":"index","follow":"follow","max-snippet":"max-snippet:-1","max-image-preview":"max-image-preview:large","max-video-preview":"max-video-preview:-1"},"canonical":"https:\/\/wp-rocket.me\/de\/preise\/","og_locale":"de_DE","og_type":"article","og_title":"Angebote & Preise von WP Rocket","og_description":"Entdecke alle Angebote und Preise f\u00fcr WP Rocket, dem Caching Plugin f\u00fcr WordPress.","og_url":"https:\/\/wp-rocket.me\/de\/preise\/","og_site_name":"WP Rocket","article_publisher":"https:\/\/www.facebook.com\/pages\/WP-Rocket\/631942253526829","article_modified_time":"2026-03-25T17:28:36+00:00","og_image":[{"width":2048,"height":1365,"url":"https:\/\/wp-rocket.me\/wp-content\/uploads\/2024\/10\/1200x800-Featured-Image.png","type":"image\/png"}],"twitter_card":"summary_large_image","twitter_site":"@wp_rocket","twitter_misc":{"Gesch\u00e4tzte Lesezeit":"3 Minuten"},"schema":{"@context":"https:\/\/schema.org","@graph":[{"@type":"WebPage","@id":"https:\/\/wp-rocket.me\/de\/preise\/","url":"https:\/\/wp-rocket.me\/de\/preise\/","name":"Angebote & Preise von WP Rocket","isPartOf":{"@id":"https:\/\/wp-rocket.me\/#website"},"datePublished":"2014-05-19T11:27:37+00:00","dateModified":"2026-03-25T17:28:36+00:00","description":"Entdecke alle Angebote und Preise f\u00fcr WP Rocket, dem Caching Plugin f\u00fcr WordPress.","breadcrumb":{"@id":"https:\/\/wp-rocket.me\/de\/preise\/#breadcrumb"},"inLanguage":"de-DE","potentialAction":[{"@type":"ReadAction","target":["https:\/\/wp-rocket.me\/de\/preise\/"]}]},{"@type":"BreadcrumbList","@id":"https:\/\/wp-rocket.me\/de\/preise\/#breadcrumb","itemListElement":[{"@type":"ListItem","position":1,"name":"Startseite","item":"https:\/\/wp-rocket.me\/de\/"},{"@type":"ListItem","position":2,"name":"Eine bessere Web-Performance startet hier"}]},{"@type":"WebSite","@id":"https:\/\/wp-rocket.me\/#website","url":"https:\/\/wp-rocket.me\/","name":"WP Rocket","description":"Plugin d&#039;optimisation de sites WordPress","publisher":{"@id":"https:\/\/wp-rocket.me\/#organization"},"potentialAction":[{"@type":"SearchAction","target":{"@type":"EntryPoint","urlTemplate":"https:\/\/wp-rocket.me\/?s={search_term_string}"},"query-input":{"@type":"PropertyValueSpecification","valueRequired":true,"valueName":"search_term_string"}}],"inLanguage":"de-DE"},{"@type":"Organization","@id":"https:\/\/wp-rocket.me\/#organization","name":"WP Rocket","url":"https:\/\/wp-rocket.me\/","logo":{"@type":"ImageObject","inLanguage":"de-DE","@id":"https:\/\/wp-rocket.me\/#\/schema\/logo\/image\/","url":"https:\/\/wp-rocket.me\/wp-content\/uploads\/1\/logo-wp-rocket-paypal-2.png","contentUrl":"https:\/\/wp-rocket.me\/wp-content\/uploads\/1\/logo-wp-rocket-paypal-2.png","width":150,"height":41,"caption":"WP Rocket"},"image":{"@id":"https:\/\/wp-rocket.me\/#\/schema\/logo\/image\/"},"sameAs":["https:\/\/www.facebook.com\/pages\/WP-Rocket\/631942253526829","https:\/\/x.com\/wp_rocket","https:\/\/www.youtube.com\/channel\/UC1ozThXHd1IWIZ5wkshgp_Q"]}]}},"_links":{"self":[{"href":"https:\/\/wp-rocket.me\/de\/wp-json\/wp\/v2\/pages\/291709","targetHints":{"allow":["GET"]}}],"collection":[{"href":"https:\/\/wp-rocket.me\/de\/wp-json\/wp\/v2\/pages"}],"about":[{"href":"https:\/\/wp-rocket.me\/de\/wp-json\/wp\/v2\/types\/page"}],"author":[{"embeddable":true,"href":"https:\/\/wp-rocket.me\/de\/wp-json\/wp\/v2\/users\/1"}],"replies":[{"embeddable":true,"href":"https:\/\/wp-rocket.me\/de\/wp-json\/wp\/v2\/comments?post=291709"}],"version-history":[{"count":0,"href":"https:\/\/wp-rocket.me\/de\/wp-json\/wp\/v2\/pages\/291709\/revisions"}],"wp:attachment":[{"href":"https:\/\/wp-rocket.me\/de\/wp-json\/wp\/v2\/media?parent=291709"}],"curies":[{"name":"wp","href":"https:\/\/api.w.org\/{rel}","templated":true}]}}