{"id":1479773,"date":"2019-09-13T19:23:52","date_gmt":"2019-09-13T17:23:52","guid":{"rendered":"https:\/\/wp-rocket.me\/?page_id=1479773"},"modified":"2021-03-17T10:45:51","modified_gmt":"2021-03-17T09:45:51","slug":"sicherheitsrichtlinie","status":"publish","type":"page","link":"https:\/\/wp-rocket.me\/de\/sicherheitsrichtlinie\/","title":{"rendered":"Sicherheitsrichtlinie"},"content":{"rendered":"\n<div class=\"wp-block-group alignfull\"><div class=\"wp-block-group__inner-container is-layout-flow wp-block-group-is-layout-flow\">\n<h2 class=\"wp-block-heading\">SSL<\/h2>\n\n\n\n<p>Die WP Rocket Website forciert TLS (SSL) f\u00fcr alle Anfragen. Das bedeutet, jede Anfrage deines Browsers wird mittels SSL verschl\u00fcsselt \u00fcbertragen. Du kannst dies anhand des Schloss-Symbols in deinem Browser \u00fcberpr\u00fcfen.<\/p>\n\n\n\n<h2 class=\"wp-block-heading\">Datensicherung<\/h2>\n\n\n\n<p>Unsere Daten werden kontinuierlich auf mehreren Servern in verschiedenen geographischen Regionen gesichtert, um Datenverlust auszuschlie\u00dfen.<\/p>\n\n\n\n<h2 class=\"wp-block-heading\">Verf\u00fcgbarkeit<\/h2>\n\n\n\n<p>Wir tun unser Bestes, die WP Rocket Website auf bei extrem hohen Zugriffszahlen kontinuierlich verf\u00fcgbar zu halten.<\/p>\n\n\n\n<h2 class=\"wp-block-heading\">Sichere Zahlung<\/h2>\n\n\n\n<p>Wir speichern keine Kreditkarten- oder Bankdaten, sondern verlassen uns auf Stripe und Paypal. Beide sind f\u00fcr extensive Sicherheit bekann und PCI-zertifiziert.<\/p>\n\n\n\n<p>F\u00fcr weitere Fragen stehen wir dir gerne \u00fcber unser Kontaktformular zur Verf\u00fcgun:\u00a0<a href=\"https:\/\/wp-rocket.me\/de\/contact\/\">https:\/\/wp-rocket.me\/de\/contact\/<\/a><\/p>\n<\/div><\/div>\n","protected":false},"excerpt":{"rendered":"<p>Deine Sicherheit ist uns wichtig. Bei WP Media ist Datensicherheit keine leere Worth\u00fclse, sondern wir nehmen sie sehr ernst.<\/p>\n","protected":false},"author":1,"featured_media":0,"parent":0,"menu_order":0,"comment_status":"closed","ping_status":"closed","template":"","meta":{"_acf_changed":false,"inline_featured_image":false,"kia_subtitle":"","footnotes":""},"class_list":["post-1479773","page","type-page","status-publish","hentry"],"acf":[],"yoast_head":"<!-- This site is optimized with the Yoast SEO plugin v25.3 - https:\/\/yoast.com\/wordpress\/plugins\/seo\/ -->\n<title>Sicherheitsrichtlinie - WP Rocket<\/title>\n<meta name=\"robots\" content=\"index, follow, max-snippet:-1, max-image-preview:large, max-video-preview:-1\" \/>\n<link rel=\"canonical\" href=\"https:\/\/wp-rocket.me\/de\/sicherheitsrichtlinie\/\" \/>\n<meta property=\"og:locale\" content=\"de_DE\" \/>\n<meta property=\"og:type\" content=\"article\" \/>\n<meta property=\"og:title\" content=\"Sicherheitsrichtlinie - WP Rocket\" \/>\n<meta property=\"og:description\" content=\"Deine Sicherheit ist uns wichtig. Bei WP Media ist Datensicherheit keine leere Worth\u00fclse, sondern wir nehmen sie sehr ernst.\" \/>\n<meta property=\"og:url\" content=\"https:\/\/wp-rocket.me\/de\/sicherheitsrichtlinie\/\" \/>\n<meta property=\"og:site_name\" content=\"WP Rocket\" \/>\n<meta property=\"article:publisher\" content=\"https:\/\/www.facebook.com\/pages\/WP-Rocket\/631942253526829\" \/>\n<meta property=\"article:modified_time\" content=\"2021-03-17T09:45:51+00:00\" \/>\n<meta property=\"og:image\" content=\"https:\/\/wp-rocket.me\/wp-content\/uploads\/2024\/10\/1200x800-Featured-Image.png\" \/>\n\t<meta property=\"og:image:width\" content=\"2048\" \/>\n\t<meta property=\"og:image:height\" content=\"1365\" \/>\n\t<meta property=\"og:image:type\" content=\"image\/png\" \/>\n<meta name=\"twitter:card\" content=\"summary_large_image\" \/>\n<meta name=\"twitter:site\" content=\"@wp_rocket\" \/>\n<meta name=\"twitter:label1\" content=\"Gesch\u00e4tzte Lesezeit\" \/>\n\t<meta name=\"twitter:data1\" content=\"1 Minute\" \/>\n<script type=\"application\/ld+json\" class=\"yoast-schema-graph\">{\"@context\":\"https:\/\/schema.org\",\"@graph\":[{\"@type\":\"WebPage\",\"@id\":\"https:\/\/wp-rocket.me\/de\/sicherheitsrichtlinie\/\",\"url\":\"https:\/\/wp-rocket.me\/de\/sicherheitsrichtlinie\/\",\"name\":\"Sicherheitsrichtlinie - WP Rocket\",\"isPartOf\":{\"@id\":\"https:\/\/wp-rocket.me\/#website\"},\"datePublished\":\"2019-09-13T17:23:52+00:00\",\"dateModified\":\"2021-03-17T09:45:51+00:00\",\"breadcrumb\":{\"@id\":\"https:\/\/wp-rocket.me\/de\/sicherheitsrichtlinie\/#breadcrumb\"},\"inLanguage\":\"de-DE\",\"potentialAction\":[{\"@type\":\"ReadAction\",\"target\":[\"https:\/\/wp-rocket.me\/de\/sicherheitsrichtlinie\/\"]}]},{\"@type\":\"BreadcrumbList\",\"@id\":\"https:\/\/wp-rocket.me\/de\/sicherheitsrichtlinie\/#breadcrumb\",\"itemListElement\":[{\"@type\":\"ListItem\",\"position\":1,\"name\":\"Startseite\",\"item\":\"https:\/\/wp-rocket.me\/de\/\"},{\"@type\":\"ListItem\",\"position\":2,\"name\":\"Sicherheitsrichtlinie\"}]},{\"@type\":\"WebSite\",\"@id\":\"https:\/\/wp-rocket.me\/#website\",\"url\":\"https:\/\/wp-rocket.me\/\",\"name\":\"WP Rocket\",\"description\":\"Plugin d&#039;optimisation de sites WordPress\",\"publisher\":{\"@id\":\"https:\/\/wp-rocket.me\/#organization\"},\"potentialAction\":[{\"@type\":\"SearchAction\",\"target\":{\"@type\":\"EntryPoint\",\"urlTemplate\":\"https:\/\/wp-rocket.me\/?s={search_term_string}\"},\"query-input\":{\"@type\":\"PropertyValueSpecification\",\"valueRequired\":true,\"valueName\":\"search_term_string\"}}],\"inLanguage\":\"de-DE\"},{\"@type\":\"Organization\",\"@id\":\"https:\/\/wp-rocket.me\/#organization\",\"name\":\"WP Rocket\",\"url\":\"https:\/\/wp-rocket.me\/\",\"logo\":{\"@type\":\"ImageObject\",\"inLanguage\":\"de-DE\",\"@id\":\"https:\/\/wp-rocket.me\/#\/schema\/logo\/image\/\",\"url\":\"https:\/\/wp-rocket.me\/wp-content\/uploads\/1\/logo-wp-rocket-paypal-2.png\",\"contentUrl\":\"https:\/\/wp-rocket.me\/wp-content\/uploads\/1\/logo-wp-rocket-paypal-2.png\",\"width\":150,\"height\":41,\"caption\":\"WP Rocket\"},\"image\":{\"@id\":\"https:\/\/wp-rocket.me\/#\/schema\/logo\/image\/\"},\"sameAs\":[\"https:\/\/www.facebook.com\/pages\/WP-Rocket\/631942253526829\",\"https:\/\/x.com\/wp_rocket\",\"https:\/\/www.youtube.com\/channel\/UC1ozThXHd1IWIZ5wkshgp_Q\"]}]}<\/script>\n<!-- \/ Yoast SEO plugin. -->","yoast_head_json":{"title":"Sicherheitsrichtlinie - WP Rocket","robots":{"index":"index","follow":"follow","max-snippet":"max-snippet:-1","max-image-preview":"max-image-preview:large","max-video-preview":"max-video-preview:-1"},"canonical":"https:\/\/wp-rocket.me\/de\/sicherheitsrichtlinie\/","og_locale":"de_DE","og_type":"article","og_title":"Sicherheitsrichtlinie - WP Rocket","og_description":"Deine Sicherheit ist uns wichtig. Bei WP Media ist Datensicherheit keine leere Worth\u00fclse, sondern wir nehmen sie sehr ernst.","og_url":"https:\/\/wp-rocket.me\/de\/sicherheitsrichtlinie\/","og_site_name":"WP Rocket","article_publisher":"https:\/\/www.facebook.com\/pages\/WP-Rocket\/631942253526829","article_modified_time":"2021-03-17T09:45:51+00:00","og_image":[{"width":2048,"height":1365,"url":"https:\/\/wp-rocket.me\/wp-content\/uploads\/2024\/10\/1200x800-Featured-Image.png","type":"image\/png"}],"twitter_card":"summary_large_image","twitter_site":"@wp_rocket","twitter_misc":{"Gesch\u00e4tzte Lesezeit":"1 Minute"},"schema":{"@context":"https:\/\/schema.org","@graph":[{"@type":"WebPage","@id":"https:\/\/wp-rocket.me\/de\/sicherheitsrichtlinie\/","url":"https:\/\/wp-rocket.me\/de\/sicherheitsrichtlinie\/","name":"Sicherheitsrichtlinie - WP Rocket","isPartOf":{"@id":"https:\/\/wp-rocket.me\/#website"},"datePublished":"2019-09-13T17:23:52+00:00","dateModified":"2021-03-17T09:45:51+00:00","breadcrumb":{"@id":"https:\/\/wp-rocket.me\/de\/sicherheitsrichtlinie\/#breadcrumb"},"inLanguage":"de-DE","potentialAction":[{"@type":"ReadAction","target":["https:\/\/wp-rocket.me\/de\/sicherheitsrichtlinie\/"]}]},{"@type":"BreadcrumbList","@id":"https:\/\/wp-rocket.me\/de\/sicherheitsrichtlinie\/#breadcrumb","itemListElement":[{"@type":"ListItem","position":1,"name":"Startseite","item":"https:\/\/wp-rocket.me\/de\/"},{"@type":"ListItem","position":2,"name":"Sicherheitsrichtlinie"}]},{"@type":"WebSite","@id":"https:\/\/wp-rocket.me\/#website","url":"https:\/\/wp-rocket.me\/","name":"WP Rocket","description":"Plugin d&#039;optimisation de sites WordPress","publisher":{"@id":"https:\/\/wp-rocket.me\/#organization"},"potentialAction":[{"@type":"SearchAction","target":{"@type":"EntryPoint","urlTemplate":"https:\/\/wp-rocket.me\/?s={search_term_string}"},"query-input":{"@type":"PropertyValueSpecification","valueRequired":true,"valueName":"search_term_string"}}],"inLanguage":"de-DE"},{"@type":"Organization","@id":"https:\/\/wp-rocket.me\/#organization","name":"WP Rocket","url":"https:\/\/wp-rocket.me\/","logo":{"@type":"ImageObject","inLanguage":"de-DE","@id":"https:\/\/wp-rocket.me\/#\/schema\/logo\/image\/","url":"https:\/\/wp-rocket.me\/wp-content\/uploads\/1\/logo-wp-rocket-paypal-2.png","contentUrl":"https:\/\/wp-rocket.me\/wp-content\/uploads\/1\/logo-wp-rocket-paypal-2.png","width":150,"height":41,"caption":"WP Rocket"},"image":{"@id":"https:\/\/wp-rocket.me\/#\/schema\/logo\/image\/"},"sameAs":["https:\/\/www.facebook.com\/pages\/WP-Rocket\/631942253526829","https:\/\/x.com\/wp_rocket","https:\/\/www.youtube.com\/channel\/UC1ozThXHd1IWIZ5wkshgp_Q"]}]}},"_links":{"self":[{"href":"https:\/\/wp-rocket.me\/de\/wp-json\/wp\/v2\/pages\/1479773","targetHints":{"allow":["GET"]}}],"collection":[{"href":"https:\/\/wp-rocket.me\/de\/wp-json\/wp\/v2\/pages"}],"about":[{"href":"https:\/\/wp-rocket.me\/de\/wp-json\/wp\/v2\/types\/page"}],"author":[{"embeddable":true,"href":"https:\/\/wp-rocket.me\/de\/wp-json\/wp\/v2\/users\/1"}],"replies":[{"embeddable":true,"href":"https:\/\/wp-rocket.me\/de\/wp-json\/wp\/v2\/comments?post=1479773"}],"version-history":[{"count":0,"href":"https:\/\/wp-rocket.me\/de\/wp-json\/wp\/v2\/pages\/1479773\/revisions"}],"wp:attachment":[{"href":"https:\/\/wp-rocket.me\/de\/wp-json\/wp\/v2\/media?parent=1479773"}],"curies":[{"name":"wp","href":"https:\/\/api.w.org\/{rel}","templated":true}]}}